{"id":5765,"date":"2022-01-07T14:58:39","date_gmt":"2022-01-07T14:58:39","guid":{"rendered":"https:\/\/plantelys.dk\/?post_type=product&#038;p=5765"},"modified":"2025-12-02T10:43:52","modified_gmt":"2025-12-02T09:43:52","slug":"purloeg-froe-2","status":"publish","type":"product","link":"https:\/\/plantelys.dk\/nb\/vare\/purloeg-froe\/","title":{"rendered":"Gressl\u00f8k fr\u00f8 til din egen urtehage"},"content":{"rendered":"<div id=\"description\" class=\"tab-pane fade in active\">\n<div class=\"product-description\">\n<h2>Gressl\u00f8k fr\u00f8<\/h2>\n<p>Gressl\u00f8kplanten (Allium schoenoprasum) kan dyrkes hele \u00e5ret innend\u00f8rs i vinduskarmen, eller i en smart hage, samt i hagen som fler\u00e5rig urt.<\/p>\n<p>De vakre lilla blomsterstandene tiltrekker seg nyttige bier. L\u00f8kplanten har en fin mild l\u00f8ksmak.<\/p>\n<p>Kan brukes fersk, etter frysing eller t\u00f8rket.<\/p>\n<p>Blir ca. 15 \u2013 30 cm.<\/p>\n<p>&nbsp;<\/p>\n<h3>Dyrkingsinstruksjoner for gressl\u00f8k<\/h3>\n<ul>\n<li><strong>S\u00e5ing: <\/strong>april-august<\/li>\n<li><strong>S\u00e5dybde:<\/strong> 1-2 cm<\/li>\n<li><strong>Planteavstand<\/strong>: 25 cm (S\u00e5dd i klumper med 20-30 fr\u00f8<\/li>\n<li><strong>Radavstand:<\/strong> 25 cm<\/li>\n<li><strong>Spiretid: <\/strong>20-30 dager i det fri<\/li>\n<li><strong>Spiretemperatur:<\/strong> 10-20\u00b0C<\/li>\n<li><strong>Irrigasjon: <\/strong>Hold jorden jevnt fuktig<\/li>\n<li><strong>Innh\u00f8sting:<\/strong> Fra ca. 2-12 m\u00e5neder etter s\u00e5ing<\/li>\n<li><strong>Plassering:<\/strong> Full sol eller delvis skygge<\/li>\n<li><strong>R\u00e5d om dyrking:<\/strong> Trives best i en fuktig, godt drenert, leirholdig, kalkrik jord, gj\u00f8dsle gjerne 2-3 ganger i sesongen.<\/li>\n<\/ul>\n<p>&nbsp;<\/p>\n<p>Egnet for <a href=\"https:\/\/plantelys.dk\/nb\/produktkategori-2\/innendoers-kjoekkenhage-for-hjemmebruk\/\" target=\"_blank\" rel=\"noopener\">smart hage<\/a> kj\u00f8kkenhage<\/p>\n<p>Les mer om anlegget <a href=\"https:\/\/da.wikipedia.org\/wiki\/Purl%C3%B8g\" target=\"_blank\" rel=\"noopener\">her<\/a><\/p>\n<\/div>\n<\/div>","protected":false},"excerpt":{"rendered":"<div id=\"product-description-short-5445\" class=\"product-description\">\n<p>Gressl\u00f8k er en fler\u00e5rig urt. Sorten kan dyrkes i vinduskarmen eller i hagen. Kan brukes fersk, etter frysing eller t\u00f8rket. H\u00f8yde ca. 15 \u2013 30 cm.<\/p>\n<\/div>","protected":false},"featured_media":5727,"comment_status":"open","ping_status":"closed","template":"","meta":{"_acf_changed":false},"product_brand":[],"product_cat":[161,216],"product_tag":[],"class_list":{"0":"post-5765","1":"product","2":"type-product","3":"status-publish","4":"has-post-thumbnail","6":"product_cat-plante-froe","7":"product_cat-stort-udvalg-i-urtefroe-og-groentsagsfroe","9":"entry","10":"has-media","12":"first","13":"instock","14":"taxable","15":"shipping-taxable","16":"purchasable","17":"product-type-simple","18":"has-product-nav","19":"col","20":"span_1_of_4","21":"owp-content-center","22":"item-entry","23":"owp-thumbs-layout-vertical","24":"owp-btn-normal","25":"owp-tabs-layout-horizontal"},"acf":[],"_links":{"self":[{"href":"https:\/\/plantelys.dk\/nb\/wp-json\/wp\/v2\/product\/5765","targetHints":{"allow":["GET"]}}],"collection":[{"href":"https:\/\/plantelys.dk\/nb\/wp-json\/wp\/v2\/product"}],"about":[{"href":"https:\/\/plantelys.dk\/nb\/wp-json\/wp\/v2\/types\/product"}],"replies":[{"embeddable":true,"href":"https:\/\/plantelys.dk\/nb\/wp-json\/wp\/v2\/comments?post=5765"}],"version-history":[{"count":0,"href":"https:\/\/plantelys.dk\/nb\/wp-json\/wp\/v2\/product\/5765\/revisions"}],"wp:featuredmedia":[{"embeddable":true,"href":"https:\/\/plantelys.dk\/nb\/wp-json\/wp\/v2\/media\/5727"}],"wp:attachment":[{"href":"https:\/\/plantelys.dk\/nb\/wp-json\/wp\/v2\/media?parent=5765"}],"wp:term":[{"taxonomy":"product_brand","embeddable":true,"href":"https:\/\/plantelys.dk\/nb\/wp-json\/wp\/v2\/product_brand?post=5765"},{"taxonomy":"product_cat","embeddable":true,"href":"https:\/\/plantelys.dk\/nb\/wp-json\/wp\/v2\/product_cat?post=5765"},{"taxonomy":"product_tag","embeddable":true,"href":"https:\/\/plantelys.dk\/nb\/wp-json\/wp\/v2\/product_tag?post=5765"}],"curies":[{"name":"wp","href":"https:\/\/api.w.org\/{rel}","templated":true}]}}