{"id":5761,"date":"2022-01-07T14:50:51","date_gmt":"2022-01-07T14:50:51","guid":{"rendered":"https:\/\/plantelys.dk\/?post_type=product&#038;p=5761"},"modified":"2025-10-13T12:55:57","modified_gmt":"2025-10-13T11:55:57","slug":"dill-froe-urt-plante-froe-2","status":"publish","type":"product","link":"https:\/\/plantelys.dk\/nb\/vare\/dildfroe-urteplante-froe\/","title":{"rendered":"Dillfr\u00f8 \u2013 urt"},"content":{"rendered":"<h2>Dillfr\u00f8<\/h2>\n<p>Dill (Anethum graveolens) er en ett\u00e5rig, sterkt aromatisk og hurtigvoksende plante. Den egner seg spesielt godt som krydder til fiske- og gr\u00f8nnsaksretter.<br \/>\nP\u00e5 slutten av sesongen f\u00e5r planten blomsterskjermer som inneholder fr\u00f8 (Sk\u00e6rmdild). Kan dyrkes enten utend\u00f8rs eller i vinduskarmen.<\/p>\n<p>Det anbefales \u00e5 s\u00e5 med 3-4 ukers mellomrom gjennom sommeren for \u00e5 f\u00e5 frisk tilf\u00f8rsel.<\/p>\n<p>De fine dillbladene kan fryses og lagres til de m\u00f8rke kalde m\u00e5nedene.<\/p>\n<p>&nbsp;<\/p>\n<h3>Dyrkingsinstruksjoner for dill<\/h3>\n<ul>\n<li><strong>S\u00e5ing: <\/strong>mars-august<\/li>\n<li><strong>S\u00e5dybde:<\/strong> 0,5 cm<\/li>\n<li><strong>Planteavstand<\/strong>: 10-15 cm<\/li>\n<li><strong>Radavstand:<\/strong> 25 cm<\/li>\n<li><strong>Spiretid: <\/strong>14-21 dager i \u00e5pent land<\/li>\n<li><strong>Spiretemperatur:<\/strong> 15-21\u00b0C<\/li>\n<li><strong>Irrigasjon: <\/strong>Hold jorden jevnt fuktig<\/li>\n<li><strong>Innh\u00f8sting:<\/strong> Fra ca. 1-2 m\u00e5neder etter s\u00e5ing<\/li>\n<li><strong>Plassering:<\/strong> Full sol<\/li>\n<li><strong>R\u00e5d om dyrking:<\/strong> Trives best i en fuktig, godt drenert, leirholdig, kalkrik jord.<\/li>\n<\/ul>\n<p>&nbsp;<\/p>\n<p>Egnet for <a href=\"https:\/\/plantelys.dk\/nb\/produktkategori-2\/innendoers-kjoekkenhage-for-hjemmebruk\/\" target=\"_blank\" rel=\"noopener\">smart hage<\/a> kj\u00f8kkenhage<\/p>\n<p>Les mer om anlegget <a href=\"https:\/\/da.wikipedia.org\/wiki\/Dild\" target=\"_blank\" rel=\"noopener\">her<\/a><\/p>","protected":false},"excerpt":{"rendered":"<p>Dill er en ett\u00e5rig, sterkt aromatisk og hurtigvoksende urt<\/p>","protected":false},"featured_media":5725,"comment_status":"open","ping_status":"closed","template":"","meta":{"_acf_changed":false},"product_brand":[],"product_cat":[161,216],"product_tag":[],"class_list":{"0":"post-5761","1":"product","2":"type-product","3":"status-publish","4":"has-post-thumbnail","6":"product_cat-plante-froe","7":"product_cat-stort-udvalg-i-urtefroe-og-groentsagsfroe","9":"entry","10":"has-media","12":"first","13":"instock","14":"taxable","15":"shipping-taxable","16":"purchasable","17":"product-type-simple","18":"has-product-nav","19":"col","20":"span_1_of_4","21":"owp-content-center","22":"item-entry","23":"owp-thumbs-layout-vertical","24":"owp-btn-normal","25":"owp-tabs-layout-horizontal"},"acf":[],"_links":{"self":[{"href":"https:\/\/plantelys.dk\/nb\/wp-json\/wp\/v2\/product\/5761","targetHints":{"allow":["GET"]}}],"collection":[{"href":"https:\/\/plantelys.dk\/nb\/wp-json\/wp\/v2\/product"}],"about":[{"href":"https:\/\/plantelys.dk\/nb\/wp-json\/wp\/v2\/types\/product"}],"replies":[{"embeddable":true,"href":"https:\/\/plantelys.dk\/nb\/wp-json\/wp\/v2\/comments?post=5761"}],"version-history":[{"count":0,"href":"https:\/\/plantelys.dk\/nb\/wp-json\/wp\/v2\/product\/5761\/revisions"}],"wp:featuredmedia":[{"embeddable":true,"href":"https:\/\/plantelys.dk\/nb\/wp-json\/wp\/v2\/media\/5725"}],"wp:attachment":[{"href":"https:\/\/plantelys.dk\/nb\/wp-json\/wp\/v2\/media?parent=5761"}],"wp:term":[{"taxonomy":"product_brand","embeddable":true,"href":"https:\/\/plantelys.dk\/nb\/wp-json\/wp\/v2\/product_brand?post=5761"},{"taxonomy":"product_cat","embeddable":true,"href":"https:\/\/plantelys.dk\/nb\/wp-json\/wp\/v2\/product_cat?post=5761"},{"taxonomy":"product_tag","embeddable":true,"href":"https:\/\/plantelys.dk\/nb\/wp-json\/wp\/v2\/product_tag?post=5761"}],"curies":[{"name":"wp","href":"https:\/\/api.w.org\/{rel}","templated":true}]}}