{"id":5723,"date":"2022-01-04T14:12:34","date_gmt":"2022-01-04T14:12:34","guid":{"rendered":"https:\/\/plantelys.dk\/?post_type=product&#038;p=5723"},"modified":"2025-10-13T12:56:00","modified_gmt":"2025-10-13T11:56:00","slug":"groenne-basilikumfroe-2","status":"publish","type":"product","link":"https:\/\/plantelys.dk\/nb\/vare\/groen-basilikum-froe\/","title":{"rendered":"Gr\u00f8nne basilikumfr\u00f8 - perfekt for det italienske kj\u00f8kkenet"},"content":{"rendered":"<div id=\"product-description-short-5411\" class=\"product-description\">\n<h2>Gr\u00f8nne basilikumfr\u00f8, intensiv aroma<\/h2>\n<p><strong><a href=\"https:\/\/plantelys.dk\/nb\/produkt\/groenne-basilikumfroe-2\/\">Gr\u00f8nne basilikumfr\u00f8,<\/a><\/strong> En deilig urt med sterk smak. Den passer perfekt til en smakfull spaghettirett i italiensk mat.<\/p>\n<p><strong><a href=\"https:\/\/plantelys.dk\/nb\/produkt\/mini-basilikum-plante-froe-2\/\">basilikum<\/a> <\/strong>setter prikken over i-en p\u00e5 salater, sauser, supper, kj\u00f8tt- og gr\u00f8nnsaksretter osv. Kan brukes fersk eller t\u00f8rket.<\/p>\n<p>Kan dyrkes b\u00e5de innend\u00f8rs i vinduskarmen eller utend\u00f8rs i f.eks. potte eller balkongboks, ekstremt egnet for smart hage.<\/p>\n<p>Sv\u00e6rt f\u00f8lsom for kulde.<\/p>\n<p>Plasser solrik og varm i lett, n\u00e6ringsrik jord med regelmessig vanntilf\u00f8rsel. Etter s\u00e5ing holdes jorda fuktig til spiringen er godt i gang.<\/p>\n<p>Egnet for <a href=\"https:\/\/plantelys.dk\/nb\/produktkategori-2\/innendoers-kjoekkenhage-for-hjemmebruk\/\" target=\"_blank\" rel=\"noopener\">smart hage<\/a> \u2013 Innend\u00f8rs kj\u00f8kkenhage<\/p>\n<p>Les mer om anlegget <a href=\"https:\/\/da.wikipedia.org\/wiki\/Basilikum-sl%C3%A6gten\" target=\"_blank\" rel=\"noopener\">her<\/a><\/p>\n<\/div>","protected":false},"excerpt":{"rendered":"<p>Gr\u00f8nt basilikumfr\u00f8, med en intensiv aroma for matlaging<\/p>","protected":false},"featured_media":5724,"comment_status":"open","ping_status":"closed","template":"","meta":{"_acf_changed":false},"product_brand":[],"product_cat":[277,161,216],"product_tag":[],"class_list":{"0":"post-5723","1":"product","2":"type-product","3":"status-publish","4":"has-post-thumbnail","6":"product_cat-basilikum-froe","7":"product_cat-plante-froe","8":"product_cat-stort-udvalg-i-urtefroe-og-groentsagsfroe","10":"entry","11":"has-media","13":"first","14":"instock","15":"taxable","16":"shipping-taxable","17":"purchasable","18":"product-type-simple","19":"has-product-nav","20":"col","21":"span_1_of_4","22":"owp-content-center","23":"item-entry","24":"owp-thumbs-layout-vertical","25":"owp-btn-normal","26":"owp-tabs-layout-horizontal"},"acf":[],"_links":{"self":[{"href":"https:\/\/plantelys.dk\/nb\/wp-json\/wp\/v2\/product\/5723","targetHints":{"allow":["GET"]}}],"collection":[{"href":"https:\/\/plantelys.dk\/nb\/wp-json\/wp\/v2\/product"}],"about":[{"href":"https:\/\/plantelys.dk\/nb\/wp-json\/wp\/v2\/types\/product"}],"replies":[{"embeddable":true,"href":"https:\/\/plantelys.dk\/nb\/wp-json\/wp\/v2\/comments?post=5723"}],"version-history":[{"count":0,"href":"https:\/\/plantelys.dk\/nb\/wp-json\/wp\/v2\/product\/5723\/revisions"}],"wp:featuredmedia":[{"embeddable":true,"href":"https:\/\/plantelys.dk\/nb\/wp-json\/wp\/v2\/media\/5724"}],"wp:attachment":[{"href":"https:\/\/plantelys.dk\/nb\/wp-json\/wp\/v2\/media?parent=5723"}],"wp:term":[{"taxonomy":"product_brand","embeddable":true,"href":"https:\/\/plantelys.dk\/nb\/wp-json\/wp\/v2\/product_brand?post=5723"},{"taxonomy":"product_cat","embeddable":true,"href":"https:\/\/plantelys.dk\/nb\/wp-json\/wp\/v2\/product_cat?post=5723"},{"taxonomy":"product_tag","embeddable":true,"href":"https:\/\/plantelys.dk\/nb\/wp-json\/wp\/v2\/product_tag?post=5723"}],"curies":[{"name":"wp","href":"https:\/\/api.w.org\/{rel}","templated":true}]}}