{"id":57053,"date":"2026-02-07T17:00:43","date_gmt":"2026-02-07T16:00:43","guid":{"rendered":"https:\/\/plantelys.dk\/?post_type=product&#038;p=57053"},"modified":"2026-04-29T11:06:46","modified_gmt":"2026-04-29T10:06:46","slug":"sennep-roed-roed-sennepsfroe","status":"publish","type":"product","link":"https:\/\/plantelys.dk\/nb\/vare\/mustard-red-roed-sennepsfroe\/","title":{"rendered":"Sennep r\u00f8d - r\u00f8de sennepsfr\u00f8 \u00f8kologisk"},"content":{"rendered":"<h2 data-start=\"168\" data-end=\"222\"><strong data-start=\"168\" data-end=\"222\">\u00d8kologiske sennepsfr\u00f8 - r\u00f8d sennep \u00f8kologisk<\/strong><\/h2>\n<p data-start=\"224\" data-end=\"545\">Mustard Red, ogs\u00e5 kjent som r\u00f8d sennep, er et av de mest popul\u00e6re valgene innen mikrogr\u00f8nnsaker - og det med god grunn. Disse <strong data-start=\"342\" data-end=\"371\">\u00d8kologiske mikrogr\u00f8nne fr\u00f8<\/strong> gir et raskt, ensartet og visuelt imponerende resultat med dyp r\u00f8dlilla blader, lyse stilker og en karakteristisk, lett krydret smak som minner om sennep og mild wasabi.<\/p>\n<p data-start=\"547\" data-end=\"837\">Fr\u00f8ene er spesielt utvalgt og renset for produksjon av mikrogr\u00f8nt, der h\u00f8y spireprosent, tett vekst og stabil kvalitet er avgj\u00f8rende. Som mikrogr\u00f8nt h\u00f8stes Mustard Red vanligvis etter 6-10 dager, noe som gj\u00f8r den ideell for b\u00e5de profesjonell dyrking og hjemmedyrkere som \u00f8nsker raske resultater.<\/p>\n<p data-start=\"839\" data-end=\"1111\">Smaksmessig er Mustard Red perfekt som et friskt p\u00e5legg til salater, sm\u00f8rbr\u00f8d, boller og varme retter der den tilf\u00f8rer farge, tekstur og et krydret motstykke. Den er ogs\u00e5 ideell til bruk i restauranter, der utseende og ensartethet er viktige parametere.<\/p>\n<p data-start=\"1113\" data-end=\"1487\">N\u00e5r du vokser med <strong data-start=\"1130\" data-end=\"1140\">vekstlys<\/strong> oppn\u00e5s den beste fargeintensiteten og et mer kompakt mikrogr\u00f8nt. Et jevnt, fullspektret plantelys reduserer strekking, styrker bladfargen og sikrer et jevnt h\u00f8steklart produkt \u00e5ret rundt - uansett \u00e5rstid. Mustard Red reagerer spesielt godt p\u00e5 stabil belysning og moderate temperaturer, noe som gj\u00f8r den egnet for dyrking i stativ, hyller og beholdere.<\/p>\n<p data-start=\"1489\" data-end=\"1752\">Ettersom fr\u00f8ene er <strong data-start=\"1502\" data-end=\"1529\">\u00f8kologisk sertifisert<\/strong>, De er fri for spr\u00f8ytemidler og kunstgj\u00f8dsel. Dette gj\u00f8r dem ideelle for mikrogr\u00f8nnsaker, som ofte spises r\u00e5 og h\u00f8stes veldig tidlig. Samtidig beholder du fr\u00f8ets naturlige egenskaper og f\u00e5r et mer rent og p\u00e5litelig sluttprodukt.<\/p>\n<p data-start=\"1754\" data-end=\"1941\">Mustard Red-mikrogr\u00f8nnsaker er ogs\u00e5 naturlig rike p\u00e5 naturlige plantestoffer, noe som gj\u00f8r dem til et sunt tilskudd til det moderne kj\u00f8kkenet - b\u00e5de hjemme og i jobbsammenheng.<\/p>\n<p data-start=\"1943\" data-end=\"2137\" data-is-last-node=\"\" data-is-only-node=\"\">Kort sagt, disse \u00f8kologiske sennepsr\u00f8de mikrogr\u00f8nne fr\u00f8ene er et trygt valg hvis du vil ha h\u00f8y spiring, flott farge, intens smak og p\u00e5litelig mikrogr\u00f8nn produksjon med et profesjonelt utseende.<\/p>","protected":false},"excerpt":{"rendered":"<p>\u00d8kologiske sennepsr\u00f8de mikrogr\u00f8nne fr\u00f8 gir raske, ensartede og fargerike mikrogr\u00f8nnsaker med en litt krydret smak, h\u00f8y spiring og perfekte resultater.<\/p>","protected":false},"featured_media":57349,"comment_status":"closed","ping_status":"closed","template":"","meta":{"_acf_changed":false},"product_brand":[],"product_cat":[106,178,173,161],"product_tag":[],"class_list":{"0":"post-57053","1":"product","2":"type-product","3":"status-publish","4":"has-post-thumbnail","6":"product_cat-mikrogroent-gro-dit-eget-sunde-groent","7":"product_cat-mikrogroent-froe-oekologiske","8":"product_cat-oekologiske-froe","9":"product_cat-plante-froe","11":"entry","12":"has-media","14":"first","15":"instock","16":"taxable","17":"shipping-taxable","18":"purchasable","19":"product-type-variable","20":"has-default-attributes","21":"has-product-nav","22":"col","23":"span_1_of_4","24":"owp-content-center","25":"item-entry","26":"owp-thumbs-layout-vertical","27":"owp-btn-normal","28":"owp-tabs-layout-horizontal"},"acf":[],"_links":{"self":[{"href":"https:\/\/plantelys.dk\/nb\/wp-json\/wp\/v2\/product\/57053","targetHints":{"allow":["GET"]}}],"collection":[{"href":"https:\/\/plantelys.dk\/nb\/wp-json\/wp\/v2\/product"}],"about":[{"href":"https:\/\/plantelys.dk\/nb\/wp-json\/wp\/v2\/types\/product"}],"replies":[{"embeddable":true,"href":"https:\/\/plantelys.dk\/nb\/wp-json\/wp\/v2\/comments?post=57053"}],"version-history":[{"count":0,"href":"https:\/\/plantelys.dk\/nb\/wp-json\/wp\/v2\/product\/57053\/revisions"}],"wp:featuredmedia":[{"embeddable":true,"href":"https:\/\/plantelys.dk\/nb\/wp-json\/wp\/v2\/media\/57349"}],"wp:attachment":[{"href":"https:\/\/plantelys.dk\/nb\/wp-json\/wp\/v2\/media?parent=57053"}],"wp:term":[{"taxonomy":"product_brand","embeddable":true,"href":"https:\/\/plantelys.dk\/nb\/wp-json\/wp\/v2\/product_brand?post=57053"},{"taxonomy":"product_cat","embeddable":true,"href":"https:\/\/plantelys.dk\/nb\/wp-json\/wp\/v2\/product_cat?post=57053"},{"taxonomy":"product_tag","embeddable":true,"href":"https:\/\/plantelys.dk\/nb\/wp-json\/wp\/v2\/product_tag?post=57053"}],"curies":[{"name":"wp","href":"https:\/\/api.w.org\/{rel}","templated":true}]}}