{"id":56590,"date":"2026-01-30T21:39:40","date_gmt":"2026-01-30T20:39:40","guid":{"rendered":"https:\/\/plantelys.dk\/?post_type=product&#038;p=56590"},"modified":"2026-04-28T10:25:31","modified_gmt":"2026-04-28T09:25:31","slug":"lampekabel-for-lamper-1m-rustfritt-staal","status":"publish","type":"product","link":"https:\/\/plantelys.dk\/nb\/vare\/kaedeophaeng-til-lamper-1m-rustfrit-staal\/","title":{"rendered":"Kjedeoppheng for lamper 1 m, rustfritt st\u00e5l"},"content":{"rendered":"<p data-start=\"0\" data-end=\"230\">Gj\u00f8r det enkelt og trygt \u00e5 montere Grolys-lykten din med denne 1 meter lange kjettinghengeren i rustfritt st\u00e5l.<\/p>\n<p data-start=\"0\" data-end=\"230\">Det er en solid og sikker l\u00f8sning som er perfekt for takmontering av lamper og lignende.<\/p>\n<p data-start=\"232\" data-end=\"445\">Kjedet gir en fleksibel opphengsh\u00f8yde, noe som gj\u00f8r det enklere \u00e5 plassere lampen riktig i forhold til takh\u00f8yde og \u00f8nsket lysniv\u00e5. Dette gj\u00f8r det lettere \u00e5 oppn\u00e5 en jevnere belysning av plantene.<\/p>\n<p data-start=\"447\" data-end=\"671\">Materialet i rustfritt st\u00e5l sikrer h\u00f8y styrke og holdbarhet, selv i krevende milj\u00f8er med ekstra krav til beslag og oppheng. Det er derfor et opplagt valg n\u00e5r du \u00f8nsker en profesjonell l\u00f8sning som varer.<\/p>\n<p data-start=\"673\" data-end=\"834\" data-is-last-node=\"\" data-is-only-node=\"\">Kjedeopphenget egner seg b\u00e5de for nyinstallasjon og utskifting, og er en enkel m\u00e5te \u00e5 gj\u00f8re installasjonen mer fleksibel p\u00e5 uten \u00e5 endre selve takmonteringen.<\/p>\n<h3 data-start=\"0\" data-end=\"59\"><strong data-start=\"4\" data-end=\"59\">Hva er forskjellen mellom vekstlys, vekstlamper og plantelys?<\/strong><\/h3>\n<p data-start=\"61\" data-end=\"632\" data-is-last-node=\"\" data-is-only-node=\"\"><strong><a href=\"https:\/\/plantelys.dk\/nb\/produktkategori-2\/vekstlys\/\">Vekstlys<\/a><\/strong> er et bredt, uformelt begrep for alt kunstig lys som brukes til \u00e5 dyrke planter innend\u00f8rs \u2013 uavhengig av teknologi, fargespekter eller form\u00e5l. <a href=\"https:\/\/plantelys.dk\/nb\/produktkategori-2\/vokse-lys-paere-lamper\/\"><strong>Grow lights<\/strong><\/a> P\u00e5 den annen side finnes det lys som er utviklet spesielt for \u00e5 st\u00f8tte visse vekstfaser, som spiring, vegetativ vekst eller blomstring, og som derfor ofte har et mer m\u00e5lrettet eller justerbart lysspekter. <strong><a href=\"https:\/\/plantelys.dk\/nb\/\">Plantelys<\/a><\/strong> er den generelle tekniske betegnelsen som dekker alle typer lyskilder som gir planter de b\u00f8lgelengdene (dagslys) som er n\u00f8dvendige for fotosyntese, og brukes b\u00e5de for hobbylamper og avanserte profesjonelle LED-l\u00f8sninger.<\/p>","protected":false},"excerpt":{"rendered":"<p>G\u00f8r monteringen af din grolys lampe nem og sikker med dette k\u00e6deoph\u00e6ng p\u00e5 1 meter i rustfrit st\u00e5l. Det er en solid og sikker l\u00f8sning, som passer perfekt til loftmontering af lamper mf. K\u00e6den giver en fleksibel oph\u00e6ngs h\u00f8jde, s\u00e5 du lettere kan placere lampen korrekt i forhold til loftsh\u00f8jde og \u00f8nsket lys niveau. Det [&hellip;]<\/p>\n","protected":false},"featured_media":56593,"comment_status":"closed","ping_status":"closed","template":"","meta":{"_acf_changed":false},"product_brand":[],"product_cat":[235],"product_tag":[],"class_list":{"0":"post-56590","1":"product","2":"type-product","3":"status-publish","4":"has-post-thumbnail","6":"product_cat-grolys","8":"entry","9":"has-media","11":"first","12":"instock","13":"taxable","14":"shipping-taxable","15":"purchasable","16":"product-type-simple","17":"has-product-nav","18":"col","19":"span_1_of_4","20":"owp-content-center","21":"item-entry","22":"owp-thumbs-layout-vertical","23":"owp-btn-normal","24":"owp-tabs-layout-horizontal","25":"has-no-thumbnails"},"acf":[],"_links":{"self":[{"href":"https:\/\/plantelys.dk\/nb\/wp-json\/wp\/v2\/product\/56590","targetHints":{"allow":["GET"]}}],"collection":[{"href":"https:\/\/plantelys.dk\/nb\/wp-json\/wp\/v2\/product"}],"about":[{"href":"https:\/\/plantelys.dk\/nb\/wp-json\/wp\/v2\/types\/product"}],"replies":[{"embeddable":true,"href":"https:\/\/plantelys.dk\/nb\/wp-json\/wp\/v2\/comments?post=56590"}],"version-history":[{"count":0,"href":"https:\/\/plantelys.dk\/nb\/wp-json\/wp\/v2\/product\/56590\/revisions"}],"wp:featuredmedia":[{"embeddable":true,"href":"https:\/\/plantelys.dk\/nb\/wp-json\/wp\/v2\/media\/56593"}],"wp:attachment":[{"href":"https:\/\/plantelys.dk\/nb\/wp-json\/wp\/v2\/media?parent=56590"}],"wp:term":[{"taxonomy":"product_brand","embeddable":true,"href":"https:\/\/plantelys.dk\/nb\/wp-json\/wp\/v2\/product_brand?post=56590"},{"taxonomy":"product_cat","embeddable":true,"href":"https:\/\/plantelys.dk\/nb\/wp-json\/wp\/v2\/product_cat?post=56590"},{"taxonomy":"product_tag","embeddable":true,"href":"https:\/\/plantelys.dk\/nb\/wp-json\/wp\/v2\/product_tag?post=56590"}],"curies":[{"name":"wp","href":"https:\/\/api.w.org\/{rel}","templated":true}]}}