{"id":56152,"date":"2026-01-26T17:41:17","date_gmt":"2026-01-26T16:41:17","guid":{"rendered":"https:\/\/plantelys.dk\/?post_type=product&#038;p=56152"},"modified":"2026-05-05T09:20:29","modified_gmt":"2026-05-05T08:20:29","slug":"speilbasseng-oe60-cm-i-cortenstaal-uten-kant","status":"publish","type":"product","link":"https:\/\/plantelys.dk\/nb\/vare\/spejlbassin-oe60-cm-i-corten-staal-uden-kant\/","title":{"rendered":"Speilbasseng \u00d860 cm i cortenst\u00e5l uten kant"},"content":{"rendered":"<h2 data-start=\"24\" data-end=\"92\">Rundt speilbasseng i cortenst\u00e5l \u00d860 cm - uten kant<\/h2>\n<p data-start=\"94\" data-end=\"387\">Gjeld <strong data-start=\"100\" data-end=\"141\">Rundt speilbasseng i cortenst\u00e5l \u00d860 cm<\/strong> er en enkel og stilig l\u00f8sning for deg som \u00f8nsker en vakker <strong data-start=\"202\" data-end=\"223\">Vannspeil i hagen<\/strong>. Den lave, runde formen skaper en klar speileffekt som reflekterer himmel og vegetasjon og skaper et rolig fokuspunkt p\u00e5 terrassen, uteplassen eller ved inngangen.<\/p>\n<p data-start=\"389\" data-end=\"654\">Speilbassenget er laget av sterkt cortenst\u00e5l, som utvikler en naturlig patina over tid. Du kan velge mellom <strong data-start=\"504\" data-end=\"537\">8 st\u00f8rrelser fra \u00d860 til \u00d8200<\/strong>, og bassenget kan ogs\u00e5 brukes som <strong data-start=\"571\" data-end=\"581\">ildsk\u00e5l<\/strong>. Hvis du vil ha et \u201cflytende\u201d utseende, kan du legge til en <strong data-start=\"633\" data-end=\"653\">Jernring som ben<\/strong>.<\/p>\n<h2 data-start=\"697\" data-end=\"721\"><\/h2>\n<h2 data-start=\"697\" data-end=\"721\">Spesifikasjoner (\u00d860)<\/h2>\n<div class=\"TyagGW_tableContainer\">\n<div class=\"group TyagGW_tableWrapper flex flex-col-reverse w-fit\" tabindex=\"-1\">\n<table class=\"w-fit min-w-(--thread-content-width)\" data-start=\"723\" data-end=\"1087\">\n<thead data-start=\"723\" data-end=\"746\">\n<tr data-start=\"723\" data-end=\"746\">\n<th data-start=\"723\" data-end=\"734\" data-col-size=\"sm\">Karakteristisk<\/th>\n<th data-start=\"734\" data-end=\"746\" data-col-size=\"sm\">Flere detaljer<\/th>\n<\/tr>\n<\/thead>\n<tbody data-start=\"757\" data-end=\"1087\">\n<tr data-start=\"757\" data-end=\"781\">\n<td data-start=\"757\" data-end=\"770\" data-col-size=\"sm\">Artikkelnummer<\/td>\n<td data-col-size=\"sm\" data-start=\"770\" data-end=\"781\">2210019<\/td>\n<\/tr>\n<tr data-start=\"782\" data-end=\"808\">\n<td data-start=\"782\" data-end=\"794\" data-col-size=\"sm\">Materiale<\/td>\n<td data-col-size=\"sm\" data-start=\"794\" data-end=\"808\">Corten-st\u00e5l<\/td>\n<\/tr>\n<tr data-start=\"809\" data-end=\"830\">\n<td data-start=\"809\" data-end=\"820\" data-col-size=\"sm\">Diameter<\/td>\n<td data-col-size=\"sm\" data-start=\"820\" data-end=\"830\">\u00d860 cm<\/td>\n<\/tr>\n<tr data-start=\"831\" data-end=\"856\">\n<td data-start=\"831\" data-end=\"843\" data-col-size=\"sm\">Utf\u00f8relse<\/td>\n<td data-col-size=\"sm\" data-start=\"843\" data-end=\"856\">Uten kant<\/td>\n<\/tr>\n<tr data-start=\"857\" data-end=\"880\">\n<td data-start=\"857\" data-end=\"872\" data-col-size=\"sm\">Veggtykkelse<\/td>\n<td data-col-size=\"sm\" data-start=\"872\" data-end=\"880\">3 mm<\/td>\n<\/tr>\n<tr data-start=\"881\" data-end=\"900\">\n<td data-start=\"881\" data-end=\"889\" data-col-size=\"sm\">Dybde<\/td>\n<td data-col-size=\"sm\" data-start=\"889\" data-end=\"900\">11,5 cm<\/td>\n<\/tr>\n<tr data-start=\"901\" data-end=\"923\">\n<td data-start=\"901\" data-end=\"911\" data-col-size=\"sm\">Volum<\/td>\n<td data-col-size=\"sm\" data-start=\"911\" data-end=\"923\">17 liter<\/td>\n<\/tr>\n<tr data-start=\"924\" data-end=\"939\">\n<td data-start=\"924\" data-end=\"931\" data-col-size=\"sm\">Vekt<\/td>\n<td data-col-size=\"sm\" data-start=\"931\" data-end=\"939\">8 kg<\/td>\n<\/tr>\n<tr data-start=\"940\" data-end=\"979\">\n<td data-start=\"940\" data-end=\"953\" data-col-size=\"sm\">St\u00f8rrelser<\/td>\n<td data-col-size=\"sm\" data-start=\"953\" data-end=\"979\">8 varianter (\u00d860-\u00d8200)<\/td>\n<\/tr>\n<tr data-start=\"980\" data-end=\"1037\">\n<td data-start=\"980\" data-end=\"998\" data-col-size=\"sm\">Mulig tilbeh\u00f8r<\/td>\n<td data-col-size=\"sm\" data-start=\"998\" data-end=\"1037\">DyoFix svart v\u00e6ske, jernring som ben<\/td>\n<\/tr>\n<tr data-start=\"1038\" data-end=\"1087\">\n<td data-start=\"1038\" data-end=\"1051\" data-col-size=\"sm\">applikasjon<\/td>\n<td data-col-size=\"sm\" data-start=\"1051\" data-end=\"1087\">Speilbasseng \/ vannspeil \/ b\u00e5lplass<\/td>\n<\/tr>\n<\/tbody>\n<\/table>\n<\/div>\n<\/div>\n<div class=\"TyagGW_tableContainer\"><\/div>","protected":false},"excerpt":{"rendered":"<p>Stilig <strong data-start=\"129\" data-end=\"157\">speilbasseng i cortenst\u00e5l<\/strong> <strong>\u00d860 <\/strong>med en flott speileffekt som skaper et rolig uttrykk i hagen, p\u00e5 terrassen eller p\u00e5 jobben. Cortenst\u00e5l utvikler en naturlig patina over tid og krever minimalt med vedlikehold.<\/p>","protected":false},"featured_media":60358,"comment_status":"closed","ping_status":"closed","template":"","meta":{"_acf_changed":false},"product_brand":[],"product_cat":[328],"product_tag":[],"class_list":{"0":"post-56152","1":"product","2":"type-product","3":"status-publish","4":"has-post-thumbnail","6":"product_cat-spejlbassiner","7":"product_shipping_class-tung-genstand","9":"entry","10":"has-media","12":"first","13":"instock","14":"taxable","15":"shipping-taxable","16":"purchasable","17":"product-type-simple","18":"has-product-nav","19":"col","20":"span_1_of_4","21":"owp-content-center","22":"item-entry","23":"owp-thumbs-layout-vertical","24":"owp-btn-normal","25":"owp-tabs-layout-horizontal"},"acf":[],"_links":{"self":[{"href":"https:\/\/plantelys.dk\/nb\/wp-json\/wp\/v2\/product\/56152","targetHints":{"allow":["GET"]}}],"collection":[{"href":"https:\/\/plantelys.dk\/nb\/wp-json\/wp\/v2\/product"}],"about":[{"href":"https:\/\/plantelys.dk\/nb\/wp-json\/wp\/v2\/types\/product"}],"replies":[{"embeddable":true,"href":"https:\/\/plantelys.dk\/nb\/wp-json\/wp\/v2\/comments?post=56152"}],"version-history":[{"count":0,"href":"https:\/\/plantelys.dk\/nb\/wp-json\/wp\/v2\/product\/56152\/revisions"}],"wp:featuredmedia":[{"embeddable":true,"href":"https:\/\/plantelys.dk\/nb\/wp-json\/wp\/v2\/media\/60358"}],"wp:attachment":[{"href":"https:\/\/plantelys.dk\/nb\/wp-json\/wp\/v2\/media?parent=56152"}],"wp:term":[{"taxonomy":"product_brand","embeddable":true,"href":"https:\/\/plantelys.dk\/nb\/wp-json\/wp\/v2\/product_brand?post=56152"},{"taxonomy":"product_cat","embeddable":true,"href":"https:\/\/plantelys.dk\/nb\/wp-json\/wp\/v2\/product_cat?post=56152"},{"taxonomy":"product_tag","embeddable":true,"href":"https:\/\/plantelys.dk\/nb\/wp-json\/wp\/v2\/product_tag?post=56152"}],"curies":[{"name":"wp","href":"https:\/\/api.w.org\/{rel}","templated":true}]}}