{"id":54798,"date":"2025-12-13T13:11:42","date_gmt":"2025-12-13T12:11:42","guid":{"rendered":"https:\/\/plantelys.dk\/?post_type=product&#038;p=54798"},"modified":"2026-04-28T10:17:56","modified_gmt":"2026-04-28T09:17:56","slug":"vanntett-forlengelseskabel-for-vekstlys-t8-root-2-m","status":"publish","type":"product","link":"https:\/\/plantelys.dk\/nb\/vare\/vandtaet-forlaenger-stroemkabel-til-grolys-t8-roer-2m\/","title":{"rendered":"Vanntett skj\u00f8teledning for Grolys T8-r\u00f8r, 2 m"},"content":{"rendered":"<h2>Vanntett skj\u00f8teledning for T8 grolysr\u00f8r<\/h2>\n<p>Kj\u00f8p den perfekte l\u00f8sningen for \u00e5 koble til<strong> sunLight Pro-Gro 2.1<\/strong> lampe til 230 V med v\u00e5r 100 cm lange kabel. Denne kabelen er designet for \u00e5 matche dine behov for en sikker og p\u00e5litelig tilkobling til belysningsl\u00f8sningen din.<\/p>\n<h3>Tekniske spesifikasjoner<\/h3>\n<ul>\n<li><strong>Lengde:<\/strong> 2000 mm (2 m)<\/li>\n<li><strong>Tilkobling:<\/strong> Standard str\u00f8muttak.<\/li>\n<li><strong>Kompatibilitet:<\/strong> Spesielt utviklet for <strong>sunLight Pro-Gro 2.1<\/strong>.<\/li>\n<\/ul>\n<h3>IP65 Vanntette skj\u00f8ter<\/h3>\n<p>Med den vedlagte <a href=\"https:\/\/www.onlogic.com\/company\/io-hub\/what-does-ip65-mean\/\" target=\"_blank\" rel=\"noopener\">IP65<\/a> med vanntette skj\u00f8ter, er denne kabelen ideell for utend\u00f8rs bruk. Den t\u00e5ler vannsprut og regn, noe som gj\u00f8r den til en p\u00e5litelig l\u00f8sning for dine <a href=\"https:\/\/plantelys.dk\/nb\/produktkategori-2\/vekstlys\/\">vekstlys<\/a>.<\/p>\n<h3>Alternative valg<\/h3>\n<p>Vurder ogs\u00e5 v\u00e5r 150 cm lange timerkabel med stikkontakt, som gir deg muligheten til \u00e5 programmere belysningen etter dine preferanser.<\/p>\n<h3>Enkel installasjon<\/h3>\n<p>Det er enkelt \u00e5 koble til ledningene med de medf\u00f8lgende IP65-vanntette skj\u00f8tene. Bare koble til en 230VAC-forsyning, og du <strong>SunLight Pro-Gro 2.1<\/strong> er klar til \u00e5 lyse opp.<br \/>\nHvis du er usikker p\u00e5 hvor du finner v\u00e5re lamper som passer, vennligst klikk <a href=\"https:\/\/plantelys.dk\/nb\/produktkategori-2\/vokse-lys-paere-lamper\/\">Her!<\/a><\/p>\n<h3 data-start=\"0\" data-end=\"59\"><strong data-start=\"4\" data-end=\"59\">Hva er forskjellen mellom vekstlys, vekstlamper og plantelys?<\/strong><\/h3>\n<p data-start=\"61\" data-end=\"632\" data-is-last-node=\"\" data-is-only-node=\"\"><strong><a href=\"https:\/\/plantelys.dk\/nb\/produktkategori-2\/vekstlys\/\">Vekstlys<\/a><\/strong> er et bredt, uformelt begrep for alt kunstig lys som brukes til \u00e5 dyrke planter innend\u00f8rs \u2013 uavhengig av teknologi, fargespekter eller form\u00e5l. <a href=\"https:\/\/plantelys.dk\/nb\/produktkategori-2\/vokse-lys-paere-lamper\/\"><strong>Grow lights<\/strong><\/a> P\u00e5 den annen side finnes det lys som er utviklet spesielt for \u00e5 st\u00f8tte visse vekstfaser, som spiring, vegetativ vekst eller blomstring, og som derfor ofte har et mer m\u00e5lrettet eller justerbart lysspekter. <strong><a href=\"https:\/\/plantelys.dk\/nb\/\">Plantelys<\/a><\/strong> er den generelle tekniske betegnelsen som dekker alle typer lyskilder som gir planter de b\u00f8lgelengdene (dagslys) som er n\u00f8dvendige for fotosyntese, og brukes b\u00e5de for hobbylamper og avanserte profesjonelle LED-l\u00f8sninger.<\/p>","protected":false},"excerpt":{"rendered":"<p>Vandt\u00e6t forl\u00e6nger kabel til T8 grolys r\u00f8r K\u00f8b den perfekte l\u00f8sning for at tilslutte din sunLight Pro-Gro 2.1 lampe til 230V forsyning med vores 100 cm kabel. Dette kabel er designet til at matche dine behov for en sikker og p\u00e5lidelig forbindelse til din belysningsl\u00f8sning. Tekniske specifikationer L\u00e6ngde: 2000 mm. (2m) Tilslutning: Standard stikkontakt. Kompatibilitet: [&hellip;]<\/p>\n","protected":false},"featured_media":54777,"comment_status":"closed","ping_status":"closed","template":"","meta":{"_acf_changed":false},"product_brand":[],"product_cat":[235,92],"product_tag":[],"class_list":{"0":"post-54798","1":"product","2":"type-product","3":"status-publish","4":"has-post-thumbnail","6":"product_cat-grolys","7":"product_cat-vaekstlys-paerer-lamper","9":"entry","10":"has-media","12":"first","13":"instock","14":"taxable","15":"shipping-taxable","16":"purchasable","17":"product-type-simple","18":"has-product-nav","19":"col","20":"span_1_of_4","21":"owp-content-center","22":"item-entry","23":"owp-thumbs-layout-vertical","24":"owp-btn-normal","25":"owp-tabs-layout-horizontal"},"acf":[],"_links":{"self":[{"href":"https:\/\/plantelys.dk\/nb\/wp-json\/wp\/v2\/product\/54798","targetHints":{"allow":["GET"]}}],"collection":[{"href":"https:\/\/plantelys.dk\/nb\/wp-json\/wp\/v2\/product"}],"about":[{"href":"https:\/\/plantelys.dk\/nb\/wp-json\/wp\/v2\/types\/product"}],"replies":[{"embeddable":true,"href":"https:\/\/plantelys.dk\/nb\/wp-json\/wp\/v2\/comments?post=54798"}],"version-history":[{"count":0,"href":"https:\/\/plantelys.dk\/nb\/wp-json\/wp\/v2\/product\/54798\/revisions"}],"wp:featuredmedia":[{"embeddable":true,"href":"https:\/\/plantelys.dk\/nb\/wp-json\/wp\/v2\/media\/54777"}],"wp:attachment":[{"href":"https:\/\/plantelys.dk\/nb\/wp-json\/wp\/v2\/media?parent=54798"}],"wp:term":[{"taxonomy":"product_brand","embeddable":true,"href":"https:\/\/plantelys.dk\/nb\/wp-json\/wp\/v2\/product_brand?post=54798"},{"taxonomy":"product_cat","embeddable":true,"href":"https:\/\/plantelys.dk\/nb\/wp-json\/wp\/v2\/product_cat?post=54798"},{"taxonomy":"product_tag","embeddable":true,"href":"https:\/\/plantelys.dk\/nb\/wp-json\/wp\/v2\/product_tag?post=54798"}],"curies":[{"name":"wp","href":"https:\/\/api.w.org\/{rel}","templated":true}]}}