{"id":54459,"date":"2025-12-05T13:38:39","date_gmt":"2025-12-05T12:38:39","guid":{"rendered":"https:\/\/plantelys.dk\/?post_type=product&#038;p=54459"},"modified":"2026-04-28T11:08:09","modified_gmt":"2026-04-28T10:08:09","slug":"gul-metallpendellampe-inkl-gx53-grolys-paere-2","status":"publish","type":"product","link":"https:\/\/plantelys.dk\/nb\/vare\/gul-metal-pendel-inkl-gx53-grolys-paere-2\/","title":{"rendered":"Gul metallpendellampe \u2013 inkl. GX53 grov p\u00e6re"},"content":{"rendered":"<p data-start=\"15474\" data-end=\"16111\">Denne gule Capelo-pendelen med svart stoffledning kombinerer varme og energi med et mer stramt og moderne uttrykk. Dette gj\u00f8r den til en ideell l\u00f8sning for deg som \u00f8nsker en pendel som b\u00e5de skiller seg ut visuelt og gir bedre vekstforhold for planter.<br data-start=\"15761\" data-end=\"15764\" \/>Den inkluderte <strong data-start=\"15780\" data-end=\"15805\">GX53 grolys-p\u00e6re (7 W)<\/strong> gir et naturlig hvitt lys som etterligner dagslys, og st\u00f8tter sunn plantevekst gjennom hele \u00e5ret.<br data-start=\"15919\" data-end=\"15922\" \/>Enten du bruker den over en urtehylle p\u00e5 kj\u00f8kkenet eller som lys over et plantehj\u00f8rne i stuen, f\u00e5r du en komplett og energieffektiv l\u00f8sning der design og funksjon spiller perfekt sammen.<\/p>\n<p data-start=\"16113\" data-end=\"16137\"><strong data-start=\"16113\" data-end=\"16135\">Pakken inneholder:<\/strong><\/p>\n<ul data-start=\"16138\" data-end=\"16224\">\n<li data-start=\"16138\" data-end=\"16170\">\n<p data-start=\"16140\" data-end=\"16170\">1 x GX53 grolys-p\u00e6re (7 W)<\/p>\n<\/li>\n<li data-start=\"16171\" data-end=\"16196\">\n<p data-start=\"16173\" data-end=\"16196\">1 skjold av gult metall<\/p>\n<\/li>\n<li data-start=\"16197\" data-end=\"16224\">\n<p data-start=\"16199\" data-end=\"16224\">1 svart stoffkabel<\/p>\n<\/li>\n<\/ul>\n<p data-start=\"16226\" data-end=\"16295\"><strong data-start=\"16226\" data-end=\"16237\">Merk:<\/strong><br data-start=\"16237\" data-end=\"16240\" \/>Juster h\u00f8yden etter \u00e5rstid og plantens lysbehov.<\/p>\n<p data-start=\"16297\" data-end=\"16490\"><strong data-start=\"16297\" data-end=\"16328\">Str\u00e5lingsm\u00e5linger (PPFD):<\/strong><br data-start=\"16328\" data-end=\"16331\" \/>PPFD @ 10 cm: \u2013 \u00b5mol\/m\u00b2\/s<br data-start=\"16360\" data-end=\"16363\" \/>PPFD @ 20 cm: \u2013 \u00b5mol\/m\u00b2\/s<br data-start=\"16392\" data-end=\"16395\" \/>PPFD @ 30 cm: \u2013 \u00b5mol\/m\u00b2\/s<br data-start=\"16424\" data-end=\"16427\" \/>PPFD @ 50 cm: \u2013 \u00b5mol\/m\u00b2\/s<br data-start=\"16456\" data-end=\"16459\" \/>PPFD @ 70 cm: \u2013 \u00b5mol\/m\u00b2\/s<\/p>\n<h3 data-start=\"0\" data-end=\"59\"><strong data-start=\"4\" data-end=\"59\">Hva er forskjellen mellom vekstlys, vekstlamper og plantelys?<\/strong><\/h3>\n<p data-start=\"61\" data-end=\"632\" data-is-last-node=\"\" data-is-only-node=\"\"><strong><a href=\"https:\/\/plantelys.dk\/nb\/produktkategori-2\/vekstlys\/\">Vekstlys<\/a><\/strong> er et bredt, uformelt begrep for alt kunstig lys som brukes til \u00e5 dyrke planter innend\u00f8rs \u2013 uavhengig av teknologi, fargespekter eller form\u00e5l. <a href=\"https:\/\/plantelys.dk\/nb\/produktkategori-2\/vokse-lys-paere-lamper\/\"><strong>Grow lights<\/strong><\/a> P\u00e5 den annen side finnes det lys som er utviklet spesielt for \u00e5 st\u00f8tte visse vekstfaser, som spiring, vegetativ vekst eller blomstring, og som derfor ofte har et mer m\u00e5lrettet eller justerbart lysspekter. <strong><a href=\"https:\/\/plantelys.dk\/nb\/\">Plantelys<\/a><\/strong> er den generelle tekniske betegnelsen som dekker alle typer lyskilder som gir planter de b\u00f8lgelengdene (dagslys) som er n\u00f8dvendige for fotosyntese, og brukes b\u00e5de for hobbylamper og avanserte profesjonelle LED-l\u00f8sninger.<\/p>","protected":false},"excerpt":{"rendered":"<p data-start=\"15349\" data-end=\"15472\">Gul skjerm med svart stoffledning og effektiv hvit fullspektrum - ideell som dekorativ grogrolys-pendel.<\/p>\n<p data-start=\"2180\" data-end=\"2951\">","protected":false},"featured_media":54425,"comment_status":"open","ping_status":"closed","template":"","meta":{"_acf_changed":false},"product_brand":[],"product_cat":[92,235,370,246],"product_tag":[],"class_list":{"0":"post-54459","1":"product","2":"type-product","3":"status-publish","4":"has-post-thumbnail","6":"product_cat-vaekstlys-paerer-lamper","7":"product_cat-grolys","8":"product_cat-grolys-paere","9":"product_cat-plantelys-tilbud","11":"entry","12":"has-media","14":"first","15":"instock","16":"sale","17":"taxable","18":"shipping-taxable","19":"purchasable","20":"product-type-simple","21":"has-product-nav","22":"col","23":"span_1_of_4","24":"owp-content-center","25":"item-entry","26":"owp-thumbs-layout-vertical","27":"owp-btn-normal","28":"owp-tabs-layout-horizontal"},"acf":[],"_links":{"self":[{"href":"https:\/\/plantelys.dk\/nb\/wp-json\/wp\/v2\/product\/54459","targetHints":{"allow":["GET"]}}],"collection":[{"href":"https:\/\/plantelys.dk\/nb\/wp-json\/wp\/v2\/product"}],"about":[{"href":"https:\/\/plantelys.dk\/nb\/wp-json\/wp\/v2\/types\/product"}],"replies":[{"embeddable":true,"href":"https:\/\/plantelys.dk\/nb\/wp-json\/wp\/v2\/comments?post=54459"}],"version-history":[{"count":0,"href":"https:\/\/plantelys.dk\/nb\/wp-json\/wp\/v2\/product\/54459\/revisions"}],"wp:featuredmedia":[{"embeddable":true,"href":"https:\/\/plantelys.dk\/nb\/wp-json\/wp\/v2\/media\/54425"}],"wp:attachment":[{"href":"https:\/\/plantelys.dk\/nb\/wp-json\/wp\/v2\/media?parent=54459"}],"wp:term":[{"taxonomy":"product_brand","embeddable":true,"href":"https:\/\/plantelys.dk\/nb\/wp-json\/wp\/v2\/product_brand?post=54459"},{"taxonomy":"product_cat","embeddable":true,"href":"https:\/\/plantelys.dk\/nb\/wp-json\/wp\/v2\/product_cat?post=54459"},{"taxonomy":"product_tag","embeddable":true,"href":"https:\/\/plantelys.dk\/nb\/wp-json\/wp\/v2\/product_tag?post=54459"}],"curies":[{"name":"wp","href":"https:\/\/api.w.org\/{rel}","templated":true}]}}