{"id":54453,"date":"2025-12-05T13:33:21","date_gmt":"2025-12-05T12:33:21","guid":{"rendered":"https:\/\/plantelys.dk\/?post_type=product&#038;p=54453"},"modified":"2026-04-28T11:27:58","modified_gmt":"2026-04-28T10:27:58","slug":"svart-metall-pendel-inkl-gx53-grolys-paere-2","status":"publish","type":"product","link":"https:\/\/plantelys.dk\/nb\/vare\/sort-metal-pendel-inkl-gx53-grolys-paere-2\/","title":{"rendered":"Black Metal Pendellampe \u2013 inkl. GX53 grov p\u00e6re"},"content":{"rendered":"<p data-start=\"11536\" data-end=\"12224\">Denne helsvarte Capelo-pendellampen er for deg som \u00f8nsker et elegant og eksklusivt uttrykk i innredningen - og en effektiv l\u00f8sning for innend\u00f8rs plantevekst. Den svarte metallskjermen og den svarte stoffledningen skaper et elegant og rolig helhetsinntrykk.<br data-start=\"11815\" data-end=\"11818\" \/>Med den medf\u00f8lgende <strong data-start=\"11838\" data-end=\"11863\">GX53 grolys-p\u00e6re (7 W)<\/strong> f\u00e5r du et hvitt fullspektret lys som hjelper plantene til \u00e5 trives og vokse jevnt og trutt. Lyset egner seg til hverdagsbruk og er spesielt godt egnet for inneplanter der du \u00f8nsker \u00e5 st\u00f8tte veksten uten at lysfargen tar over rommet.<br data-start=\"12102\" data-end=\"12105\" \/>Pendelen fungerer perfekt over plantehyller, sm\u00e5 hjemmejungler eller som et stilig fokuspunkt i et svart-hvitt interi\u00f8r.<\/p>\n<p data-start=\"12226\" data-end=\"12250\"><strong data-start=\"12226\" data-end=\"12248\">Pakken inneholder:<\/strong><\/p>\n<ul data-start=\"12251\" data-end=\"12338\">\n<li data-start=\"12251\" data-end=\"12283\">\n<p data-start=\"12253\" data-end=\"12283\">1 x GX53 grolys-p\u00e6re (7 W)<\/p>\n<\/li>\n<li data-start=\"12284\" data-end=\"12310\">\n<p data-start=\"12286\" data-end=\"12310\">1 svart metallskjerm<\/p>\n<\/li>\n<li data-start=\"12311\" data-end=\"12338\">\n<p data-start=\"12313\" data-end=\"12338\">1 svart stoffkabel<\/p>\n<\/li>\n<\/ul>\n<p data-start=\"12340\" data-end=\"12437\"><strong data-start=\"12340\" data-end=\"12351\">Merk:<\/strong><br data-start=\"12351\" data-end=\"12354\" \/>Heng lampen n\u00e6rmere plantene for \u00e5 forbedre lysintensiteten, spesielt om vinteren.<\/p>\n<p data-start=\"12439\" data-end=\"12632\"><strong data-start=\"12439\" data-end=\"12470\">Str\u00e5lingsm\u00e5linger (PPFD):<\/strong><br data-start=\"12470\" data-end=\"12473\" \/>PPFD @ 10 cm: \u2013 \u00b5mol\/m\u00b2\/s<br data-start=\"12502\" data-end=\"12505\" \/>PPFD @ 20 cm: \u2013 \u00b5mol\/m\u00b2\/s<br data-start=\"12534\" data-end=\"12537\" \/>PPFD @ 30 cm: \u2013 \u00b5mol\/m\u00b2\/s<br data-start=\"12566\" data-end=\"12569\" \/>PPFD @ 50 cm: \u2013 \u00b5mol\/m\u00b2\/s<br data-start=\"12598\" data-end=\"12601\" \/>PPFD @ 70 cm: \u2013 \u00b5mol\/m\u00b2\/s<\/p>\n<h3 data-start=\"0\" data-end=\"59\"><strong data-start=\"4\" data-end=\"59\">Hva er forskjellen mellom vekstlys, vekstlamper og plantelys?<\/strong><\/h3>\n<p data-start=\"61\" data-end=\"632\" data-is-last-node=\"\" data-is-only-node=\"\"><strong><a href=\"https:\/\/plantelys.dk\/nb\/produktkategori-2\/vekstlys\/\">Vekstlys<\/a><\/strong> er et bredt, uformelt begrep for alt kunstig lys som brukes til \u00e5 dyrke planter innend\u00f8rs \u2013 uavhengig av teknologi, fargespekter eller form\u00e5l. <a href=\"https:\/\/plantelys.dk\/nb\/produktkategori-2\/vokse-lys-paere-lamper\/\"><strong>Grow lights<\/strong><\/a> P\u00e5 den annen side finnes det lys som er utviklet spesielt for \u00e5 st\u00f8tte visse vekstfaser, som spiring, vegetativ vekst eller blomstring, og som derfor ofte har et mer m\u00e5lrettet eller justerbart lysspekter. <strong><a href=\"https:\/\/plantelys.dk\/nb\/\">Plantelys<\/a><\/strong> er den generelle tekniske betegnelsen som dekker alle typer lyskilder som gir planter de b\u00f8lgelengdene (dagslys) som er n\u00f8dvendige for fotosyntese, og brukes b\u00e5de for hobbylamper og avanserte profesjonelle LED-l\u00f8sninger.<\/p>","protected":false},"excerpt":{"rendered":"<p data-start=\"10107\" data-end=\"10225\">Helt svart pendel med et sterkt, men diskret hvitt vekstlys for moderne plantedekorasjon.<\/p>\n<p data-start=\"2180\" data-end=\"2951\">","protected":false},"featured_media":54428,"comment_status":"open","ping_status":"closed","template":"","meta":{"_acf_changed":false},"product_brand":[],"product_cat":[92,235,370,246],"product_tag":[],"class_list":{"0":"post-54453","1":"product","2":"type-product","3":"status-publish","4":"has-post-thumbnail","6":"product_cat-vaekstlys-paerer-lamper","7":"product_cat-grolys","8":"product_cat-grolys-paere","9":"product_cat-plantelys-tilbud","11":"entry","12":"has-media","14":"first","15":"instock","16":"sale","17":"taxable","18":"shipping-taxable","19":"purchasable","20":"product-type-simple","21":"has-product-nav","22":"col","23":"span_1_of_4","24":"owp-content-center","25":"item-entry","26":"owp-thumbs-layout-vertical","27":"owp-btn-normal","28":"owp-tabs-layout-horizontal"},"acf":[],"_links":{"self":[{"href":"https:\/\/plantelys.dk\/nb\/wp-json\/wp\/v2\/product\/54453","targetHints":{"allow":["GET"]}}],"collection":[{"href":"https:\/\/plantelys.dk\/nb\/wp-json\/wp\/v2\/product"}],"about":[{"href":"https:\/\/plantelys.dk\/nb\/wp-json\/wp\/v2\/types\/product"}],"replies":[{"embeddable":true,"href":"https:\/\/plantelys.dk\/nb\/wp-json\/wp\/v2\/comments?post=54453"}],"version-history":[{"count":0,"href":"https:\/\/plantelys.dk\/nb\/wp-json\/wp\/v2\/product\/54453\/revisions"}],"wp:featuredmedia":[{"embeddable":true,"href":"https:\/\/plantelys.dk\/nb\/wp-json\/wp\/v2\/media\/54428"}],"wp:attachment":[{"href":"https:\/\/plantelys.dk\/nb\/wp-json\/wp\/v2\/media?parent=54453"}],"wp:term":[{"taxonomy":"product_brand","embeddable":true,"href":"https:\/\/plantelys.dk\/nb\/wp-json\/wp\/v2\/product_brand?post=54453"},{"taxonomy":"product_cat","embeddable":true,"href":"https:\/\/plantelys.dk\/nb\/wp-json\/wp\/v2\/product_cat?post=54453"},{"taxonomy":"product_tag","embeddable":true,"href":"https:\/\/plantelys.dk\/nb\/wp-json\/wp\/v2\/product_tag?post=54453"}],"curies":[{"name":"wp","href":"https:\/\/api.w.org\/{rel}","templated":true}]}}