{"id":54451,"date":"2025-12-05T13:31:37","date_gmt":"2025-12-05T12:31:37","guid":{"rendered":"https:\/\/plantelys.dk\/?post_type=product&#038;p=54451"},"modified":"2026-04-28T11:15:18","modified_gmt":"2026-04-28T10:15:18","slug":"flerfarget-dragonfly-pendellampe-inkl-gx53-grolys-paere-2","status":"publish","type":"product","link":"https:\/\/plantelys.dk\/nb\/vare\/multifarvet-dragonfly-pendel-inkl-gx53-grolys-paere-2\/","title":{"rendered":"Flerfarget Dragonfly pendellampe \u2013 inkl. GX53 klar p\u00e6re"},"content":{"rendered":"<h2 data-start=\"10227\" data-end=\"10904\">Pendel med lyskilde<\/h2>\n<p data-start=\"10227\" data-end=\"10904\">Capelo Dragonfly pendellampe med svart stoffledning er en vakker kombinasjon av kunstnerisk design og funksjonell belysning for planter. Den passer perfekt inn i moderne hjem, hvor lampen kan v\u00e6re en del av rommets visuelle identitet.<br data-start=\"10494\" data-end=\"10497\" \/>Den medf\u00f8lgende <strong data-start=\"10513\" data-end=\"10546\">GX53 fullspektret vekstlys (7 W)<\/strong> gir plantene dine et naturlig hvitt lys, som er ideelt i vinterm\u00e5nedene og i rom med mindre sollys. Samtidig opprettholder du en rolig og innbydende atmosf\u00e6re fordi lyset ikke har den klassiske r\u00f8de eller lilla fargen.<br data-start=\"10756\" data-end=\"10759\" \/>Dragonfly-designen gj\u00f8r den spesielt egnet for stuen eller et \u00e5pent kj\u00f8kkenmilj\u00f8, hvor du \u00f8nsker \u00e5 kombinere dekorativ belysning med klar praktisk verdi.<\/p>\n<p data-start=\"10906\" data-end=\"10930\"><strong data-start=\"10906\" data-end=\"10928\">Pakken inneholder:<\/strong><\/p>\n<ul>\n<li data-start=\"10933\" data-end=\"10963\">1 x GX53 grolys-p\u00e6re (7 W)<\/li>\n<li data-start=\"10966\" data-end=\"10997\">1 Capelo Dragonfly-skjerm<\/li>\n<li data-start=\"11000\" data-end=\"11025\">1 svart stoffkabel<\/li>\n<\/ul>\n<h3 data-start=\"11027\" data-end=\"11110\"><strong data-start=\"11027\" data-end=\"11038\">Merk:<\/strong><\/h3>\n<p data-start=\"11027\" data-end=\"11110\">For \u00f8kt intensitet kan lampen henges lavere over planter som trenger mer lys.<\/p>\n<p data-start=\"11027\" data-end=\"11110\"><em><b>F<\/b>Fargen p\u00e5 lampeskjermen avhenger av lyskilden som er installert i lampen - bildet viser med en 2200K-p\u00e6re - den medf\u00f8lgende p\u00e6ren gir en hvit skjerm!<\/em><\/p>\n<p data-start=\"11027\" data-end=\"11110\">\n<h3 data-start=\"0\" data-end=\"59\"><strong data-start=\"4\" data-end=\"59\">Hva er forskjellen mellom vekstlys, vekstlamper og plantelys?<\/strong><\/h3>\n<p data-start=\"61\" data-end=\"632\" data-is-last-node=\"\" data-is-only-node=\"\"><strong><a href=\"https:\/\/plantelys.dk\/nb\/produktkategori-2\/vekstlys\/\">Vekstlys<\/a><\/strong> er et bredt, uformelt begrep for alt kunstig lys som brukes til \u00e5 dyrke planter innend\u00f8rs \u2013 uavhengig av teknologi, fargespekter eller form\u00e5l. <a href=\"https:\/\/plantelys.dk\/nb\/produktkategori-2\/vokse-lys-paere-lamper\/\"><strong>Grow lights<\/strong><\/a> P\u00e5 den annen side finnes det lys som er utviklet spesielt for \u00e5 st\u00f8tte visse vekstfaser, som spiring, vegetativ vekst eller blomstring, og som derfor ofte har et mer m\u00e5lrettet eller justerbart lysspekter. <strong><a href=\"https:\/\/plantelys.dk\/nb\/\">Plantelys<\/a><\/strong> er den generelle tekniske betegnelsen som dekker alle typer lyskilder som gir planter de b\u00f8lgelengdene (dagslys) som er n\u00f8dvendige for fotosyntese, og brukes b\u00e5de for hobbylamper og avanserte profesjonelle LED-l\u00f8sninger.<\/p>","protected":false},"excerpt":{"rendered":"<p data-start=\"10107\" data-end=\"10225\">Dragonfly med svart stoffledning og behagelig vekstlys \u2013 perfekt for dekorativ plantebelysning.<\/p>\n<p data-start=\"2180\" data-end=\"2951\">","protected":false},"featured_media":54429,"comment_status":"open","ping_status":"closed","template":"","meta":{"_acf_changed":false},"product_brand":[],"product_cat":[92,235,370,246],"product_tag":[],"class_list":{"0":"post-54451","1":"product","2":"type-product","3":"status-publish","4":"has-post-thumbnail","6":"product_cat-vaekstlys-paerer-lamper","7":"product_cat-grolys","8":"product_cat-grolys-paere","9":"product_cat-plantelys-tilbud","11":"entry","12":"has-media","14":"first","15":"instock","16":"sale","17":"taxable","18":"shipping-taxable","19":"purchasable","20":"product-type-simple","21":"has-product-nav","22":"col","23":"span_1_of_4","24":"owp-content-center","25":"item-entry","26":"owp-thumbs-layout-vertical","27":"owp-btn-normal","28":"owp-tabs-layout-horizontal"},"acf":[],"_links":{"self":[{"href":"https:\/\/plantelys.dk\/nb\/wp-json\/wp\/v2\/product\/54451","targetHints":{"allow":["GET"]}}],"collection":[{"href":"https:\/\/plantelys.dk\/nb\/wp-json\/wp\/v2\/product"}],"about":[{"href":"https:\/\/plantelys.dk\/nb\/wp-json\/wp\/v2\/types\/product"}],"replies":[{"embeddable":true,"href":"https:\/\/plantelys.dk\/nb\/wp-json\/wp\/v2\/comments?post=54451"}],"version-history":[{"count":0,"href":"https:\/\/plantelys.dk\/nb\/wp-json\/wp\/v2\/product\/54451\/revisions"}],"wp:featuredmedia":[{"embeddable":true,"href":"https:\/\/plantelys.dk\/nb\/wp-json\/wp\/v2\/media\/54429"}],"wp:attachment":[{"href":"https:\/\/plantelys.dk\/nb\/wp-json\/wp\/v2\/media?parent=54451"}],"wp:term":[{"taxonomy":"product_brand","embeddable":true,"href":"https:\/\/plantelys.dk\/nb\/wp-json\/wp\/v2\/product_brand?post=54451"},{"taxonomy":"product_cat","embeddable":true,"href":"https:\/\/plantelys.dk\/nb\/wp-json\/wp\/v2\/product_cat?post=54451"},{"taxonomy":"product_tag","embeddable":true,"href":"https:\/\/plantelys.dk\/nb\/wp-json\/wp\/v2\/product_tag?post=54451"}],"curies":[{"name":"wp","href":"https:\/\/api.w.org\/{rel}","templated":true}]}}