{"id":54138,"date":"2025-11-26T20:57:41","date_gmt":"2025-11-26T19:57:41","guid":{"rendered":"https:\/\/plantelys.dk\/?post_type=product&#038;p=54138"},"modified":"2026-04-28T11:49:30","modified_gmt":"2026-04-28T10:49:30","slug":"svart-harpiks-vegglampe-med-vekstlys-ledet-paere-dagslys","status":"publish","type":"product","link":"https:\/\/plantelys.dk\/nb\/vare\/sort-resin-vaeglampe-m-vaekstlys-led-paere-dagslys\/","title":{"rendered":"Svart\/harpiks vegglampe med LED-p\u00e6re | dagslys"},"content":{"rendered":"<h2>Vegglampe i metall med vekstp\u00e6re - dagslys<\/h2>\n<div>Vegglampen fra capelo er en klassisk dansk design med et moderne uttrykk. Denne svarte fargen<strong>\u00a0<\/strong>capelo vegglampe med <strong>harpiks <\/strong><strong>skjerm<\/strong>, passer i de fleste rom, men egner seg spesielt godt som en vakker vegglampe som kan monteres over en plante.<\/div>\n<div><\/div>\n<div>\n<h3>Lampedesigner<\/h3>\n<\/div>\n<div>capelo vegglampe er designet av den anerkjente arkitekten Flemming Agger, som ogs\u00e5 har designet le klint-lampene.<\/div>\n<div><\/div>\n<h3>Gjenvunnet og resirkulert metall<\/h3>\n<div>capelo-lampen er laget av milj\u00f8vennlig resirkulert jernskrap, og pakket uten bruk av plast.<\/div>\n<div><\/div>\n<h3>Grolys p\u00e6re er inkludert ved kj\u00f8p av en av v\u00e5re vegglamper<\/h3>\n<p><em><strong>NOTER: <\/strong>Fargen p\u00e5 lampeskjermen avhenger av lyskilden som er installert i lampen - bildet viser med en 2200K-p\u00e6re - den medf\u00f8lgende p\u00e6ren gir en hvit skjerm!<\/em><\/p>\n<p>&nbsp;<\/p>\n<div>\n<h3>Produkt detaljer<\/h3>\n<table>\n<tbody>\n<tr>\n<td><\/td>\n<td><\/td>\n<\/tr>\n<tr>\n<td>Type:<\/td>\n<td>Vegglampe<\/td>\n<\/tr>\n<tr>\n<td>Skjema:<\/td>\n<td>Veggmontert armatur<\/td>\n<\/tr>\n<tr>\n<td>Stikkontakt (feste):<\/td>\n<td>E14<\/td>\n<\/tr>\n<tr>\n<td>Spenning (volt):<\/td>\n<td>90-240 VAC<\/td>\n<\/tr>\n<tr>\n<td>Effekt (watt):<\/td>\n<td>40W maks<\/td>\n<\/tr>\n<tr>\n<td>Armaturfarge:<\/td>\n<td>Harpiksskjerm\/ svart ramme<\/td>\n<\/tr>\n<tr>\n<td>St\u00f8rrelse:<\/td>\n<td>D:150 mm x H:170 mm x ramme L: 210 mm<\/td>\n<\/tr>\n<tr>\n<td>Vekt:<\/td>\n<td>600g<\/td>\n<\/tr>\n<tr>\n<td>Installasjon:<\/td>\n<td>Veggmontert<\/td>\n<\/tr>\n<tr>\n<td>Kabel:<\/td>\n<td>Leveres ikke med<\/td>\n<\/tr>\n<tr>\n<td>Materiale ramme:<\/td>\n<td>Resirkulert metall<\/td>\n<\/tr>\n<tr>\n<td>IP:<\/td>\n<td>20<\/td>\n<\/tr>\n<tr>\n<td>Merking:<\/td>\n<td>CE-godkjent<\/td>\n<\/tr>\n<tr>\n<td>Anbefalt lyskilde:<\/td>\n<td>E14 LED kronep\u00e6re eller reflektorp\u00e6re<\/td>\n<\/tr>\n<\/tbody>\n<\/table>\n<\/div>\n<div><\/div>\n<div>\n<h3 data-start=\"0\" data-end=\"59\"><strong data-start=\"4\" data-end=\"59\">Hva er forskjellen mellom vekstlys, vekstlamper og plantelys?<\/strong><\/h3>\n<p data-start=\"61\" data-end=\"632\" data-is-last-node=\"\" data-is-only-node=\"\"><strong><a href=\"https:\/\/plantelys.dk\/nb\/produktkategori-2\/vekstlys\/\">Vekstlys<\/a><\/strong> er et bredt, uformelt begrep for alt kunstig lys som brukes til \u00e5 dyrke planter innend\u00f8rs \u2013 uavhengig av teknologi, fargespekter eller form\u00e5l. <a href=\"https:\/\/plantelys.dk\/nb\/produktkategori-2\/vokse-lys-paere-lamper\/\"><strong>Grow lights<\/strong><\/a> P\u00e5 den annen side finnes det lys som er utviklet spesielt for \u00e5 st\u00f8tte visse vekstfaser, som spiring, vegetativ vekst eller blomstring, og som derfor ofte har et mer m\u00e5lrettet eller justerbart lysspekter. <strong><a href=\"https:\/\/plantelys.dk\/nb\/\">Plantelys<\/a><\/strong> er den generelle tekniske betegnelsen som dekker alle typer lyskilder som gir planter de b\u00f8lgelengdene (dagslys) som er n\u00f8dvendige for fotosyntese, og brukes b\u00e5de for hobbylamper og avanserte profesjonelle LED-l\u00f8sninger.<\/p>\n<\/div>","protected":false},"excerpt":{"rendered":"<p><span style=\"color: #ff0000;\"><strong><em>Resterende lagersalg - selges s\u00e5 lenge lageret rekker!<\/em><\/strong><\/span><\/p>","protected":false},"featured_media":54077,"comment_status":"open","ping_status":"closed","template":"","meta":{"_acf_changed":false},"product_brand":[],"product_cat":[235,370,246],"product_tag":[],"class_list":{"0":"post-54138","1":"product","2":"type-product","3":"status-publish","4":"has-post-thumbnail","6":"product_cat-grolys","7":"product_cat-grolys-paere","8":"product_cat-plantelys-tilbud","10":"entry","11":"has-media","13":"first","14":"instock","15":"sale","16":"taxable","17":"shipping-taxable","18":"purchasable","19":"product-type-simple","20":"has-product-nav","21":"col","22":"span_1_of_4","23":"owp-content-center","24":"item-entry","25":"owp-thumbs-layout-vertical","26":"owp-btn-normal","27":"owp-tabs-layout-horizontal"},"acf":[],"_links":{"self":[{"href":"https:\/\/plantelys.dk\/nb\/wp-json\/wp\/v2\/product\/54138","targetHints":{"allow":["GET"]}}],"collection":[{"href":"https:\/\/plantelys.dk\/nb\/wp-json\/wp\/v2\/product"}],"about":[{"href":"https:\/\/plantelys.dk\/nb\/wp-json\/wp\/v2\/types\/product"}],"replies":[{"embeddable":true,"href":"https:\/\/plantelys.dk\/nb\/wp-json\/wp\/v2\/comments?post=54138"}],"version-history":[{"count":0,"href":"https:\/\/plantelys.dk\/nb\/wp-json\/wp\/v2\/product\/54138\/revisions"}],"wp:featuredmedia":[{"embeddable":true,"href":"https:\/\/plantelys.dk\/nb\/wp-json\/wp\/v2\/media\/54077"}],"wp:attachment":[{"href":"https:\/\/plantelys.dk\/nb\/wp-json\/wp\/v2\/media?parent=54138"}],"wp:term":[{"taxonomy":"product_brand","embeddable":true,"href":"https:\/\/plantelys.dk\/nb\/wp-json\/wp\/v2\/product_brand?post=54138"},{"taxonomy":"product_cat","embeddable":true,"href":"https:\/\/plantelys.dk\/nb\/wp-json\/wp\/v2\/product_cat?post=54138"},{"taxonomy":"product_tag","embeddable":true,"href":"https:\/\/plantelys.dk\/nb\/wp-json\/wp\/v2\/product_tag?post=54138"}],"curies":[{"name":"wp","href":"https:\/\/api.w.org\/{rel}","templated":true}]}}