{"id":53333,"date":"2025-10-20T13:38:27","date_gmt":"2025-10-20T12:38:27","guid":{"rendered":"https:\/\/plantelys.dk\/?post_type=product&#038;p=53333"},"modified":"2025-11-19T11:59:04","modified_gmt":"2025-11-19T10:59:04","slug":"led-3-fase-skinne-spot-40w-3000k-svart","status":"publish","type":"product","link":"https:\/\/plantelys.dk\/nb\/vare\/led-3-faset-skinnespot-40w-3000k-sort\/","title":{"rendered":"LED 3-fase spor spotlight 40W 3000K svart"},"content":{"rendered":"<h3 data-start=\"351\" data-end=\"440\"><strong data-start=\"355\" data-end=\"440\">LED 3-fase spor spotlight 40W 3000K svart \u2013 Effektiv plantebelysning for h\u00f8ye planter<\/strong><\/h3>\n<p data-start=\"442\" data-end=\"825\">Denne stilige <strong data-start=\"457\" data-end=\"492\">svarte LED-spotlights, 40 watt<\/strong> kombinerer h\u00f8y ytelse med moderne design og er ideell for bruk som <strong data-start=\"560\" data-end=\"579\">plantebelysning<\/strong> b\u00e5de i private og profesjonelle milj\u00f8er. Den gir kraftig, naturlig lys som fremhever plantenes farger og st\u00f8tter sunn vekst \u2013 perfekt for <strong data-start=\"737\" data-end=\"791\">h\u00f8ye planter, plantevegger og gr\u00f8nne installasjoner<\/strong> i hjemmet, drivhuset eller utstillingslokalet ditt.<\/p>\n<p data-start=\"827\" data-end=\"1147\">Spotet bruker en <strong data-start=\"847\" data-end=\"875\">Philips COB LED-lyskilde<\/strong> og en integrert <strong data-start=\"893\" data-end=\"911\">Philips-driver<\/strong>, som sikrer maksimal driftssikkerhet, lang levetid og en <strong data-start=\"969\" data-end=\"988\">flimmerfritt lys<\/strong>. Med en <strong data-start=\"997\" data-end=\"1040\">fargetemperatur p\u00e5 4000 K (n\u00f8ytral hvit)<\/strong> oppn\u00e5r balansert belysning som er egnet for plantevekst og gir et behagelig lysmilj\u00f8 i rommet.<\/p>\n<p data-start=\"1149\" data-end=\"1369\">De <strong data-start=\"1153\" data-end=\"1173\">36\u00b0 str\u00e5levinkel<\/strong> gir presis og fokusert belysning som gj\u00f8r det enkelt \u00e5 fremheve bestemte omr\u00e5der \u2013 f.eks. h\u00f8ye potteplanter, planteomr\u00e5der eller utstillingsomr\u00e5der hvor b\u00e5de estetikk og funksjon er \u00f8nskelig.<\/p>\n<p data-start=\"1371\" data-end=\"1723\">Spotlighten er enkel \u00e5 montere p\u00e5 <strong data-start=\"1396\" data-end=\"1419\">3-fase samleskinner<\/strong>, slik at du fritt kan justere og flytte belysningen etter behov. Kombinasjonen av <strong data-start=\"1496\" data-end=\"1526\">h\u00f8y fargegjengivelse (Ra90)<\/strong> og <strong data-start=\"1530\" data-end=\"1554\">4000 lumen lysstyrke<\/strong> Det gj\u00f8r den ideell for planteelskere, interi\u00f8rdesignere og profesjonelle installat\u00f8rer som \u00f8nsker effektiv og fleksibel plantebelysning i et elegant svart design.<\/p>\n<h4 data-start=\"1730\" data-end=\"1788\">\ud83c\udf3f <strong data-start=\"1738\" data-end=\"1788\">Fordeler med LED 3-fase skinnespots for planter<\/strong><\/h4>\n<ul data-start=\"1789\" data-end=\"2090\">\n<li data-start=\"1789\" data-end=\"1857\">\n<p data-start=\"1791\" data-end=\"1857\">Naturlig lys (4000K) \u2013 perfekt for gr\u00f8nne planter og vekstsoner<\/p>\n<\/li>\n<li data-start=\"1858\" data-end=\"1893\">\n<p data-start=\"1860\" data-end=\"1893\">Kraftig lysstyrke p\u00e5 4000 lumen<\/p>\n<\/li>\n<li data-start=\"1894\" data-end=\"1936\">\n<p data-start=\"1896\" data-end=\"1936\">Flimmerfritt lys med Philips LED-driver<\/p>\n<\/li>\n<li data-start=\"1937\" data-end=\"1978\">\n<p data-start=\"1939\" data-end=\"1978\">Ideell for h\u00f8ye planter og plantevegger<\/p>\n<\/li>\n<li data-start=\"1979\" data-end=\"2014\">\n<p data-start=\"1981\" data-end=\"2014\">Enkel montering p\u00e5 3-faseskinner<\/p>\n<\/li>\n<li data-start=\"2015\" data-end=\"2090\">\n<p data-start=\"2017\" data-end=\"2090\">Elegant svart design som passer inn i b\u00e5de moderne og klassiske omgivelser<\/p>\n<\/li>\n<\/ul>\n<h4 data-start=\"2097\" data-end=\"2130\"><strong data-start=\"2102\" data-end=\"2130\">Tekniske spesifikasjoner<\/strong><\/h4>\n<div class=\"_tableContainer_1rjym_1\">\n<div class=\"group _tableWrapper_1rjym_13 flex w-fit flex-col-reverse\" tabindex=\"-1\">\n<table class=\"w-fit min-w-(--thread-content-width)\" data-start=\"2131\" data-end=\"2515\">\n<thead data-start=\"2131\" data-end=\"2151\">\n<tr data-start=\"2131\" data-end=\"2151\">\n<th data-start=\"2131\" data-end=\"2142\" data-col-size=\"sm\">Karakteristisk<\/th>\n<th data-start=\"2142\" data-end=\"2151\" data-col-size=\"sm\">Verdi<\/th>\n<\/tr>\n<\/thead>\n<tbody data-start=\"2175\" data-end=\"2515\">\n<tr data-start=\"2175\" data-end=\"2193\">\n<td data-start=\"2175\" data-end=\"2185\" data-col-size=\"sm\">Forbruk<\/td>\n<td data-start=\"2185\" data-end=\"2193\" data-col-size=\"sm\">40 W<\/td>\n<\/tr>\n<tr data-start=\"2194\" data-end=\"2219\">\n<td data-start=\"2194\" data-end=\"2213\" data-col-size=\"sm\">Stikkontakt \/ Stikkontakt<\/td>\n<td data-start=\"2213\" data-end=\"2219\" data-col-size=\"sm\">3. etasje<\/td>\n<\/tr>\n<tr data-start=\"2220\" data-end=\"2255\">\n<td data-start=\"2220\" data-end=\"2231\" data-col-size=\"sm\">Lys farge<\/td>\n<td data-start=\"2231\" data-end=\"2255\" data-col-size=\"sm\">3000K (n\u00f8ytral svart)<\/td>\n<\/tr>\n<tr data-start=\"2256\" data-end=\"2291\">\n<td data-start=\"2256\" data-end=\"2280\" data-col-size=\"sm\">Fargegjengivelse (CRI)<\/td>\n<td data-start=\"2280\" data-end=\"2291\" data-col-size=\"sm\">Ra \u2265 90<\/td>\n<\/tr>\n<tr data-start=\"2292\" data-end=\"2314\">\n<td data-start=\"2292\" data-end=\"2303\" data-col-size=\"sm\">Lysstr\u00f8m<\/td>\n<td data-start=\"2303\" data-end=\"2314\" data-col-size=\"sm\">3000 lm<\/td>\n<\/tr>\n<tr data-start=\"2315\" data-end=\"2341\">\n<td data-start=\"2315\" data-end=\"2326\" data-col-size=\"sm\">begeistring<\/td>\n<td data-start=\"2326\" data-end=\"2341\" data-col-size=\"sm\">200\u2013240 V vekselstr\u00f8m<\/td>\n<\/tr>\n<tr data-start=\"2342\" data-end=\"2359\">\n<td data-start=\"2342\" data-end=\"2352\" data-col-size=\"sm\">Dimbar<\/td>\n<td data-start=\"2352\" data-end=\"2359\" data-col-size=\"sm\">Nei<\/td>\n<\/tr>\n<tr data-start=\"2360\" data-end=\"2387\">\n<td data-start=\"2360\" data-end=\"2380\" data-col-size=\"sm\">Str\u00e5levinkel<\/td>\n<td data-start=\"2380\" data-end=\"2387\" data-col-size=\"sm\">36\u00b0<\/td>\n<\/tr>\n<tr data-start=\"2388\" data-end=\"2408\">\n<td data-start=\"2388\" data-end=\"2403\" data-col-size=\"sm\">Energiklasse<\/td>\n<td data-start=\"2403\" data-end=\"2408\" data-col-size=\"sm\">D<\/td>\n<\/tr>\n<tr data-start=\"2409\" data-end=\"2429\">\n<td data-start=\"2409\" data-end=\"2420\" data-col-size=\"sm\">Diameter<\/td>\n<td data-start=\"2420\" data-end=\"2429\" data-col-size=\"sm\">80 mm<\/td>\n<\/tr>\n<tr data-start=\"2430\" data-end=\"2449\">\n<td data-start=\"2430\" data-end=\"2439\" data-col-size=\"sm\">Lengde<\/td>\n<td data-start=\"2439\" data-end=\"2449\" data-col-size=\"sm\">155 mm<\/td>\n<\/tr>\n<tr data-start=\"2450\" data-end=\"2467\">\n<td data-start=\"2450\" data-end=\"2459\" data-col-size=\"sm\">Tetthet<\/td>\n<td data-start=\"2459\" data-end=\"2467\" data-col-size=\"sm\">IP20<\/td>\n<\/tr>\n<tr data-start=\"2468\" data-end=\"2488\">\n<td data-start=\"2468\" data-end=\"2478\" data-col-size=\"sm\">MacAdam<\/td>\n<td data-start=\"2478\" data-end=\"2488\" data-col-size=\"sm\">3 SDCM<\/td>\n<\/tr>\n<tr data-start=\"2489\" data-end=\"2515\">\n<td data-start=\"2489\" data-end=\"2507\" data-col-size=\"sm\">Livstidsgaranti<\/td>\n<td data-start=\"2507\" data-end=\"2515\" data-col-size=\"sm\">2 \u00e5r<\/td>\n<\/tr>\n<\/tbody>\n<\/table>\n<p>&nbsp;<\/p>\n<\/div>\n<hr \/>\n<h3 data-start=\"0\" data-end=\"59\"><strong data-start=\"4\" data-end=\"59\">Hva er forskjellen mellom vekstlys, vekstlamper og plantelys?<\/strong><\/h3>\n<p data-start=\"61\" data-end=\"632\" data-is-last-node=\"\" data-is-only-node=\"\"><strong><a href=\"https:\/\/plantelys.dk\/nb\/produktkategori-2\/vekstlys\/\">Vekstlys<\/a><\/strong> er et bredt, uformelt begrep for alt kunstig lys som brukes til \u00e5 dyrke planter innend\u00f8rs \u2013 uavhengig av teknologi, fargespekter eller form\u00e5l. <a href=\"https:\/\/plantelys.dk\/nb\/produktkategori-2\/vokse-lys-paere-lamper\/\"><strong>Grow lights<\/strong><\/a> P\u00e5 den annen side finnes det lys som er utviklet spesielt for \u00e5 st\u00f8tte visse vekstfaser, som spiring, vegetativ vekst eller blomstring, og som derfor ofte har et mer m\u00e5lrettet eller justerbart lysspekter. <strong><a href=\"https:\/\/plantelys.dk\/nb\/\">Plantelys<\/a><\/strong> er den generelle tekniske betegnelsen som dekker alle typer lyskilder som gir planter de b\u00f8lgelengdene (dagslys) som er n\u00f8dvendige for fotosyntese, og brukes b\u00e5de for hobbylamper og avanserte profesjonelle LED-l\u00f8sninger.<\/p>\n<\/div>","protected":false},"excerpt":{"rendered":"<p data-start=\"161\" data-end=\"532\"><strong data-start=\"161\" data-end=\"197\">LED COB 3-fase plantebelysning<\/strong> er en elegant og kraftig belysningsl\u00f8sning designet for \u00e5 fremheve og forbedre veksten av b\u00e5de h\u00f8ye og kortere planter. Med avansert <strong data-start=\"333\" data-end=\"354\">COB LED-teknologi<\/strong> og en spesialutviklet driver gir lampen et jevnt, flimmerfritt lys med et naturlig fargespekter som st\u00f8tter fotosyntesen og sikrer sunne, gr\u00f8nne planter hele \u00e5ret.<\/p>\n<p data-start=\"534\" data-end=\"761\">Med en <strong data-start=\"541\" data-end=\"564\">str\u00e5levinkel p\u00e5 36\u00b0<\/strong> Du f\u00e5r presis og fokusert belysning, noe som gj\u00f8r den ideell for bruk i drivhus, utstillingsmilj\u00f8er, showrooms eller i hjemmet \u2013 spesielt der det er behov for ekstra lys til h\u00f8ye planter eller plantevegger.<\/p>\n<p data-start=\"763\" data-end=\"1047\">Spotlighten er enkel \u00e5 montere p\u00e5 <strong data-start=\"788\" data-end=\"811\">3-fase samleskinner<\/strong>, noe som gj\u00f8r det enkelt \u00e5 justere og flytte belysningen etter behov. Stabil og energieffektiv drift sikrer lang levetid og lysstyrke som oppfyller de h\u00f8ye standardene som profesjonelle og planteentusiaster forventer av SunFlux.<\/p>","protected":false},"featured_media":53329,"comment_status":"open","ping_status":"closed","template":"","meta":{"_acf_changed":false},"product_brand":[],"product_cat":[235,372],"product_tag":[371],"class_list":{"0":"post-53333","1":"product","2":"type-product","3":"status-publish","4":"has-post-thumbnail","6":"product_cat-grolys","7":"product_cat-grolys-spots","8":"product_tag-plantespots","10":"entry","11":"has-media","13":"first","14":"instock","15":"taxable","16":"shipping-taxable","17":"purchasable","18":"product-type-simple","19":"has-product-nav","20":"col","21":"span_1_of_4","22":"owp-content-center","23":"item-entry","24":"owp-thumbs-layout-vertical","25":"owp-btn-normal","26":"owp-tabs-layout-horizontal"},"acf":[],"_links":{"self":[{"href":"https:\/\/plantelys.dk\/nb\/wp-json\/wp\/v2\/product\/53333","targetHints":{"allow":["GET"]}}],"collection":[{"href":"https:\/\/plantelys.dk\/nb\/wp-json\/wp\/v2\/product"}],"about":[{"href":"https:\/\/plantelys.dk\/nb\/wp-json\/wp\/v2\/types\/product"}],"replies":[{"embeddable":true,"href":"https:\/\/plantelys.dk\/nb\/wp-json\/wp\/v2\/comments?post=53333"}],"version-history":[{"count":0,"href":"https:\/\/plantelys.dk\/nb\/wp-json\/wp\/v2\/product\/53333\/revisions"}],"wp:featuredmedia":[{"embeddable":true,"href":"https:\/\/plantelys.dk\/nb\/wp-json\/wp\/v2\/media\/53329"}],"wp:attachment":[{"href":"https:\/\/plantelys.dk\/nb\/wp-json\/wp\/v2\/media?parent=53333"}],"wp:term":[{"taxonomy":"product_brand","embeddable":true,"href":"https:\/\/plantelys.dk\/nb\/wp-json\/wp\/v2\/product_brand?post=53333"},{"taxonomy":"product_cat","embeddable":true,"href":"https:\/\/plantelys.dk\/nb\/wp-json\/wp\/v2\/product_cat?post=53333"},{"taxonomy":"product_tag","embeddable":true,"href":"https:\/\/plantelys.dk\/nb\/wp-json\/wp\/v2\/product_tag?post=53333"}],"curies":[{"name":"wp","href":"https:\/\/api.w.org\/{rel}","templated":true}]}}