{"id":5245,"date":"2021-12-08T10:12:53","date_gmt":"2021-12-08T10:12:53","guid":{"rendered":"https:\/\/plantelys.dk\/?post_type=product&#038;p=5245"},"modified":"2026-02-26T14:11:09","modified_gmt":"2026-02-26T13:11:09","slug":"pipetteplast-3-ml-plast-for-flytende-gjoedsel-2","status":"publish","type":"product","link":"https:\/\/plantelys.dk\/nb\/vare\/pipette-plast-3-ml-plast-til-flydende-goedning\/","title":{"rendered":"Plastpipette 3 mL for flytende gj\u00f8dsel"},"content":{"rendered":"<h2>3ml pipette gjennomsiktig plast<\/h2>\n<p>Denne 3 ml m\u00e5lepipetten er et uunnv\u00e6rlig verkt\u00f8y for alle som trenger presis dosering av flytende gj\u00f8dsel.<\/p>\n<p>Pipetten er laget av gjennomsiktig plast, som gj\u00f8r det enkelt \u00e5 se og kontrollere v\u00e6skemengden.<\/p>\n<p>Med en lengde p\u00e5 15 cm er den enkel \u00e5 h\u00e5ndtere og dosere fra. Inndelingene p\u00e5 pipetten p\u00e5 1ml, 2ml og 3ml gj\u00f8r det enkelt \u00e5 m\u00e5le n\u00f8yaktig mengde v\u00e6ske du trenger.<\/p>\n<p>Enten du er gartner, laboratorietekniker eller hobbyist, vil denne pipetten hjelpe deg med \u00e5 dosere v\u00e6skene dine n\u00f8yaktig og effektivt.<\/p>\n<div>\n<p>&nbsp;<\/p>\n<p>Volum: 3 ml<\/p>\n<\/div>","protected":false},"excerpt":{"rendered":"<p>3mL pipette gjennomsiktig plast<\/p>","protected":false},"featured_media":5247,"comment_status":"closed","ping_status":"closed","template":"","meta":{"_acf_changed":false},"product_brand":[],"product_cat":[274,113,234,272,98,105,300],"product_tag":[],"class_list":{"0":"post-5245","1":"product","2":"type-product","3":"status-publish","4":"has-post-thumbnail","6":"product_cat-big-plant-science","7":"product_cat-goedning-og-gromedier-for-planter","8":"product_cat-goedning-gromedie-froe","9":"product_cat-growth-technology","10":"product_cat-hydroponisk-dyrkning","11":"product_cat-indendoers-koekkenhave-til-hjemme-brug","12":"product_cat-plagron","14":"entry","15":"has-media","17":"first","18":"instock","19":"taxable","20":"shipping-taxable","21":"purchasable","22":"product-type-simple","23":"has-product-nav","24":"col","25":"span_1_of_4","26":"owp-content-center","27":"item-entry","28":"owp-thumbs-layout-vertical","29":"owp-btn-normal","30":"owp-tabs-layout-horizontal"},"acf":[],"_links":{"self":[{"href":"https:\/\/plantelys.dk\/nb\/wp-json\/wp\/v2\/product\/5245","targetHints":{"allow":["GET"]}}],"collection":[{"href":"https:\/\/plantelys.dk\/nb\/wp-json\/wp\/v2\/product"}],"about":[{"href":"https:\/\/plantelys.dk\/nb\/wp-json\/wp\/v2\/types\/product"}],"replies":[{"embeddable":true,"href":"https:\/\/plantelys.dk\/nb\/wp-json\/wp\/v2\/comments?post=5245"}],"version-history":[{"count":0,"href":"https:\/\/plantelys.dk\/nb\/wp-json\/wp\/v2\/product\/5245\/revisions"}],"wp:featuredmedia":[{"embeddable":true,"href":"https:\/\/plantelys.dk\/nb\/wp-json\/wp\/v2\/media\/5247"}],"wp:attachment":[{"href":"https:\/\/plantelys.dk\/nb\/wp-json\/wp\/v2\/media?parent=5245"}],"wp:term":[{"taxonomy":"product_brand","embeddable":true,"href":"https:\/\/plantelys.dk\/nb\/wp-json\/wp\/v2\/product_brand?post=5245"},{"taxonomy":"product_cat","embeddable":true,"href":"https:\/\/plantelys.dk\/nb\/wp-json\/wp\/v2\/product_cat?post=5245"},{"taxonomy":"product_tag","embeddable":true,"href":"https:\/\/plantelys.dk\/nb\/wp-json\/wp\/v2\/product_tag?post=5245"}],"curies":[{"name":"wp","href":"https:\/\/api.w.org\/{rel}","templated":true}]}}