{"id":47962,"date":"2025-04-03T10:58:17","date_gmt":"2025-04-03T09:58:17","guid":{"rendered":"https:\/\/plantelys.dk\/?post_type=product&#038;p=47962"},"modified":"2026-03-16T10:11:29","modified_gmt":"2026-03-16T09:11:29","slug":"foraars-mellom-pakke-til-mikrogroent","status":"publish","type":"product","link":"https:\/\/plantelys.dk\/nb\/vare\/foraars-mellem-pakke-til-mikrogroent\/","title":{"rendered":"V\u00e5rens mellompakke for microgreen-startsett"},"content":{"rendered":"<h2 data-start=\"964\" data-end=\"996\"><strong data-start=\"127\" data-end=\"190\">Dyrk helse, smak og gr\u00f8nn glede - hjemme p\u00e5 ditt eget kj\u00f8kken<\/strong><\/h2>\n<p data-start=\"964\" data-end=\"996\">Hvis du dr\u00f8mmer om friske mikrogr\u00f8nnsaker hele \u00e5ret, s\u00e5 <strong><a href=\"https:\/\/plantelys.dk\/nb\/produkt\/foraars-mellom-pakke-til-mikrogroent\/\">dette mikrogreen-settet<\/a><\/strong> Laget for deg som allerede har smakt p\u00e5 gleden av hjemmedyrkede spirer - og som n\u00e5 vil ta det til <strong><a href=\"https:\/\/plantelys.dk\/nb\/alt-om-mikrogroenn-dyrking-hoste-helse-helse\/\">neste niv\u00e5<\/a><\/strong>. Med kraftig <strong><a href=\"https:\/\/plantelys.dk\/nb\/produktkategori-2\/vekstlys\/\">vekstlys<\/a><\/strong>, Med automatisk timer, \u00f8kologisk vekstmedium og et n\u00f8ye utvalg av smakfulle fr\u00f8 f\u00e5r du alt du trenger for \u00e5 dyrke n\u00e6ringsrike gr\u00f8nne skudd av profesjonell kvalitet - rett fra vinduskarmen.<\/p>\n<h3 data-start=\"964\" data-end=\"996\"><\/h3>\n<h3 class=\"\" data-start=\"964\" data-end=\"996\">Microgreen-settet best\u00e5r av:<\/h3>\n<p class=\"\" data-start=\"1059\" data-end=\"1162\">\ud83d\udca1 <strong data-start=\"1062\" data-end=\"1105\"><a href=\"https:\/\/plantelys.dk\/nb\/produkt\/sunlight-pro-gro-t8-grow-light-lampe-60cm-2\/\">Sunlight Pro Gro T8 vekstlys 12W<\/a> (60 cm) 26074<\/strong><br data-start=\"1105\" data-end=\"1108\" \/>\u2013 Kraftig og effektiv <a href=\"https:\/\/plantelys.dk\/nb\/produktkategori-2\/vokse-lys-paere-lamper\/\">dyrkingslys<\/a> for optimal plantevekst.<\/p>\n<p class=\"\" data-start=\"1263\" data-end=\"1355\">\u26d3\ufe0f <a href=\"https:\/\/plantelys.dk\/nb\/produkt\/oppheng-for-t8-og-t20-led-roerlamper-med-kjetting\/\"><strong data-start=\"1266\" data-end=\"1300\">Oppheng med kjetting for T8-armatur 28339<\/strong><\/a><br data-start=\"1300\" data-end=\"1303\" \/>- Gj\u00f8r det enkelt \u00e5 justere h\u00f8yden over skuffene.<\/p>\n<p data-start=\"1263\" data-end=\"1355\">\ud83d\udca1<strong><a href=\"https:\/\/plantelys.dk\/nb\/produkt\/doegnur-socket-grolys-lamper-kontroll\/\">Stikkontakt 24 timers klokke uten jord<\/a><\/strong><\/p>\n<p class=\"\" data-start=\"1359\" data-end=\"1455\"><a href=\"https:\/\/plantelys.dk\/nb\/produkt\/plagron-cocos-brix-9l-cocos-fiber-2\/\">\ud83e\uddf1 <strong data-start=\"1362\" data-end=\"1394\">Plagron Cocos Brix (9 liter) 28059\u00a0<\/strong><\/a><br data-start=\"1394\" data-end=\"1397\" \/>- \u00d8kologisk kokosfiber - ideelt som jordfritt vekstmedium.<\/p>\n<h3 data-start=\"1557\" data-end=\"1592\">\ud83c\udf3e <strong data-start=\"1560\" data-end=\"1590\">Fr\u00f8 til mange innh\u00f8stingsrunder:<\/strong><\/h3>\n<ul>\n<li data-start=\"1597\" data-end=\"1621\">50 g <strong><a href=\"https:\/\/plantelys.dk\/nb\/produkt\/luserne-alfalfa-oekologisk-froe-2\/\">Luzerne (alfalfa)<\/a><\/strong><\/li>\n<li data-start=\"1626\" data-end=\"1647\">50 g <strong><a href=\"https:\/\/plantelys.dk\/nb\/produkt\/oeko-brokkoli-raab-froe-mg-2\/\">Brokkoli Raab<\/a><\/strong><\/li>\n<li data-start=\"1652\" data-end=\"1667\">100 g <strong><a href=\"https:\/\/plantelys.dk\/nb\/produkt\/oeko-solsikkefroe-for-mikrogroent-2\/\">Solsikkefr\u00f8<\/a><\/strong><\/li>\n<li data-start=\"1672\" data-end=\"1696\">150 g <strong><a href=\"https:\/\/plantelys.dk\/nb\/produkt\/oeko-ertebelger-for-mikrogroent-2\/\">\u00d8kologiske erter<\/a><\/strong><\/li>\n<li data-start=\"1701\" data-end=\"1724\">50 g <strong><a href=\"https:\/\/plantelys.dk\/nb\/produkt\/oeko-mikrogroenn-rot-reddik-froe-2\/\">Reddik \u2013 Red Sango<\/a><\/strong><\/li>\n<\/ul>\n<p>&nbsp;<\/p>\n<ul>\n<li data-start=\"1459\" data-end=\"1553\"><a href=\"https:\/\/plantelys.dk\/nb\/produkt\/froebrett-sett-for-dyrking-av-mikrogroent-groent-hvitt-337x245x5cm-2\/\">\ud83c\udf31 <strong data-start=\"1462\" data-end=\"1504\">Gr\u00f8nt\/hvitt fr\u00f8brett-sett (33,7 x 24,5 cm) 28092<\/strong><\/a><br data-start=\"1504\" data-end=\"1507\" \/>- Stabilt brett med god plass og ventilasjon.<\/li>\n<\/ul>\n<p class=\"\" data-start=\"1731\" data-end=\"1881\">\ud83d\udca1 <em data-start=\"1734\" data-end=\"1881\">Med dette settet kan du dyrke flere brett om gangen eller f\u00e5 en st\u00f8rre avling hver gang - ideelt for dem som allerede har pr\u00f8vd mikrogr\u00f8nnsaker og vil ha mer<\/em><\/p>\n<h2 data-start=\"94\" data-end=\"501\"><\/h2>\n<h2 data-start=\"94\" data-end=\"501\"><strong data-start=\"94\" data-end=\"154\">F\u00e5 mest mulig ut av startpakken - sammen med barna<\/strong><\/h2>\n<p class=\"\" data-start=\"94\" data-end=\"501\">Vil du f\u00e5 mest mulig ut av ditt microgreen-sett? V\u00e5re <strong><a href=\"https:\/\/plantelys.dk\/nb\/mikrogroenn-dyrking-veiledning-raad-og-tips\/\">Kultiveringsveiledning,<\/a> <\/strong>guider deg og familien trinn for trinn gjennom hele prosessen - fra de f\u00f8rste fr\u00f8ene til h\u00f8steklare spirer. Det er en fin mulighet til \u00e5 involvere barna, som kan f\u00f8lge med p\u00e5 hvordan de sm\u00e5 plantene vokser dag for dag - en l\u00e6rerik og morsom opplevelse for b\u00e5de store og sm\u00e5.<\/p>\n<p class=\"\" data-start=\"503\" data-end=\"734\">Er du nysgjerrig p\u00e5 forskjellen mellom mikrogr\u00f8nnsaker og spirer? Les mer om dette <strong><a href=\"https:\/\/plantelys.dk\/nb\/alt-om-mikrogroenn-dyrking-hoste-helse-helse\/\">mer om mikrogr\u00f8nnsaker<\/a><\/strong> og f\u00e5 en god oversikt, slik at dere sammen kan finne den l\u00f8sningen som passer best til din hverdag.<\/p>","protected":false},"excerpt":{"rendered":"<p>Settet er bygget for \u00e5 v\u00e6re enkelt og h\u00e5ndterbart hvis du vil pr\u00f8ve deg p\u00e5 mikrogr\u00f8nt, settet er bygget for dem som vil pr\u00f8ve litt mer kraft med mikrogr\u00f8nt, eller kanskje allerede har et mikrogr\u00f8ntoppsett der de bare vil utvide sitt n\u00e5v\u00e6rende mikrogr\u00f8nt, da passer v\u00e5rt mediumsett perfekt.<\/p>","protected":false},"featured_media":47963,"comment_status":"closed","ping_status":"closed","template":"","meta":{"_acf_changed":false},"product_brand":[],"product_cat":[210,246,95],"product_tag":[],"class_list":{"0":"post-47962","1":"product","2":"type-product","3":"status-publish","4":"has-post-thumbnail","6":"product_cat-mikrogroent-startpakker","7":"product_cat-plantelys-tilbud","8":"product_cat-hjemme-dyrkning-af-planter-urter-groentsager-eller","10":"entry","11":"has-media","13":"first","14":"instock","15":"taxable","16":"shipping-taxable","17":"purchasable","18":"product-type-simple","19":"has-product-nav","20":"col","21":"span_1_of_4","22":"owp-content-center","23":"item-entry","24":"owp-thumbs-layout-vertical","25":"owp-btn-normal","26":"owp-tabs-layout-horizontal"},"acf":[],"_links":{"self":[{"href":"https:\/\/plantelys.dk\/nb\/wp-json\/wp\/v2\/product\/47962","targetHints":{"allow":["GET"]}}],"collection":[{"href":"https:\/\/plantelys.dk\/nb\/wp-json\/wp\/v2\/product"}],"about":[{"href":"https:\/\/plantelys.dk\/nb\/wp-json\/wp\/v2\/types\/product"}],"replies":[{"embeddable":true,"href":"https:\/\/plantelys.dk\/nb\/wp-json\/wp\/v2\/comments?post=47962"}],"version-history":[{"count":0,"href":"https:\/\/plantelys.dk\/nb\/wp-json\/wp\/v2\/product\/47962\/revisions"}],"wp:featuredmedia":[{"embeddable":true,"href":"https:\/\/plantelys.dk\/nb\/wp-json\/wp\/v2\/media\/47963"}],"wp:attachment":[{"href":"https:\/\/plantelys.dk\/nb\/wp-json\/wp\/v2\/media?parent=47962"}],"wp:term":[{"taxonomy":"product_brand","embeddable":true,"href":"https:\/\/plantelys.dk\/nb\/wp-json\/wp\/v2\/product_brand?post=47962"},{"taxonomy":"product_cat","embeddable":true,"href":"https:\/\/plantelys.dk\/nb\/wp-json\/wp\/v2\/product_cat?post=47962"},{"taxonomy":"product_tag","embeddable":true,"href":"https:\/\/plantelys.dk\/nb\/wp-json\/wp\/v2\/product_tag?post=47962"}],"curies":[{"name":"wp","href":"https:\/\/api.w.org\/{rel}","templated":true}]}}