{"id":47331,"date":"2025-03-13T11:58:31","date_gmt":"2025-03-13T10:58:31","guid":{"rendered":"https:\/\/plantelys.dk\/?post_type=product&#038;p=47331"},"modified":"2026-02-10T15:46:23","modified_gmt":"2026-02-10T14:46:23","slug":"big-plant-science-complete-goednin-kit-advanced","status":"publish","type":"product","link":"https:\/\/plantelys.dk\/nb\/vare\/big-plant-science-komplet-goedninskit-advanced\/","title":{"rendered":"Big Plant science Komplett gj\u00f8dselsett Advanced"},"content":{"rendered":"<h2 data-start=\"453\" data-end=\"1107\">Big plant science gj\u00f8dselsett Advanced<\/h2>\n<p data-start=\"453\" data-end=\"1107\">Dette er v\u00e5r avanserte pakke som dekker alt fra v\u00e5rt gj\u00f8dselsett fra Big plant science<\/p>\n<p>\ud83c\udf31 <strong data-start=\"456\" data-end=\"468\">STOR VEKST<\/strong> - Gir plantene dine sunn og kraftig vegetativ vekst.<br data-start=\"525\" data-end=\"528\" \/>\ud83c\udf3a <strong data-start=\"531\" data-end=\"544\">BIG BLOOM<\/strong> - Optimaliserer blomstringen med en h\u00f8y konsentrasjon av essensielle n\u00e6ringsstoffer.<br data-start=\"625\" data-end=\"628\" \/>\ud83d\udcaa <strong data-start=\"631\" data-end=\"646\">BIG CALCIUM<\/strong> - Sikrer sterke cellevegger og forbedrer plantens struktur.<br data-start=\"705\" data-end=\"708\" \/>\ud83c\udf3f <strong data-start=\"711\" data-end=\"724\">STORE R\u00d8TTER<\/strong> - Styrker rotsystemet og \u00f8ker n\u00e6ringsopptaket.<br data-start=\"773\" data-end=\"776\" data-is-only-node=\"\" \/>\ud83c\udf38 <strong data-start=\"779\" data-end=\"794\">STORE BLOMSTER<\/strong> - Forbedrer blomsterutviklingen og \u00f8ker avlingene.<br data-start=\"844\" data-end=\"847\" \/>\ud83d\ude80 <strong data-start=\"850\" data-end=\"863\">BIG BOOST<\/strong> - En kraftig vekstbooster som hjelper plantene dine med \u00e5 n\u00e5 nye h\u00f8yder.<br data-start=\"933\" data-end=\"936\" \/>\u2728 <strong data-start=\"938\" data-end=\"954\">STORE DIAMANTER<\/strong> - \u00d8ker krystallproduksjonen og forbedrer plantekvaliteten.<br data-start=\"1020\" data-end=\"1023\" \/>\ud83d\udee1 <strong data-start=\"1026\" data-end=\"1040\">BIG SHIELD<\/strong> - Naturlig beskyttelse som styrker plantens forsvarsmekanismer.<\/p>\n<p data-start=\"1109\" data-end=\"1509\"><strong data-start=\"1109\" data-end=\"1142\">Perfekt med plantelys!<\/strong><br data-start=\"1142\" data-end=\"1145\" \/>Denne pakken er <strong data-start=\"1160\" data-end=\"1203\">Ideell for dem som dyrker med plantelys<\/strong>hvor presis tilf\u00f8rsel av n\u00e6ringsstoffer er avgj\u00f8rende for maksimale resultater. N\u00e5r du kombinerer disse spesialiserte n\u00e6ringsstoffene med en god <strong data-start=\"1347\" data-end=\"1375\">LED plantelys<\/strong>sikrer du optimal fotosyntese, raskere vekst og sterkere blomstring - selv i innemilj\u00f8er med begrenset naturlig lys.<\/p>\n<p data-start=\"1511\" data-end=\"1716\">\u2705 <strong data-start=\"1513\" data-end=\"1551\">Komplett l\u00f8sning fra start til innh\u00f8sting<\/strong><br data-start=\"1551\" data-end=\"1554\" \/>\u2705 <strong data-start=\"1556\" data-end=\"1621\">Fungerer perfekt med jord, hydroponiske systemer og kokos<\/strong><br data-start=\"1621\" data-end=\"1624\" \/>\u2705 <strong data-start=\"1626\" data-end=\"1714\">Utviklet for \u00e5 gi plantene dine alt de trenger for sunn og frodig vekst<\/strong><\/p>\n<p data-start=\"1718\" data-end=\"1907\">Gi plantene dine den <strong data-start=\"1739\" data-end=\"1777\">Den beste starten og et liv i fremgang<\/strong> med v\u00e5r <strong data-start=\"1788\" data-end=\"1821\">Premium vekst- og blomstringspakke<\/strong> - Kombinert med riktig plantelys f\u00e5r du garantert imponerende resultater! \ud83c\udf3f\ud83d\udca1<\/p>\n<p>Du kan finne flere av v\u00e5re gj\u00f8dselprodukter <a href=\"https:\/\/plantelys.dk\/nb\/produktkategori-2\/gjoedsel-og-vekstmedier-for-planter\/\">her<\/a>!<br \/>\nDu har ogs\u00e5 mulighet til \u00e5 lese om hvert enkelt produkt <a href=\"https:\/\/bigplantscience.com\/en\/our-products\/\" target=\"_blank\" rel=\"noopener\">her<\/a><\/p>","protected":false},"excerpt":{"rendered":"<h3 data-start=\"0\" data-end=\"75\"><strong data-start=\"4\" data-end=\"73\">Big plant science Advanced Pack - Komplett 1 liters gj\u00f8dselpakke for vekst og blomstring<\/strong><\/h3>\n<p data-start=\"77\" data-end=\"334\">Oppn\u00e5 <strong data-start=\"82\" data-end=\"114\">Maksimerer vekst og blomstring<\/strong> med v\u00e5r <strong data-start=\"125\" data-end=\"143\">Avansert pakke<\/strong>som inneholder <strong data-start=\"160\" data-end=\"191\">\u00c5tte sv\u00e6rt effektive gj\u00f8dselstoffer<\/strong>, hver i <strong data-start=\"200\" data-end=\"222\">1-liters beholdere<\/strong>. Denne pakken er laget for produsenter som \u00f8nsker <strong data-start=\"269\" data-end=\"331\">Sterkere planter, bedre n\u00e6ringsopptak og h\u00f8yere avlinger<\/strong>.<\/p>\n<p data-start=\"336\" data-end=\"935\">\ud83d\udca7 <strong data-start=\"339\" data-end=\"356\">BIG GROW (1L)<\/strong> - Sikrer sunn og kraftig vegetativ vekst<br data-start=\"397\" data-end=\"400\" \/>\ud83c\udf38 <strong data-start=\"403\" data-end=\"421\">BIG BLOOM (1L)<\/strong> - Optimaliserer blomstringsfasen med viktige n\u00e6ringsstoffer<br data-start=\"481\" data-end=\"484\" data-is-only-node=\"\" \/>\ud83d\udcaa <strong data-start=\"487\" data-end=\"507\">STORT KALSIUM (1L)<\/strong> - Styrker celleveggene og forbedrer plantens struktur<br data-start=\"562\" data-end=\"565\" \/>\ud83c\udf3f <strong data-start=\"568\" data-end=\"586\">BIG ROOTS (1L)<\/strong> - Stimulerer r\u00f8ttene og forbedrer n\u00e6ringsopptaket<br data-start=\"639\" data-end=\"642\" \/>\ud83d\ude80 <strong data-start=\"645\" data-end=\"663\">BIG BOOST (1L)<\/strong> - Gir plantene en ekstra dytt for maksimal vekst<br data-start=\"715\" data-end=\"718\" \/>\u2728 <strong data-start=\"720\" data-end=\"741\">STORE DIAMANTER (1L)<\/strong> - \u00d8ker produksjonen av trichomer og forbedrer kvaliteten<br data-start=\"798\" data-end=\"801\" \/>\ud83c\udf3a <strong data-start=\"804\" data-end=\"824\">STORE BLOMSTER (1L)<\/strong> - Forbedrer blomsterutviklingen og \u00f8ker avlingene<br data-start=\"871\" data-end=\"874\" \/>\ud83d\udee1 <strong data-start=\"877\" data-end=\"896\">STORT SKJOLD (1L)<\/strong> - Styrker plantens naturlige forsvar<\/p>","protected":false},"featured_media":47334,"comment_status":"closed","ping_status":"closed","template":"","meta":{"_acf_changed":false},"product_brand":[],"product_cat":[274,113,234,98,176,95],"product_tag":[],"class_list":{"0":"post-47331","1":"product","2":"type-product","3":"status-publish","4":"has-post-thumbnail","6":"product_cat-big-plant-science","7":"product_cat-goedning-og-gromedier-for-planter","8":"product_cat-goedning-gromedie-froe","9":"product_cat-hydroponisk-dyrkning","10":"product_cat-indendoers-plantevaekst-stueplanter-mf","11":"product_cat-hjemme-dyrkning-af-planter-urter-groentsager-eller","13":"entry","14":"has-media","16":"first","17":"instock","18":"taxable","19":"shipping-taxable","20":"purchasable","21":"product-type-simple","22":"has-product-nav","23":"col","24":"span_1_of_4","25":"owp-content-center","26":"item-entry","27":"owp-thumbs-layout-vertical","28":"owp-btn-normal","29":"owp-tabs-layout-horizontal"},"acf":[],"_links":{"self":[{"href":"https:\/\/plantelys.dk\/nb\/wp-json\/wp\/v2\/product\/47331","targetHints":{"allow":["GET"]}}],"collection":[{"href":"https:\/\/plantelys.dk\/nb\/wp-json\/wp\/v2\/product"}],"about":[{"href":"https:\/\/plantelys.dk\/nb\/wp-json\/wp\/v2\/types\/product"}],"replies":[{"embeddable":true,"href":"https:\/\/plantelys.dk\/nb\/wp-json\/wp\/v2\/comments?post=47331"}],"version-history":[{"count":0,"href":"https:\/\/plantelys.dk\/nb\/wp-json\/wp\/v2\/product\/47331\/revisions"}],"wp:featuredmedia":[{"embeddable":true,"href":"https:\/\/plantelys.dk\/nb\/wp-json\/wp\/v2\/media\/47334"}],"wp:attachment":[{"href":"https:\/\/plantelys.dk\/nb\/wp-json\/wp\/v2\/media?parent=47331"}],"wp:term":[{"taxonomy":"product_brand","embeddable":true,"href":"https:\/\/plantelys.dk\/nb\/wp-json\/wp\/v2\/product_brand?post=47331"},{"taxonomy":"product_cat","embeddable":true,"href":"https:\/\/plantelys.dk\/nb\/wp-json\/wp\/v2\/product_cat?post=47331"},{"taxonomy":"product_tag","embeddable":true,"href":"https:\/\/plantelys.dk\/nb\/wp-json\/wp\/v2\/product_tag?post=47331"}],"curies":[{"name":"wp","href":"https:\/\/api.w.org\/{rel}","templated":true}]}}