{"id":47218,"date":"2025-03-11T12:30:30","date_gmt":"2025-03-11T11:30:30","guid":{"rendered":"https:\/\/plantelys.dk\/?post_type=product&#038;p=47218"},"modified":"2026-05-04T07:11:38","modified_gmt":"2026-05-04T06:11:38","slug":"sollys-grolys-for-skinne-og-takspot-40watt-hvit","status":"publish","type":"product","link":"https:\/\/plantelys.dk\/nb\/vare\/sunlight-grolys-til-skinne-og-loftspot-40watt-hvid\/","title":{"rendered":"Sunlight Grolys for skinnespot og takspot 20Watt Hvit 4K"},"content":{"rendered":"<h2 data-pm-slice=\"1 1 []\">Sunlight Grolys LED &#8211; 20W 4K Hvid<\/h2>\n<p><a href=\"https:\/\/plantelys.dk\/nb\/produkt\/sollys-grolys-for-skinne-og-takspot-40watt-hvit\/\">Sunlight Grolys LED<\/a> tilbyr h\u00f8yytelsesbelysning med en n\u00f8ytral hvit farge (4000K) og en Ra\/CRI p\u00e5 90 for n\u00f8yaktig fargegjengivelse. Denne 3-fasede trackspotten har en lysstr\u00f8m p\u00e5 2000 lumen og en fokusert lysstr\u00e5le p\u00e5 36 grader, noe som gj\u00f8r den ideell for profesjonell belysning av planter og utstillinger. Den fungerer ved 200-240 V AC og har en IP20-klassifisering, noe som betyr at den ikke er vanntett. Med en diameter p\u00e5 90 mm og en lengde p\u00e5 180 mm er den kompakt og passer perfekt inn i moderne interi\u00f8r. Skinnespotten har 2 \u00e5rs livstidsgaranti og tilh\u00f8rer energiklasse D.<\/p>\n<p class=\"\" data-start=\"49\" data-end=\"361\">Oppgrader belysningen din med <a href=\"https:\/\/plantelys.dk\/nb\/produkt\/sollys-grolys-for-skinne-og-takspot-40watt-hvit\/\"><strong data-start=\"76\" data-end=\"118\">Sunlight Grolys 3-faset LED-spotlight for str\u00f8mskinner<\/strong>,<\/a> gir effektiv og presis belysning for butikker, utstillingslokaler og profesjonelle milj\u00f8er. Denne skinnespotten er utstyrt med en <strong data-start=\"257\" data-end=\"281\">Philips COB-lyskilde<\/strong> og en <strong data-start=\"288\" data-end=\"306\">Philips-driver<\/strong>, noe som sikrer b\u00e5de stabilitet og energieffektivitet.<\/p>\n<p class=\"\" data-start=\"363\" data-end=\"730\"><strong data-start=\"363\" data-end=\"382\">Sollys Grolys<\/strong> er spesielt ideell for <strong data-start=\"401\" data-end=\"420\">plantebelysning<\/strong>, og skaber det optimale v\u00e6kstmilj\u00f8 for planter i kommercielle rum som butikker, gallerier og udstillingslokaler. Med <strong data-start=\"541\" data-end=\"575\">neutral hvidt dagslys<\/strong> og en farvegengivelse p\u00e5 over <strong data-start=\"582\" data-end=\"598\">Ra90+<\/strong>, garanterer denne lampe en fremragende farvegengivelse, som er uundv\u00e6rlig i milj\u00f8er, hvor pr\u00e6cist lys er essentielt.<\/p>\n<p class=\"\" data-start=\"732\" data-end=\"1029\">Denne LED-spotlighten kj\u00f8rer p\u00e5 <strong data-start=\"762\" data-end=\"776\">AC200-240V<\/strong> og har en <strong data-start=\"787\" data-end=\"817\">Lysutbytte p\u00e5 36 grader<\/strong>, som gir fokusert belysning - perfekt for belysning av plantevegger, butikkutstillinger eller utstillingsomr\u00e5der. Den kompakte, slanke, hvite konstruksjonen gj\u00f8r den til et naturlig valg for moderne interi\u00f8rdesign.<\/p>\n<p class=\"\" data-start=\"1031\" data-end=\"1285\"><strong data-start=\"1031\" data-end=\"1050\">Sollys Grolys<\/strong> er ikke bare energieffektiv, men ogs\u00e5 en perfekt l\u00f8sning for \u00e5 skape optimal belysning for b\u00e5de planter og produkter. Hvis du \u00f8nsker \u00e5 skape et gr\u00f8nnere og mer innbydende milj\u00f8 med riktig belysning, er denne skinnespotten det ideelle valget.<\/p>\n<p class=\"\" data-start=\"1287\" data-end=\"1426\">Vert <a href=\"https:\/\/plantelys.dk\/nb\/\"><strong data-start=\"1291\" data-end=\"1304\">Plantelys<\/strong><\/a> tilbyr vi et bredt utvalg av <strong><a href=\"https:\/\/plantelys.dk\/nb\/produktkategori-2\/vekstlys\/\">grolys,<\/a> <\/strong>som kan hjelpe deg med \u00e5 optimalisere belysningen.<\/p>\n<h3>Spesifikasjoner:<\/h3>\n<table>\n<tbody>\n<tr>\n<th>Spesifikasjon<\/th>\n<th>Verdi<\/th>\n<\/tr>\n<tr>\n<td>Forbruk (watt)<\/td>\n<td>20W<\/td>\n<\/tr>\n<tr>\n<td>Stikkontakt \/ Stikkontakt<\/td>\n<td>3. etasje<\/td>\n<\/tr>\n<tr>\n<td>Lys farge (Kelvin)<\/td>\n<td>4000K (n\u00f8ytral hvit)<\/td>\n<\/tr>\n<tr>\n<td>Ra\/CRI<\/td>\n<td>90<\/td>\n<\/tr>\n<tr>\n<td>Lysstr\u00f8m (lumen)<\/td>\n<td>2000 lm<\/td>\n<\/tr>\n<tr>\n<td>begeistring<\/td>\n<td>200-240V AC<\/td>\n<\/tr>\n<tr>\n<td>Dimbar<\/td>\n<td>Nei<\/td>\n<\/tr>\n<tr>\n<td>Str\u00e5ling<\/td>\n<td>36 grader<\/td>\n<\/tr>\n<tr>\n<td>Energiklasse<\/td>\n<td>D<\/td>\n<\/tr>\n<tr>\n<td>Diameter<\/td>\n<td>90 mm<\/td>\n<\/tr>\n<tr>\n<td>Lengde<\/td>\n<td>180 mm<\/td>\n<\/tr>\n<tr>\n<td>Tetthet (IP)<\/td>\n<td>20<\/td>\n<\/tr>\n<tr>\n<td>MacAdam (SCDM)<\/td>\n<td>3<\/td>\n<\/tr>\n<tr>\n<td>Livstidsgaranti<\/td>\n<td>2 \u00e5r<\/td>\n<\/tr>\n<\/tbody>\n<\/table>\n<p>&nbsp;<\/p>\n<hr \/>\n<h3 data-start=\"0\" data-end=\"59\"><strong data-start=\"4\" data-end=\"59\">Hva er forskjellen mellom vekstlys, vekstlamper og plantelys?<\/strong><\/h3>\n<p data-start=\"61\" data-end=\"632\" data-is-last-node=\"\" data-is-only-node=\"\"><strong><a href=\"https:\/\/plantelys.dk\/nb\/produktkategori-2\/vekstlys\/\">Vekstlys<\/a><\/strong> er et bredt, uformelt begrep for alt kunstig lys som brukes til \u00e5 dyrke planter innend\u00f8rs \u2013 uavhengig av teknologi, fargespekter eller form\u00e5l. <a href=\"https:\/\/plantelys.dk\/nb\/produktkategori-2\/vokse-lys-paere-lamper\/\"><strong>Grow lights<\/strong><\/a> P\u00e5 den annen side finnes det lys som er utviklet spesielt for \u00e5 st\u00f8tte visse vekstfaser, som spiring, vegetativ vekst eller blomstring, og som derfor ofte har et mer m\u00e5lrettet eller justerbart lysspekter. <strong><a href=\"https:\/\/plantelys.dk\/nb\/\">Plantelys<\/a><\/strong> er den generelle tekniske betegnelsen som dekker alle typer lyskilder som gir planter de b\u00f8lgelengdene (dagslys) som er n\u00f8dvendige for fotosyntese, og brukes b\u00e5de for hobbylamper og avanserte profesjonelle LED-l\u00f8sninger.<\/p>","protected":false},"excerpt":{"rendered":"<p>Sunlight Grolys LED 20W 4000K er en effektiv og p\u00e5litelig 3-faset skinnespot som gir presis og naturlig belysning med en n\u00f8ytral hvitfarge (4000K) og h\u00f8y fargegjengivelse (Ra\/CRI 90). Med en lysstr\u00f8m p\u00e5 2000 lumen og en fokusert str\u00e5levinkel p\u00e5 36 grader er den ideell for belysning av b\u00e5de planter og utstillinger. Perfekt for profesjonelle milj\u00f8er som butikker og gallerier, der b\u00e5de kvalitet og energieffektivitet er viktig.<\/p>","protected":false},"featured_media":47219,"comment_status":"closed","ping_status":"closed","template":"","meta":{"_acf_changed":false},"product_brand":[],"product_cat":[235,372,246],"product_tag":[],"class_list":{"0":"post-47218","1":"product","2":"type-product","3":"status-publish","4":"has-post-thumbnail","6":"product_cat-grolys","7":"product_cat-grolys-spots","8":"product_cat-plantelys-tilbud","10":"entry","11":"has-media","13":"first","14":"instock","15":"taxable","16":"shipping-taxable","17":"purchasable","18":"product-type-simple","19":"has-product-nav","20":"col","21":"span_1_of_4","22":"owp-content-center","23":"item-entry","24":"owp-thumbs-layout-vertical","25":"owp-btn-normal","26":"owp-tabs-layout-horizontal"},"acf":[],"_links":{"self":[{"href":"https:\/\/plantelys.dk\/nb\/wp-json\/wp\/v2\/product\/47218","targetHints":{"allow":["GET"]}}],"collection":[{"href":"https:\/\/plantelys.dk\/nb\/wp-json\/wp\/v2\/product"}],"about":[{"href":"https:\/\/plantelys.dk\/nb\/wp-json\/wp\/v2\/types\/product"}],"replies":[{"embeddable":true,"href":"https:\/\/plantelys.dk\/nb\/wp-json\/wp\/v2\/comments?post=47218"}],"version-history":[{"count":0,"href":"https:\/\/plantelys.dk\/nb\/wp-json\/wp\/v2\/product\/47218\/revisions"}],"wp:featuredmedia":[{"embeddable":true,"href":"https:\/\/plantelys.dk\/nb\/wp-json\/wp\/v2\/media\/47219"}],"wp:attachment":[{"href":"https:\/\/plantelys.dk\/nb\/wp-json\/wp\/v2\/media?parent=47218"}],"wp:term":[{"taxonomy":"product_brand","embeddable":true,"href":"https:\/\/plantelys.dk\/nb\/wp-json\/wp\/v2\/product_brand?post=47218"},{"taxonomy":"product_cat","embeddable":true,"href":"https:\/\/plantelys.dk\/nb\/wp-json\/wp\/v2\/product_cat?post=47218"},{"taxonomy":"product_tag","embeddable":true,"href":"https:\/\/plantelys.dk\/nb\/wp-json\/wp\/v2\/product_tag?post=47218"}],"curies":[{"name":"wp","href":"https:\/\/api.w.org\/{rel}","templated":true}]}}