{"id":46617,"date":"2025-02-18T13:17:49","date_gmt":"2025-02-18T12:17:49","guid":{"rendered":"https:\/\/plantelys.dk\/?post_type=product&#038;p=46617"},"modified":"2026-03-02T22:04:36","modified_gmt":"2026-03-02T21:04:36","slug":"utskyvbar-plate-for-quickpot-qp-96t-saaboxer","status":"publish","type":"product","link":"https:\/\/plantelys.dk\/nb\/vare\/push-out-plade-til-quickpot-qp-96t-saabakker\/","title":{"rendered":"Utskyvbar plate for QuickPot QP 96T fr\u00f8brett"},"content":{"rendered":"<h3 data-start=\"96\" data-end=\"149\"><strong data-start=\"100\" data-end=\"147\">Utskyvbar plate for QuickPot QP 96T fr\u00f8brett<\/strong><\/h3>\n<p data-start=\"151\" data-end=\"366\">Denne utskyvbare platen er designet for \u00e5 passe perfekt med <strong data-start=\"209\" data-end=\"228\">QuickPot QP 96T<\/strong> fr\u00f8brett. Den gj\u00f8r det enkelt og sk\u00e5nsomt \u00e5 ta ut plantene for \u00e5 unng\u00e5 rotskader og oppn\u00e5 mer effektiv ompotting og planting.<\/p>\n<p data-start=\"368\" data-end=\"512\">Platen er laget av slitesterk resirkulert plast, noe som sikrer lang levetid og gj\u00f8r den til et b\u00e6rekraftig valg for planteproduksjonen din.<\/p>\n<p data-start=\"514\" data-end=\"691\">\ud83d\udd39 <strong data-start=\"517\" data-end=\"556\">Passer til QuickPot QP 96T fr\u00f8brett<\/strong><br data-start=\"556\" data-end=\"559\" \/>\ud83d\udd39 <strong data-start=\"562\" data-end=\"624\">Gj\u00f8r det enkelt \u00e5 fjerne planter uten \u00e5 skade r\u00f8ttene<\/strong><br data-start=\"624\" data-end=\"627\" \/>\ud83d\udd39 <strong data-start=\"630\" data-end=\"689\">Laget av robust resirkulert plast for lang holdbarhet<\/strong><\/p>\n<p data-start=\"693\" data-end=\"852\"><strong data-start=\"693\" data-end=\"720\">Dimensjoner p\u00e5 QP 96T s\u00e5brett:<\/strong><br data-start=\"720\" data-end=\"723\" \/>\ud83d\udccf <strong data-start=\"726\" data-end=\"750\">96 kvadratiske celler<\/strong> - hver med en st\u00f8rrelse p\u00e5 ca. 40\u00d740 mm og en dybde p\u00e5 80 mm.<br data-start=\"812\" data-end=\"815\" \/>\ud83d\udccf <strong data-start=\"818\" data-end=\"831\">Ytre m\u00e5l:<\/strong> Ca. 31 cm \u00d7 53 cm.<\/p>\n<p data-start=\"854\" data-end=\"1000\">Ved \u00e5 bruke denne utskyvbare platen sammen med din <strong data-start=\"903\" data-end=\"922\">QuickPot QP 96T<\/strong> fr\u00f8brett sikrer en rask og effektiv prosess fra spiring til planting.<\/p>\n<p>Prisen er for utskyvningsplaten, og \u00f8nsker du spirebrett og underbrett inkludert m\u00e5 de kj\u00f8pes separat.<\/p>\n<p>&nbsp;<\/p>\n<h2>Lys for spiring i fr\u00f8brett<\/h2>\n<p>For optimal utnyttelse av din <a href=\"https:\/\/plantelys.dk\/nb\/produktkategori-2\/spirekasser-spirebrett-for-planter\/\">fr\u00f8brett <\/a>det anbefales \u00e5 bruke en kraftig <a href=\"https:\/\/plantelys.dk\/nb\/produktkategori-2\/vekstlys\/\">Vekstlys<\/a>.<\/p>","protected":false},"excerpt":{"rendered":"<p>Oppdag v\u00e5r fantastiske utskyvbare plate som enkelt og raskt potter om de ferdig spirede plantene dine i Quickpot 96T spirebrett. F\u00e5 sunnere planter og spar tid. Pr\u00f8v den i dag!<\/p>","protected":false},"featured_media":46619,"comment_status":"open","ping_status":"closed","template":"","meta":{"_acf_changed":false},"product_brand":[],"product_cat":[160],"product_tag":[],"class_list":{"0":"post-46617","1":"product","2":"type-product","3":"status-publish","4":"has-post-thumbnail","6":"product_cat-saabakker-spirebakker-for-planter","8":"entry","9":"has-media","11":"first","12":"instock","13":"sale","14":"taxable","15":"shipping-taxable","16":"purchasable","17":"product-type-simple","18":"has-product-nav","19":"col","20":"span_1_of_4","21":"owp-content-center","22":"item-entry","23":"owp-thumbs-layout-vertical","24":"owp-btn-normal","25":"owp-tabs-layout-horizontal"},"acf":[],"_links":{"self":[{"href":"https:\/\/plantelys.dk\/nb\/wp-json\/wp\/v2\/product\/46617","targetHints":{"allow":["GET"]}}],"collection":[{"href":"https:\/\/plantelys.dk\/nb\/wp-json\/wp\/v2\/product"}],"about":[{"href":"https:\/\/plantelys.dk\/nb\/wp-json\/wp\/v2\/types\/product"}],"replies":[{"embeddable":true,"href":"https:\/\/plantelys.dk\/nb\/wp-json\/wp\/v2\/comments?post=46617"}],"version-history":[{"count":0,"href":"https:\/\/plantelys.dk\/nb\/wp-json\/wp\/v2\/product\/46617\/revisions"}],"wp:featuredmedia":[{"embeddable":true,"href":"https:\/\/plantelys.dk\/nb\/wp-json\/wp\/v2\/media\/46619"}],"wp:attachment":[{"href":"https:\/\/plantelys.dk\/nb\/wp-json\/wp\/v2\/media?parent=46617"}],"wp:term":[{"taxonomy":"product_brand","embeddable":true,"href":"https:\/\/plantelys.dk\/nb\/wp-json\/wp\/v2\/product_brand?post=46617"},{"taxonomy":"product_cat","embeddable":true,"href":"https:\/\/plantelys.dk\/nb\/wp-json\/wp\/v2\/product_cat?post=46617"},{"taxonomy":"product_tag","embeddable":true,"href":"https:\/\/plantelys.dk\/nb\/wp-json\/wp\/v2\/product_tag?post=46617"}],"curies":[{"name":"wp","href":"https:\/\/api.w.org\/{rel}","templated":true}]}}