{"id":44933,"date":"2024-12-18T14:42:29","date_gmt":"2024-12-18T13:42:29","guid":{"rendered":"https:\/\/plantelys.dk\/?post_type=product&#038;p=44933"},"modified":"2025-11-19T12:11:31","modified_gmt":"2025-11-19T11:11:31","slug":"pendellampe-med-e27-sokkel-og-ledningskopier","status":"publish","type":"product","link":"https:\/\/plantelys.dk\/nb\/vare\/pendel-m-e27-fatning-og-ledning-kopier\/","title":{"rendered":"Pendel med E27-sokkel og ledning (gr\u00f8nn)"},"content":{"rendered":"<h2 data-start=\"274\" data-end=\"354\"><strong data-start=\"277\" data-end=\"354\">Capelo Pendel med E27-fatning - stilfull designerlampe for plantebelysning<\/strong><\/h2>\n<p data-start=\"356\" data-end=\"799\">Capelo grow light pendel er en elegant og stilfull designerlampe skapt av Flemming Agger, kjent for sine ikoniske danske lampedesign. Den er designet for \u00e5 fungere b\u00e5de som dekorativ belysning og effektiv plantebelysning, og kan henges i vinduet, over plantehyller eller midt i rommet. Den blanke, h\u00f8ypolerte reflektoren s\u00f8rger for optimal utnyttelse av lyset og gir b\u00e5de planter og omgivelser et skarpt og klart lys.<\/p>\n<h2 data-start=\"801\" data-end=\"854\"><strong data-start=\"804\" data-end=\"854\">Ideell for vekstlys, forspiring og overvintring<\/strong><\/h2>\n<p data-start=\"856\" data-end=\"1244\">Capelo-pendelen er ideell for bruk sammen med vekstlys og fungerer utmerket som ekstra lys for inneplanter. Den gir ideelle forhold for spiring om v\u00e5ren, overvintring av sarte planter om vinteren og generell vekstbelysning hele \u00e5ret. Med E27-sokkel passer lampen til alle vanlige LED- og vekstlysp\u00e6rer, noe som gj\u00f8r den fleksibel og enkel \u00e5 tilpasse til plantens behov.<\/p>\n<h2 data-start=\"1246\" data-end=\"1286\"><strong data-start=\"1249\" data-end=\"1286\">B\u00e6rekraftig design i resirkulert jern<\/strong><\/h2>\n<p data-start=\"1288\" data-end=\"1545\">Lampen er laget av milj\u00f8vennlig resirkulert jern som gir et robust, lett og tidl\u00f8st uttrykk. Capelo kombinerer vakkert h\u00e5ndverk med b\u00e6rekraftige materialer, og den 3 meter lange, hvite stoffledningen gir stor fleksibilitet n\u00e5r lampen skal plasseres i hjemmet.<\/p>\n<h2 data-start=\"1547\" data-end=\"1576\"><strong data-start=\"1550\" data-end=\"1576\">P\u00e6ren kj\u00f8pes separat<\/strong><\/h2>\n<p data-start=\"1578\" data-end=\"1793\">Groly-p\u00e6re ikke inkludert, men alle v\u00e5re <strong data-start=\"1620\" data-end=\"1653\">E27 vokse lys og vokse lysp\u00e6rer<\/strong> passer perfekt til denne pendellampen. Du kan fritt velge det spekteret og den lysstyrken som passer best til plantene dine.<\/p>\n<p>Lampen egner seg til forspiring, overvintring og som generell vekstbelysning for inneplanter med en <a href=\"https:\/\/plantelys.dk\/nb\/produktkategori-2\/vekstlys\/\"><strong>grolys p\u00e6rer<\/strong><\/a>.<\/p>\n<p>&nbsp;<\/p>\n<p><strong>Pakken inneholder:\u00a0<\/strong><\/p>\n<ul>\n<li>Capelo milj\u00f8vennlig jernskjerm med ledning og E27-stikkontakt<\/li>\n<\/ul>\n<hr \/>\n<h2 data-start=\"2277\" data-end=\"2336\"><strong data-start=\"2280\" data-end=\"2336\">Hva er forskjellen mellom vekstlys, vekstlamper og plantelys?<\/strong><\/h2>\n<p data-start=\"2338\" data-end=\"2902\"><strong><a href=\"https:\/\/plantelys.dk\/nb\/produktkategori-2\/vekstlys\/\">Vekstlys<\/a><\/strong> er et bredt, uformelt begrep for alt kunstig lys som brukes til \u00e5 dyrke planter innend\u00f8rs \u2013 uavhengig av teknologi, fargespekter eller form\u00e5l.<br data-start=\"2495\" data-end=\"2498\" \/><a href=\"https:\/\/plantelys.dk\/nb\/produktkategori-2\/vokse-lys-paere-lamper\/\"><strong>Grow lights<\/strong><\/a> er lys som er spesielt utviklet for \u00e5 st\u00f8tte bestemte vekstfaser, for eksempel spiring, vegetativ vekst eller blomstring, og som derfor ofte har et mer m\u00e5lrettet eller justerbart lysspekter.<br data-start=\"2697\" data-end=\"2700\" \/><strong><a href=\"https:\/\/plantelys.dk\/nb\/\">Plantelys<\/a><\/strong> er den generelle tekniske betegnelsen p\u00e5 lyskilder som forsyner plantene med de n\u00f8dvendige b\u00f8lgelengdene (dagslys) for fotosyntesen, og brukes i b\u00e5de hobbybelysning og profesjonelle LED-l\u00f8sninger.<\/p>","protected":false},"excerpt":{"rendered":"<p>Capelo grow light pendel er en fin og stilig designerlampe fra Flermming Agger, som her kan brukes til \u00e5 belyse flere eller st\u00f8rre planter, og som kan henges b\u00e5de i et vindu og inne i et rom eller stue.<\/p>","protected":false},"featured_media":11265,"comment_status":"open","ping_status":"closed","template":"","meta":{"_acf_changed":false},"product_brand":[],"product_cat":[92,235,370],"product_tag":[],"class_list":{"0":"post-44933","1":"product","2":"type-product","3":"status-publish","4":"has-post-thumbnail","6":"product_cat-vaekstlys-paerer-lamper","7":"product_cat-grolys","8":"product_cat-grolys-paere","10":"entry","11":"has-media","13":"first","14":"instock","15":"taxable","16":"shipping-taxable","17":"purchasable","18":"product-type-simple","19":"has-product-nav","20":"col","21":"span_1_of_4","22":"owp-content-center","23":"item-entry","24":"owp-thumbs-layout-vertical","25":"owp-btn-normal","26":"owp-tabs-layout-horizontal"},"acf":[],"_links":{"self":[{"href":"https:\/\/plantelys.dk\/nb\/wp-json\/wp\/v2\/product\/44933","targetHints":{"allow":["GET"]}}],"collection":[{"href":"https:\/\/plantelys.dk\/nb\/wp-json\/wp\/v2\/product"}],"about":[{"href":"https:\/\/plantelys.dk\/nb\/wp-json\/wp\/v2\/types\/product"}],"replies":[{"embeddable":true,"href":"https:\/\/plantelys.dk\/nb\/wp-json\/wp\/v2\/comments?post=44933"}],"version-history":[{"count":0,"href":"https:\/\/plantelys.dk\/nb\/wp-json\/wp\/v2\/product\/44933\/revisions"}],"wp:featuredmedia":[{"embeddable":true,"href":"https:\/\/plantelys.dk\/nb\/wp-json\/wp\/v2\/media\/11265"}],"wp:attachment":[{"href":"https:\/\/plantelys.dk\/nb\/wp-json\/wp\/v2\/media?parent=44933"}],"wp:term":[{"taxonomy":"product_brand","embeddable":true,"href":"https:\/\/plantelys.dk\/nb\/wp-json\/wp\/v2\/product_brand?post=44933"},{"taxonomy":"product_cat","embeddable":true,"href":"https:\/\/plantelys.dk\/nb\/wp-json\/wp\/v2\/product_cat?post=44933"},{"taxonomy":"product_tag","embeddable":true,"href":"https:\/\/plantelys.dk\/nb\/wp-json\/wp\/v2\/product_tag?post=44933"}],"curies":[{"name":"wp","href":"https:\/\/api.w.org\/{rel}","templated":true}]}}