{"id":44592,"date":"2024-12-14T19:03:26","date_gmt":"2024-12-14T18:03:26","guid":{"rendered":"https:\/\/plantelys.dk\/?post_type=product&#038;p=44592"},"modified":"2026-05-01T10:41:27","modified_gmt":"2026-05-01T09:41:27","slug":"big-shield-dansk-plantebeskyttelse-godning","status":"publish","type":"product","link":"https:\/\/plantelys.dk\/nb\/vare\/big-shield-dansk-plantebeskyttelse-goedning\/","title":{"rendered":"BIG SHIELD - Plantebeskyttelse fra r\u00f8ttene"},"content":{"rendered":"<h2 data-pm-slice=\"1 1 []\"><strong>BIG SHIELD: PREMIUM PLANTEVERN 1L<\/strong><\/h2>\n<p><em>NYTT produkt fra Big Plant Science - beskytter mot skadedyr<\/em><\/p>\n<p data-pm-slice=\"1 1 []\"><strong>Naturlig beskyttelse, uanstrengt<\/strong><\/p>\n<p data-pm-slice=\"1 1 []\">Gi plantene dine mer kraft med BIG SHIELD fra <a href=\"https:\/\/plantelys.dk\/nb\/produktkategori-2\/gjoedsel-og-vekstmedier-for-planter\/\"><strong>BIG Plant Science<\/strong><\/a>\u00a0(<strong>BioPower)<\/strong>, Det ultimate valget for naturlig plantebeskyttelse. BIG SHIELD fremmer plantehelsen ved \u00e5 skape en naturlig forsvarsmekanisme som styrker plantene fra r\u00f8tter til blader. Denne unike formuleringen kombinerer kraftige barkekstrakter med silika for \u00e5 sikre sterkere cellevegger og forbedret struktur i hele planten.<\/p>\n<p data-pm-slice=\"1 1 []\">Ved \u00e5 beskytte plantene dine mot skadedyr og sykdommer bidrar BIG SHIELD til \u00e5 redusere stress, noe som resulterer i raskere vekst og h\u00f8yere avlinger. BIG SHIELD er allsidig og kan brukes i en rekke ulike dyrkingssystemer, noe som gir en varig l\u00f8sning for b\u00e5de amat\u00f8rer og profesjonelle dyrkere.<\/p>\n<h2>Fordeler med BIG SHIELD<\/h2>\n<ul>\n<li><strong>Naturlig beskyttelse:<\/strong> Styrker plantenes forsvarsmekanismer<\/li>\n<li><strong>Kraftige ingredienser:<\/strong> Barkekstrakter og silika<\/li>\n<li><strong>Fleksibel bruk:<\/strong><\/li>\n<li><strong>Egnet for alle medier:<\/strong> Coco (<a href=\"https:\/\/plantelys.dk\/nb\/produkt\/plagron-cocos-brix-9l-cocos-fiber-2\/\"><strong>kokosmel<\/strong><\/a>), Jorden, <a href=\"https:\/\/plantelys.dk\/nb\/produktkategori-2\/hydroponisk-dyrking\/\"><strong>hydroponics<\/strong><\/a> og Rockwool<\/li>\n<li><strong>Reduserer stress:<\/strong> \u00d8ker motstandsdyktigheten mot skadedyr, sykdommer og milj\u00f8stress<\/li>\n<\/ul>\n<h3>Slik bruker du BIG SHIELD:<\/h3>\n<ol start=\"1\" data-spread=\"false\">\n<li><strong>Klargj\u00f8r l\u00f8sningen:<\/strong> Rist flasken grundig f\u00f8r bruk. Fortynn BIG SHIELD i vann i henhold til anbefalt dosering i gj\u00f8dseltabellen.<\/li>\n<li><strong>Bruk l\u00f8sningen:<\/strong> Bruk BIG SHIELD som en del av vanningsrutinen eller som bladspray. For bladforst\u00f8vning anbefales 10 ml per 1 liter vann.<\/li>\n<li><strong>Vanlig bruk:<\/strong> Bruk BIG SHIELD gjennom hele vekst- og blomstringsperioden for best resultat.<\/li>\n<\/ol>\n<h3>Tilgjengelige st\u00f8rrelser:<\/h3>\n<p>BIG SHIELD er tilgjengelig i tre praktiske st\u00f8rrelser for \u00e5 dekke alle behov: <strong>1L, 5L og 25L<\/strong>.<\/p>\n<h3>Premiumserie for avansert plantepleie:<\/h3>\n<p>BIG SHIELD er en del av Big Plant Sciences premiumserie av tilsetningsstoffer som er utviklet for \u00e5 beskytte plantene dine mot milj\u00f8stress, skadedyr og sykdommer. Det styrker plantestrukturen, fremmer plantenes motstandskraft og sikrer sunne, livskraftige avlinger.<\/p>\n<p>Sammen med <a href=\"https:\/\/plantelys.dk\/nb\/produkt\/store-diamanter-dansk-trikomb-gjoedsel\/\"><strong>STORE DIAMANTER<\/strong><\/a> og <a href=\"https:\/\/plantelys.dk\/nb\/produkt\/big-boost-vekstfremmende-gjoedsel\/\"><strong>BIG BOOST<\/strong><\/a>\u00a0BIG SHIELD representerer det ypperste innen avansert plantepleie. Disse produktene gir uovertruffen beskyttelse, eksplosiv vekst og f\u00f8rsteklasses avlinger for dyrkere som krever det beste.<\/p>\n<h3>Kombiner med v\u00e5rt komplette gj\u00f8dselsystem:<\/h3>\n<p><a href=\"https:\/\/plantelys.dk\/nb\/produkt\/big-shield-dansk-plantebeskyttelse-godning\/\"><strong>BIG SHIELD<\/strong><\/a> brukes sammen med Big Plant Science basisn\u00e6ringsstoffer: <a href=\"https:\/\/plantelys.dk\/nb\/produkt\/big-grow-ph-noeytral-gjoedsel\/\"><strong>STOR VEKST<\/strong><\/a>, <a href=\"https:\/\/plantelys.dk\/nb\/produkt\/big-bloom-gjoedsel-for-blomsterfasen\/\"><strong>BIG BLOOM<\/strong><\/a> og <a href=\"https:\/\/plantelys.dk\/nb\/produkt\/mye-kalsium-for-sterkere-planter\/\"><strong>BIG CALCIUM<\/strong><\/a>, som gir plantene alle de n\u00f8dvendige n\u00e6ringsstoffene for sunn og robust vekst. Suppler med <a href=\"https:\/\/plantelys.dk\/nb\/produkt\/big-roots-rothemmer-med-svaert-effektive-bakterier\/\"><strong>STORE R\u00d8TTER<\/strong><\/a>\u00a0og <a href=\"https:\/\/plantelys.dk\/nb\/produkt\/big-flower-pk-booster-m-karbohydrater-blomster\/\"><strong>STORE BLOMSTER<\/strong><\/a>\u00a0for optimal rotdannelse og blomstringspotensial.<\/p>\n<p>&nbsp;<\/p>\n<h3>Innhold og dosering:<\/h3>\n<p><strong>Innhold:<\/strong><\/p>\n<ul data-spread=\"false\">\n<li>Kalium (K): 0,2%<\/li>\n<li>Silisiumdioksyd (Si): 0,5%<\/li>\n<li>Organisk chelateringsmiddel: 0,2%<\/li>\n<li>\u00d8kologisk planteekstrakt: 0,1%<\/li>\n<\/ul>\n<p><strong>Dosering:<\/strong><\/p>\n<ul data-spread=\"false\">\n<li>1-2 uker (f\u00f8rste sett med blader): 1 ml per liter vann<\/li>\n<li>3-4 uker (bladfestet): 1 ml per liter vann<\/li>\n<li>4+ uker (full vekst): 1 ml per liter vann<\/li>\n<li>5-6 uker (blomstring): 2 ml per liter vann<\/li>\n<li>7-8 uker (modning): 2 ml per liter vann<\/li>\n<li>8+ uker (flush): 0 mL per liter vann<\/li>\n<\/ul>\n<p>Anbefales for st\u00f8rre beholdere:<\/p>\n<ul data-spread=\"false\">\n<li>10 liter vann: F\u00f8lg samme dosering og multipliser med 10.<\/li>\n<\/ul>\n<p>Oppbevares m\u00f8rkt og frostfritt. Rist f\u00f8r bruk.<\/p>\n<p><strong>BIG SHIELD - Helse og styrke for plantene dine!<\/strong><\/p>","protected":false},"excerpt":{"rendered":"<p><strong>BIG SHIELD<\/strong> - Flytende plantebeskyttelse for alle planter - 1L<\/p>","protected":false},"featured_media":44826,"comment_status":"closed","ping_status":"closed","template":"","meta":{"_acf_changed":false},"product_brand":[],"product_cat":[274,113,98],"product_tag":[],"class_list":{"0":"post-44592","1":"product","2":"type-product","3":"status-publish","4":"has-post-thumbnail","6":"product_cat-big-plant-science","7":"product_cat-goedning-og-gromedier-for-planter","8":"product_cat-hydroponisk-dyrkning","10":"entry","11":"has-media","13":"first","14":"instock","15":"taxable","16":"shipping-taxable","17":"purchasable","18":"product-type-variable","19":"has-default-attributes","20":"has-product-nav","21":"col","22":"span_1_of_4","23":"owp-content-center","24":"item-entry","25":"owp-thumbs-layout-vertical","26":"owp-btn-normal","27":"owp-tabs-layout-horizontal"},"acf":[],"_links":{"self":[{"href":"https:\/\/plantelys.dk\/nb\/wp-json\/wp\/v2\/product\/44592","targetHints":{"allow":["GET"]}}],"collection":[{"href":"https:\/\/plantelys.dk\/nb\/wp-json\/wp\/v2\/product"}],"about":[{"href":"https:\/\/plantelys.dk\/nb\/wp-json\/wp\/v2\/types\/product"}],"replies":[{"embeddable":true,"href":"https:\/\/plantelys.dk\/nb\/wp-json\/wp\/v2\/comments?post=44592"}],"version-history":[{"count":0,"href":"https:\/\/plantelys.dk\/nb\/wp-json\/wp\/v2\/product\/44592\/revisions"}],"wp:featuredmedia":[{"embeddable":true,"href":"https:\/\/plantelys.dk\/nb\/wp-json\/wp\/v2\/media\/44826"}],"wp:attachment":[{"href":"https:\/\/plantelys.dk\/nb\/wp-json\/wp\/v2\/media?parent=44592"}],"wp:term":[{"taxonomy":"product_brand","embeddable":true,"href":"https:\/\/plantelys.dk\/nb\/wp-json\/wp\/v2\/product_brand?post=44592"},{"taxonomy":"product_cat","embeddable":true,"href":"https:\/\/plantelys.dk\/nb\/wp-json\/wp\/v2\/product_cat?post=44592"},{"taxonomy":"product_tag","embeddable":true,"href":"https:\/\/plantelys.dk\/nb\/wp-json\/wp\/v2\/product_tag?post=44592"}],"curies":[{"name":"wp","href":"https:\/\/api.w.org\/{rel}","templated":true}]}}