{"id":4455,"date":"2021-11-24T09:05:36","date_gmt":"2021-11-24T09:05:36","guid":{"rendered":"https:\/\/plantelys.dk\/?post_type=product&#038;p=4455"},"modified":"2026-04-28T11:03:14","modified_gmt":"2026-04-28T10:03:14","slug":"groenne-led-e27-paerer-tilbehoer-for-rosa-vekstlys","status":"publish","type":"product","link":"https:\/\/plantelys.dk\/nb\/vare\/groen-led-e27-paere-tilbehoer-for-pink-vaekstlys\/","title":{"rendered":"Gr\u00f8nn LED E27-p\u00e6re - tilbeh\u00f8r til rosa vekstlampe"},"content":{"rendered":"<h2>Gr\u00f8nn LED-p\u00e6re<\/h2>\n<p>Egnet til \u00e5 ta vare p\u00e5 planter i hvileperioden og om natten n\u00e5r de kan v\u00e6re sv\u00e6rt f\u00f8lsomme for sterkt lys.<\/p>\n<p>&nbsp;<\/p>\n<h3>Produkt detaljer<\/h3>\n<h3><span style=\"font-size: 16px;\">Str\u00f8m og spenning<\/span><\/h3>\n<div>\n<table>\n<tbody>\n<tr>\n<td>Begeistring:<\/td>\n<td>230<\/td>\n<\/tr>\n<tr>\n<td>Forbruk (watt):<\/td>\n<td>2<\/td>\n<\/tr>\n<tr>\n<td>Erstatter (watt):<\/td>\n<td>21<\/td>\n<\/tr>\n<tr>\n<td>Lys farge:<\/td>\n<td>Gr\u00f8nn<\/td>\n<\/tr>\n<tr>\n<td>Spredningsvinkel:<\/td>\n<td>360\u00b0<\/td>\n<\/tr>\n<tr>\n<td>Forventet levetid (timer):<\/td>\n<td>10.000<\/td>\n<\/tr>\n<tr>\n<td><\/td>\n<td><\/td>\n<\/tr>\n<tr>\n<td><\/td>\n<td><\/td>\n<\/tr>\n<\/tbody>\n<\/table>\n<h3>Annen info<\/h3>\n<table>\n<tbody>\n<tr>\n<td>Diameter:<\/td>\n<td>60 mm<\/td>\n<\/tr>\n<tr>\n<td>Lengde h\u00f8yde:<\/td>\n<td>105 mm<\/td>\n<\/tr>\n<tr>\n<td>Livstidsgaranti:<\/td>\n<td>2 \u00e5r<\/td>\n<\/tr>\n<tr>\n<td>IP:<\/td>\n<td>21<\/td>\n<\/tr>\n<\/tbody>\n<\/table>\n<\/div>\n<p>&nbsp;<\/p>\n<p>&nbsp;<\/p>\n<h3 data-start=\"0\" data-end=\"59\"><strong data-start=\"4\" data-end=\"59\">Hva er forskjellen mellom vekstlys, vekstlamper og plantelys?<\/strong><\/h3>\n<p data-start=\"61\" data-end=\"632\" data-is-last-node=\"\" data-is-only-node=\"\"><strong><a href=\"https:\/\/plantelys.dk\/nb\/produktkategori-2\/vekstlys\/\">Vekstlys<\/a><\/strong> er et bredt, uformelt begrep for alt kunstig lys som brukes til \u00e5 dyrke planter innend\u00f8rs \u2013 uavhengig av teknologi, fargespekter eller form\u00e5l. <a href=\"https:\/\/plantelys.dk\/nb\/produktkategori-2\/vokse-lys-paere-lamper\/\"><strong>Grow lights<\/strong><\/a> P\u00e5 den annen side finnes det lys som er utviklet spesielt for \u00e5 st\u00f8tte visse vekstfaser, som spiring, vegetativ vekst eller blomstring, og som derfor ofte har et mer m\u00e5lrettet eller justerbart lysspekter. <strong><a href=\"https:\/\/plantelys.dk\/nb\/\">Plantelys<\/a><\/strong> er den generelle tekniske betegnelsen som dekker alle typer lyskilder som gir planter de b\u00f8lgelengdene (dagslys) som er n\u00f8dvendige for fotosyntese, og brukes b\u00e5de for hobbylamper og avanserte profesjonelle LED-l\u00f8sninger.<\/p>","protected":false},"excerpt":{"rendered":"<p>Med en gr\u00f8nn LED-p\u00e6re f\u00e5r du et lys som gj\u00f8r det enkelt \u00e5 overv\u00e5ke plantene dine n\u00e5r du bruker rosa lys vokselamper<\/p>","protected":false},"featured_media":4459,"comment_status":"open","ping_status":"closed","template":"","meta":{"_acf_changed":false},"product_brand":[],"product_cat":[235,370,246,92],"product_tag":[],"class_list":{"0":"post-4455","1":"product","2":"type-product","3":"status-publish","4":"has-post-thumbnail","6":"product_cat-grolys","7":"product_cat-grolys-paere","8":"product_cat-plantelys-tilbud","9":"product_cat-vaekstlys-paerer-lamper","11":"entry","12":"has-media","14":"first","15":"instock","16":"sale","17":"taxable","18":"shipping-taxable","19":"purchasable","20":"product-type-simple","21":"has-product-nav","22":"col","23":"span_1_of_4","24":"owp-content-center","25":"item-entry","26":"owp-thumbs-layout-vertical","27":"owp-btn-normal","28":"owp-tabs-layout-horizontal"},"acf":[],"_links":{"self":[{"href":"https:\/\/plantelys.dk\/nb\/wp-json\/wp\/v2\/product\/4455","targetHints":{"allow":["GET"]}}],"collection":[{"href":"https:\/\/plantelys.dk\/nb\/wp-json\/wp\/v2\/product"}],"about":[{"href":"https:\/\/plantelys.dk\/nb\/wp-json\/wp\/v2\/types\/product"}],"replies":[{"embeddable":true,"href":"https:\/\/plantelys.dk\/nb\/wp-json\/wp\/v2\/comments?post=4455"}],"version-history":[{"count":0,"href":"https:\/\/plantelys.dk\/nb\/wp-json\/wp\/v2\/product\/4455\/revisions"}],"wp:featuredmedia":[{"embeddable":true,"href":"https:\/\/plantelys.dk\/nb\/wp-json\/wp\/v2\/media\/4459"}],"wp:attachment":[{"href":"https:\/\/plantelys.dk\/nb\/wp-json\/wp\/v2\/media?parent=4455"}],"wp:term":[{"taxonomy":"product_brand","embeddable":true,"href":"https:\/\/plantelys.dk\/nb\/wp-json\/wp\/v2\/product_brand?post=4455"},{"taxonomy":"product_cat","embeddable":true,"href":"https:\/\/plantelys.dk\/nb\/wp-json\/wp\/v2\/product_cat?post=4455"},{"taxonomy":"product_tag","embeddable":true,"href":"https:\/\/plantelys.dk\/nb\/wp-json\/wp\/v2\/product_tag?post=4455"}],"curies":[{"name":"wp","href":"https:\/\/api.w.org\/{rel}","templated":true}]}}