{"id":44538,"date":"2024-12-14T12:57:41","date_gmt":"2024-12-14T11:57:41","guid":{"rendered":"https:\/\/plantelys.dk\/?post_type=product&#038;p=44538"},"modified":"2026-05-01T09:34:34","modified_gmt":"2026-05-01T08:34:34","slug":"big-grow-ph-noeytral-gjoedsel","status":"publish","type":"product","link":"https:\/\/plantelys.dk\/nb\/vare\/big-grow-ph-neutral-goedning\/","title":{"rendered":"BIG GROW - Dansk nitrogengj\u00f8dsel pH-n\u00f8ytral og syrefri"},"content":{"rendered":"<h2 data-pm-slice=\"1 1 []\">BIG GROW: Den ultimate vekstl\u00f8sningen 1L<\/h2>\n<p><em>NY og forbedret utgave fra Big Plant Science - Erstatter<strong> STOR A<\/strong><\/em><\/p>\n<p data-pm-slice=\"1 1 []\"><strong>Laget av de fineste ingredienser<\/strong><\/p>\n<p>Gi plantene dine den beste nitrogengj\u00f8dslingen med BIG GROW, utviklet av <a href=\"https:\/\/plantelys.dk\/nb\/produktkategori-2\/gjoedsel-og-vekstmedier-for-planter\/\"><strong>BIG Plant Science<\/strong><\/a>\u00a0(<strong>BioPower)<\/strong> - en ledende dansk akt\u00f8r innen avanserte gj\u00f8dsell\u00f8sninger. BIG GROW er n\u00f8ye utviklet for \u00e5 gi maksimal vekstkraft uten problemer med pH-justering, noe som gj\u00f8r den ideell for b\u00e5de nybegynnere og erfarne dyrkere. Med denne avanserte formuleringen f\u00e5r du den perfekte blandingen av viktige n\u00e6ringsstoffer som stimulerer til frodig vekst, robust rotutvikling og sunn plantevekst hele veien. Ved \u00e5 velge BIG GROW investerer du i en l\u00f8sning som forenkler prosessen og forbedrer resultatene dine.<\/p>\n<h3>Fordelene med BIG GROW:<\/h3>\n<ul>\n<li><strong>Bli kvitt pH-hodepinen:<\/strong> Bare bland og dyrk<\/li>\n<li><strong>Optimalisert vekstformulering:<\/strong> F\u00e5 mer ut av hver enkelt <a href=\"https:\/\/plantelys.dk\/nb\/produkt\/store-diamanter-dansk-trikomb-gjoedsel\/\">dyrkingsprosessen<\/a><\/li>\n<li><strong>Egnet for alle medier:<\/strong> Coco (<a href=\"https:\/\/plantelys.dk\/nb\/produkt\/plagron-cocos-brix-9l-cocos-fiber-2\/\"><strong>kokosmel<\/strong><\/a>), Jorden, <a href=\"https:\/\/plantelys.dk\/nb\/produktkategori-2\/hydroponisk-dyrking\/\"><strong>hydroponics<\/strong><\/a> og Rockwool<\/li>\n<\/ul>\n<h3>Hvordan bruke BIG GROW:<\/h3>\n<ol start=\"1\">\n<li><strong>Klargj\u00f8r l\u00f8sningen:<\/strong> Rist flasken grundig f\u00f8r bruk. Fortynn BIG GROW i vann i henhold til de anbefalte doseringene i gj\u00f8dseltabellen.<\/li>\n<li><strong>Vann plantene:<\/strong> Bruk en vannkanne eller et m\u00e5lebeger til \u00e5 p\u00e5f\u00f8re l\u00f8sningen. Vann n\u00e5r overflaten er t\u00f8rr og potten f\u00f8les lett.<\/li>\n<li><strong>Kombiner med <a href=\"https:\/\/plantelys.dk\/nb\/produkt\/mye-kalsium-for-sterkere-planter\/\">BIG CALCIUM<\/a>:<\/strong> For \u00e5 oppn\u00e5 optimale resultater b\u00f8r du kombinere BIG GROW med BIG CALCIUM for \u00e5 sikre en komplett n\u00e6ringsprofil for plantene dine.<\/li>\n<li><strong>Vanlig bruk:<\/strong> P\u00e5f\u00f8r BIG GROW gjennom hele vekstfasen for \u00e5 st\u00f8tte kraftig vekst. En gang i uken kan du gi rent vann.<\/li>\n<\/ol>\n<h3>Tilgjengelige st\u00f8rrelser:<\/h3>\n<p>BIG GROW er tilgjengelig i tre praktiske st\u00f8rrelser som passer til alle behov: <strong>1L, 5L og 25L<\/strong>.<\/p>\n<h3>Bygg din egen gj\u00f8dselpakke:<\/h3>\n<p><em><a href=\"https:\/\/plantelys.dk\/nb\/produkt\/big-grow-ph-noeytral-gjoedsel\/\">STOR VEKST<\/a>, <a href=\"https:\/\/plantelys.dk\/nb\/produkt\/big-bloom-gjoedsel-for-blomsterfasen\/\">BIG BLOOM<\/a> og <a href=\"https:\/\/plantelys.dk\/nb\/produkt\/mye-kalsium-for-sterkere-planter\/\">BIG CALCIUM<\/a><\/em> positurer <strong>basisgj\u00f8dsel<\/strong>, som dekker plantenes grunnleggende behov. Legg til <a href=\"https:\/\/plantelys.dk\/nb\/produkt\/big-roots-rothemmer-med-svaert-effektive-bakterier\/\"><strong>STORE R\u00d8TTER<\/strong><\/a> og <a href=\"https:\/\/plantelys.dk\/nb\/produkt\/big-flower-pk-booster-m-karbohydrater-blomster\/\"><strong>STORE BLOMSTER<\/strong><\/a> for et komplett basissortiment. For dyrkere som \u00f8nsker \u00e5 ta dyrkingen til neste niv\u00e5, tilbyr vi premiumprodukter som <a href=\"https:\/\/plantelys.dk\/nb\/produkt\/store-diamanter-dansk-trikomb-gjoedsel\/\"><strong>STORE DIAMANTER<\/strong><\/a>, <a href=\"https:\/\/plantelys.dk\/nb\/produkt\/big-boost-vekstfremmende-gjoedsel\/\"><strong>BIG BOOST<\/strong><\/a> og <a href=\"https:\/\/plantelys.dk\/nb\/produkt\/big-shield-dansk-plantebeskyttelse-godning\/\"><strong>BIG SHIELD<\/strong><\/a>. Disse sikrer uovertruffen beskyttelse, raskere vekst og h\u00f8yere avlinger.<\/p>\n<h3><\/h3>\n<h3><strong>Innhold:<\/strong><\/h3>\n<ul>\n<li><strong>Totalt nitrogen (N):<\/strong> 3.6%\n<ul data-spread=\"false\">\n<li>Nitrat (NO3): 2,2%<\/li>\n<li>Ammonium (NH4): 1,4%<\/li>\n<\/ul>\n<\/li>\n<\/ul>\n<ul>\n<li><strong>Fosfor (P):<\/strong> 0,4%<\/li>\n<li><strong>Kalium (K):<\/strong> 0,3%<\/li>\n<li><strong>Magnesium (Mg):<\/strong> 0,6%<\/li>\n<li><strong>Vannl\u00f8selig svovel (S):<\/strong> 0,8%<\/li>\n<li><strong>Mikron\u00e6ringsstoffer:<\/strong>\n<ul>\n<li>Jern (Fe) DTPA: 0,036%<\/li>\n<li>Mangan (Mn) EDTA: 0,012%<\/li>\n<li>Bor (B): 0,0007%<\/li>\n<li>Sink (Zn) EDTA: 0,006%<\/li>\n<li>Kobber (Cu) EDTA: 0,003%<\/li>\n<li>Molybden (Mo): 0,0012%<\/li>\n<\/ul>\n<\/li>\n<\/ul>\n<p><strong>Dosering:<\/strong><\/p>\n<ul>\n<li>1-2 uker (f\u00f8rste sett med blader): 1-2 ml per liter vann<\/li>\n<li>3-4 uker (bladfesting): 2-3 mL per liter vann<\/li>\n<li>4+ uker (full vekst): 3-4 ml per liter vann<\/li>\n<li>5+ uker (full vekst\/morplanter): 4-5 ml per liter vann<\/li>\n<\/ul>\n<p>Anbefales for st\u00f8rre beholdere:<\/p>\n<ul data-spread=\"false\">\n<li>10 liter vann: Doser mellom 10-50 ml avhengig av vekststadium.<\/li>\n<\/ul>\n<p><strong>BIG GROW - Kraftig vekst uten pH-problemer!<\/strong><\/p>\n<p>Egnet for Smart Garden og innend\u00f8rs gr\u00f8nnsakshager.<\/p>","protected":false},"excerpt":{"rendered":"<p><strong>STOR VEKST<\/strong> - Flytende plantegj\u00f8dsel for hydroponisk vekst - egnet for innend\u00f8rs gr\u00f8nnsakshager fra SunFlux etc. Anbefales \u00e5 bruke sammen med BIG calcium - 1L beholder<\/p>\n<p>&nbsp;<\/p>","protected":false},"featured_media":44820,"comment_status":"closed","ping_status":"closed","template":"","meta":{"_acf_changed":false},"product_brand":[],"product_cat":[274,113,98],"product_tag":[],"class_list":{"0":"post-44538","1":"product","2":"type-product","3":"status-publish","4":"has-post-thumbnail","6":"product_cat-big-plant-science","7":"product_cat-goedning-og-gromedier-for-planter","8":"product_cat-hydroponisk-dyrkning","10":"entry","11":"has-media","13":"first","14":"instock","15":"taxable","16":"shipping-taxable","17":"purchasable","18":"product-type-variable","19":"has-default-attributes","20":"has-product-nav","21":"col","22":"span_1_of_4","23":"owp-content-center","24":"item-entry","25":"owp-thumbs-layout-vertical","26":"owp-btn-normal","27":"owp-tabs-layout-horizontal"},"acf":[],"_links":{"self":[{"href":"https:\/\/plantelys.dk\/nb\/wp-json\/wp\/v2\/product\/44538","targetHints":{"allow":["GET"]}}],"collection":[{"href":"https:\/\/plantelys.dk\/nb\/wp-json\/wp\/v2\/product"}],"about":[{"href":"https:\/\/plantelys.dk\/nb\/wp-json\/wp\/v2\/types\/product"}],"replies":[{"embeddable":true,"href":"https:\/\/plantelys.dk\/nb\/wp-json\/wp\/v2\/comments?post=44538"}],"version-history":[{"count":0,"href":"https:\/\/plantelys.dk\/nb\/wp-json\/wp\/v2\/product\/44538\/revisions"}],"wp:featuredmedia":[{"embeddable":true,"href":"https:\/\/plantelys.dk\/nb\/wp-json\/wp\/v2\/media\/44820"}],"wp:attachment":[{"href":"https:\/\/plantelys.dk\/nb\/wp-json\/wp\/v2\/media?parent=44538"}],"wp:term":[{"taxonomy":"product_brand","embeddable":true,"href":"https:\/\/plantelys.dk\/nb\/wp-json\/wp\/v2\/product_brand?post=44538"},{"taxonomy":"product_cat","embeddable":true,"href":"https:\/\/plantelys.dk\/nb\/wp-json\/wp\/v2\/product_cat?post=44538"},{"taxonomy":"product_tag","embeddable":true,"href":"https:\/\/plantelys.dk\/nb\/wp-json\/wp\/v2\/product_tag?post=44538"}],"curies":[{"name":"wp","href":"https:\/\/api.w.org\/{rel}","templated":true}]}}