{"id":4254,"date":"2021-11-15T14:24:04","date_gmt":"2021-11-15T14:24:04","guid":{"rendered":"https:\/\/plantelys.dk\/?post_type=product&#038;p=4254"},"modified":"2026-04-28T10:20:22","modified_gmt":"2026-04-28T09:20:22","slug":"sunlight-pro-gro-t8-grow-lysarmatur","status":"publish","type":"product","link":"https:\/\/plantelys.dk\/nb\/vare\/sunlight-pro-gro-t8-vaekstlys-armatur\/","title":{"rendered":"SunLight Pro-Gro T8 vekstlysarmatur 20 watt 90 cm"},"content":{"rendered":"<h2 class=\"\" data-start=\"158\" data-end=\"223\"><strong data-start=\"164\" data-end=\"221\">SunLight Pro-Gro T8 - fullspektret LED-vokselys (20W)<\/strong><\/h2>\n<p class=\"\" data-start=\"224\" data-end=\"304\"><strong data-start=\"224\" data-end=\"304\">Effektivitet og design i ett - det perfekte valget for profesjonell plantevekst<\/strong><\/p>\n<p class=\"\" data-start=\"306\" data-end=\"720\"><a href=\"https:\/\/plantelys.dk\/nb\/produkt\/sunlight-pro-gro-t8-grow-lysarmatur\/\"><strong data-start=\"306\" data-end=\"329\">SunLight Pro-Gro T8,<\/strong><\/a> er mer enn bare et vekstlys - det er resultatet av banebrytende teknologi og elegant dansk design. Dette <strong data-start=\"439\" data-end=\"459\">Fullspektret LED<\/strong> lamp er skreddersydd for \u00e5 maksimere plantens vekst og blomstring, samtidig som den leverer imponerende energieffektivitet. Med versjon 3.0 har vi hevet standarden med opptil <strong data-start=\"644\" data-end=\"677\">Dobbelt s\u00e5 mye lys og vekst<\/strong> som sammenlignbare produkter p\u00e5 markedet.<\/p>\n<p class=\"\" data-start=\"722\" data-end=\"944\">Laget for vertikale dyrkingssystemer, reoler i flere etasjer og <a href=\"https:\/\/plantelys.dk\/nb\/produktkategori-2\/innendoers-plantevekst-stueplanter-etc\/\"><strong data-start=\"793\" data-end=\"815\">innend\u00f8rs dyrking<\/strong><\/a> \u2013 <strong data-start=\"818\" data-end=\"841\">SunLight Pro-Gro T8 <a href=\"https:\/\/plantelys.dk\/nb\/produktkategori-2\/vekstlys\/\">vekstlys<\/a>,<\/strong> er den ideelle l\u00f8sningen for deg som \u00f8nsker b\u00e5de estetikk og maksimal funksjonalitet i vekstmilj\u00f8et ditt.<\/p>\n<h3 data-start=\"951\" data-end=\"977\"><\/h3>\n<h3 class=\"\" data-start=\"951\" data-end=\"977\"><strong data-start=\"958\" data-end=\"977\">Viktige funksjoner<\/strong><\/h3>\n<ul>\n<li data-start=\"981\" data-end=\"1170\"><strong data-start=\"981\" data-end=\"1011\">Avansert fullspektret lys<\/strong> - Inkluderer <strong data-start=\"1025\" data-end=\"1039\">R\u00f8d 660 nm<\/strong>og skaper en komplett lyssammensetning som favoriserer b\u00e5de plantevekst og blomstring.<\/li>\n<li data-start=\"1173\" data-end=\"1356\"><strong data-start=\"1173\" data-end=\"1205\">Effektivitet i verdensklasse<\/strong> - Med en <strong data-start=\"1215\" data-end=\"1236\">PPE p\u00e5 2,2 \u00b5mol\/J<\/strong> denne lampen leverer opp til <strong data-start=\"1264\" data-end=\"1288\">Dobbelt s\u00e5 mye lys<\/strong> som tradisjonelle vekstlys, samtidig som str\u00f8mforbruket er lavt.<\/li>\n<li data-start=\"1359\" data-end=\"1534\"><strong data-start=\"1359\" data-end=\"1380\">Naturlig dagslys<\/strong> - Fargetemperaturen til <strong data-start=\"1404\" data-end=\"1414\">3800 K<\/strong> og <strong data-start=\"1418\" data-end=\"1435\">H\u00f8y CRI p\u00e5 88<\/strong> s\u00f8rger for at plantene dine f\u00e5r optimalt lys samtidig som de beholder sine naturlige farger.<\/li>\n<li data-start=\"1537\" data-end=\"1700\"><strong data-start=\"1537\" data-end=\"1575\">Lang levetid og robust konstruksjon<\/strong> - Laget i <strong data-start=\"1592\" data-end=\"1618\">Aluminium av h\u00f8y kvalitet<\/strong> for b\u00e5de effektiv varmespredning og imponerende levetid.<\/li>\n<li data-start=\"1703\" data-end=\"1853\"><strong data-start=\"1703\" data-end=\"1729\">Designet for presisjon<\/strong> - Med en <strong data-start=\"1739\" data-end=\"1758\">Slank T8-profil<\/strong> (bare 35 mm h\u00f8y) er denne lampen perfekt for kompakte dyrkingssystemer og vertikal dyrking.<\/li>\n<\/ul>\n<h3 data-start=\"1860\" data-end=\"1903\"><\/h3>\n<h3 class=\"\" data-start=\"1860\" data-end=\"1903\"><strong data-start=\"1866\" data-end=\"1903\">Energieffektivitet og ytelse<\/strong><\/h3>\n<p class=\"\" data-start=\"1905\" data-end=\"1992\"><strong data-start=\"1905\" data-end=\"1928\">SunLight Pro-Gro T8<\/strong> gir <strong data-start=\"1935\" data-end=\"1958\">eksepsjonell ytelse<\/strong>som kan m\u00e5les p\u00e5 flere niv\u00e5er:<\/p>\n<ul>\n<li data-start=\"1996\" data-end=\"2056\"><strong data-start=\"1996\" data-end=\"2038\">PPE (fotosyntetisk fotoneffektivitet)<\/strong>: <strong data-start=\"2040\" data-end=\"2054\">2,2 \u00b5mol\/J<\/strong><\/li>\n<li data-start=\"2059\" data-end=\"2114\"><strong data-start=\"2059\" data-end=\"2095\">PPF (fotosyntetisk fotonstr\u00f8m)<\/strong>: <strong data-start=\"2097\" data-end=\"2112\">3 000 lumen<\/strong><\/li>\n<li data-start=\"2117\" data-end=\"2241\"><strong data-start=\"2117\" data-end=\"2139\">Energieffektivitet<\/strong>: Kun for brukere <strong data-start=\"2152\" data-end=\"2160\">20 W<\/strong>, som tilsvarer <strong data-start=\"2181\" data-end=\"2195\">1200 W HPS<\/strong>men med betydelig lavere varmeproduksjon.<\/li>\n<li data-start=\"2244\" data-end=\"2315\"><strong data-start=\"2244\" data-end=\"2256\">Lysstr\u00f8m<\/strong>: 3000 lumen for \u00e5 sikre et bredt og jevnt fordelt lys.<\/li>\n<\/ul>\n<h3 data-start=\"2322\" data-end=\"2357\"><\/h3>\n<h3 class=\"\" data-start=\"2322\" data-end=\"2357\"><strong data-start=\"2329\" data-end=\"2357\">Tekniske spesifikasjoner<\/strong><\/h3>\n<div class=\"_tableContainer_16hzy_1\">\n<div class=\"_tableWrapper_16hzy_14 group flex w-fit flex-col-reverse\" tabindex=\"-1\">\n<table class=\"w-fit min-w-(--thread-content-width)\" data-start=\"2359\" data-end=\"3734\">\n<thead data-start=\"2359\" data-end=\"2438\">\n<tr data-start=\"2359\" data-end=\"2438\">\n<th data-start=\"2359\" data-end=\"2393\" data-col-size=\"sm\"><strong data-start=\"2361\" data-end=\"2378\">Spesifikasjon<\/strong><\/th>\n<th data-start=\"2393\" data-end=\"2438\" data-col-size=\"sm\"><strong data-start=\"2395\" data-end=\"2407\">Flere detaljer<\/strong><\/th>\n<\/tr>\n<\/thead>\n<tbody data-start=\"2520\" data-end=\"3734\">\n<tr data-start=\"2520\" data-end=\"2600\">\n<td data-start=\"2520\" data-end=\"2555\" data-col-size=\"sm\"><strong data-start=\"2522\" data-end=\"2539\">Str\u00f8mforbruk<\/strong><\/td>\n<td data-start=\"2555\" data-end=\"2600\" data-col-size=\"sm\">20 W<\/td>\n<\/tr>\n<tr data-start=\"2601\" data-end=\"2681\">\n<td data-start=\"2601\" data-end=\"2636\" data-col-size=\"sm\"><strong data-start=\"2603\" data-end=\"2615\">Lys farge<\/strong><\/td>\n<td data-start=\"2636\" data-end=\"2681\" data-col-size=\"sm\">Dagslys + 660 nm r\u00f8dt<\/td>\n<\/tr>\n<tr data-start=\"2682\" data-end=\"2762\">\n<td data-start=\"2682\" data-end=\"2717\" data-col-size=\"sm\"><strong data-start=\"2684\" data-end=\"2703\">Fargetemperatur<\/strong><\/td>\n<td data-start=\"2717\" data-end=\"2762\" data-col-size=\"sm\">3800 K<\/td>\n<\/tr>\n<tr data-start=\"2763\" data-end=\"2843\">\n<td data-start=\"2763\" data-end=\"2798\" data-col-size=\"sm\"><strong data-start=\"2765\" data-end=\"2790\">Fargegjengivelse (CRI)<\/strong><\/td>\n<td data-start=\"2798\" data-end=\"2843\" data-col-size=\"sm\">88<\/td>\n<\/tr>\n<tr data-start=\"2844\" data-end=\"2924\">\n<td data-start=\"2844\" data-end=\"2879\" data-col-size=\"sm\"><strong data-start=\"2846\" data-end=\"2866\">Spredningsvinkel<\/strong><\/td>\n<td data-col-size=\"sm\" data-start=\"2879\" data-end=\"2924\">110\u00b0<\/td>\n<\/tr>\n<tr data-start=\"2925\" data-end=\"3005\">\n<td data-start=\"2925\" data-end=\"2960\" data-col-size=\"sm\"><strong data-start=\"2927\" data-end=\"2939\">Lysstr\u00f8m<\/strong><\/td>\n<td data-col-size=\"sm\" data-start=\"2960\" data-end=\"3005\">3 000 lumen<\/td>\n<\/tr>\n<tr data-start=\"3006\" data-end=\"3086\">\n<td data-start=\"3006\" data-end=\"3041\" data-col-size=\"sm\"><strong data-start=\"3008\" data-end=\"3029\">Forventet levealder<\/strong><\/td>\n<td data-col-size=\"sm\" data-start=\"3041\" data-end=\"3086\">25 000 timer<\/td>\n<\/tr>\n<tr data-start=\"3087\" data-end=\"3167\">\n<td data-start=\"3087\" data-end=\"3122\" data-col-size=\"sm\"><strong data-start=\"3089\" data-end=\"3101\">begeistring<\/strong><\/td>\n<td data-start=\"3122\" data-end=\"3167\" data-col-size=\"sm\">230 V VEKSELSTR\u00d8M<\/td>\n<\/tr>\n<tr data-start=\"3168\" data-end=\"3248\">\n<td data-start=\"3168\" data-end=\"3203\" data-col-size=\"sm\"><strong data-start=\"3170\" data-end=\"3195\">St\u00f8rrelse (L x B x H)<\/strong><\/td>\n<td data-col-size=\"sm\" data-start=\"3203\" data-end=\"3248\">900 x 32 x 35 mm<\/td>\n<\/tr>\n<tr data-start=\"3249\" data-end=\"3329\">\n<td data-start=\"3249\" data-end=\"3284\" data-col-size=\"sm\"><strong data-start=\"3251\" data-end=\"3259\">Vekt<\/strong><\/td>\n<td data-col-size=\"sm\" data-start=\"3284\" data-end=\"3329\">Lett og kompakt, bare 12 kg<\/td>\n<\/tr>\n<tr data-start=\"3330\" data-end=\"3410\">\n<td data-start=\"3330\" data-end=\"3365\" data-col-size=\"sm\"><strong data-start=\"3332\" data-end=\"3343\">Dimbar<\/strong><\/td>\n<td data-col-size=\"sm\" data-start=\"3365\" data-end=\"3410\">Nei<\/td>\n<\/tr>\n<tr data-start=\"3411\" data-end=\"3491\">\n<td data-start=\"3411\" data-end=\"3446\" data-col-size=\"sm\"><strong data-start=\"3413\" data-end=\"3433\">Base (stikkontakt)<\/strong><\/td>\n<td data-col-size=\"sm\" data-start=\"3446\" data-end=\"3491\">Ledning med st\u00f8psel (ensidig)<\/td>\n<\/tr>\n<tr data-start=\"3492\" data-end=\"3572\">\n<td data-start=\"3492\" data-end=\"3527\" data-col-size=\"sm\"><strong data-start=\"3494\" data-end=\"3515\">IP-klassifisering<\/strong><\/td>\n<td data-col-size=\"sm\" data-start=\"3527\" data-end=\"3572\">IP20<\/td>\n<\/tr>\n<tr data-start=\"3573\" data-end=\"3653\">\n<td data-start=\"3573\" data-end=\"3608\" data-col-size=\"sm\"><strong data-start=\"3575\" data-end=\"3596\">Arbeidstemperatur<\/strong><\/td>\n<td data-col-size=\"sm\" data-start=\"3608\" data-end=\"3653\">-20 \u00b0C til +40 \u00b0C<\/td>\n<\/tr>\n<tr data-start=\"3654\" data-end=\"3734\">\n<td data-start=\"3654\" data-end=\"3689\" data-col-size=\"sm\"><strong data-start=\"3656\" data-end=\"3667\">Garanti<\/strong><\/td>\n<td data-col-size=\"sm\" data-start=\"3689\" data-end=\"3734\">2 \u00e5r<\/td>\n<\/tr>\n<\/tbody>\n<\/table>\n<div class=\"sticky end-(--thread-content-margin) h-0 self-end select-none\">\n<div class=\"absolute end-0 flex items-end\"><strong><em>V\u00e6r oppmerksom p\u00e5 at lengden er oppgitt uten ledning og st\u00f8psel (+3-4 cm).<\/em><\/strong><\/div>\n<div><\/div>\n<\/div>\n<\/div>\n<\/div>\n<h3 class=\"\" data-start=\"3741\" data-end=\"3781\"><strong data-start=\"3748\" data-end=\"3781\">Anbefalt avstand til planter<\/strong><\/h3>\n<div class=\"_tableContainer_16hzy_1\">\n<div class=\"_tableWrapper_16hzy_14 group flex w-fit flex-col-reverse\" tabindex=\"-1\">\n<table class=\"w-fit min-w-(--thread-content-width)\" data-start=\"3783\" data-end=\"3986\">\n<thead data-start=\"3783\" data-end=\"3833\">\n<tr data-start=\"3783\" data-end=\"3833\">\n<th data-start=\"3783\" data-end=\"3812\" data-col-size=\"sm\"><strong data-start=\"3785\" data-end=\"3799\">Anleggstype<\/strong><\/th>\n<th data-start=\"3812\" data-end=\"3833\" data-col-size=\"sm\"><strong data-start=\"3814\" data-end=\"3830\">Avstand (cm)<\/strong><\/th>\n<\/tr>\n<\/thead>\n<tbody data-start=\"3885\" data-end=\"3986\">\n<tr data-start=\"3885\" data-end=\"3935\">\n<td data-start=\"3885\" data-end=\"3914\" data-col-size=\"sm\">Sm\u00e5 planter\/spirer<\/td>\n<td data-col-size=\"sm\" data-start=\"3914\" data-end=\"3935\">20-30 cm<\/td>\n<\/tr>\n<tr data-start=\"3936\" data-end=\"3986\">\n<td data-start=\"3936\" data-end=\"3965\" data-col-size=\"sm\">Voksne planter<\/td>\n<td data-start=\"3965\" data-end=\"3986\" data-col-size=\"sm\">10-20 cm<\/td>\n<\/tr>\n<\/tbody>\n<\/table>\n<div class=\"sticky end-(--thread-content-margin) h-0 self-end select-none\">\n<div class=\"absolute end-0 flex items-end\"><\/div>\n<\/div>\n<\/div>\n<\/div>\n<h3 class=\"\" data-start=\"3993\" data-end=\"4029\"><strong data-start=\"4000\" data-end=\"4029\">Lyseffekt (PPFD-m\u00e5linger)<\/strong><\/h3>\n<div class=\"_tableContainer_16hzy_1\">\n<div class=\"_tableWrapper_16hzy_14 group flex w-fit flex-col-reverse\" tabindex=\"-1\">\n<table class=\"w-fit min-w-(--thread-content-width)\" data-start=\"4031\" data-end=\"4310\">\n<thead data-start=\"4031\" data-end=\"4070\">\n<tr data-start=\"4031\" data-end=\"4070\">\n<th data-start=\"4031\" data-end=\"4046\" data-col-size=\"sm\"><strong data-start=\"4033\" data-end=\"4044\">Avstand<\/strong><\/th>\n<th data-start=\"4046\" data-end=\"4070\" data-col-size=\"sm\"><strong data-start=\"4048\" data-end=\"4068\">PPFD (\u00b5mol\/m\u00b2-s)<\/strong><\/th>\n<\/tr>\n<\/thead>\n<tbody data-start=\"4111\" data-end=\"4310\">\n<tr data-start=\"4111\" data-end=\"4150\">\n<td data-start=\"4111\" data-end=\"4126\" data-col-size=\"sm\">10 cm<\/td>\n<td data-col-size=\"sm\" data-start=\"4126\" data-end=\"4150\">240<\/td>\n<\/tr>\n<tr data-start=\"4151\" data-end=\"4190\">\n<td data-start=\"4151\" data-end=\"4166\" data-col-size=\"sm\">15 cm<\/td>\n<td data-start=\"4166\" data-end=\"4190\" data-col-size=\"sm\">185<\/td>\n<\/tr>\n<tr data-start=\"4191\" data-end=\"4230\">\n<td data-start=\"4191\" data-end=\"4206\" data-col-size=\"sm\">20 cm<\/td>\n<td data-col-size=\"sm\" data-start=\"4206\" data-end=\"4230\">165<\/td>\n<\/tr>\n<tr data-start=\"4231\" data-end=\"4270\">\n<td data-start=\"4231\" data-end=\"4246\" data-col-size=\"sm\">25 cm<\/td>\n<td data-start=\"4246\" data-end=\"4270\" data-col-size=\"sm\">120<\/td>\n<\/tr>\n<tr data-start=\"4271\" data-end=\"4310\">\n<td data-start=\"4271\" data-end=\"4286\" data-col-size=\"sm\">30 cm<\/td>\n<td data-col-size=\"sm\" data-start=\"4286\" data-end=\"4310\">100<\/td>\n<\/tr>\n<\/tbody>\n<\/table>\n<div class=\"sticky end-(--thread-content-margin) h-0 self-end select-none\">\n<div class=\"absolute end-0 flex items-end\"><\/div>\n<\/div>\n<\/div>\n<\/div>\n<h3 class=\"\" data-start=\"4317\" data-end=\"4335\">\u26a0\ufe0f <strong data-start=\"4324\" data-end=\"4335\">Merk:<\/strong><\/h3>\n<ul data-start=\"4337\" data-end=\"4526\">\n<li class=\"\" data-start=\"4337\" data-end=\"4443\">\n<p class=\"\" data-start=\"4339\" data-end=\"4443\">Str\u00f8mtilkobling finner sted <strong data-start=\"4364\" data-end=\"4386\">bare i den ene enden<\/strong> via den medf\u00f8lgende kabelen <strong data-start=\"4415\" data-end=\"4442\">kan ikke kobles i serie<\/strong>.<\/p>\n<\/li>\n<li class=\"\" data-start=\"4444\" data-end=\"4526\">\n<p class=\"\" data-start=\"4446\" data-end=\"4526\"><strong data-start=\"4446\" data-end=\"4464\">Opphengssett<\/strong> (tau\/trommel) <strong data-start=\"4478\" data-end=\"4496\">Ikke inkludert<\/strong> - Disse kan kj\u00f8pes separat.<\/p>\n<\/li>\n<\/ul>\n<hr \/>\n<h3 data-start=\"0\" data-end=\"59\"><strong data-start=\"4\" data-end=\"59\">Hva er forskjellen mellom vekstlys, vekstlamper og plantelys?<\/strong><\/h3>\n<p data-start=\"61\" data-end=\"632\" data-is-last-node=\"\" data-is-only-node=\"\"><strong><a href=\"https:\/\/plantelys.dk\/nb\/produktkategori-2\/vekstlys\/\">Vekstlys<\/a><\/strong> er et bredt, uformelt begrep for alt kunstig lys som brukes til \u00e5 dyrke planter innend\u00f8rs \u2013 uavhengig av teknologi, fargespekter eller form\u00e5l. <a href=\"https:\/\/plantelys.dk\/nb\/produktkategori-2\/vokse-lys-paere-lamper\/\"><strong>Grow lights<\/strong><\/a> P\u00e5 den annen side finnes det lys som er utviklet spesielt for \u00e5 st\u00f8tte visse vekstfaser, som spiring, vegetativ vekst eller blomstring, og som derfor ofte har et mer m\u00e5lrettet eller justerbart lysspekter. <strong><a href=\"https:\/\/plantelys.dk\/nb\/\">Plantelys<\/a><\/strong> er den generelle tekniske betegnelsen som dekker alle typer lyskilder som gir planter de b\u00f8lgelengdene (dagslys) som er n\u00f8dvendige for fotosyntese, og brukes b\u00e5de for hobbylamper og avanserte profesjonelle LED-l\u00f8sninger.<\/p>","protected":false},"excerpt":{"rendered":"<ul>\n<li>LED fullspektret grolys<\/li>\n<li>Armaturens lengde: <strong data-start=\"473\" data-end=\"482\">90 cm<\/strong><\/li>\n<li>Total lengde inkl. plugg: <strong data-start=\"511\" data-end=\"524\">Ca. 93 cm<\/strong><\/li>\n<li>Effekt: <strong data-start=\"535\" data-end=\"555\">20W LED-vokselys<\/strong><\/li>\n<li>Egnet for <strong data-start=\"571\" data-end=\"603\">Planter, urter og mikrogr\u00f8nnsaker<\/strong><\/li>\n<li><strong data-start=\"606\" data-end=\"623\">Enkel installasjon<\/strong> med braketter inkludert<\/li>\n<\/ul>","protected":false},"featured_media":46386,"comment_status":"open","ping_status":"closed","template":"","meta":{"_acf_changed":false},"product_brand":[],"product_cat":[235,106,179,92],"product_tag":[281,282],"class_list":{"0":"post-4254","1":"product","2":"type-product","3":"status-publish","4":"has-post-thumbnail","6":"product_cat-grolys","7":"product_cat-mikrogroent-gro-dit-eget-sunde-groent","8":"product_cat-lys-til-mikrogroent-vaekst","9":"product_cat-vaekstlys-paerer-lamper","10":"product_tag-grolys","11":"product_tag-vaekstlys","13":"entry","14":"has-media","16":"first","17":"instock","18":"sale","19":"taxable","20":"shipping-taxable","21":"purchasable","22":"product-type-simple","23":"has-product-nav","24":"col","25":"span_1_of_4","26":"owp-content-center","27":"item-entry","28":"owp-thumbs-layout-vertical","29":"owp-btn-normal","30":"owp-tabs-layout-horizontal"},"acf":[],"_links":{"self":[{"href":"https:\/\/plantelys.dk\/nb\/wp-json\/wp\/v2\/product\/4254","targetHints":{"allow":["GET"]}}],"collection":[{"href":"https:\/\/plantelys.dk\/nb\/wp-json\/wp\/v2\/product"}],"about":[{"href":"https:\/\/plantelys.dk\/nb\/wp-json\/wp\/v2\/types\/product"}],"replies":[{"embeddable":true,"href":"https:\/\/plantelys.dk\/nb\/wp-json\/wp\/v2\/comments?post=4254"}],"version-history":[{"count":0,"href":"https:\/\/plantelys.dk\/nb\/wp-json\/wp\/v2\/product\/4254\/revisions"}],"wp:featuredmedia":[{"embeddable":true,"href":"https:\/\/plantelys.dk\/nb\/wp-json\/wp\/v2\/media\/46386"}],"wp:attachment":[{"href":"https:\/\/plantelys.dk\/nb\/wp-json\/wp\/v2\/media?parent=4254"}],"wp:term":[{"taxonomy":"product_brand","embeddable":true,"href":"https:\/\/plantelys.dk\/nb\/wp-json\/wp\/v2\/product_brand?post=4254"},{"taxonomy":"product_cat","embeddable":true,"href":"https:\/\/plantelys.dk\/nb\/wp-json\/wp\/v2\/product_cat?post=4254"},{"taxonomy":"product_tag","embeddable":true,"href":"https:\/\/plantelys.dk\/nb\/wp-json\/wp\/v2\/product_tag?post=4254"}],"curies":[{"name":"wp","href":"https:\/\/api.w.org\/{rel}","templated":true}]}}