{"id":3996,"date":"2021-11-10T09:57:23","date_gmt":"2021-11-10T09:57:23","guid":{"rendered":"https:\/\/plantelys.dk\/?post_type=product&#038;p=3996"},"modified":"2025-10-13T12:56:11","modified_gmt":"2025-10-13T11:56:11","slug":"opphengssystem-for-store-lamper-med-trinse-2","status":"publish","type":"product","link":"https:\/\/plantelys.dk\/nb\/vare\/ophaengningssystem-for-gro-lamper-m-trisse\/","title":{"rendered":"Opphengssystem for store lamper med trinse og karabinkrok"},"content":{"rendered":"<div class=\"product-details uk-container uk-container-large uk-margin-large-bottom uk-margin-medium-top\">\n<div class=\"product-information uk-margin-large-top cbx-border\">\n<div class=\"uk-grid-large uk-grid\">\n<div class=\"uk-width-expand\">\n<h2>Justerbar oppheng av Gro Lamper<\/h2>\n<p>&nbsp;<\/p>\n<p><strong>Egenskaper:<\/strong><\/p>\n<ul>\n<li>Kraftig l\u00e5semekanisme<\/li>\n<li>1\/8&quot; nylontau<\/li>\n<li>2 karabinkroker<\/li>\n<li>Et trinsesystem med l\u00e5semekanisme<\/li>\n<li>Inntil 30 kg vektbelastning pr enhet<\/li>\n<li>Maks lengde ca.: 180 cm<\/li>\n<\/ul>\n<p>&nbsp;<\/p>\n<h3>Montering av trinsesystem<\/h3>\n<p>Det er to m\u00e5ter \u00e5 installere opphengssystemet p\u00e5:<\/p>\n<p>1. Opphengsmekanismen er festet til taket med en krok.<\/p>\n<p>2. Hvis du bruker opphenget til voksefester i et voksetelt, anbefaler vi at du monterer opphengssystemet med den frie endekarabinen p\u00e5 takrammen og trekker karabineren til festet. P\u00e5 denne m\u00e5ten vil du ikke belaste teltrammen under heising, og det gj\u00f8r det enklere \u00e5 justere.<\/p>\n<p><strong>H\u00f8ydejustering<\/strong><br \/>\nJuster til \u00f8nsket h\u00f8yde ved \u00e5 trekke i det l\u00f8se tauet. For \u00e5 frigj\u00f8re l\u00e5sen, hold i det l\u00f8se tauet og skyv h\u00e5ndtaket ned i remskiven.<\/p>\n<\/div>\n<\/div>\n<\/div>\n<\/div>\n<div class=\"uk-hidden-print\">\n<div class=\"newsletter-subscription uk-padding-large uk-padding-remove-horizontal uk-background-muted\" data-v-d16f4242=\"\">\n<div class=\"uk-container uk-container-large\" data-v-d16f4242=\"\">\n<div data-v-d16f4242=\"\">\n<form data-v-d16f4242=\"\" action=\"\">\n<div class=\"uk-grid uk-grid-small\" data-v-d16f4242=\"\">Total lengde: 1,8 m<\/div>\n<input type=\"hidden\" name=\"trp-form-language\" value=\"nb\"\/><\/form>\n<\/div>\n<\/div>\n<\/div>\n<\/div>","protected":false},"excerpt":{"rendered":"<p>Dette lampeopphengssystemet lar deg enkelt heve og senke lampen. Med en l\u00e5semekanisme holder lampen seg p\u00e5 plass n\u00e5r den er innstilt p\u00e5 \u00f8nsket h\u00f8yde. Superenkelt \u00e5 justere Quantum Board mens plantene dine vokser.<\/p>","protected":false},"featured_media":4000,"comment_status":"open","ping_status":"closed","template":"","meta":{"_acf_changed":false},"product_brand":[],"product_cat":[94],"product_tag":[],"class_list":{"0":"post-3996","1":"product","2":"type-product","3":"status-publish","4":"has-post-thumbnail","6":"product_cat-samsung-quantum-board","8":"entry","9":"has-media","11":"first","12":"instock","13":"taxable","14":"shipping-taxable","15":"purchasable","16":"product-type-simple","17":"has-product-nav","18":"col","19":"span_1_of_4","20":"owp-content-center","21":"item-entry","22":"owp-thumbs-layout-vertical","23":"owp-btn-normal","24":"owp-tabs-layout-horizontal"},"acf":[],"_links":{"self":[{"href":"https:\/\/plantelys.dk\/nb\/wp-json\/wp\/v2\/product\/3996","targetHints":{"allow":["GET"]}}],"collection":[{"href":"https:\/\/plantelys.dk\/nb\/wp-json\/wp\/v2\/product"}],"about":[{"href":"https:\/\/plantelys.dk\/nb\/wp-json\/wp\/v2\/types\/product"}],"replies":[{"embeddable":true,"href":"https:\/\/plantelys.dk\/nb\/wp-json\/wp\/v2\/comments?post=3996"}],"version-history":[{"count":0,"href":"https:\/\/plantelys.dk\/nb\/wp-json\/wp\/v2\/product\/3996\/revisions"}],"wp:featuredmedia":[{"embeddable":true,"href":"https:\/\/plantelys.dk\/nb\/wp-json\/wp\/v2\/media\/4000"}],"wp:attachment":[{"href":"https:\/\/plantelys.dk\/nb\/wp-json\/wp\/v2\/media?parent=3996"}],"wp:term":[{"taxonomy":"product_brand","embeddable":true,"href":"https:\/\/plantelys.dk\/nb\/wp-json\/wp\/v2\/product_brand?post=3996"},{"taxonomy":"product_cat","embeddable":true,"href":"https:\/\/plantelys.dk\/nb\/wp-json\/wp\/v2\/product_cat?post=3996"},{"taxonomy":"product_tag","embeddable":true,"href":"https:\/\/plantelys.dk\/nb\/wp-json\/wp\/v2\/product_tag?post=3996"}],"curies":[{"name":"wp","href":"https:\/\/api.w.org\/{rel}","templated":true}]}}