{"id":39329,"date":"2024-08-07T12:59:22","date_gmt":"2024-08-07T11:59:22","guid":{"rendered":"https:\/\/plantelys.dk\/?post_type=product&#038;p=39329"},"modified":"2025-11-19T10:03:59","modified_gmt":"2025-11-19T09:03:59","slug":"grolys-spotlight-e14-med-fullspektret-hvitt-lys-5000k","status":"publish","type":"product","link":"https:\/\/plantelys.dk\/nb\/vare\/grolys-spot-e14-med-fuld-spektret-hvidt-lys-5000k\/","title":{"rendered":"Grolys spotlight E14 med fullspektret hvitt lys, 5000K"},"content":{"rendered":"<h2>E14 Grolys-spotlight med fullspektret lys<\/h2>\n<p>Dette <a href=\"https:\/\/plantelys.dk\/nb\/produkt\/grolys-spotlight-e14-med-fullspektret-hvitt-lys-5000k\/\">E14 Grolys spotlight<\/a> med fullspektret varmt lys er det perfekte valget for inneplanter som trenger ekstra lys, men du vil ikke ha et kaldt eller rosa lys i stuen. Den passer til de fleste lamper med en liten skruesokkel, noe som gj\u00f8r den enkel \u00e5 installere. Med sitt varmhvite lys er den ogs\u00e5 ideell som lese- og arbeidslys.<\/p>\n<p>Grolys-p\u00e6ren leverer en fargetemperatur p\u00e5 5000K og en RA-verdi p\u00e5 over 90, noe som sikrer kvalitetsbelysning for plantene dine.<\/p>\n<p>P\u00e6ren har en bred str\u00e5levinkel p\u00e5 38\u00b0, noe som gir god lysdekning for plantene dine p\u00e5 relativt kort avstand.<\/p>\n<p>Enten du \u00f8nsker \u00e5 forbedre veksten til potteplantene dine eller trenger et godt arbeidslys, er denne E14 <a href=\"https:\/\/plantelys.dk\/nb\/produktkategori-2\/vekstlys\/\">Grolys s\u00f8kelys<\/a> med varmhvitt lys med fullt spekter er det ideelle valget.<\/p>\n<h2>M\u00e5lte PAR-data:<\/h2>\n<ul>\n<li>15 cm: 1000 \u03bcmol\/m2 S<\/li>\n<li>30 cm: 260 \u03bcmol\/m2 S<\/li>\n<li>50 cm: 60 \u03bcmol\/m2 S<\/li>\n<li>100 cm: 15 \u03bcmol\/m2 S<\/li>\n<\/ul>\n<h3 data-start=\"200\" data-end=\"241\">\ud83d\udca1 Merknad for installasjon i E14-kontakt<\/h3>\n<p data-start=\"242\" data-end=\"515\">P\u00e5 noen E14-fatninger kan det v\u00e6re problemer med at p\u00e6ren ikke f\u00e5r ordentlig kontakt i bunnen (centerpal).<br data-start=\"353\" data-end=\"356\" \/>Dette er fordi <strong data-start=\"374\" data-end=\"426\">Den midterste pinnen i stikkontakten kan v\u00e6re litt for lav<\/strong> eller skyves tilbake over tid slik at p\u00e6rens nederste kontakt ikke kobles ordentlig til.<\/p>\n<p data-start=\"517\" data-end=\"785\">\ud83d\udc49 <strong data-start=\"520\" data-end=\"532\">L\u00f8sning:<\/strong><br data-start=\"532\" data-end=\"535\" \/>S\u00f8rg for at str\u00f8mmen er sl\u00e5tt av, og bruk en liten, isolert skrutrekker til \u00e5 forsiktig <strong data-start=\"631\" data-end=\"662\">L\u00f8ft midtstiften litt.<\/strong> i midten av sokkelen, slik at den f\u00e5r god fj\u00e6rkontakt med p\u00e6resokkelen.<br data-start=\"731\" data-end=\"734\" \/>Deretter kan p\u00e6ren skrus inn igjen og sl\u00e5s p\u00e5 som normalt.<\/p>\n<p data-start=\"787\" data-end=\"893\">Denne situasjonen kan spesielt oppst\u00e5 i <strong data-start=\"820\" data-end=\"856\">Eldre eller slitte E14-kontakter<\/strong> og skyldes ikke en feil i selve p\u00e6ren.<\/p>\n<h3>Lyset<\/h3>\n<table>\n<tbody>\n<tr>\n<td><\/td>\n<td><\/td>\n<\/tr>\n<tr>\n<td>Fargetemperatur (K):<\/td>\n<td>5000<\/td>\n<\/tr>\n<tr>\n<td>R\u00c5:<\/td>\n<td>90<\/td>\n<\/tr>\n<tr>\n<td>Dimbar:<\/td>\n<td>Nei<\/td>\n<\/tr>\n<tr>\n<td>Lumens:<\/td>\n<td>700<\/td>\n<\/tr>\n<\/tbody>\n<\/table>\n<h3>Str\u00f8m og spenning<\/h3>\n<table>\n<tbody>\n<tr>\n<td>Begeistring:<\/td>\n<td>230<\/td>\n<\/tr>\n<tr>\n<td>Forbruk (watt):<\/td>\n<td>7<\/td>\n<\/tr>\n<tr>\n<td>Erstatter (watt):<\/td>\n<td>60<\/td>\n<\/tr>\n<tr>\n<td>Lys farge:<\/td>\n<td>Cool White - fullt spekter<\/td>\n<\/tr>\n<tr>\n<td>Spredningsvinkel:<\/td>\n<td>38\u00b0<\/td>\n<\/tr>\n<tr>\n<td>Forventet levetid (timer):<\/td>\n<td>20.000<\/td>\n<\/tr>\n<tr>\n<td>MacAdam trinn:<\/td>\n<td>SCDM &lt;5<\/td>\n<\/tr>\n<tr>\n<td>Energiklasse:<\/td>\n<td>E<\/td>\n<\/tr>\n<\/tbody>\n<\/table>\n<h3>Annen info<\/h3>\n<table>\n<tbody>\n<tr>\n<td>Diameter:<\/td>\n<td>50 mm<\/td>\n<\/tr>\n<tr>\n<td>Lengde h\u00f8yde:<\/td>\n<td>118 mm<\/td>\n<\/tr>\n<tr>\n<td>Livstidsgaranti:<\/td>\n<td>2 \u00e5r<\/td>\n<\/tr>\n<tr>\n<td>IP:<\/td>\n<td>20<\/td>\n<\/tr>\n<\/tbody>\n<\/table>\n<p>&nbsp;<\/p>\n<hr \/>\n<h3 data-start=\"0\" data-end=\"59\"><strong data-start=\"4\" data-end=\"59\">Hva er forskjellen mellom vekstlys, vekstlamper og plantelys?<\/strong><\/h3>\n<p data-start=\"61\" data-end=\"632\" data-is-last-node=\"\" data-is-only-node=\"\"><strong><a href=\"https:\/\/plantelys.dk\/nb\/produktkategori-2\/vekstlys\/\">Vekstlys<\/a><\/strong> er et bredt, uformelt begrep for alt kunstig lys som brukes til \u00e5 dyrke planter innend\u00f8rs \u2013 uavhengig av teknologi, fargespekter eller form\u00e5l. <a href=\"https:\/\/plantelys.dk\/nb\/produktkategori-2\/vokse-lys-paere-lamper\/\"><strong>Grow lights<\/strong><\/a> P\u00e5 den annen side finnes det lys som er utviklet spesielt for \u00e5 st\u00f8tte visse vekstfaser, som spiring, vegetativ vekst eller blomstring, og som derfor ofte har et mer m\u00e5lrettet eller justerbart lysspekter. <strong><a href=\"https:\/\/plantelys.dk\/nb\/\">Plantelys<\/a><\/strong> er den generelle tekniske betegnelsen som dekker alle typer lyskilder som gir planter de b\u00f8lgelengdene (dagslys) som er n\u00f8dvendige for fotosyntese, og brukes b\u00e5de for hobbylamper og avanserte profesjonelle LED-l\u00f8sninger.<\/p>","protected":false},"excerpt":{"rendered":"<p>Grolys LED-p\u00e6rer med hvitt lys. P\u00e6ren passer til alle E14-sokler (liten standard skruesokkel).<\/p>","protected":false},"featured_media":39375,"comment_status":"open","ping_status":"closed","template":"","meta":{"_acf_changed":false},"product_brand":[],"product_cat":[235,370,92],"product_tag":[],"class_list":{"0":"post-39329","1":"product","2":"type-product","3":"status-publish","4":"has-post-thumbnail","6":"product_cat-grolys","7":"product_cat-grolys-paere","8":"product_cat-vaekstlys-paerer-lamper","10":"entry","11":"has-media","13":"first","14":"instock","15":"taxable","16":"shipping-taxable","17":"purchasable","18":"product-type-simple","19":"has-product-nav","20":"col","21":"span_1_of_4","22":"owp-content-center","23":"item-entry","24":"owp-thumbs-layout-vertical","25":"owp-btn-normal","26":"owp-tabs-layout-horizontal"},"acf":[],"_links":{"self":[{"href":"https:\/\/plantelys.dk\/nb\/wp-json\/wp\/v2\/product\/39329","targetHints":{"allow":["GET"]}}],"collection":[{"href":"https:\/\/plantelys.dk\/nb\/wp-json\/wp\/v2\/product"}],"about":[{"href":"https:\/\/plantelys.dk\/nb\/wp-json\/wp\/v2\/types\/product"}],"replies":[{"embeddable":true,"href":"https:\/\/plantelys.dk\/nb\/wp-json\/wp\/v2\/comments?post=39329"}],"version-history":[{"count":0,"href":"https:\/\/plantelys.dk\/nb\/wp-json\/wp\/v2\/product\/39329\/revisions"}],"wp:featuredmedia":[{"embeddable":true,"href":"https:\/\/plantelys.dk\/nb\/wp-json\/wp\/v2\/media\/39375"}],"wp:attachment":[{"href":"https:\/\/plantelys.dk\/nb\/wp-json\/wp\/v2\/media?parent=39329"}],"wp:term":[{"taxonomy":"product_brand","embeddable":true,"href":"https:\/\/plantelys.dk\/nb\/wp-json\/wp\/v2\/product_brand?post=39329"},{"taxonomy":"product_cat","embeddable":true,"href":"https:\/\/plantelys.dk\/nb\/wp-json\/wp\/v2\/product_cat?post=39329"},{"taxonomy":"product_tag","embeddable":true,"href":"https:\/\/plantelys.dk\/nb\/wp-json\/wp\/v2\/product_tag?post=39329"}],"curies":[{"name":"wp","href":"https:\/\/api.w.org\/{rel}","templated":true}]}}