{"id":3853,"date":"2021-10-21T10:03:04","date_gmt":"2021-10-21T10:03:04","guid":{"rendered":"https:\/\/plantelys.dk\/?post_type=product&#038;p=3853"},"modified":"2026-05-05T08:22:38","modified_gmt":"2026-05-05T07:22:38","slug":"led-grolys-plantelampe-for-plantevekst","status":"publish","type":"product","link":"https:\/\/plantelys.dk\/nb\/vare\/led-grolys-plantelampe-for-plantevaekst\/","title":{"rendered":"LED Grolys-lampe - lampe med h\u00f8y effekt for planter 115WQ"},"content":{"rendered":"<h2 class=\"\" data-start=\"218\" data-end=\"299\"><strong data-start=\"224\" data-end=\"297\">SunLight LED Grolys Pendant 115Q - kompakt, kraftig og klar til bruk<\/strong><\/h2>\n<p class=\"\" data-start=\"300\" data-end=\"361\"><strong data-start=\"300\" data-end=\"361\">Effektivt vekstlys for spiring, urter og sm\u00e5planter<\/strong><\/p>\n<p class=\"\" data-start=\"363\" data-end=\"672\">Den nye <a href=\"https:\/\/plantelys.dk\/nb\/produkt\/led-grolys-plantelampe-for-plantevekst\/\"><strong data-start=\"371\" data-end=\"406\">SunLight LED Grolys Pendel 115Q,<\/strong><\/a> er en kompakt og effektiv LED-lampe som er utviklet for deg som \u00f8nsker p\u00e5litelig plantebelysning for mindre dyrkingsmilj\u00f8er. Med et totalt lysutbytte som tilsvarer <strong data-start=\"560\" data-end=\"572\">115W HPS<\/strong>men med et lavt str\u00f8mforbruk p\u00e5 bare <strong data-start=\"610\" data-end=\"617\">35W<\/strong>f\u00e5r du maksimal vekst uten un\u00f8dvendig energiforbruk.<\/p>\n<p class=\"\" data-start=\"674\" data-end=\"867\">Dette anhenget leveres med <strong data-start=\"695\" data-end=\"747\">Komplett med opphengskabel og tilkoblingskabel<\/strong>og kobles direkte til <strong data-start=\"775\" data-end=\"783\">230V<\/strong> \u2013 <strong data-start=\"786\" data-end=\"831\">Ingen ekstern str\u00f8mforsyning er n\u00f8dvendig<\/strong>ettersom driveren er innebygd i lampen.<\/p>\n<h3 data-start=\"874\" data-end=\"930\"><\/h3>\n<h3 class=\"\" data-start=\"874\" data-end=\"930\"><strong data-start=\"881\" data-end=\"930\">Tilpasset lysspekter for optimal vekst<\/strong><\/h3>\n<p class=\"\" data-start=\"932\" data-end=\"1175\">Lampen er utstyrt med <strong data-start=\"955\" data-end=\"976\">225 spesialdioder<\/strong> - 165 r\u00f8de (630 nm) og 60 bl\u00e5 (460 nm) - n\u00f8ye sammensatt for \u00e5 dekke hele det aktive omr\u00e5det av fotosyntesen. Dette skaper en <strong data-start=\"1096\" data-end=\"1124\">Balansert vekstspektrum<\/strong> Egnet for b\u00e5de spiringsfasen og vegetativ vekst.<\/p>\n<p class=\"\" data-start=\"1177\" data-end=\"1197\">\ud83d\udca1 <strong data-start=\"1180\" data-end=\"1197\">Egnet for:<\/strong><\/p>\n<ul data-start=\"1198\" data-end=\"1324\">\n<li class=\"\" data-start=\"1198\" data-end=\"1245\">\n<p class=\"\" data-start=\"1200\" data-end=\"1245\">Spiring og vekst av <strong data-start=\"1220\" data-end=\"1245\">chili, salat og urter<\/strong><\/p>\n<\/li>\n<li class=\"\" data-start=\"1246\" data-end=\"1276\">\n<p class=\"\" data-start=\"1248\" data-end=\"1276\"><strong data-start=\"1248\" data-end=\"1276\">Stiklinger og fr\u00f8planter<\/strong><\/p>\n<\/li>\n<li class=\"\" data-start=\"1277\" data-end=\"1324\">\n<p class=\"\" data-start=\"1279\" data-end=\"1324\">Mindre innend\u00f8rs dyrkingsmilj\u00f8er og minidrivhus<\/p>\n<\/li>\n<\/ul>\n<h3 data-start=\"1331\" data-end=\"1372\"><\/h3>\n<h3 class=\"\" data-start=\"1331\" data-end=\"1372\"><strong data-start=\"1338\" data-end=\"1372\">Dekning og anbefalt plassering<\/strong><\/h3>\n<div class=\"_tableContainer_16hzy_1\">\n<div class=\"_tableWrapper_16hzy_14 group flex w-fit flex-col-reverse\" tabindex=\"-1\">\n<table class=\"w-fit min-w-(--thread-content-width)\" data-start=\"1374\" data-end=\"1824\">\n<thead data-start=\"1374\" data-end=\"1463\">\n<tr data-start=\"1374\" data-end=\"1463\">\n<th data-start=\"1374\" data-end=\"1399\" data-col-size=\"sm\"><strong data-start=\"1376\" data-end=\"1398\">H\u00f8yde over planter<\/strong><\/th>\n<th data-start=\"1399\" data-end=\"1424\" data-col-size=\"sm\"><strong data-start=\"1401\" data-end=\"1423\">Dekningsgrad (diameter)<\/strong><\/th>\n<th data-start=\"1424\" data-end=\"1463\" data-col-size=\"sm\"><strong data-start=\"1426\" data-end=\"1443\">Anbefales for<\/strong><\/th>\n<\/tr>\n<\/thead>\n<tbody data-start=\"1555\" data-end=\"1824\">\n<tr data-start=\"1555\" data-end=\"1644\">\n<td data-start=\"1555\" data-end=\"1580\" data-col-size=\"sm\">80 cm<\/td>\n<td data-start=\"1580\" data-end=\"1605\" data-col-size=\"sm\">Opp til 100 cm<\/td>\n<td data-col-size=\"sm\" data-start=\"1605\" data-end=\"1644\">Generell belysning<\/td>\n<\/tr>\n<tr data-start=\"1645\" data-end=\"1734\">\n<td data-start=\"1645\" data-end=\"1670\" data-col-size=\"sm\">20-25 cm<\/td>\n<td data-col-size=\"sm\" data-start=\"1670\" data-end=\"1695\">Intensiv spiring<\/td>\n<td data-col-size=\"sm\" data-start=\"1695\" data-end=\"1734\">Fr\u00f8planter \/ mikrogr\u00f8nnsaker<\/td>\n<\/tr>\n<tr data-start=\"1735\" data-end=\"1824\">\n<td data-start=\"1735\" data-end=\"1760\" data-col-size=\"sm\">15-40 cm<\/td>\n<td data-start=\"1760\" data-end=\"1785\" data-col-size=\"sm\">Dyrking av planter<\/td>\n<td data-col-size=\"sm\" data-start=\"1785\" data-end=\"1824\">Salat, urter, stiklinger<\/td>\n<\/tr>\n<\/tbody>\n<\/table>\n<div class=\"sticky end-(--thread-content-margin) h-0 self-end select-none\">\n<div class=\"absolute end-0 flex items-end\"><\/div>\n<\/div>\n<\/div>\n<\/div>\n<p class=\"\" data-start=\"1826\" data-end=\"1911\">\ud83d\udca1 <strong data-start=\"1829\" data-end=\"1842\">Driftstid<\/strong>: Anbefalt 12-18 timer daglig, avhengig av plantetype og vekstfase.<\/p>\n<h3 data-start=\"1918\" data-end=\"1968\"><\/h3>\n<h3 class=\"\" data-start=\"1918\" data-end=\"1968\"><strong data-start=\"1925\" data-end=\"1968\">Intensitet av utstr\u00e5lt lys (PPFD-m\u00e5linger)<\/strong><\/h3>\n<div class=\"_tableContainer_16hzy_1\">\n<div class=\"_tableWrapper_16hzy_14 group flex w-fit flex-col-reverse\" tabindex=\"-1\">\n<table class=\"w-fit min-w-(--thread-content-width)\" data-start=\"1970\" data-end=\"2219\">\n<thead data-start=\"1970\" data-end=\"2019\">\n<tr data-start=\"1970\" data-end=\"2019\">\n<th data-start=\"1970\" data-end=\"1995\" data-col-size=\"sm\"><strong data-start=\"1972\" data-end=\"1994\">Avstand fra anlegget<\/strong><\/th>\n<th data-start=\"1995\" data-end=\"2019\" data-col-size=\"sm\"><strong data-start=\"1997\" data-end=\"2017\">PPFD (\u00b5mol\/m\u00b2-s)<\/strong><\/th>\n<\/tr>\n<\/thead>\n<tbody data-start=\"2070\" data-end=\"2219\">\n<tr data-start=\"2070\" data-end=\"2119\">\n<td data-start=\"2070\" data-end=\"2095\" data-col-size=\"sm\">20 cm<\/td>\n<td data-col-size=\"sm\" data-start=\"2095\" data-end=\"2119\">216<\/td>\n<\/tr>\n<tr data-start=\"2120\" data-end=\"2169\">\n<td data-start=\"2120\" data-end=\"2145\" data-col-size=\"sm\">30 cm<\/td>\n<td data-start=\"2145\" data-end=\"2169\" data-col-size=\"sm\">121<\/td>\n<\/tr>\n<tr data-start=\"2170\" data-end=\"2219\">\n<td data-start=\"2170\" data-end=\"2195\" data-col-size=\"sm\">50 cm<\/td>\n<td data-start=\"2195\" data-end=\"2219\" data-col-size=\"sm\">78<\/td>\n<\/tr>\n<\/tbody>\n<\/table>\n<div class=\"sticky end-(--thread-content-margin) h-0 self-end select-none\">\n<div class=\"absolute end-0 flex items-end\"><\/div>\n<\/div>\n<\/div>\n<\/div>\n<blockquote data-start=\"2221\" data-end=\"2317\">\n<p class=\"\" data-start=\"2223\" data-end=\"2251\">\ud83c\udf1e <strong data-start=\"2226\" data-end=\"2249\">Lysbehov for planter<\/strong><\/p>\n<ul data-start=\"2254\" data-end=\"2317\">\n<li class=\"\" data-start=\"2254\" data-end=\"2281\">\n<p class=\"\" data-start=\"2256\" data-end=\"2281\">Fr\u00f8planter: 4-6 mol\/dag<\/p>\n<\/li>\n<li class=\"\" data-start=\"2284\" data-end=\"2317\">\n<p class=\"\" data-start=\"2286\" data-end=\"2317\">Voksende planter: 10-12 mol\/dag<\/p>\n<\/li>\n<\/ul>\n<\/blockquote>\n<h3 data-start=\"2324\" data-end=\"2359\"><\/h3>\n<h3 class=\"\" data-start=\"2324\" data-end=\"2359\"><strong data-start=\"2331\" data-end=\"2359\">Tekniske spesifikasjoner<\/strong><\/h3>\n<div class=\"_tableContainer_16hzy_1\">\n<div class=\"_tableWrapper_16hzy_14 group flex w-fit flex-col-reverse\" tabindex=\"-1\">\n<table class=\"w-fit min-w-(--thread-content-width)\" data-start=\"2361\" data-end=\"3342\">\n<thead data-start=\"2361\" data-end=\"2426\">\n<tr data-start=\"2361\" data-end=\"2426\">\n<th data-start=\"2361\" data-end=\"2393\" data-col-size=\"sm\"><strong data-start=\"2363\" data-end=\"2381\">Produktdetaljer<\/strong><\/th>\n<th data-start=\"2393\" data-end=\"2426\" data-col-size=\"sm\"><strong data-start=\"2395\" data-end=\"2412\">Spesifikasjon<\/strong><\/th>\n<\/tr>\n<\/thead>\n<tbody data-start=\"2492\" data-end=\"3342\">\n<tr data-start=\"2492\" data-end=\"2556\">\n<td data-start=\"2492\" data-end=\"2523\" data-col-size=\"sm\"><strong data-start=\"2494\" data-end=\"2509\">Produkttype<\/strong><\/td>\n<td data-col-size=\"sm\" data-start=\"2523\" data-end=\"2556\">LED Grolys pendellampe<\/td>\n<\/tr>\n<tr data-start=\"2557\" data-end=\"2621\">\n<td data-start=\"2557\" data-end=\"2588\" data-col-size=\"sm\"><strong data-start=\"2559\" data-end=\"2579\">Str\u00f8m (forbruk)<\/strong><\/td>\n<td data-col-size=\"sm\" data-start=\"2588\" data-end=\"2621\">35W<\/td>\n<\/tr>\n<tr data-start=\"2622\" data-end=\"2686\">\n<td data-start=\"2622\" data-end=\"2653\" data-col-size=\"sm\"><strong data-start=\"2624\" data-end=\"2647\">Sammenligningsverdi<\/strong><\/td>\n<td data-start=\"2653\" data-end=\"2686\" data-col-size=\"sm\">115W HPS<\/td>\n<\/tr>\n<tr data-start=\"2687\" data-end=\"2751\">\n<td data-start=\"2687\" data-end=\"2718\" data-col-size=\"sm\"><strong data-start=\"2689\" data-end=\"2701\">Lys farge<\/strong><\/td>\n<td data-start=\"2718\" data-end=\"2751\" data-col-size=\"sm\">Grolys rosa (r\u00f8d + bl\u00e5)<\/td>\n<\/tr>\n<tr data-start=\"2752\" data-end=\"2823\">\n<td data-start=\"2752\" data-end=\"2783\" data-col-size=\"sm\"><strong data-start=\"2754\" data-end=\"2764\">Dioder<\/strong><\/td>\n<td data-start=\"2783\" data-end=\"2823\" data-col-size=\"sm\">165 x 630 nm (r\u00f8d) + 60 x 460 nm (bl\u00e5)<\/td>\n<\/tr>\n<tr data-start=\"2824\" data-end=\"2888\">\n<td data-start=\"2824\" data-end=\"2855\" data-col-size=\"sm\"><strong data-start=\"2826\" data-end=\"2845\">Fargetemperatur<\/strong><\/td>\n<td data-col-size=\"sm\" data-start=\"2855\" data-end=\"2888\">630 nm + 460 nm<\/td>\n<\/tr>\n<tr data-start=\"2889\" data-end=\"2953\">\n<td data-start=\"2889\" data-end=\"2920\" data-col-size=\"sm\"><strong data-start=\"2891\" data-end=\"2902\">Livstid<\/strong><\/td>\n<td data-start=\"2920\" data-end=\"2953\" data-col-size=\"sm\">20 000 timer<\/td>\n<\/tr>\n<tr data-start=\"2954\" data-end=\"3018\">\n<td data-start=\"2954\" data-end=\"2985\" data-col-size=\"sm\"><strong data-start=\"2956\" data-end=\"2976\">P\u00e5\/av-syklus<\/strong><\/td>\n<td data-start=\"2985\" data-end=\"3018\" data-col-size=\"sm\">50.000<\/td>\n<\/tr>\n<tr data-start=\"3019\" data-end=\"3082\">\n<td data-start=\"3019\" data-end=\"3050\" data-col-size=\"sm\"><strong data-start=\"3021\" data-end=\"3042\">Arbeidstemperatur<\/strong><\/td>\n<td data-col-size=\"sm\" data-start=\"3050\" data-end=\"3082\">-20 \u00b0C til +50 \u00b0C<\/td>\n<\/tr>\n<tr data-start=\"3083\" data-end=\"3147\">\n<td data-start=\"3083\" data-end=\"3114\" data-col-size=\"sm\"><strong data-start=\"3085\" data-end=\"3094\">Kabler<\/strong><\/td>\n<td data-col-size=\"sm\" data-start=\"3114\" data-end=\"3147\">150 cm tilf\u00f8rselsledning<\/td>\n<\/tr>\n<tr data-start=\"3148\" data-end=\"3212\">\n<td data-start=\"3148\" data-end=\"3179\" data-col-size=\"sm\"><strong data-start=\"3150\" data-end=\"3170\">Str\u00f8mtilkobling<\/strong><\/td>\n<td data-col-size=\"sm\" data-start=\"3179\" data-end=\"3212\">230V AC - direkte<\/td>\n<\/tr>\n<tr data-start=\"3213\" data-end=\"3277\">\n<td data-start=\"3213\" data-end=\"3244\" data-col-size=\"sm\"><strong data-start=\"3215\" data-end=\"3225\">Oppheng<\/strong><\/td>\n<td data-col-size=\"sm\" data-start=\"3244\" data-end=\"3277\">Ledning inkludert<\/td>\n<\/tr>\n<tr data-start=\"3278\" data-end=\"3342\">\n<td data-start=\"3278\" data-end=\"3309\" data-col-size=\"sm\"><strong data-start=\"3280\" data-end=\"3290\">Manuell<\/strong><\/td>\n<td data-col-size=\"sm\" data-start=\"3309\" data-end=\"3342\">Engelsk inkludert<\/td>\n<\/tr>\n<\/tbody>\n<\/table>\n<div class=\"sticky end-(--thread-content-margin) h-0 self-end select-none\">\n<div class=\"absolute end-0 flex items-end\"><\/div>\n<\/div>\n<\/div>\n<\/div>\n<h3 data-start=\"3349\" data-end=\"3393\"><\/h3>\n<h3 class=\"\" data-start=\"3349\" data-end=\"3393\"><strong data-start=\"3355\" data-end=\"3393\">Klar til levering - enkel installasjon<\/strong><\/h3>\n<p class=\"\" data-start=\"3395\" data-end=\"3609\">Lampen leveres klar til bruk og krever ingen ekstra komponenter. Den er ideell for nybegynnere, s\u00e5 vel som for erfarne dyrkere som \u00f8nsker en <strong data-start=\"3539\" data-end=\"3586\">P\u00e5litelig, energieffektiv og enkel l\u00f8sning<\/strong> til mindre vekstsoner.<\/p>\n<hr class=\"\" data-start=\"3611\" data-end=\"3614\" \/>\n<p class=\"\" data-start=\"3616\" data-end=\"3734\">\ud83d\udce9 Har du sp\u00f8rsm\u00e5l eller trenger veiledning?<br data-start=\"3662\" data-end=\"3665\" \/><strong data-start=\"3665\" data-end=\"3734\">Kontakt oss - vi hjelper deg gjerne med \u00e5 finne den rette l\u00f8sningen.<\/strong><\/p>\n<h3 data-start=\"0\" data-end=\"59\"><strong data-start=\"4\" data-end=\"59\">Hva er forskjellen mellom vekstlys, vekstlamper og plantelys?<\/strong><\/h3>\n<p data-start=\"61\" data-end=\"632\" data-is-last-node=\"\" data-is-only-node=\"\"><strong><a href=\"https:\/\/plantelys.dk\/nb\/produktkategori-2\/vekstlys\/\">Vekstlys<\/a><\/strong> er et bredt, uformelt begrep for alt kunstig lys som brukes til \u00e5 dyrke planter innend\u00f8rs \u2013 uavhengig av teknologi, fargespekter eller form\u00e5l. <a href=\"https:\/\/plantelys.dk\/nb\/produktkategori-2\/vokse-lys-paere-lamper\/\"><strong>Grow lights<\/strong><\/a> P\u00e5 den annen side finnes det lys som er utviklet spesielt for \u00e5 st\u00f8tte visse vekstfaser, som spiring, vegetativ vekst eller blomstring, og som derfor ofte har et mer m\u00e5lrettet eller justerbart lysspekter. <strong><a href=\"https:\/\/plantelys.dk\/nb\/\">Plantelys<\/a><\/strong> er den generelle tekniske betegnelsen som dekker alle typer lyskilder som gir planter de b\u00f8lgelengdene (dagslys) som er n\u00f8dvendige for fotosyntese, og brukes b\u00e5de for hobbylamper og avanserte profesjonelle LED-l\u00f8sninger.<\/p>","protected":false},"excerpt":{"rendered":"<p>Billig grolys lampe for planter<\/p>","protected":false},"featured_media":35612,"comment_status":"open","ping_status":"closed","template":"","meta":{"_acf_changed":false},"product_brand":[],"product_cat":[235,92],"product_tag":[],"class_list":{"0":"post-3853","1":"product","2":"type-product","3":"status-publish","4":"has-post-thumbnail","6":"product_cat-grolys","7":"product_cat-vaekstlys-paerer-lamper","9":"entry","10":"has-media","12":"first","13":"instock","14":"taxable","15":"shipping-taxable","16":"purchasable","17":"product-type-simple","18":"has-product-nav","19":"col","20":"span_1_of_4","21":"owp-content-center","22":"item-entry","23":"owp-thumbs-layout-vertical","24":"owp-btn-normal","25":"owp-tabs-layout-horizontal"},"acf":[],"_links":{"self":[{"href":"https:\/\/plantelys.dk\/nb\/wp-json\/wp\/v2\/product\/3853","targetHints":{"allow":["GET"]}}],"collection":[{"href":"https:\/\/plantelys.dk\/nb\/wp-json\/wp\/v2\/product"}],"about":[{"href":"https:\/\/plantelys.dk\/nb\/wp-json\/wp\/v2\/types\/product"}],"replies":[{"embeddable":true,"href":"https:\/\/plantelys.dk\/nb\/wp-json\/wp\/v2\/comments?post=3853"}],"version-history":[{"count":0,"href":"https:\/\/plantelys.dk\/nb\/wp-json\/wp\/v2\/product\/3853\/revisions"}],"wp:featuredmedia":[{"embeddable":true,"href":"https:\/\/plantelys.dk\/nb\/wp-json\/wp\/v2\/media\/35612"}],"wp:attachment":[{"href":"https:\/\/plantelys.dk\/nb\/wp-json\/wp\/v2\/media?parent=3853"}],"wp:term":[{"taxonomy":"product_brand","embeddable":true,"href":"https:\/\/plantelys.dk\/nb\/wp-json\/wp\/v2\/product_brand?post=3853"},{"taxonomy":"product_cat","embeddable":true,"href":"https:\/\/plantelys.dk\/nb\/wp-json\/wp\/v2\/product_cat?post=3853"},{"taxonomy":"product_tag","embeddable":true,"href":"https:\/\/plantelys.dk\/nb\/wp-json\/wp\/v2\/product_tag?post=3853"}],"curies":[{"name":"wp","href":"https:\/\/api.w.org\/{rel}","templated":true}]}}