{"id":33982,"date":"2024-03-27T09:23:50","date_gmt":"2024-03-27T09:23:50","guid":{"rendered":"https:\/\/plantelys.dk\/?post_type=product&#038;p=33982"},"modified":"2025-12-16T08:12:11","modified_gmt":"2025-12-16T07:12:11","slug":"t8-staaende-led-grolys-120cm-4000k-48watt","status":"publish","type":"product","link":"https:\/\/plantelys.dk\/nb\/vare\/t8-staaende-led-grolys-120cm-4000k-48watt\/","title":{"rendered":"T8 Frittst\u00e5ende LED-vokselys 120 cm 4000K 48Watt"},"content":{"rendered":"<h2 class=\"\" data-start=\"233\" data-end=\"260\"><strong data-start=\"236\" data-end=\"258\">St\u00e5ende LED Grolys<\/strong><\/h2>\n<h3 class=\"\" data-start=\"261\" data-end=\"326\">Elegant, energieffektiv og optimal belysning for plantene dine<\/h3>\n<p class=\"\" data-start=\"328\" data-end=\"685\">Den st\u00e5ende <strong><a href=\"https:\/\/plantelys.dk\/nb\/produkt\/t8-staaende-led-grolys-120cm-4000k-48watt\/\">LED Grow Light<\/a> <\/strong>er designet med ett klart form\u00e5l: \u00e5 gi optimal sidelengs belysning for \u00e5 gi plantene dine best mulig lys - uansett hvor de st\u00e5r. Takket v\u00e6re den jevne lysfordelingen, det fulle spekteret og mulighetene for gulvplassering er denne lampen ideell for alt fra potteplanter og hylleoppsatser til drivhus- eller vaskeromsoppsett.<\/p>\n<p class=\"\" data-start=\"687\" data-end=\"857\">Enten du dyrker urter, tropiske planter eller blomstrende sorter, kan <a href=\"https:\/\/plantelys.dk\/nb\/produktkategori-2\/vekstlys\/\"><strong>Grolyset<\/strong><\/a> fleksibilitet, effektivitet og en design som passer inn i ethvert moderne hjem.<\/p>\n<h3 class=\"\" data-start=\"864\" data-end=\"911\"><strong data-start=\"868\" data-end=\"911\">Hvorfor du b\u00f8r velge st\u00e5ende LED Grolys<\/strong><\/h3>\n<div class=\"_tableContainer_16hzy_1\">\n<div class=\"_tableWrapper_16hzy_14 group flex w-fit flex-col-reverse\" tabindex=\"-1\">\n<table class=\"w-fit min-w-(--thread-content-width)\" data-start=\"913\" data-end=\"1714\">\n<thead data-start=\"913\" data-end=\"1026\">\n<tr data-start=\"913\" data-end=\"1026\">\n<th data-start=\"913\" data-end=\"943\" data-col-size=\"sm\"><strong data-start=\"915\" data-end=\"925\">Fordel<\/strong><\/th>\n<th data-start=\"943\" data-end=\"1026\" data-col-size=\"md\"><strong data-start=\"945\" data-end=\"960\">Beskrivelse<\/strong><\/th>\n<\/tr>\n<\/thead>\n<tbody data-start=\"1140\" data-end=\"1714\">\n<tr data-start=\"1140\" data-end=\"1255\">\n<td data-start=\"1140\" data-end=\"1171\" data-col-size=\"sm\"><strong data-start=\"1142\" data-end=\"1170\">Energieffektiv belysning<\/strong><\/td>\n<td data-col-size=\"md\" data-start=\"1171\" data-end=\"1255\">LED-teknologien sikrer lavt str\u00f8mforbruk og h\u00f8y ytelse.<\/td>\n<\/tr>\n<tr data-start=\"1256\" data-end=\"1369\">\n<td data-start=\"1256\" data-end=\"1286\" data-col-size=\"sm\"><strong data-start=\"1258\" data-end=\"1277\">Jevn lysdekning<\/strong><\/td>\n<td data-col-size=\"md\" data-start=\"1286\" data-end=\"1369\">Sidebelysning eliminerer skygger og s\u00f8rger for jevnt lys til alle plantene.<\/td>\n<\/tr>\n<tr data-start=\"1370\" data-end=\"1482\">\n<td data-start=\"1370\" data-end=\"1400\" data-col-size=\"sm\"><strong data-start=\"1372\" data-end=\"1389\">Optimal vekst<\/strong><\/td>\n<td data-col-size=\"md\" data-start=\"1400\" data-end=\"1482\">R\u00f8dt lys med et fullt spekter p\u00e5 660 nm stimulerer fotosyntesen og plantenes utvikling.<\/td>\n<\/tr>\n<tr data-start=\"1483\" data-end=\"1600\">\n<td data-start=\"1483\" data-end=\"1517\" data-col-size=\"sm\"><strong data-start=\"1485\" data-end=\"1516\">Stilig og stabil design<\/strong><\/td>\n<td data-col-size=\"md\" data-start=\"1517\" data-end=\"1600\">Stativstativ i minimalistisk stil som passer vakkert inn i hjemmet ditt.<\/td>\n<\/tr>\n<tr data-start=\"1601\" data-end=\"1714\">\n<td data-start=\"1601\" data-end=\"1631\" data-col-size=\"sm\"><strong data-start=\"1603\" data-end=\"1620\">Enkel betjening<\/strong><\/td>\n<td data-col-size=\"md\" data-start=\"1631\" data-end=\"1714\">Enkel \u00e5 montere og justere.<\/td>\n<\/tr>\n<\/tbody>\n<\/table>\n<div class=\"sticky end-(--thread-content-margin) h-0 self-end select-none\">\n<div class=\"absolute end-0 flex items-end\"><\/div>\n<\/div>\n<\/div>\n<\/div>\n<h3 class=\"\" data-start=\"1721\" data-end=\"1773\"><strong data-start=\"1725\" data-end=\"1773\">Fleksibel plassering - ingen oppheng n\u00f8dvendig<\/strong><\/h3>\n<p class=\"\" data-start=\"1775\" data-end=\"2076\">I motsetning til tradisjonelle vekstlamper krever denne Grolys ingen takmontering eller braketter. Du kan enkelt plassere den rett foran plantene - enten som prim\u00e6rbelysning eller som tilleggsbelysning i m\u00f8rkere hj\u00f8rner av hjemmet. Dette gir deg friheten til \u00e5 designe planteoppsettet ditt slik du \u00f8nsker.<\/p>\n<h3 class=\"\" data-start=\"2083\" data-end=\"2132\"><strong data-start=\"2087\" data-end=\"2132\">Slik plasserer du lyset - en rask guide<\/strong><\/h3>\n<p class=\"\" data-start=\"2134\" data-end=\"2230\">Lysbehovet varierer avhengig av plantens type og vekststadium. Her er v\u00e5re anbefalte avstander:<\/p>\n<div class=\"_tableContainer_16hzy_1\">\n<div class=\"_tableWrapper_16hzy_14 group flex w-fit flex-col-reverse\" tabindex=\"-1\">\n<table class=\"w-fit min-w-(--thread-content-width)\" data-start=\"2232\" data-end=\"2663\">\n<thead data-start=\"2232\" data-end=\"2303\">\n<tr data-start=\"2232\" data-end=\"2303\">\n<th data-start=\"2232\" data-end=\"2261\" data-col-size=\"sm\"><strong data-start=\"2234\" data-end=\"2248\">Anleggstype<\/strong><\/th>\n<th data-start=\"2261\" data-end=\"2303\" data-col-size=\"sm\"><strong data-start=\"2263\" data-end=\"2284\">Avstand til lampe<\/strong><\/th>\n<\/tr>\n<\/thead>\n<tbody data-start=\"2376\" data-end=\"2663\">\n<tr data-start=\"2376\" data-end=\"2447\">\n<td data-start=\"2376\" data-end=\"2405\" data-col-size=\"sm\">Spirer og sm\u00e5 planter<\/td>\n<td data-col-size=\"sm\" data-start=\"2405\" data-end=\"2447\">60-75 cm (24-30 tommer)<\/td>\n<\/tr>\n<tr data-start=\"2448\" data-end=\"2519\">\n<td data-start=\"2448\" data-end=\"2477\" data-col-size=\"sm\">Voksne planter<\/td>\n<td data-col-size=\"sm\" data-start=\"2477\" data-end=\"2519\">30-60 cm (12-24 tommer)<\/td>\n<\/tr>\n<tr data-start=\"2520\" data-end=\"2591\">\n<td data-start=\"2520\" data-end=\"2549\" data-col-size=\"sm\">Lyskrevende arter<\/td>\n<td data-start=\"2549\" data-end=\"2591\" data-col-size=\"sm\">N\u00e6rmere avstand (individuelt justerbar)<\/td>\n<\/tr>\n<tr data-start=\"2592\" data-end=\"2663\">\n<td data-start=\"2592\" data-end=\"2621\" data-col-size=\"sm\">Skyggetolerante planter<\/td>\n<td data-col-size=\"sm\" data-start=\"2621\" data-end=\"2663\">Lengre avstand for sk\u00e5nsomt lys<\/td>\n<\/tr>\n<\/tbody>\n<\/table>\n<div class=\"sticky end-(--thread-content-margin) h-0 self-end select-none\">\n<div class=\"absolute end-0 flex items-end\"><\/div>\n<\/div>\n<\/div>\n<\/div>\n<ul data-start=\"2665\" data-end=\"2917\">\n<li class=\"\" data-start=\"2665\" data-end=\"2728\">\n<p class=\"\" data-start=\"2667\" data-end=\"2728\"><strong data-start=\"2667\" data-end=\"2692\">Spirer og sm\u00e5 planter<\/strong> trenger mildt, diffust lys.<\/p>\n<\/li>\n<li class=\"\" data-start=\"2729\" data-end=\"2816\">\n<p class=\"\" data-start=\"2731\" data-end=\"2816\"><strong data-start=\"2731\" data-end=\"2749\">Voksne planter<\/strong> t\u00e5ler h\u00f8yere intensitet - spesielt de med blomster eller frukt.<\/p>\n<\/li>\n<li class=\"\" data-start=\"2817\" data-end=\"2917\">\n<p class=\"\" data-start=\"2819\" data-end=\"2917\"><strong data-start=\"2819\" data-end=\"2843\">Spesialiserte arter<\/strong> som sukkulenter eller orkideer krever justering i henhold til individuelle behov.<\/p>\n<\/li>\n<\/ul>\n<p class=\"\" data-start=\"2919\" data-end=\"3051\">Husk at dette er generelle retningslinjer. Hvis du har spesifikke sp\u00f8rsm\u00e5l, st\u00e5r teamet v\u00e5rt klart til \u00e5 hjelpe deg med personlige r\u00e5d.<\/p>\n<h3 class=\"\" data-start=\"3058\" data-end=\"3081\"><strong data-start=\"3062\" data-end=\"3081\">Spesifikasjoner<\/strong><\/h3>\n<div class=\"_tableContainer_16hzy_1\">\n<div class=\"_tableWrapper_16hzy_14 group flex w-fit flex-col-reverse\" tabindex=\"-1\">\n<table class=\"w-fit min-w-(--thread-content-width)\" data-start=\"3083\" data-end=\"3714\">\n<thead data-start=\"3083\" data-end=\"3153\">\n<tr data-start=\"3083\" data-end=\"3153\">\n<th data-start=\"3083\" data-end=\"3112\" data-col-size=\"sm\"><strong data-start=\"3085\" data-end=\"3097\">Funksjonalitet<\/strong><\/th>\n<th data-start=\"3112\" data-end=\"3153\" data-col-size=\"sm\"><strong data-start=\"3114\" data-end=\"3126\">Flere detaljer<\/strong><\/th>\n<\/tr>\n<\/thead>\n<tbody data-start=\"3225\" data-end=\"3714\">\n<tr data-start=\"3225\" data-end=\"3294\">\n<td data-start=\"3225\" data-end=\"3253\" data-col-size=\"sm\">Effekt<\/td>\n<td data-col-size=\"sm\" data-start=\"3253\" data-end=\"3294\">42W<\/td>\n<\/tr>\n<tr data-start=\"3295\" data-end=\"3364\">\n<td data-start=\"3295\" data-end=\"3323\" data-col-size=\"sm\">Dimensjoner<\/td>\n<td data-start=\"3323\" data-end=\"3364\" data-col-size=\"sm\">1200 x 32 x 32 mm<\/td>\n<\/tr>\n<tr data-start=\"3365\" data-end=\"3434\">\n<td data-start=\"3365\" data-end=\"3393\" data-col-size=\"sm\">Lyskvalitet<\/td>\n<td data-col-size=\"sm\" data-start=\"3393\" data-end=\"3434\">Fullt spekter: 3000K + 5000K + 660nm<\/td>\n<\/tr>\n<tr data-start=\"3435\" data-end=\"3504\">\n<td data-start=\"3435\" data-end=\"3463\" data-col-size=\"sm\">LED-type<\/td>\n<td data-col-size=\"sm\" data-start=\"3463\" data-end=\"3504\">Samsung og Osram LED<\/td>\n<\/tr>\n<tr data-start=\"3505\" data-end=\"3574\">\n<td data-start=\"3505\" data-end=\"3533\" data-col-size=\"sm\">Stativh\u00f8yde<\/td>\n<td data-col-size=\"sm\" data-start=\"3533\" data-end=\"3574\">11 cm<\/td>\n<\/tr>\n<tr data-start=\"3575\" data-end=\"3644\">\n<td data-start=\"3575\" data-end=\"3603\" data-col-size=\"sm\">Inngangsspenning<\/td>\n<td data-col-size=\"sm\" data-start=\"3603\" data-end=\"3644\">AC 100-277V<\/td>\n<\/tr>\n<tr data-start=\"3645\" data-end=\"3714\">\n<td data-start=\"3645\" data-end=\"3673\" data-col-size=\"sm\">Levetid (veiledende)<\/td>\n<td data-col-size=\"sm\" data-start=\"3673\" data-end=\"3714\">Opp til 54 000 timer<\/td>\n<\/tr>\n<\/tbody>\n<\/table>\n<div class=\"sticky end-(--thread-content-margin) h-0 self-end select-none\">\n<div class=\"absolute end-0 flex items-end\"><\/div>\n<\/div>\n<\/div>\n<\/div>\n<h3 class=\"\" data-start=\"3721\" data-end=\"3758\"><strong data-start=\"3725\" data-end=\"3758\">Vil du ha mer inspirasjon?<\/strong><\/h3>\n<p class=\"\" data-start=\"3760\" data-end=\"3970\">Utforsk sortimentet v\u00e5rt og l\u00e6r mer om hvordan riktig belysning kan utgj\u00f8re en verden av forskjell for plantene dine. Ta ogs\u00e5 en titt p\u00e5 bildegalleriet v\u00e5rt for kreative oppsett og ideer til ditt neste planteprosjekt.<\/p>\n<p class=\"\" data-start=\"3972\" data-end=\"4033\">\ud83d\udc49 Klikk her for \u00e5 se hele v\u00e5rt utvalg av <a href=\"https:\/\/plantelys.dk\/nb\/21049-revisjon-v1\/\"><strong>Grolys produkter<\/strong><\/a>.<\/p>\n<hr \/>\n<h3 data-start=\"0\" data-end=\"59\"><strong data-start=\"4\" data-end=\"59\">Hva er forskjellen mellom vekstlys, vekstlamper og plantelys?<\/strong><\/h3>\n<p data-start=\"61\" data-end=\"632\" data-is-last-node=\"\" data-is-only-node=\"\"><strong><a href=\"https:\/\/plantelys.dk\/nb\/produktkategori-2\/vekstlys\/\">Vekstlys<\/a><\/strong> er et bredt, uformelt begrep for alt kunstig lys som brukes til \u00e5 dyrke planter innend\u00f8rs \u2013 uavhengig av teknologi, fargespekter eller form\u00e5l. <a href=\"https:\/\/plantelys.dk\/nb\/produktkategori-2\/vokse-lys-paere-lamper\/\"><strong>Grow lights<\/strong><\/a> P\u00e5 den annen side finnes det lys som er utviklet spesielt for \u00e5 st\u00f8tte visse vekstfaser, som spiring, vegetativ vekst eller blomstring, og som derfor ofte har et mer m\u00e5lrettet eller justerbart lysspekter. <strong><a href=\"https:\/\/plantelys.dk\/nb\/\">Plantelys<\/a><\/strong> er den generelle tekniske betegnelsen som dekker alle typer lyskilder som gir planter de b\u00f8lgelengdene (dagslys) som er n\u00f8dvendige for fotosyntese, og brukes b\u00e5de for hobbylamper og avanserte profesjonelle LED-l\u00f8sninger.<\/p>","protected":false},"excerpt":{"rendered":"<p>V\u00e5r gulvst\u00e5ende modell tilbyr et unikt belysningsalternativ sammenlignet med standard takbelysning. En av fordelene er at du enkelt kan flytte rundt p\u00e5 dette vekstlyset.<\/p>\n<p>&nbsp;<\/p>\n<p>&nbsp;<\/p>","protected":false},"featured_media":33990,"comment_status":"closed","ping_status":"closed","template":"","meta":{"_acf_changed":false},"product_brand":[],"product_cat":[235,92],"product_tag":[],"class_list":{"0":"post-33982","1":"product","2":"type-product","3":"status-publish","4":"has-post-thumbnail","6":"product_cat-grolys","7":"product_cat-vaekstlys-paerer-lamper","9":"entry","10":"has-media","12":"first","13":"instock","14":"taxable","15":"shipping-taxable","16":"purchasable","17":"product-type-simple","18":"has-product-nav","19":"col","20":"span_1_of_4","21":"owp-content-center","22":"item-entry","23":"owp-thumbs-layout-vertical","24":"owp-btn-normal","25":"owp-tabs-layout-horizontal"},"acf":[],"_links":{"self":[{"href":"https:\/\/plantelys.dk\/nb\/wp-json\/wp\/v2\/product\/33982","targetHints":{"allow":["GET"]}}],"collection":[{"href":"https:\/\/plantelys.dk\/nb\/wp-json\/wp\/v2\/product"}],"about":[{"href":"https:\/\/plantelys.dk\/nb\/wp-json\/wp\/v2\/types\/product"}],"replies":[{"embeddable":true,"href":"https:\/\/plantelys.dk\/nb\/wp-json\/wp\/v2\/comments?post=33982"}],"version-history":[{"count":0,"href":"https:\/\/plantelys.dk\/nb\/wp-json\/wp\/v2\/product\/33982\/revisions"}],"wp:featuredmedia":[{"embeddable":true,"href":"https:\/\/plantelys.dk\/nb\/wp-json\/wp\/v2\/media\/33990"}],"wp:attachment":[{"href":"https:\/\/plantelys.dk\/nb\/wp-json\/wp\/v2\/media?parent=33982"}],"wp:term":[{"taxonomy":"product_brand","embeddable":true,"href":"https:\/\/plantelys.dk\/nb\/wp-json\/wp\/v2\/product_brand?post=33982"},{"taxonomy":"product_cat","embeddable":true,"href":"https:\/\/plantelys.dk\/nb\/wp-json\/wp\/v2\/product_cat?post=33982"},{"taxonomy":"product_tag","embeddable":true,"href":"https:\/\/plantelys.dk\/nb\/wp-json\/wp\/v2\/product_tag?post=33982"}],"curies":[{"name":"wp","href":"https:\/\/api.w.org\/{rel}","templated":true}]}}