{"id":26669,"date":"2024-01-07T17:16:55","date_gmt":"2024-01-07T17:16:55","guid":{"rendered":"https:\/\/plantelys.dk\/?post_type=product&#038;p=26669"},"modified":"2025-10-13T12:54:22","modified_gmt":"2025-10-13T11:54:22","slug":"habanero-roed-chili-froe","status":"publish","type":"product","link":"https:\/\/plantelys.dk\/nb\/vare\/habanero-red-chili-froe\/","title":{"rendered":"Habanero r\u00f8de chilifr\u00f8"},"content":{"rendered":"<div id=\"product-description-short-5411\" class=\"product-description\">\n<h2><strong>Habanero r\u00f8d chili<\/strong> frosk<\/h2>\n<p>\"Habanero Red (Capsicum chinense) er en av de sterkeste peppersortene og oppn\u00e5r hele 350 000 poeng p\u00e5 Scoville-skalaen, noe som langt overg\u00e5r jalape\u00f1o-pepperens 8000 poeng.<\/p>\n<p>Denne chilien som vi tilbyr i butikken v\u00e5r er lett \u00e5 dyrke, og krever bare en varm, lys beliggenhet og fruktbar jord. Planten har en buskete form, blir 90-100 cm h\u00f8y og er prydet med dekorative, m\u00f8rkegr\u00f8nne, store blader. Fruktene er f\u00f8rst gr\u00f8nne, men skifter til en intens r\u00f8d farge n\u00e5r de er modne.<\/p>\n<p>De varierer i form fra blokkformede til avlange og har en skinnende overflate. Disse sm\u00e5 paprikaene, som m\u00e5ler 4-6 cm, er et attraktivt tilskudd p\u00e5 balkongen eller i hagen. T\u00f8rket og malt blir de til et ekstremt sterkt krydder, perfekt til kj\u00f8tt, marinader eller varmende sauser.<\/p>\n<p>For \u00e5 dyrke 'Habanero Red' chili b\u00f8r fr\u00f8ene s\u00e5s tidlig p\u00e5 v\u00e5ren innend\u00f8rs, i et drivhus eller i et oppvarmet dyrkingsrom. Minimumstemperaturen for spiring og plantevekst er 17 \u00b0C, best over 25 \u00b0C. Denne varmekj\u00e6re chilien trives best p\u00e5 solrike steder i godt drenert, humusrik jord eller i potter med gr\u00f8nnsaks- og urtejord.<\/p>\n<p>Fruktene er klare til \u00e5 h\u00f8stes omtrent 100 dager etter s\u00e5ing.<\/p>\n<p>Merk: Habanero chilifr\u00f8 b\u00f8r s\u00e5s med hansker, og hendene b\u00f8r vaskes grundig umiddelbart etterp\u00e5.<\/p>\n<p><strong>Pakken inneholder:<\/strong><\/p>\n<ul>\n<li>0,2 g fr\u00f8 av \"Habanero Red\"-pepper.<\/li>\n<\/ul>\n<h2>Produktdetaljer:<\/h2>\n<ul>\n<li>Vekt: 0,2 g<\/li>\n<li>H\u00f8yde: 90 - 100 cm<\/li>\n<li>Bruk: Krydder - r\u00e5 eller t\u00f8rket og malt<\/li>\n<li>Innh\u00f8stingstid: 100 dager etter s\u00e5ing<\/li>\n<li>Vekstform: Buskete<\/li>\n<li>Blader: Store, m\u00f8rkegr\u00f8nne<\/li>\n<li>Ideell plassering: Solrikt, i godt drenert, humusrik jord<\/li>\n<\/ul>\n<\/div>","protected":false},"excerpt":{"rendered":"<p>'Habanero Red' er en ekstremt sterk chili som n\u00e5r opp til 350 000 p\u00e5 Scoville-skalaen, og den er lett \u00e5 dyrke med en buskete vekstform og dekorative blader. Den er perfekt til krydder, er klar til h\u00f8sting 100 dager etter s\u00e5ing og trives best i solrike, humusrike omr\u00e5der.<\/p>","protected":false},"featured_media":26671,"comment_status":"open","ping_status":"closed","template":"","meta":{"_acf_changed":false},"product_brand":[],"product_cat":[215,161],"product_tag":[],"class_list":{"0":"post-26669","1":"product","2":"type-product","3":"status-publish","4":"has-post-thumbnail","6":"product_cat-chillifroe-habanero-cayenne","7":"product_cat-plante-froe","9":"entry","10":"has-media","12":"first","13":"outofstock","14":"taxable","15":"shipping-taxable","16":"purchasable","17":"product-type-simple","18":"has-product-nav","19":"col","20":"span_1_of_4","21":"owp-content-center","22":"item-entry","23":"owp-thumbs-layout-vertical","24":"owp-btn-normal","25":"owp-tabs-layout-horizontal"},"acf":[],"_links":{"self":[{"href":"https:\/\/plantelys.dk\/nb\/wp-json\/wp\/v2\/product\/26669","targetHints":{"allow":["GET"]}}],"collection":[{"href":"https:\/\/plantelys.dk\/nb\/wp-json\/wp\/v2\/product"}],"about":[{"href":"https:\/\/plantelys.dk\/nb\/wp-json\/wp\/v2\/types\/product"}],"replies":[{"embeddable":true,"href":"https:\/\/plantelys.dk\/nb\/wp-json\/wp\/v2\/comments?post=26669"}],"version-history":[{"count":0,"href":"https:\/\/plantelys.dk\/nb\/wp-json\/wp\/v2\/product\/26669\/revisions"}],"wp:featuredmedia":[{"embeddable":true,"href":"https:\/\/plantelys.dk\/nb\/wp-json\/wp\/v2\/media\/26671"}],"wp:attachment":[{"href":"https:\/\/plantelys.dk\/nb\/wp-json\/wp\/v2\/media?parent=26669"}],"wp:term":[{"taxonomy":"product_brand","embeddable":true,"href":"https:\/\/plantelys.dk\/nb\/wp-json\/wp\/v2\/product_brand?post=26669"},{"taxonomy":"product_cat","embeddable":true,"href":"https:\/\/plantelys.dk\/nb\/wp-json\/wp\/v2\/product_cat?post=26669"},{"taxonomy":"product_tag","embeddable":true,"href":"https:\/\/plantelys.dk\/nb\/wp-json\/wp\/v2\/product_tag?post=26669"}],"curies":[{"name":"wp","href":"https:\/\/api.w.org\/{rel}","templated":true}]}}