{"id":25161,"date":"2023-11-14T09:11:10","date_gmt":"2023-11-14T09:11:10","guid":{"rendered":"https:\/\/plantelys.dk\/?post_type=product&#038;p=25161"},"modified":"2026-02-18T09:15:50","modified_gmt":"2026-02-18T08:15:50","slug":"kattesandbrett-for-en-sunn-katt-uten-jord-blaa","status":"publish","type":"product","link":"https:\/\/plantelys.dk\/nb\/vare\/kattegraesbakke-for-en-sunder-kat-uden-jord-blaa\/","title":{"rendered":"Kattegressbrett for en sunn katt uten jord - Bl\u00e5"},"content":{"rendered":"<h2 class=\"product_title entry-title\">Kattesandbrett for dyrking av gress uten jord - Bl\u00e5<\/h2>\n<p><a href=\"https:\/\/plantelys.dk\/nb\/produkt\/kattesandbrett-for-en-sunn-katt-uten-jord-blaa\/\">Kattgressbrettet,<\/a> er designet for \u00e5 dyrke kattegress, en type gress som katter liker \u00e5 gnage p\u00e5. Kattegress kan bidra til bedre ford\u00f8yelse og redusere dannelsen av h\u00e5rballer hos katter.<\/p>\n<p>Dette brettet skaper perfekte forhold for trygg og kontrollert gressvekst, slik at katten din kan nyte ferskt gress innend\u00f8rs. Dette er spesielt nyttig fordi det gir katten din et naturlig og sunt mellomm\u00e5ltid uten at den trenger \u00e5 v\u00e6re utend\u00f8rs.<\/p>\n<p>Mange katteeiere velger \u00e5 ha en kattebakke i hjemmet fordi det gir katten en naturlig tyggeaktivitet som er sunn og bidrar til kattens velv\u00e6re.<\/p>\n<p>Kattemynte kan ogs\u00e5 skape en f\u00f8lelse av natur for en katt som prim\u00e6rt er innekatt, noe som kan ha en beroligende og tilfredsstillende effekt. Det kan ogs\u00e5 bidra til \u00e5 distrahere katten fra \u00e5 tygge p\u00e5 andre, muligens giftige, planter i hjemmet.<\/p>\n<p>Det b\u00f8r imidlertid bemerkes at ikke alle katter er interessert i kattemynte. Noen kan v\u00e6re uinteresserte, mens andre er veldig entusiastiske. Hvis katten din ikke viser interesse, kan det hjelpe \u00e5 pr\u00f8ve forskjellige typer gress eller endre plasseringen av brettet for \u00e5 vekke kattens nysgjerrighet.<\/p>\n<h3>Lag din egen kattemynte med hvetegress<\/h3>\n<p>F\u00f8lg oppskriften nedenfor for \u00e5 lage ditt eget kattegress av hvetegress:<\/p>\n<ol>\n<li>Legg hvetekjernene i bl\u00f8t i vann i ca. 12-24 timer<\/li>\n<li>Fordel dem jevnt i kattesandbrettet (\u00f8verste brett\/rist)<\/li>\n<li>Hell ca. 5 mm vann i underbrettet<\/li>\n<li>Dekk til spirebrettet med plast<\/li>\n<li>N\u00e5r spirene n\u00e5r plasten\/lokket, fjerner du det<\/li>\n<li>Vann regelmessig i det nedre brettet<\/li>\n<li>N\u00e5r kattegresset er ca. 10 cm h\u00f8yt, er det klart<\/li>\n<li>Husk \u00e5 vanne under brettet regelmessig<\/li>\n<\/ol>\n<p>Du vil finne <strong>hvetegress<\/strong> <span style=\"text-decoration: underline;\"><a title=\"Hvetegress\" href=\"https:\/\/plantelys.dk\/nb\/produkt\/oeko-hvetegressfroe-2\/\" target=\"_blank\" rel=\"noopener\">her<\/a><\/span><\/p>\n<p>&nbsp;<\/p>\n<h3>Kattegress med kattegressfr\u00f8blanding:<\/h3>\n<ol>\n<li>Legg kokosblokken i bl\u00f8t i vann (1 blokk til 4 liter vann) i en b\u00f8tte<\/li>\n<li>Legg ca. 1 cm. kokosmel i spirebrettet (\u00f8verste brett\/rist)<\/li>\n<li>Dryss fr\u00f8ene over kokossmulene (Cat grass mix).<\/li>\n<li>Hell ca. 0,5 cm vann i bunnsk\u00e5len<\/li>\n<li>Legg et lokk eller en plastfilm over brettet<\/li>\n<li>N\u00e5r de f\u00f8rste spirene n\u00e5r lokket, fjerner du det<\/li>\n<li>Plasser dem deretter under lys eller i et vindu<\/li>\n<li>Vann da bare i det nedre brettet (l\u00f8ft i det \u00f8vre brettet)<\/li>\n<\/ol>\n<p>Du vil finne <strong>Kattemynteblanding<\/strong> <a href=\"https:\/\/plantelys.dk\/nb\/produkt\/kattegraes-katter-blanding-froe-2\/\" target=\"_blank\" rel=\"noopener\"><span style=\"text-decoration: underline;\">her<\/span><\/a><\/p>\n<p>&nbsp;<\/p>\n<h3>Teknisk informasjon<\/h3>\n<p>\u2013 Type: PP-brett i bl\u00e5tt og hvitt<br \/>\n- St\u00f8rrelse p\u00e5 ytre brett: 12 cm x 18,5 x 4,4 cm<br \/>\n- St\u00f8rrelse p\u00e5 innvendig brett: 16,2 cm x 8,8 x 2,3 cm<\/p>\n<p><a href=\"https:\/\/da.wikipedia.org\/wiki\/Mikrogr%C3%B8nt\" target=\"_blank\" rel=\"noopener\">Les noen mer om mikrogr\u00f8nt her<\/a><\/p>","protected":false},"excerpt":{"rendered":"<p>Kattegressbrett brukes til \u00e5 dyrke gress innend\u00f8rs for \u00e5 fremme kattens helse og velv\u00e6re. Disse brettene er utstyrt med dreneringshull for \u00e5 unng\u00e5 r\u00e5tnende r\u00f8tter. Klar for katten i l\u00f8pet av 1-2 uker.<\/p>","protected":false},"featured_media":25162,"comment_status":"open","ping_status":"closed","template":"","meta":{"_acf_changed":false},"product_brand":[],"product_cat":[177],"product_tag":[],"class_list":{"0":"post-25161","1":"product","2":"type-product","3":"status-publish","4":"has-post-thumbnail","6":"product_cat-mikrogroent-bakker","8":"entry","9":"has-media","11":"first","12":"outofstock","13":"taxable","14":"shipping-taxable","15":"purchasable","16":"product-type-simple","17":"has-product-nav","18":"col","19":"span_1_of_4","20":"owp-content-center","21":"item-entry","22":"owp-thumbs-layout-vertical","23":"owp-btn-normal","24":"owp-tabs-layout-horizontal"},"acf":[],"_links":{"self":[{"href":"https:\/\/plantelys.dk\/nb\/wp-json\/wp\/v2\/product\/25161","targetHints":{"allow":["GET"]}}],"collection":[{"href":"https:\/\/plantelys.dk\/nb\/wp-json\/wp\/v2\/product"}],"about":[{"href":"https:\/\/plantelys.dk\/nb\/wp-json\/wp\/v2\/types\/product"}],"replies":[{"embeddable":true,"href":"https:\/\/plantelys.dk\/nb\/wp-json\/wp\/v2\/comments?post=25161"}],"version-history":[{"count":0,"href":"https:\/\/plantelys.dk\/nb\/wp-json\/wp\/v2\/product\/25161\/revisions"}],"wp:featuredmedia":[{"embeddable":true,"href":"https:\/\/plantelys.dk\/nb\/wp-json\/wp\/v2\/media\/25162"}],"wp:attachment":[{"href":"https:\/\/plantelys.dk\/nb\/wp-json\/wp\/v2\/media?parent=25161"}],"wp:term":[{"taxonomy":"product_brand","embeddable":true,"href":"https:\/\/plantelys.dk\/nb\/wp-json\/wp\/v2\/product_brand?post=25161"},{"taxonomy":"product_cat","embeddable":true,"href":"https:\/\/plantelys.dk\/nb\/wp-json\/wp\/v2\/product_cat?post=25161"},{"taxonomy":"product_tag","embeddable":true,"href":"https:\/\/plantelys.dk\/nb\/wp-json\/wp\/v2\/product_tag?post=25161"}],"curies":[{"name":"wp","href":"https:\/\/api.w.org\/{rel}","templated":true}]}}