{"id":24149,"date":"2023-09-28T09:26:52","date_gmt":"2023-09-28T09:26:52","guid":{"rendered":"https:\/\/plantelys.dk\/?post_type=product&#038;p=24149"},"modified":"2026-03-11T09:19:35","modified_gmt":"2026-03-11T08:19:35","slug":"led-vekstlys-med-2-bevegelige-armer-fullt-spekter","status":"publish","type":"product","link":"https:\/\/plantelys.dk\/nb\/vare\/led-grolys-med-2-bevaegelige-arme-fuldspektrum\/","title":{"rendered":"LED-vokselys med 2 bevegelige armer med fullt spektrum"},"content":{"rendered":"<h2>Fullspektret vokselys med 2 bevegelige armer<\/h2>\n<p>Vert <strong><a href=\"https:\/\/plantelys.dk\/nb\/\">plantelys<\/a><\/strong> Du kan kj\u00f8pe fleksible vekstlamper med to bevegelige armer som kan n\u00e5 rundt hele planten. De kan belyse flere planter samtidig, eller \u00e9n stor plante. Med de fleksible armene kan du velge hvilken vei lyset skal peke, da du kan f\u00e5 lys 360\u00b0 rundt lampen.<\/p>\n<p>Lampen kommer med fin <strong><a href=\"https:\/\/plantelys.dk\/nb\/produktkategori-2\/vekstlys\/\">hele spekteret vokse lys<\/a><\/strong>, som er det beste lyset for plantene dine. Lyset har en b\u00f8lgelengde p\u00e5 380 nm til 840 nm, nesten som sollys, bare uten den skadelige UV-en og varmen!<\/p>\n<p>P\u00e5 bunnen av de 2 armene er det en kraftig klemme som gj\u00f8r det mulig \u00e5 montere armaturet akkurat der du \u00f8nsker. Det kan v\u00e6re direkte p\u00e5 en skrivebordskant, en bokhylle eller noe helt annet.<\/p>\n<p>De 2 armene er laget av h\u00f8ykvalitets fleksibelt materiale som enkelt kan b\u00f8yes til \u00f8nskede posisjoner. Disse armene kan holde sin posisjon n\u00e5r de har blitt plassert som \u00f8nsket.<\/p>\n<h3>Egenskaper:<\/h3>\n<ul>\n<li>Armaturet kommer med en innebygd timer, slik at du kan stille inn hvor lenge lampen skal v\u00e6re p\u00e5. Kan stilles inn til 3, 9 og 12 timers intervaller.<\/li>\n<li>Lyset kan dimmes i 10 forskjellige niv\u00e5er mellom 10% og 100% lysstyrke.<\/li>\n<li>Armaturet kommer med 2 kanaler, noe som gj\u00f8r at du kan n\u00f8ye deg med \u00e5 ha 2 av de 4 lampene p\u00e5.<\/li>\n<li>Leveres med USB A, slik at armaturet enkelt kan kobles til en adapter kjent fra f.eks. ens mobiltelefonlader.\u00a0<strong>Adapter inkludert.<\/strong><\/li>\n<\/ul>\n<p>Er du i tvil om gl\u00f8delys, kan du <a href=\"https:\/\/www.sunflux.dk\/da\/blog\/forsta-begreberne-for-grolys\" target=\"_blank\" rel=\"noopener\">les mer her. <\/a>Eller p\u00e5 <a href=\"https:\/\/plantelys.dk\/nb\/alt-om-groent-lys-og-vokselys\/\"><strong>bloggen v\u00e5r her<\/strong>.<\/a><\/p>\n<h3><\/h3>\n<h3>Str\u00f8m og spenning<\/h3>\n<table>\n<tbody>\n<tr>\n<td>Begeistring:<\/td>\n<td>220\u2013240V (5V)<\/td>\n<\/tr>\n<tr>\n<td>Forbruk (watt):<\/td>\n<td>10W<\/td>\n<\/tr>\n<tr>\n<td>Lys farge:<\/td>\n<td>Varm hvit<\/td>\n<\/tr>\n<tr>\n<td>Forventet levetid (timer):<\/td>\n<td>25.000<\/td>\n<\/tr>\n<\/tbody>\n<\/table>\n<h3>Annen info<\/h3>\n<table>\n<tbody>\n<tr>\n<td>H\u00f8yde:<\/td>\n<td>35 cm<\/td>\n<\/tr>\n<tr>\n<td>Bredde:<\/td>\n<td>15 cm<\/td>\n<\/tr>\n<tr>\n<td>Livstidsgaranti<\/td>\n<td>1 \u00e5r<\/td>\n<\/tr>\n<tr>\n<td>LED:<\/td>\n<td>Fullspektrum vekstdioder 4000K\/Ra95+660nm<\/td>\n<\/tr>\n<tr>\n<td>Stikkontakt (feste):<\/td>\n<td>Kabel med USB A<\/td>\n<\/tr>\n<tr>\n<td>Antall lysdioder:<\/td>\n<td>40<\/td>\n<\/tr>\n<tr>\n<td>Arbeidstemperatur:<\/td>\n<td>-20\u00b0 \u2013 +40\u00b0<\/td>\n<\/tr>\n<\/tbody>\n<\/table>\n<p>&nbsp;<\/p>\n<hr \/>\n<h3 data-start=\"0\" data-end=\"59\"><strong data-start=\"4\" data-end=\"59\">Hva er forskjellen mellom vekstlys, vekstlamper og plantelys?<\/strong><\/h3>\n<p data-start=\"61\" data-end=\"632\" data-is-last-node=\"\" data-is-only-node=\"\"><strong><a href=\"https:\/\/plantelys.dk\/nb\/produktkategori-2\/vekstlys\/\">Vekstlys<\/a><\/strong> er et bredt, uformelt begrep for alt kunstig lys som brukes til \u00e5 dyrke planter innend\u00f8rs \u2013 uavhengig av teknologi, fargespekter eller form\u00e5l. <a href=\"https:\/\/plantelys.dk\/nb\/produktkategori-2\/vokse-lys-paere-lamper\/\"><strong>Grow lights<\/strong><\/a> P\u00e5 den annen side finnes det lys som er utviklet spesielt for \u00e5 st\u00f8tte visse vekstfaser, som spiring, vegetativ vekst eller blomstring, og som derfor ofte har et mer m\u00e5lrettet eller justerbart lysspekter. <strong><a href=\"https:\/\/plantelys.dk\/nb\/\">Plantelys<\/a><\/strong> er den generelle tekniske betegnelsen som dekker alle typer lyskilder som gir planter de b\u00f8lgelengdene (dagslys) som er n\u00f8dvendige for fotosyntese, og brukes b\u00e5de for hobbylamper og avanserte profesjonelle LED-l\u00f8sninger.<\/p>","protected":false},"excerpt":{"rendered":"<p>Fleksibel grolys armatur med 2 fleksible armer som gj\u00f8r det mulig \u00e5 plassere lyset akkurat der du \u00f8nsker. Veggplugg og driver inkludert. USB-plugg<\/p>","protected":false},"featured_media":24172,"comment_status":"open","ping_status":"closed","template":"","meta":{"_acf_changed":false},"product_brand":[],"product_cat":[235,246,92],"product_tag":[],"class_list":{"0":"post-24149","1":"product","2":"type-product","3":"status-publish","4":"has-post-thumbnail","6":"product_cat-grolys","7":"product_cat-plantelys-tilbud","8":"product_cat-vaekstlys-paerer-lamper","10":"entry","11":"has-media","13":"first","14":"outofstock","15":"taxable","16":"shipping-taxable","17":"purchasable","18":"product-type-simple","19":"has-rating","20":"has-product-nav","21":"col","22":"span_1_of_4","23":"owp-content-center","24":"item-entry","25":"owp-thumbs-layout-vertical","26":"owp-btn-normal","27":"owp-tabs-layout-horizontal"},"acf":[],"_links":{"self":[{"href":"https:\/\/plantelys.dk\/nb\/wp-json\/wp\/v2\/product\/24149","targetHints":{"allow":["GET"]}}],"collection":[{"href":"https:\/\/plantelys.dk\/nb\/wp-json\/wp\/v2\/product"}],"about":[{"href":"https:\/\/plantelys.dk\/nb\/wp-json\/wp\/v2\/types\/product"}],"replies":[{"embeddable":true,"href":"https:\/\/plantelys.dk\/nb\/wp-json\/wp\/v2\/comments?post=24149"}],"version-history":[{"count":0,"href":"https:\/\/plantelys.dk\/nb\/wp-json\/wp\/v2\/product\/24149\/revisions"}],"wp:featuredmedia":[{"embeddable":true,"href":"https:\/\/plantelys.dk\/nb\/wp-json\/wp\/v2\/media\/24172"}],"wp:attachment":[{"href":"https:\/\/plantelys.dk\/nb\/wp-json\/wp\/v2\/media?parent=24149"}],"wp:term":[{"taxonomy":"product_brand","embeddable":true,"href":"https:\/\/plantelys.dk\/nb\/wp-json\/wp\/v2\/product_brand?post=24149"},{"taxonomy":"product_cat","embeddable":true,"href":"https:\/\/plantelys.dk\/nb\/wp-json\/wp\/v2\/product_cat?post=24149"},{"taxonomy":"product_tag","embeddable":true,"href":"https:\/\/plantelys.dk\/nb\/wp-json\/wp\/v2\/product_tag?post=24149"}],"curies":[{"name":"wp","href":"https:\/\/api.w.org\/{rel}","templated":true}]}}