{"id":19280,"date":"2023-08-24T09:39:56","date_gmt":"2023-08-24T09:39:56","guid":{"rendered":"https:\/\/plantelys.dk\/?post_type=product&#038;p=19280"},"modified":"2025-10-13T12:54:54","modified_gmt":"2025-10-13T11:54:54","slug":"urtefokus-den-beste-urtegjoedsel-1l-2","status":"publish","type":"product","link":"https:\/\/plantelys.dk\/nb\/vare\/herb-focus-den-bedste-urtegoedning-1l\/","title":{"rendered":"Urtefokus \u2013 Urtegj\u00f8dsel med tang 1L"},"content":{"rendered":"<h2>HERB FOCUS \u2013 Den ultimate urtegj\u00f8dselen<\/h2>\n<p><strong><a href=\"https:\/\/plantelys.dk\/nb\/produkt\/urtefokus-den-beste-urtegjoedsel-1l-2\/\">Urtefokus<\/a> urtegj\u00f8dsel, <\/strong>er n\u00f8ye utviklet for \u00e5 sikre best mulig vekst for alle typer urter. Med en n\u00f8yaktig balansert kombinasjon av essensielle n\u00e6ringsstoffer er denne urtegj\u00f8dselen laget av rene mineralsalter. Den er ytterligere beriket med avanserte organiske plantesyrer og kraftig <strong>tangekstrakter<\/strong>.Den inneholder ikke urea.<\/p>\n<h3>Mer om denne urtegj\u00f8dselen:<\/h3>\n<ul>\n<li>Perfekt n\u00e6ringsl\u00f8sning for urter i b\u00e5de potter og direkte i bakken.<\/li>\n<li>Ideell for et bredt spekter av urter som mynte, <a href=\"https:\/\/plantelys.dk\/nb\/produkt\/mini-basilikum-plante-froe-2\/\">basilikum<\/a>, timian, estragon, dill, rosmarin, gressl\u00f8k, salvie og koriander.<\/li>\n<li>Inneholder h\u00f8ye konsentrasjoner av humus- og fulvinsyrer, noe som forbedrer jordens fruktbarhet.<\/li>\n<li>Laget med rene mineralsalter og supplert med organiske plantesyrer, som \u00f8ker fruktbarheten til komposten.<\/li>\n<li>Herb Focus urtegj\u00f8dsel er spesialdesignet for \u00e5 m\u00f8te behovene til bladrike urter.<\/li>\n<\/ul>\n<h3>Slik bruker du Herb Focus urtegj\u00f8dsel:<\/h3>\n<p>Bare bland 5 ml Herb Focus med en liter rent vann. Vann plantene med denne blandingen ukentlig i vekstsesongen. Hvis du dyrker urtene innend\u00f8rs i l\u00f8pet av vinteren, kan du vanne dem av og til med denne blandingen.<\/p>\n<p>Ser du bleke eller gule blader? \u00d8k doseringen med 1 mL pr liter vann.<\/p>\n<ul>\n<li>5mL\/L anbefales for bl\u00f8tt vann.<\/li>\n<li>6mL\/L anbefales for hardt vann.<\/li>\n<\/ul>","protected":false},"excerpt":{"rendered":"<p><strong>Urtefokus<\/strong> er en spesiallaget gj\u00f8dsel for alle slags urter. Den best\u00e5r av en velbalansert kombinasjon av mineralsalter, naturlige plantesyrer og ekstrakter fra tang. Den er perfekt til basilikum, timian, rosmarin og mange andre urter og bladplanter.<\/p>","protected":false},"featured_media":19281,"comment_status":"open","ping_status":"closed","template":"","meta":{"_acf_changed":false},"product_brand":[],"product_cat":[113,234,272],"product_tag":[],"class_list":{"0":"post-19280","1":"product","2":"type-product","3":"status-publish","4":"has-post-thumbnail","6":"product_cat-goedning-og-gromedier-for-planter","7":"product_cat-goedning-gromedie-froe","8":"product_cat-growth-technology","10":"entry","11":"has-media","13":"first","14":"instock","15":"taxable","16":"shipping-taxable","17":"purchasable","18":"product-type-simple","19":"has-product-nav","20":"col","21":"span_1_of_4","22":"owp-content-center","23":"item-entry","24":"owp-thumbs-layout-vertical","25":"owp-btn-normal","26":"owp-tabs-layout-horizontal"},"acf":[],"_links":{"self":[{"href":"https:\/\/plantelys.dk\/nb\/wp-json\/wp\/v2\/product\/19280","targetHints":{"allow":["GET"]}}],"collection":[{"href":"https:\/\/plantelys.dk\/nb\/wp-json\/wp\/v2\/product"}],"about":[{"href":"https:\/\/plantelys.dk\/nb\/wp-json\/wp\/v2\/types\/product"}],"replies":[{"embeddable":true,"href":"https:\/\/plantelys.dk\/nb\/wp-json\/wp\/v2\/comments?post=19280"}],"version-history":[{"count":0,"href":"https:\/\/plantelys.dk\/nb\/wp-json\/wp\/v2\/product\/19280\/revisions"}],"wp:featuredmedia":[{"embeddable":true,"href":"https:\/\/plantelys.dk\/nb\/wp-json\/wp\/v2\/media\/19281"}],"wp:attachment":[{"href":"https:\/\/plantelys.dk\/nb\/wp-json\/wp\/v2\/media?parent=19280"}],"wp:term":[{"taxonomy":"product_brand","embeddable":true,"href":"https:\/\/plantelys.dk\/nb\/wp-json\/wp\/v2\/product_brand?post=19280"},{"taxonomy":"product_cat","embeddable":true,"href":"https:\/\/plantelys.dk\/nb\/wp-json\/wp\/v2\/product_cat?post=19280"},{"taxonomy":"product_tag","embeddable":true,"href":"https:\/\/plantelys.dk\/nb\/wp-json\/wp\/v2\/product_tag?post=19280"}],"curies":[{"name":"wp","href":"https:\/\/api.w.org\/{rel}","templated":true}]}}