{"id":19106,"date":"2023-08-20T14:44:18","date_gmt":"2023-08-20T14:44:18","guid":{"rendered":"https:\/\/plantelys.dk\/?post_type=product&#038;p=19106"},"modified":"2025-10-13T12:54:55","modified_gmt":"2025-10-13T11:54:55","slug":"olivenfokusgjoedsel-oliventre-1l-2","status":"publish","type":"product","link":"https:\/\/plantelys.dk\/nb\/vare\/oliven-focus-goedning-oliventrae-1l\/","title":{"rendered":"Olive Focus \u2013 Oliventregj\u00f8dsel 1L"},"content":{"rendered":"<h2 data-start=\"67\" data-end=\"126\"><strong data-start=\"71\" data-end=\"124\">Olive Focus - Spesialgj\u00f8dsel for oliventr\u00e6r (1L)<\/strong><\/h2>\n<h4 data-start=\"127\" data-end=\"178\"><em data-start=\"127\" data-end=\"178\">Skreddersydd ern\u00e6ring for oliventr\u00e6r i containere<\/em><\/h4>\n<p class=\"\" data-start=\"180\" data-end=\"540\"><a href=\"https:\/\/plantelys.dk\/nb\/produkt\/olivenfokusgjoedsel-oliventre-1l-2\/\"><strong data-start=\"180\" data-end=\"195\">Olivenfokus<\/strong><\/a> fra <strong><a href=\"https:\/\/plantelys.dk\/nb\/?s=Growth+Technology&amp;post_type=product\">Vekstteknologi<\/a><\/strong>er en avansert flytende spesialgj\u00f8dsel som er utviklet spesielt for oliventr\u00e6r - spesielt de som dyrkes i potter, krukker eller beholdere i drivhus, vinterhager og terrasser. Den er formulert for \u00e5 sikre langsiktig fruktbarhet og sunn vekst i trange vekstmilj\u00f8er der det sjelden er n\u00f8dvendig \u00e5 potte om.<\/p>\n<hr class=\"\" data-start=\"542\" data-end=\"545\" \/>\n<h3 class=\"\" data-start=\"547\" data-end=\"581\"><strong data-start=\"551\" data-end=\"581\">Hvorfor velge Olive Focus?<\/strong><\/h3>\n<p class=\"\" data-start=\"583\" data-end=\"843\">I motsetning til generisk gj\u00f8dsel, er <strong data-start=\"623\" data-end=\"638\">Olivenfokus<\/strong> er m\u00e5lrettet mot oliventr\u00e6rs unike n\u00e6ringsbehov. Det st\u00f8tter treets naturlige vekstsyklus og fremmer et sterkt rotsystem, sunt l\u00f8vverk og stabil fruktsetting - selv n\u00e5r det vokser i begrensede jordvolumer.<\/p>\n<hr class=\"\" data-start=\"845\" data-end=\"848\" \/>\n<h3 class=\"\" data-start=\"850\" data-end=\"888\"><strong data-start=\"854\" data-end=\"888\">Det som gj\u00f8r Olive Focus unik:<\/strong><\/h3>\n<ul data-start=\"890\" data-end=\"1225\">\n<li class=\"\" data-start=\"890\" data-end=\"1020\">\n<p class=\"\" data-start=\"892\" data-end=\"1020\"><strong data-start=\"892\" data-end=\"929\">Spesielt utviklet for oliventr\u00e6r<\/strong> - basert p\u00e5 kunnskap og erfaring fra Growth Technologys egne olivenplantasjer i Australia<\/p>\n<\/li>\n<li class=\"\" data-start=\"1021\" data-end=\"1087\">\n<p class=\"\" data-start=\"1023\" data-end=\"1087\">Inneholder en optimal balanse mellom makro- og mikron\u00e6ringsstoffer<\/p>\n<\/li>\n<li class=\"\" data-start=\"1088\" data-end=\"1165\">\n<p class=\"\" data-start=\"1090\" data-end=\"1165\">Fremmer langsiktig vekst og vitalitet hos oliventr\u00e6r dyrket i container<\/p>\n<\/li>\n<li class=\"\" data-start=\"1166\" data-end=\"1225\">\n<p class=\"\" data-start=\"1168\" data-end=\"1225\">Lettabsorberende, flytende formulering som er enkel \u00e5 p\u00e5f\u00f8re<\/p>\n<\/li>\n<\/ul>\n<hr class=\"\" data-start=\"1227\" data-end=\"1230\" \/>\n<h3 class=\"\" data-start=\"1232\" data-end=\"1251\"><strong data-start=\"1236\" data-end=\"1251\">Applikasjon:<\/strong><\/h3>\n<ul data-start=\"1253\" data-end=\"1490\">\n<li class=\"\" data-start=\"1253\" data-end=\"1367\">\n<p class=\"\" data-start=\"1255\" data-end=\"1367\"><strong data-start=\"1255\" data-end=\"1288\">Vekstsesong (v\u00e5r og sommer):<\/strong><br data-start=\"1288\" data-end=\"1291\" \/>Bland 10 ml Olive Focus med 1 liter vann. Bruk annenhver vanning.<\/p>\n<\/li>\n<li class=\"\" data-start=\"1369\" data-end=\"1490\">\n<p class=\"\" data-start=\"1371\" data-end=\"1490\"><strong data-start=\"1371\" data-end=\"1389\">Vinterm\u00e5nedene:<\/strong><br data-start=\"1389\" data-end=\"1392\" \/>Reduser doseringen til 2 ml per liter vann, og p\u00e5f\u00f8r sporadisk avhengig av planteaktiviteten.<\/p>\n<\/li>\n<\/ul>\n<hr class=\"\" data-start=\"1492\" data-end=\"1495\" \/>\n<p class=\"\" data-start=\"1497\" data-end=\"1606\">Med <strong data-start=\"1501\" data-end=\"1516\">Olivenfokus<\/strong> s\u00f8rger for at oliventr\u00e6rne dine f\u00e5r den m\u00e5lrettede n\u00e6ringen de trenger for \u00e5 trives - \u00e5r etter \u00e5r.<\/p>","protected":false},"excerpt":{"rendered":"<p><strong>Olivenfokus<\/strong> fra Growth Technology er en skreddersydd gj\u00f8dsel designet spesielt for <strong>oliventr\u00e6r<\/strong>, uansett om de st\u00e5r i potter, containere eller direkte i hagen. Det fremmer den fortsatte helsen til tr\u00e6rne og trekker p\u00e5 kunnskap fra australske olivenplantasjer.<\/p>","protected":false},"featured_media":19104,"comment_status":"open","ping_status":"closed","template":"","meta":{"_acf_changed":false},"product_brand":[],"product_cat":[113,234,272],"product_tag":[],"class_list":{"0":"post-19106","1":"product","2":"type-product","3":"status-publish","4":"has-post-thumbnail","6":"product_cat-goedning-og-gromedier-for-planter","7":"product_cat-goedning-gromedie-froe","8":"product_cat-growth-technology","10":"entry","11":"has-media","13":"first","14":"outofstock","15":"taxable","16":"shipping-taxable","17":"purchasable","18":"product-type-simple","19":"has-product-nav","20":"col","21":"span_1_of_4","22":"owp-content-center","23":"item-entry","24":"owp-thumbs-layout-vertical","25":"owp-btn-normal","26":"owp-tabs-layout-horizontal"},"acf":[],"_links":{"self":[{"href":"https:\/\/plantelys.dk\/nb\/wp-json\/wp\/v2\/product\/19106","targetHints":{"allow":["GET"]}}],"collection":[{"href":"https:\/\/plantelys.dk\/nb\/wp-json\/wp\/v2\/product"}],"about":[{"href":"https:\/\/plantelys.dk\/nb\/wp-json\/wp\/v2\/types\/product"}],"replies":[{"embeddable":true,"href":"https:\/\/plantelys.dk\/nb\/wp-json\/wp\/v2\/comments?post=19106"}],"version-history":[{"count":0,"href":"https:\/\/plantelys.dk\/nb\/wp-json\/wp\/v2\/product\/19106\/revisions"}],"wp:featuredmedia":[{"embeddable":true,"href":"https:\/\/plantelys.dk\/nb\/wp-json\/wp\/v2\/media\/19104"}],"wp:attachment":[{"href":"https:\/\/plantelys.dk\/nb\/wp-json\/wp\/v2\/media?parent=19106"}],"wp:term":[{"taxonomy":"product_brand","embeddable":true,"href":"https:\/\/plantelys.dk\/nb\/wp-json\/wp\/v2\/product_brand?post=19106"},{"taxonomy":"product_cat","embeddable":true,"href":"https:\/\/plantelys.dk\/nb\/wp-json\/wp\/v2\/product_cat?post=19106"},{"taxonomy":"product_tag","embeddable":true,"href":"https:\/\/plantelys.dk\/nb\/wp-json\/wp\/v2\/product_tag?post=19106"}],"curies":[{"name":"wp","href":"https:\/\/api.w.org\/{rel}","templated":true}]}}