{"id":19094,"date":"2023-08-20T14:22:36","date_gmt":"2023-08-20T14:22:36","guid":{"rendered":"https:\/\/plantelys.dk\/?post_type=product&#038;p=19094"},"modified":"2025-11-09T11:02:39","modified_gmt":"2025-11-09T10:02:39","slug":"sitrusfokusgjoedsel-1l-2","status":"publish","type":"product","link":"https:\/\/plantelys.dk\/nb\/vare\/citrus-focus-goedning-1l\/","title":{"rendered":"Citrus Focus gj\u00f8dsel 1L"},"content":{"rendered":"<h2><strong>Sitrusfokus<\/strong><\/h2>\n<p>For \u00e5 f\u00e5 frodige, gr\u00f8nne og sunne sitrustr\u00e6r er det viktig \u00e5 gi dem riktig n\u00e6ring. <strong>Det ultimate<a href=\"https:\/\/plantelys.dk\/nb\/produkt\/sitrus-fokus-gjoedsel-300ml-2\/\"> Sitrusgj\u00f8dsel<\/a><\/strong>, er din partner i denne oppgaven, da den ikke bare fremmer blomstring, men ogs\u00e5 sikrer rik frukting.<\/p>\n<h3><strong>Hva gj\u00f8r Citrus Focus s\u00e5 spesiell?<\/strong><\/h3>\n<p>Citrus Focus er ikke bare en vanlig gj\u00f8dsel. Den er n\u00f8ye formulert for \u00e5 sikre optimal vekst og fruktsetting for alle typer sitrusplanter og tr\u00e6r:<\/p>\n<ol>\n<li><strong>Rene ingredienser:<\/strong> Laget av rene mineralsalter, er denne gj\u00f8dselen ogs\u00e5 beriket med komplekse organiske plantesyrer og konsentrerte ekstrakter av tang. Den inneholder ikke urea, noe som gj\u00f8r den ideell for sitrustr\u00e6r.<\/li>\n<li><strong>Perfekt for potteplanter:<\/strong> Citrus Focus er spesielt egnet for sitrustr\u00e6r dyrket i potter og beholdere, som typisk har begrenset vekstmedium.<\/li>\n<li><strong>Komplett ern\u00e6ringsprofil:<\/strong> Den tilbyr en balansert n\u00e6ringsl\u00f8sning ideell for alle sitrustr\u00e6r \u2013 fra appelsiner og sitroner til mandariner, mandariner, grapefrukt og lime.<\/li>\n<li><strong>Jordens helse:<\/strong> Med h\u00f8ye niv\u00e5er av humus- og fulvinsyrer forbedrer og opprettholder den jordens fruktbarhet, og sikrer sunn vekst.<\/li>\n<\/ol>\n<h3><strong>Slik bruker du Citrus Focus:<\/strong><\/h3>\n<p>\u00c5 bruke Citrus Focus er en lek. Bare bland 10 ml med en liter rent vann og vann plantene dine med denne blandingen ved hver vanning i vekstsesongen. Hvis du merker at bladene begynner \u00e5 bli bleke eller gule, kan dette v\u00e6re en indikasjon p\u00e5 at plantene dine trenger mer n\u00e6ring. I s\u00e5 fall b\u00f8r du \u00f8ke gj\u00f8dselfrekvensen og\/eller mengden.<\/p>\n<p>Med Citrus Focus er du garantert sunne og blomstrende sitrustr\u00e6r sesong etter sesong.<\/p>","protected":false},"excerpt":{"rendered":"<p><strong>Sitrusfokus<\/strong> 1L er en spesielt formulert gj\u00f8dsel for sitrustr\u00e6r, beriket med organiske plantesyrer og tangekstrakter. Det fremmer sunn vekst, blomstring og fruktsetting.<\/p>","protected":false},"featured_media":19098,"comment_status":"closed","ping_status":"closed","template":"","meta":{"_acf_changed":false},"product_brand":[],"product_cat":[113,234,272],"product_tag":[],"class_list":{"0":"post-19094","1":"product","2":"type-product","3":"status-publish","4":"has-post-thumbnail","6":"product_cat-goedning-og-gromedier-for-planter","7":"product_cat-goedning-gromedie-froe","8":"product_cat-growth-technology","10":"entry","11":"has-media","13":"first","14":"outofstock","15":"taxable","16":"shipping-taxable","17":"purchasable","18":"product-type-simple","19":"has-product-nav","20":"col","21":"span_1_of_4","22":"owp-content-center","23":"item-entry","24":"owp-thumbs-layout-vertical","25":"owp-btn-normal","26":"owp-tabs-layout-horizontal"},"acf":[],"_links":{"self":[{"href":"https:\/\/plantelys.dk\/nb\/wp-json\/wp\/v2\/product\/19094","targetHints":{"allow":["GET"]}}],"collection":[{"href":"https:\/\/plantelys.dk\/nb\/wp-json\/wp\/v2\/product"}],"about":[{"href":"https:\/\/plantelys.dk\/nb\/wp-json\/wp\/v2\/types\/product"}],"replies":[{"embeddable":true,"href":"https:\/\/plantelys.dk\/nb\/wp-json\/wp\/v2\/comments?post=19094"}],"version-history":[{"count":0,"href":"https:\/\/plantelys.dk\/nb\/wp-json\/wp\/v2\/product\/19094\/revisions"}],"wp:featuredmedia":[{"embeddable":true,"href":"https:\/\/plantelys.dk\/nb\/wp-json\/wp\/v2\/media\/19098"}],"wp:attachment":[{"href":"https:\/\/plantelys.dk\/nb\/wp-json\/wp\/v2\/media?parent=19094"}],"wp:term":[{"taxonomy":"product_brand","embeddable":true,"href":"https:\/\/plantelys.dk\/nb\/wp-json\/wp\/v2\/product_brand?post=19094"},{"taxonomy":"product_cat","embeddable":true,"href":"https:\/\/plantelys.dk\/nb\/wp-json\/wp\/v2\/product_cat?post=19094"},{"taxonomy":"product_tag","embeddable":true,"href":"https:\/\/plantelys.dk\/nb\/wp-json\/wp\/v2\/product_tag?post=19094"}],"curies":[{"name":"wp","href":"https:\/\/api.w.org\/{rel}","templated":true}]}}