{"id":19089,"date":"2023-08-20T14:01:29","date_gmt":"2023-08-20T14:01:29","guid":{"rendered":"https:\/\/plantelys.dk\/?post_type=product&#038;p=19089"},"modified":"2025-11-09T11:03:39","modified_gmt":"2025-11-09T10:03:39","slug":"sitrusgjoedsel-fokus-oekologisk-1l-2","status":"publish","type":"product","link":"https:\/\/plantelys.dk\/nb\/vare\/citrus-goedning-focus-oekologisk-1l\/","title":{"rendered":"Citrus Focus Organisk gj\u00f8dsel 1L"},"content":{"rendered":"<h2 data-start=\"73\" data-end=\"148\"><strong data-start=\"77\" data-end=\"146\">Organisk sitrusfokus \u2013 b\u00e6rekraftig pleie for sunnere sitrustr\u00e6r<\/strong><\/h2>\n<p class=\"\" data-start=\"149\" data-end=\"232\"><em data-start=\"149\" data-end=\"232\">Naturlig, effektiv og plantebasert gj\u00f8dsel \u2013 utviklet for de unike behovene til sitrustr\u00e6r<\/em><\/p>\n<p class=\"\" data-start=\"234\" data-end=\"557\">N\u00e5r du dyrker sitrustr\u00e6r \u2013 enten det er sitron, appelsin, lime eller mandarin \u2013 er det viktig \u00e5 bruke en gj\u00f8dsel som b\u00e5de fremmer plantens helse og er milj\u00f8vennlig. <a href=\"https:\/\/plantelys.dk\/nb\/produkt\/sitrusgjoedsel-fokus-oekologisk-1l-2\/\"><strong data-start=\"417\" data-end=\"443\">Organisk sitrusfokus<\/strong>,<\/a> er utviklet nettopp for dette form\u00e5let: \u00e5 gi sitrustr\u00e6r m\u00e5lrettet n\u00e6ring p\u00e5 en naturlig og b\u00e6rekraftig m\u00e5te.<\/p>\n<hr class=\"\" data-start=\"559\" data-end=\"562\" \/>\n<h3 class=\"\" data-start=\"564\" data-end=\"603\"><strong data-start=\"568\" data-end=\"603\">Hva er Organic Citrus Focus?<\/strong><\/h3>\n<p class=\"\" data-start=\"605\" data-end=\"974\">Denne gj\u00f8dselen er ikke en generisk l\u00f8sning, men en spesielt formulert, <strong data-start=\"674\" data-end=\"708\">konsentrert flytende gj\u00f8dsel<\/strong> basert utelukkende p\u00e5 <strong data-start=\"732\" data-end=\"763\">plantebaserte ingredienser<\/strong>, som er godkjent for <strong data-start=\"785\" data-end=\"807\">\u00f8kologisk jordbruk<\/strong>. Det er ogs\u00e5 <strong data-start=\"824\" data-end=\"841\">veganvennlig<\/strong>, fri for animalske biprodukter og utviklet for \u00e5 st\u00f8tte b\u00e5de plante- og jordhelse \u2013 uten \u00e5 g\u00e5 p\u00e5 kompromiss med resultatene.<\/p>\n<hr class=\"\" data-start=\"976\" data-end=\"979\" \/>\n<h3 class=\"\" data-start=\"981\" data-end=\"1026\"><strong data-start=\"985\" data-end=\"1026\">Hvorfor velge Organic Citrus Focus?<\/strong><\/h3>\n<p class=\"\" data-start=\"1028\" data-end=\"1208\">Sitrusplanter krever en spesifikk balanse av n\u00e6ringsstoffer for \u00e5 sikre sunn vekst og stabil frukting, spesielt n\u00e5r de dyrkes i potter eller beholdere. Denne gj\u00f8dselen inneholder:<\/p>\n<ul data-start=\"1210\" data-end=\"1552\">\n<li class=\"\" data-start=\"1210\" data-end=\"1279\">\n<p class=\"\" data-start=\"1212\" data-end=\"1279\"><strong data-start=\"1212\" data-end=\"1277\">Fullt utvalg av essensielle n\u00e6ringsstoffer og sporstoffer<\/strong><\/p>\n<\/li>\n<li class=\"\" data-start=\"1280\" data-end=\"1365\">\n<p class=\"\" data-start=\"1282\" data-end=\"1365\"><strong data-start=\"1282\" data-end=\"1318\">Komplekse organiske forbindelser<\/strong> som st\u00f8tter det mikrobiologiske livet i jorden<\/p>\n<\/li>\n<li class=\"\" data-start=\"1366\" data-end=\"1469\">\n<p class=\"\" data-start=\"1368\" data-end=\"1469\"><strong data-start=\"1368\" data-end=\"1387\">Naturlige syrer<\/strong>, som huminsyre og fulvinsyre, som forbedrer n\u00e6ringsopptaket og jordkvaliteten<\/p>\n<\/li>\n<li class=\"\" data-start=\"1470\" data-end=\"1552\">\n<p class=\"\" data-start=\"1472\" data-end=\"1552\"><strong data-start=\"1472\" data-end=\"1522\">Ingen urea eller syntetiske tilsetningsstoffer<\/strong> \u2013 kun ren, \u00f8kologisk kvalitet<\/p>\n<\/li>\n<\/ul>\n<p class=\"\" data-start=\"1554\" data-end=\"1703\">Sammen styrker disse komponentene b\u00e5de planten og jordens \u00f8kosystem, og de bidrar til \u00e5 beskytte mot skadedyr og sykdommer gjennom forbedret jordbiologi.<\/p>\n<hr class=\"\" data-start=\"1705\" data-end=\"1708\" \/>\n<h3 class=\"\" data-start=\"1710\" data-end=\"1748\"><strong data-start=\"1714\" data-end=\"1748\">Fordelene med flytende gj\u00f8dsel<\/strong><\/h3>\n<p class=\"\" data-start=\"1750\" data-end=\"1932\">Flytende gj\u00f8dsel absorberes raskt av r\u00f8ttene og sikrer en effektiv og jevn fordeling av n\u00e6ringsstoffer. Dette betyr at du raskt vil se forbedringer i plantenes helse, for eksempel:<\/p>\n<ul data-start=\"1934\" data-end=\"2084\">\n<li class=\"\" data-start=\"1934\" data-end=\"1967\">\n<p class=\"\" data-start=\"1936\" data-end=\"1967\"><strong data-start=\"1936\" data-end=\"1965\">Gr\u00f8nnere og sunnere blader<\/strong><\/p>\n<\/li>\n<li class=\"\" data-start=\"1968\" data-end=\"2002\">\n<p class=\"\" data-start=\"1970\" data-end=\"2002\"><strong data-start=\"1970\" data-end=\"2000\">Sterkere grener og stengler<\/strong><\/p>\n<\/li>\n<li class=\"\" data-start=\"2003\" data-end=\"2042\">\n<p class=\"\" data-start=\"2005\" data-end=\"2042\"><strong data-start=\"2005\" data-end=\"2040\">\u00d8kt blomstring og fruktsetting<\/strong><\/p>\n<\/li>\n<li class=\"\" data-start=\"2043\" data-end=\"2084\">\n<p class=\"\" data-start=\"2045\" data-end=\"2084\"><strong data-start=\"2045\" data-end=\"2084\">Mer saftige og smakfulle frukter<\/strong><\/p>\n<\/li>\n<\/ul>\n<hr class=\"\" data-start=\"2086\" data-end=\"2089\" \/>\n<h3 class=\"\" data-start=\"2091\" data-end=\"2136\"><strong data-start=\"2095\" data-end=\"2136\">Hvordan bruke Organic Citrus Focus<\/strong><\/h3>\n<p class=\"\" data-start=\"2138\" data-end=\"2191\"><strong data-start=\"2138\" data-end=\"2155\">Forberedelse:<\/strong><br data-start=\"2155\" data-end=\"2158\" \/>\u2013 Rist flasken grundig f\u00f8r bruk.<\/p>\n<p class=\"\" data-start=\"2193\" data-end=\"2323\"><strong data-start=\"2193\" data-end=\"2218\">Dosering og blanding:<\/strong><br data-start=\"2218\" data-end=\"2221\" \/>\u2013 Legg til <strong data-start=\"2230\" data-end=\"2261\">5 ml gj\u00f8dsel per liter vann<\/strong> (\u00e9n full kapsel = ca. 20 ml).<br data-start=\"2289\" data-end=\"2292\" \/>\u2013 Bland grundig f\u00f8r vanning.<\/p>\n<p class=\"\" data-start=\"2325\" data-end=\"2607\"><strong data-start=\"2325\" data-end=\"2340\">Applikasjon:<\/strong><br data-start=\"2340\" data-end=\"2343\" \/>\u2013 P\u00e5f\u00f8r n\u00e6ringsl\u00f8sningen ved \u00e5 <strong data-start=\"2374\" data-end=\"2411\">hver annen vanning i vekstsesongen<\/strong> (v\u00e5r til sensommer).<br data-start=\"2434\" data-end=\"2437\" \/>\u2013 I vinterm\u00e5nedene kan du redusere forbruket ditt til <strong data-start=\"2484\" data-end=\"2511\">sporadisk gj\u00f8dsling<\/strong>, avhengig av anleggets aktivitetsniv\u00e5.<br data-start=\"2551\" data-end=\"2554\" \/>\u2013 Vann til jorden er jevnt fuktig og mettet.<\/p>\n<hr class=\"\" data-start=\"2609\" data-end=\"2612\" \/>\n<h3 class=\"\" data-start=\"2614\" data-end=\"2662\"><strong data-start=\"2618\" data-end=\"2662\">Langtidsomsorg, b\u00e6rekraftige resultater<\/strong><\/h3>\n<p class=\"\" data-start=\"2664\" data-end=\"2936\">Med <strong data-start=\"2668\" data-end=\"2694\">Organisk sitrusfokus<\/strong> Du f\u00e5r en gj\u00f8dsel som ikke bare gir synlige resultater p\u00e5 kort sikt, men som ogs\u00e5 styrker plantens og jordens helse p\u00e5 lang sikt. Resultatet er sterke, robuste sitrustr\u00e6r som gir en rik h\u00f8st av aromatiske og saftige frukter \u00e5r etter \u00e5r.<\/p>","protected":false},"excerpt":{"rendered":"<p><strong>\u00d8kologisk sitrusfokus<\/strong> er en unik gj\u00f8dsel dedikert til <strong>sitrustr\u00e6r <\/strong>&amp;<strong>\u00a0sitrontr\u00e6r<\/strong>, som st\u00f8tter sunn vekst og en rik avling p\u00e5 en naturlig m\u00e5te. Laget av 100% plantebaserte ingredienser, er den perfekt for hel\u00e5rsbruk.<\/p>","protected":false},"featured_media":19093,"comment_status":"closed","ping_status":"closed","template":"","meta":{"_acf_changed":false},"product_brand":[],"product_cat":[113,234,272],"product_tag":[],"class_list":{"0":"post-19089","1":"product","2":"type-product","3":"status-publish","4":"has-post-thumbnail","6":"product_cat-goedning-og-gromedier-for-planter","7":"product_cat-goedning-gromedie-froe","8":"product_cat-growth-technology","10":"entry","11":"has-media","13":"first","14":"instock","15":"sale","16":"taxable","17":"shipping-taxable","18":"purchasable","19":"product-type-simple","20":"has-product-nav","21":"col","22":"span_1_of_4","23":"owp-content-center","24":"item-entry","25":"owp-thumbs-layout-vertical","26":"owp-btn-normal","27":"owp-tabs-layout-horizontal"},"acf":[],"_links":{"self":[{"href":"https:\/\/plantelys.dk\/nb\/wp-json\/wp\/v2\/product\/19089","targetHints":{"allow":["GET"]}}],"collection":[{"href":"https:\/\/plantelys.dk\/nb\/wp-json\/wp\/v2\/product"}],"about":[{"href":"https:\/\/plantelys.dk\/nb\/wp-json\/wp\/v2\/types\/product"}],"replies":[{"embeddable":true,"href":"https:\/\/plantelys.dk\/nb\/wp-json\/wp\/v2\/comments?post=19089"}],"version-history":[{"count":0,"href":"https:\/\/plantelys.dk\/nb\/wp-json\/wp\/v2\/product\/19089\/revisions"}],"wp:featuredmedia":[{"embeddable":true,"href":"https:\/\/plantelys.dk\/nb\/wp-json\/wp\/v2\/media\/19093"}],"wp:attachment":[{"href":"https:\/\/plantelys.dk\/nb\/wp-json\/wp\/v2\/media?parent=19089"}],"wp:term":[{"taxonomy":"product_brand","embeddable":true,"href":"https:\/\/plantelys.dk\/nb\/wp-json\/wp\/v2\/product_brand?post=19089"},{"taxonomy":"product_cat","embeddable":true,"href":"https:\/\/plantelys.dk\/nb\/wp-json\/wp\/v2\/product_cat?post=19089"},{"taxonomy":"product_tag","embeddable":true,"href":"https:\/\/plantelys.dk\/nb\/wp-json\/wp\/v2\/product_tag?post=19089"}],"curies":[{"name":"wp","href":"https:\/\/api.w.org\/{rel}","templated":true}]}}