{"id":18879,"date":"2023-08-07T15:00:17","date_gmt":"2023-08-07T15:00:17","guid":{"rendered":"https:\/\/plantelys.dk\/?post_type=product&#038;p=18879"},"modified":"2025-10-13T12:54:58","modified_gmt":"2025-10-13T11:54:58","slug":"orkide-fokus-dyrke-orkide-gjoedsel-1l-2","status":"publish","type":"product","link":"https:\/\/plantelys.dk\/nb\/vare\/orkide-focus-grow-orkide-goedning-1l\/","title":{"rendered":"Orchid Focus Grow \u2013 orkid\u00e9gj\u00f8dsel 1L"},"content":{"rendered":"<h2>Orkid\u00e9gj\u00f8dsel \u2013 Fokus p\u00e5 vekst<\/h2>\n<div>\n<p><strong><a href=\"https:\/\/plantelys.dk\/nb\/produkt\/orkide-fokus-dyrke-orkide-gjoedsel-1l-2\/\">Orchid Focus Grow,<\/a> <\/strong>er ikke bare en vanlig gj\u00f8dsel. Den er spesialutviklet for \u00e5 gi orkideene akkurat den n\u00e6ringen de trenger. Med et h\u00f8yt nitrogeninnhold og uten skadelige stoffer som ammoniakk og urea, er denne gj\u00f8dselen perfekt for vekstsesongen. Det er n\u00e5 orkideene dine utvikler nye blader og pseudobolber, spesielt om v\u00e5ren og sommeren.<\/p>\n<h3><strong>Hvorfor velge Orchid Focus Grow<\/strong><\/h3>\n<ol>\n<li><strong>Ren kvalitet:<\/strong> Orchid Focus er laget av rene mineralsalter og er beriket med konsentrerte organiske plantesyrer. Urea, som kan skade de sarte orkid\u00e9r\u00f8ttene, er helt utelatt. Husk alltid \u00e5 unng\u00e5 gj\u00f8dsel med urea til orkideene dine.<\/li>\n<li><strong>Spesiell formulering:<\/strong> Denne gj\u00f8dselen er n\u00f8ye formulert for vegetative perioder av forskjellige orkidearter som Cymbidium, Dendrobium, Odontoglossum, Cambria, Brassia, Miltonia og mange flere. Det sikrer at orkideene dine f\u00e5r alle de n\u00f8dvendige n\u00e6ringsstoffene for optimal blad- og skuddproduksjon.<\/li>\n<\/ol>\n<h3><strong>Hvordan bruke Orchid Focus Grow<\/strong><\/h3>\n<ul>\n<li>Bland 5 ml (1 teskje) av det <a href=\"https:\/\/plantelys.dk\/nb\/flytende-gjoedsel-den-ultimate-guiden-2\/\">flytende gj\u00f8dsel<\/a> med 2 liter lunkent vann. For optimal effekt, bruk bl\u00f8tt vann eller regnvann.<\/li>\n<li>For Cymbidium orkideer anbefales det \u00e5 bruke 20 ml pr 2 liter vann.<\/li>\n<li>P\u00e5f\u00f8r denne blandingen ved annenhver vanning gjennom \u00e5ret for best resultat.<\/li>\n<\/ul>\n<h3><strong>Ekstra tips for pleie av orkideer<\/strong><\/h3>\n<p>Orkideer elsker fuktighet. For \u00e5 gi dem best mulig pleie, spray bladene og r\u00f8ttene forsiktig med 'Orchid Myst' 2-3 ganger i uken. Dette vil ikke bare gi dem n\u00e6ring, men ogs\u00e5 skape det fuktige milj\u00f8et de trives i.<\/p>\n<p>Med <strong>Orkid\u00e9 Focus Grow<\/strong> og disse <a href=\"https:\/\/plantelys.dk\/nb\/vokse-lys-for-orkideer-en-komplett-guide-til-kunstig-lys-2\/\"><strong>pleietips<\/strong><\/a>vil orkideene dine trives og blomstre som aldri f\u00f8r.<\/p>\n<\/div>\n<div><\/div>\n<div><\/div>","protected":false},"excerpt":{"rendered":"<p>&quot;Orchid Focus Grow&quot; er den ideelle gj\u00f8dselen spesielt laget for orkideer. Uten urea og beriket med mineralsalter sikrer den frodig vekst. F\u00e5 blomstrende orkideer hele \u00e5ret med denne unike formuleringen.<\/p>\n<p>&nbsp;<\/p>","protected":false},"featured_media":19077,"comment_status":"open","ping_status":"closed","template":"","meta":{"_acf_changed":false},"product_brand":[],"product_cat":[113,234,272],"product_tag":[],"class_list":{"0":"post-18879","1":"product","2":"type-product","3":"status-publish","4":"has-post-thumbnail","6":"product_cat-goedning-og-gromedier-for-planter","7":"product_cat-goedning-gromedie-froe","8":"product_cat-growth-technology","10":"entry","11":"has-media","13":"first","14":"instock","15":"sale","16":"taxable","17":"shipping-taxable","18":"purchasable","19":"product-type-simple","20":"has-product-nav","21":"col","22":"span_1_of_4","23":"owp-content-center","24":"item-entry","25":"owp-thumbs-layout-vertical","26":"owp-btn-normal","27":"owp-tabs-layout-horizontal"},"acf":[],"_links":{"self":[{"href":"https:\/\/plantelys.dk\/nb\/wp-json\/wp\/v2\/product\/18879","targetHints":{"allow":["GET"]}}],"collection":[{"href":"https:\/\/plantelys.dk\/nb\/wp-json\/wp\/v2\/product"}],"about":[{"href":"https:\/\/plantelys.dk\/nb\/wp-json\/wp\/v2\/types\/product"}],"replies":[{"embeddable":true,"href":"https:\/\/plantelys.dk\/nb\/wp-json\/wp\/v2\/comments?post=18879"}],"version-history":[{"count":0,"href":"https:\/\/plantelys.dk\/nb\/wp-json\/wp\/v2\/product\/18879\/revisions"}],"wp:featuredmedia":[{"embeddable":true,"href":"https:\/\/plantelys.dk\/nb\/wp-json\/wp\/v2\/media\/19077"}],"wp:attachment":[{"href":"https:\/\/plantelys.dk\/nb\/wp-json\/wp\/v2\/media?parent=18879"}],"wp:term":[{"taxonomy":"product_brand","embeddable":true,"href":"https:\/\/plantelys.dk\/nb\/wp-json\/wp\/v2\/product_brand?post=18879"},{"taxonomy":"product_cat","embeddable":true,"href":"https:\/\/plantelys.dk\/nb\/wp-json\/wp\/v2\/product_cat?post=18879"},{"taxonomy":"product_tag","embeddable":true,"href":"https:\/\/plantelys.dk\/nb\/wp-json\/wp\/v2\/product_tag?post=18879"}],"curies":[{"name":"wp","href":"https:\/\/api.w.org\/{rel}","templated":true}]}}