{"id":18806,"date":"2023-08-05T10:29:30","date_gmt":"2023-08-05T10:29:30","guid":{"rendered":"https:\/\/plantelys.dk\/?post_type=product&#038;p=18806"},"modified":"2025-10-13T12:55:02","modified_gmt":"2025-10-13T11:55:02","slug":"basilikum-moerk-opal-froe-roed-2","status":"publish","type":"product","link":"https:\/\/plantelys.dk\/nb\/vare\/basilikum-dark-opal-froe-roed\/","title":{"rendered":"Basilikum M\u00f8rke Opalfr\u00f8, lilla basilikumfr\u00f8"},"content":{"rendered":"<div id=\"product-description-short-5411\" class=\"product-description\">\n<h2>Basilikum Dark Opal fr\u00f8, m\u00f8rker\u00f8d\/lilla - fr\u00f8<\/h2>\n<p>En spennende urt med sterk smak og sm\u00e5 blader.<\/p>\n<p><strong><a href=\"https:\/\/plantelys.dk\/nb\/produkt\/basilikum-moerk-opal-froe-roed-2\/\">M\u00f8rker\u00f8d<\/a> basilikum<\/strong> (m\u00f8rk opal) er ikke bare kjent for sin dypr\u00f8de farge, men ogs\u00e5 for sin sterkt krydrede duft, som minner om nellik. Denne duften kan legge til en ekstra dimensjon til rettene dine, gj\u00f8re hagen din duftende, og til og med fungere som et naturlig myggmiddel.<\/p>\n<p>Basilikum er en uunnv\u00e6rlig urt i det italienske kj\u00f8kkenet. Den m\u00f8rker\u00f8de sorten gir ikke bare farge, men ogs\u00e5 en dyp smak som er ideell til pasta, tomatretter og oster. Tenk deg en nykokt pastarett med en saus rik p\u00e5 basilikum - det blir garantert en hit p\u00e5 middagsbordet.<\/p>\n<h3><strong> Lett \u00e5 dyrke<\/strong><\/h3>\n<p>Selv om basilikum er fler\u00e5rig i varmere klima, kan den dyrkes i Danmark som sommerplante. Med denne fr\u00f8posen kan du enkelt dyrke din egen m\u00f8rker\u00f8de basilikum hjemme, b\u00e5de innend\u00f8rs og utend\u00f8rs. Den krever bare regelmessig vanning og en god mengde sollys for \u00e5 trives.<\/p>\n<p>Basilikum trives best i mye sollys. Jorda skal v\u00e6re litt sur. Basilikumvarianten &#039;Dark Opal&#039; kan takle mindre n\u00e6ringsrik jord, men vil ikke vokse seg like stor i slik. Den trenger regelmessig og moderat vanning. Bruken av <strong><a href=\"https:\/\/plantelys.dk\/nb\/produktkategori-2\/gjoedsel-gromedie-froe\/vekstteknologi\/\">organisk gj\u00f8dsel<\/a><\/strong> som sikrer optimale resultater. Denne sorten er relativt robust, og den prim\u00e6re \u00e5rsaken til utilstrekkelig vekst er ofte utilstrekkelig lys.<\/p>\n<p>\u00d8nsker du \u00e5 dyrke den innend\u00f8rs anbefaler vi at du skaffer deg en sterk <a href=\"https:\/\/plantelys.dk\/nb\/produktkategori-2\/vekstlys\/\"><strong>grolys lampe<\/strong><\/a>.<\/p>\n<p>Fr\u00f8ene b\u00f8r s\u00e5s mellom mars og april, enten i et fr\u00f8bed eller i potter hjemme. Fr\u00f8plantene kan plantes ut i midten av mai. Vekstperioden varer mellom 90 og 120 dager. Det anbefales \u00e5 ha en avstand p\u00e5 20 x 40 cm mellom hver plante.<\/p>\n<p>Hver pakke inneholder ca. 0,5 g &quot;Dark Opal&quot; r\u00f8de basilikumfr\u00f8.<\/p>\n<h3><strong>Produktdetaljer:<\/strong><\/h3>\n<p>Vekt: 0,5 g<br \/>\nH\u00f8yde: 50 cm<br \/>\nBruksomr\u00e5der: Perfekt i salater, pasta, med tomat og eggost; medisinske form\u00e5l; dekorative<br \/>\nBlomstringstid: 90 dager etter s\u00e5ing<br \/>\nBlomsterfarge: rosa<br \/>\nVekstmetode: Dyrkes som ett\u00e5rig<br \/>\nBlader: Med en vakker lilla fargetone<br \/>\nBlomstertype: Lange klynger av blomster<br \/>\nPlassering: Solrik beliggenhet; fuktig, lett sur jord, helst med organisk gj\u00f8dsel<\/p>\n<\/div>\n<div id=\"product-description-short-5411\" class=\"product-description\">\n<p>&nbsp;<\/p>\n<\/div>","protected":false},"excerpt":{"rendered":"<p>R\u00f8d\/lilla basilikum, fr\u00f8, med en intensiv aroma, &quot;Dark Opal&quot; basilikum skylder sin interessante lilla farge til et h\u00f8yt innhold av antocyaniner.<\/p>","protected":false},"featured_media":18808,"comment_status":"open","ping_status":"closed","template":"","meta":{"_acf_changed":false},"product_brand":[],"product_cat":[277,161,216],"product_tag":[],"class_list":{"0":"post-18806","1":"product","2":"type-product","3":"status-publish","4":"has-post-thumbnail","6":"product_cat-basilikum-froe","7":"product_cat-plante-froe","8":"product_cat-stort-udvalg-i-urtefroe-og-groentsagsfroe","10":"entry","11":"has-media","13":"first","14":"instock","15":"taxable","16":"shipping-taxable","17":"purchasable","18":"product-type-simple","19":"has-product-nav","20":"col","21":"span_1_of_4","22":"owp-content-center","23":"item-entry","24":"owp-thumbs-layout-vertical","25":"owp-btn-normal","26":"owp-tabs-layout-horizontal"},"acf":[],"_links":{"self":[{"href":"https:\/\/plantelys.dk\/nb\/wp-json\/wp\/v2\/product\/18806","targetHints":{"allow":["GET"]}}],"collection":[{"href":"https:\/\/plantelys.dk\/nb\/wp-json\/wp\/v2\/product"}],"about":[{"href":"https:\/\/plantelys.dk\/nb\/wp-json\/wp\/v2\/types\/product"}],"replies":[{"embeddable":true,"href":"https:\/\/plantelys.dk\/nb\/wp-json\/wp\/v2\/comments?post=18806"}],"version-history":[{"count":0,"href":"https:\/\/plantelys.dk\/nb\/wp-json\/wp\/v2\/product\/18806\/revisions"}],"wp:featuredmedia":[{"embeddable":true,"href":"https:\/\/plantelys.dk\/nb\/wp-json\/wp\/v2\/media\/18808"}],"wp:attachment":[{"href":"https:\/\/plantelys.dk\/nb\/wp-json\/wp\/v2\/media?parent=18806"}],"wp:term":[{"taxonomy":"product_brand","embeddable":true,"href":"https:\/\/plantelys.dk\/nb\/wp-json\/wp\/v2\/product_brand?post=18806"},{"taxonomy":"product_cat","embeddable":true,"href":"https:\/\/plantelys.dk\/nb\/wp-json\/wp\/v2\/product_cat?post=18806"},{"taxonomy":"product_tag","embeddable":true,"href":"https:\/\/plantelys.dk\/nb\/wp-json\/wp\/v2\/product_tag?post=18806"}],"curies":[{"name":"wp","href":"https:\/\/api.w.org\/{rel}","templated":true}]}}