{"id":16861,"date":"2023-05-11T06:58:02","date_gmt":"2023-05-11T06:58:02","guid":{"rendered":"https:\/\/plantelys.dk\/?post_type=product&#038;p=16861"},"modified":"2026-04-29T11:20:05","modified_gmt":"2026-04-29T10:20:05","slug":"oeko-mikrogroenn-rot-reddik-froe-2","status":"publish","type":"product","link":"https:\/\/plantelys.dk\/nb\/vare\/oeko-mikrogroent-roed-radise-froe\/","title":{"rendered":"\u00d8ko reddikfr\u00f8 \u2013 R\u00f8d reddikspirer"},"content":{"rendered":"<h2>R\u00f8de reddikfr\u00f8 \u2013 \u00d8kologiske spirede fr\u00f8<\/h2>\n<h3>Utmerket smaksopplevelse med r\u00f8de reddiker<\/h3>\n<p>Oppdag den spr\u00f8, pepperaktige smaken av nydyrkede <strong><a href=\"https:\/\/plantelys.dk\/nb\/produkt\/oeko-mikrogroenn-rot-reddik-froe-2\/\">r\u00f8de reddiker<\/a><\/strong> Disse \u00f8kologiske reddikfr\u00f8ene er perfekte for spiring som <strong><a href=\"https:\/\/plantelys.dk\/nb\/produktkategori-2\/plante-froe\/\">mikro gr\u00f8nn<\/a><\/strong>. Ettersom de ikke er varmebehandlet, noe som ofte er tilfelle med andre fr\u00f8, f\u00e5r du et produkt som er fullpakket med vitalitet og naturlig smak. Reddikemikrogreener er ypperlige i salater, og gir en skarp reddiksmak som virkelig pirrer smaksl\u00f8kene.<\/p>\n<h3>Rask og enkel vekst<\/h3>\n<p>Det har aldri v\u00e6rt enklere \u00e5 dyrke dine egne reddikskudd. Disse fr\u00f8ene spirer til helt lilla reddiker p\u00e5 bare 8-12 dager. Se dem vokse og utvikle seg til vakre, spirede reddiker som ser ut som starten p\u00e5 en reddikplante.<\/p>\n<h3>Nyt fordelene med \u00f8kologisk<\/h3>\n<p>V\u00e5re r\u00f8de reddikfr\u00f8 er 100% organiske og fri for varmebehandling, noe som betyr at du f\u00e5r den mest naturlige, uber\u00f8rte kvaliteten. Med rundt 500 gram i hver pakke har du nok til \u00e5 starte din egen lille gr\u00f8nne revolusjon p\u00e5 kj\u00f8kkenet.<\/p>\n<h3>Lag dine egne sunne mikrogr\u00f8nt<\/h3>\n<p>Dr\u00f8mmer du om \u00e5 dyrke dine egne friske og \u00f8kologiske r\u00f8de reddiker? <strong><a href=\"https:\/\/plantelys.dk\/nb\/produktkategori-2\/mikrogroennsaker-dyrke-dine-egne-sunne-groennsaker\/\">Mikrogr\u00f8nnsaker<\/a><\/strong> er en fin m\u00e5te \u00e5 starte p\u00e5 og krever ikke mye plass. F\u00f8lg disse enkle trinnene og du vil snart nyte hjemmedyrkede, spr\u00f8 og smakfulle reddikspirer. Det er enkelt, morsomt, og resultatet er s\u00e5 tilfredsstillende! La oss komme i gang!<\/p>\n<ol>\n<li>Pass p\u00e5 at du har et passende spirebrett, noe godt drenert <a href=\"https:\/\/plantelys.dk\/nb\/produkt\/plagron-cocos-brix-9l-cocos-fiber-2\/\"><strong>kokosmel<\/strong><\/a> og dine organiske r\u00f8de reddikfr\u00f8.<\/li>\n<li>Fordel jorden jevnt i brettet og fukt den lett.<\/li>\n<li>S\u00e5 spred reddikfr\u00f8ene jevnt over jordoverflaten.<\/li>\n<li>Dekk fr\u00f8ene lett med et tynt lag kokosjord.<\/li>\n<li>Hold jorda fuktig, men ikke vannmettet.<\/li>\n<li>Plasser beholderen p\u00e5 et sted med mye lys, men uten direkte sollys.<\/li>\n<li>Hvis du ikke har et lyst sted kan du bruke en <a href=\"https:\/\/plantelys.dk\/nb\/produktkategori-2\/vekstlys\/\"><strong>grolys lampe<\/strong><\/a>.<\/li>\n<li>Etter 8-12 dager skal reddikene dine ha spiret til passende mikrogr\u00f8nt.<\/li>\n<li>H\u00f8st ved \u00e5 kutte spirene n\u00e6r jordoverflaten.<\/li>\n<li>Legg til salater, sm\u00f8rbr\u00f8d eller bruk som en smakfull topping.<\/li>\n<li>Nyt din hjemmedyrkede, spr\u00f8 <strong><a href=\"https:\/\/plantelys.dk\/nb\/produktkategori-2\/mikrogroenne-froe-oekologiske\/\">mikro gr\u00f8nn<\/a><\/strong>.<\/li>\n<\/ol>\n<h3><\/h3>\n<h3>Testet og sertifisert \u00f8kologisk fr\u00f8<\/h3>\n<p>Testet for f\u00f8lgende skadelige bakterier:<\/p>\n<ul>\n<li>Bacillus cereus<\/li>\n<li>Salmonella spp.<\/li>\n<li>Listeria monocytogenes<\/li>\n<li>Verotoksin-produserende E. coli<\/li>\n<\/ul>\n<h3><\/h3>\n<h3>Det danske Landbruksstyrelsen<\/h3>\n<p>Vi er sertifisert av det danske landbruksverket til \u00e5 selge \u00f8kologiske fr\u00f8.<\/p>\n<h3><\/h3>\n<h3>Teknisk informasjon:<\/h3>\n<p><strong>Botanisk navn:<\/strong> Raphanus sativus<br \/>\n<strong>Engelske navn:<\/strong> Reddik Sango, Reed, Rambo<\/p>","protected":false},"excerpt":{"rendered":"<p>Vakre m\u00f8rker\u00f8de mikrogr\u00f8nne spirer med sterk smak av reddik. Reddikspirer lyser opp en deilig salat, eller bruk dem som garnityr p\u00e5 rugbr\u00f8dsm\u00e5ltidet ditt.<\/p>","protected":false},"featured_media":7292,"comment_status":"closed","ping_status":"closed","template":"","meta":{"_acf_changed":false},"product_brand":[],"product_cat":[106,173,178],"product_tag":[],"class_list":{"0":"post-16861","1":"product","2":"type-product","3":"status-publish","4":"has-post-thumbnail","6":"product_cat-mikrogroent-gro-dit-eget-sunde-groent","7":"product_cat-oekologiske-froe","8":"product_cat-mikrogroent-froe-oekologiske","10":"entry","11":"has-media","13":"first","14":"instock","15":"taxable","16":"shipping-taxable","17":"purchasable","18":"product-type-variable","19":"has-default-attributes","20":"has-product-nav","21":"col","22":"span_1_of_4","23":"owp-content-center","24":"item-entry","25":"owp-thumbs-layout-vertical","26":"owp-btn-normal","27":"owp-tabs-layout-horizontal"},"acf":[],"_links":{"self":[{"href":"https:\/\/plantelys.dk\/nb\/wp-json\/wp\/v2\/product\/16861","targetHints":{"allow":["GET"]}}],"collection":[{"href":"https:\/\/plantelys.dk\/nb\/wp-json\/wp\/v2\/product"}],"about":[{"href":"https:\/\/plantelys.dk\/nb\/wp-json\/wp\/v2\/types\/product"}],"replies":[{"embeddable":true,"href":"https:\/\/plantelys.dk\/nb\/wp-json\/wp\/v2\/comments?post=16861"}],"version-history":[{"count":0,"href":"https:\/\/plantelys.dk\/nb\/wp-json\/wp\/v2\/product\/16861\/revisions"}],"wp:featuredmedia":[{"embeddable":true,"href":"https:\/\/plantelys.dk\/nb\/wp-json\/wp\/v2\/media\/7292"}],"wp:attachment":[{"href":"https:\/\/plantelys.dk\/nb\/wp-json\/wp\/v2\/media?parent=16861"}],"wp:term":[{"taxonomy":"product_brand","embeddable":true,"href":"https:\/\/plantelys.dk\/nb\/wp-json\/wp\/v2\/product_brand?post=16861"},{"taxonomy":"product_cat","embeddable":true,"href":"https:\/\/plantelys.dk\/nb\/wp-json\/wp\/v2\/product_cat?post=16861"},{"taxonomy":"product_tag","embeddable":true,"href":"https:\/\/plantelys.dk\/nb\/wp-json\/wp\/v2\/product_tag?post=16861"}],"curies":[{"name":"wp","href":"https:\/\/api.w.org\/{rel}","templated":true}]}}