{"id":16234,"date":"2023-04-26T17:50:27","date_gmt":"2023-04-26T17:50:27","guid":{"rendered":"https:\/\/plantelys.dk\/?post_type=product&#038;p=16234"},"modified":"2026-04-29T11:37:32","modified_gmt":"2026-04-29T10:37:32","slug":"roedbete-linser-oekologiske-froe-microgreens-1-kg-2","status":"publish","type":"product","link":"https:\/\/plantelys.dk\/nb\/vare\/roed-linse-oekologiske-froe-mikrogroent-1kg\/","title":{"rendered":"R\u00f8d linse \u2013 \u00d8kologiske fr\u00f8-mikrogr\u00f8nne"},"content":{"rendered":"<h2>\u00d8kologiske r\u00f8de linser som mikrogr\u00f8nne<\/h2>\n<p><strong><a href=\"https:\/\/plantelys.dk\/nb\/produkt\/roedbete-linser-oekologiske-froe-microgreens-1-kg-2\/\">Organisk r\u00f8d linse<\/a> <\/strong>(<em>Linse Culinaris<\/em>) microgreens er b\u00e5de sunne og velsmakende, noe som gj\u00f8r dem til et ideelt valg for de som \u00f8nsker \u00e5 legge til n\u00e6ringsrik og smakfull mat til kostholdet. De ferske linseskuddene har en syrlig og lett bitter smak som gir et friskt innslag til ulike retter.<\/p>\n<h3>N\u00e6ringsrike linsemikrogr\u00f8nt<\/h3>\n<p>Linsemikrogr\u00f8nt er fullpakket med viktige n\u00e6ringsstoffer, inkludert karbohydrater, ca. 25% protein, fiber, jern, kalium, kalsium, fosfor og vitaminene A, B1, B2, B3, B6, C og E.<\/p>\n<h3>Smak og bruksmuligheter<\/h3>\n<p>Mikrogr\u00f8nt fra \u00f8kologiske r\u00f8de linser har en mild, jordaktig smak med en litt s\u00f8tlig undertone. Teksturen deres er spr\u00f8 og saftig, og gir en behagelig matbit til en rekke retter.<\/p>\n<p>Den subtile, men tydelige smaken til disse sm\u00e5 plantene gj\u00f8r dem til en utmerket ingrediens i mange forskjellige retter. De kan gi salater en ny dimensjon, supper en ekstra smaksdybde eller fungere som et knasende og n\u00e6ringsrikt p\u00e5legg p\u00e5 sm\u00f8rbr\u00f8d og wraps. Den jordn\u00e6re smaken passer til mange ulike ingredienser og gir en sunn og velsmakende vri p\u00e5 m\u00e5ltidene dine.<\/p>\n<p>Alt i alt gir \u00f8kologiske r\u00f8de linser en unik, n\u00e6ringsrik smaksopplevelse som kan forbedre og variere den kulinariske paletten din.<\/p>\n<h3>B\u00e6rekraftig dyrking<\/h3>\n<p>\u00d8kologiske mikrogr\u00f8nnsaker av r\u00f8de linser kan enkelt dyrkes hjemme som b\u00e5de mikrogr\u00f8nnsaker og mikrogr\u00f8nnsaker, slik at du kan nyte dem i ulike vekststadier. \u00d8kologisk dyrking sikrer at linsene er fri for syntetiske spr\u00f8ytemidler og kunstgj\u00f8dsel, noe som gj\u00f8r produktet b\u00e5de b\u00e6rekraftig og milj\u00f8vennlig.<\/p>\n<p>Oppdag de mange fordelene \u00f8kologiske mikrogr\u00f8nnsaker av r\u00f8de linser har for helsen og smaksl\u00f8kene dine. Egnet for dyrking av b\u00e5de mikrogr\u00f8nnsaker.<\/p>\n<h3>Testet og sertifisert \u00f8kologisk fr\u00f8<\/h3>\n<p>Vi selger fr\u00f8 som er testet for f\u00f8lgende skadelige bakterier:<\/p>\n<ul>\n<li>Bacillus cereus<\/li>\n<li>Salmonella spp.<\/li>\n<li>Listeria monocytogenes<\/li>\n<li>Verotoksin-produserende E. coli<\/li>\n<\/ul>\n<h3><\/h3>\n<h3>Sertifisert salg av \u00f8kologiske fr\u00f8<\/h3>\n<p>Vi er sertifisert av det danske landbruksverket til \u00e5 selge \u00f8kologiske fr\u00f8<\/p>","protected":false},"excerpt":{"rendered":"<p>\u00d8kologiske r\u00f8de linser mikrogr\u00f8nt er et sunt og velsmakende valg, rikt p\u00e5 n\u00e6ringsstoffer som proteiner, fibre, mineraler og vitaminer. Den kan brukes i salater, p\u00e5 br\u00f8d, i juice, smoothies eller som pynt. Linsemikrogr\u00f8nt har mange positive egenskaper og kan enkelt dyrkes hjemme.<\/p>","protected":false},"featured_media":16607,"comment_status":"closed","ping_status":"closed","template":"","meta":{"_acf_changed":false},"product_brand":[],"product_cat":[106,178,173,161],"product_tag":[],"class_list":{"0":"post-16234","1":"product","2":"type-product","3":"status-publish","4":"has-post-thumbnail","6":"product_cat-mikrogroent-gro-dit-eget-sunde-groent","7":"product_cat-mikrogroent-froe-oekologiske","8":"product_cat-oekologiske-froe","9":"product_cat-plante-froe","11":"entry","12":"has-media","14":"first","15":"instock","16":"taxable","17":"shipping-taxable","18":"purchasable","19":"product-type-variable","20":"has-default-attributes","21":"has-rating","22":"has-product-nav","23":"col","24":"span_1_of_4","25":"owp-content-center","26":"item-entry","27":"owp-thumbs-layout-vertical","28":"owp-btn-normal","29":"owp-tabs-layout-horizontal"},"acf":[],"_links":{"self":[{"href":"https:\/\/plantelys.dk\/nb\/wp-json\/wp\/v2\/product\/16234","targetHints":{"allow":["GET"]}}],"collection":[{"href":"https:\/\/plantelys.dk\/nb\/wp-json\/wp\/v2\/product"}],"about":[{"href":"https:\/\/plantelys.dk\/nb\/wp-json\/wp\/v2\/types\/product"}],"replies":[{"embeddable":true,"href":"https:\/\/plantelys.dk\/nb\/wp-json\/wp\/v2\/comments?post=16234"}],"version-history":[{"count":0,"href":"https:\/\/plantelys.dk\/nb\/wp-json\/wp\/v2\/product\/16234\/revisions"}],"wp:featuredmedia":[{"embeddable":true,"href":"https:\/\/plantelys.dk\/nb\/wp-json\/wp\/v2\/media\/16607"}],"wp:attachment":[{"href":"https:\/\/plantelys.dk\/nb\/wp-json\/wp\/v2\/media?parent=16234"}],"wp:term":[{"taxonomy":"product_brand","embeddable":true,"href":"https:\/\/plantelys.dk\/nb\/wp-json\/wp\/v2\/product_brand?post=16234"},{"taxonomy":"product_cat","embeddable":true,"href":"https:\/\/plantelys.dk\/nb\/wp-json\/wp\/v2\/product_cat?post=16234"},{"taxonomy":"product_tag","embeddable":true,"href":"https:\/\/plantelys.dk\/nb\/wp-json\/wp\/v2\/product_tag?post=16234"}],"curies":[{"name":"wp","href":"https:\/\/api.w.org\/{rel}","templated":true}]}}