{"id":1621,"date":"2021-07-15T07:45:49","date_gmt":"2021-07-15T07:45:49","guid":{"rendered":"https:\/\/plantelys.dk\/?post_type=product&#038;p=1621"},"modified":"2026-02-26T14:07:08","modified_gmt":"2026-02-26T13:07:08","slug":"stor-varmeplate-for-drivhus-50x120cm-100watt-2","status":"publish","type":"product","link":"https:\/\/plantelys.dk\/nb\/vare\/stor-varmeplade-til-drivhuse-50x120cm-100watt\/","title":{"rendered":"Stor oppvarmingsmatte for drivhus 50x120 cm - 100Watt"},"content":{"rendered":"<h2>Stor varmematte for forspiring og vekst av planter<\/h2>\n<div>\n<div><em>Egnet for spirekasse, eller minidrivhus, kan ogs\u00e5 brukes i drivhus for tidlig vekst.<\/em><\/div>\n<div>\n<div><\/div>\n<div>En elektrisk spirevarmematte brukes til forspiring av planter. Fr\u00f8ene spirer p\u00e5 kort tid n\u00e5r ekstra varme tilf\u00f8res og stiklingene danner r\u00f8tter raskere.<\/div>\n<\/div>\n<\/div>\n<div>Varmematten kan ogs\u00e5 brukes, f.eks. i drivhuset for undervarme til gryter i kalde perioder.<\/div>\n<div><\/div>\n<div>Varmematten m\u00e5 ikke oversv\u00f8mmes med vann. Bruk et godt plantebrett sammen med spirematten. Ved forspiring anbefales det at varmen sl\u00e5s p\u00e5 i 16 timer i d\u00f8gnet. Du kan med fordel bruke en isolasjonsplate under varmematten. Den holder p\u00e5 varmen s\u00e5 den ikke g\u00e5r tapt nedover.<\/div>\n<div>\n<div>Matten varmer bakken opp til ca. 28 grader. Varmematten passer til et lite plantebrett.<\/div>\n<\/div>\n<div>Kobles til 230VAC direkte via den medf\u00f8lgende pluggen og bruker kun 100 Watt.<\/div>","protected":false},"excerpt":{"rendered":"<p>Stor varmeplate for drivhus 50x120cm \u2013 100Watt. En elektrisk spirevarmematte brukes til forspiring av planter. Fr\u00f8ene spirer p\u00e5 kort tid n\u00e5r ekstra varme tilf\u00f8res og stiklingene danner r\u00f8tter raskere. Varmematten kan ogs\u00e5 brukes, f.eks. i drivhuset for undervarme til gryter i kalde perioder. Denne varmematten er ideell for \u00e5 skape varme rundt plantens r\u00f8tter. Denne varme matten hjelper plantene dine med \u00e5 f\u00e5 store og sterke r\u00f8tter. Denne varmematten hjelper plantene dine slik at de ikke lider av det som kalles varmt hode og kalde f\u00f8tter. Kaldf\u00f4ring med varmt hode oppst\u00e5r n\u00e5r temperaturen p\u00e5 plantens blader er forskjellig fra temperaturen p\u00e5 plantens r\u00f8tter. Varm hode kald mat f\u00e5r planten til \u00e5 oppleve stress som kan f\u00f8re til at planten mister bladenden raskt.<\/p>","protected":false},"featured_media":1625,"comment_status":"open","ping_status":"closed","template":"","meta":{"_acf_changed":false},"product_brand":[],"product_cat":[112,160],"product_tag":[],"class_list":{"0":"post-1621","1":"product","2":"type-product","3":"status-publish","4":"has-post-thumbnail","6":"product_cat-maaleinstrumenter-til-planter","7":"product_cat-saabakker-spirebakker-for-planter","9":"entry","10":"has-media","12":"first","13":"instock","14":"sale","15":"taxable","16":"shipping-taxable","17":"purchasable","18":"product-type-simple","19":"has-product-nav","20":"col","21":"span_1_of_4","22":"owp-content-center","23":"item-entry","24":"owp-thumbs-layout-vertical","25":"owp-btn-normal","26":"owp-tabs-layout-horizontal"},"acf":[],"_links":{"self":[{"href":"https:\/\/plantelys.dk\/nb\/wp-json\/wp\/v2\/product\/1621","targetHints":{"allow":["GET"]}}],"collection":[{"href":"https:\/\/plantelys.dk\/nb\/wp-json\/wp\/v2\/product"}],"about":[{"href":"https:\/\/plantelys.dk\/nb\/wp-json\/wp\/v2\/types\/product"}],"replies":[{"embeddable":true,"href":"https:\/\/plantelys.dk\/nb\/wp-json\/wp\/v2\/comments?post=1621"}],"version-history":[{"count":0,"href":"https:\/\/plantelys.dk\/nb\/wp-json\/wp\/v2\/product\/1621\/revisions"}],"wp:featuredmedia":[{"embeddable":true,"href":"https:\/\/plantelys.dk\/nb\/wp-json\/wp\/v2\/media\/1625"}],"wp:attachment":[{"href":"https:\/\/plantelys.dk\/nb\/wp-json\/wp\/v2\/media?parent=1621"}],"wp:term":[{"taxonomy":"product_brand","embeddable":true,"href":"https:\/\/plantelys.dk\/nb\/wp-json\/wp\/v2\/product_brand?post=1621"},{"taxonomy":"product_cat","embeddable":true,"href":"https:\/\/plantelys.dk\/nb\/wp-json\/wp\/v2\/product_cat?post=1621"},{"taxonomy":"product_tag","embeddable":true,"href":"https:\/\/plantelys.dk\/nb\/wp-json\/wp\/v2\/product_tag?post=1621"}],"curies":[{"name":"wp","href":"https:\/\/api.w.org\/{rel}","templated":true}]}}