{"id":1615,"date":"2021-07-15T07:37:19","date_gmt":"2021-07-15T07:37:19","guid":{"rendered":"https:\/\/plantelys.dk\/?post_type=product&#038;p=1615"},"modified":"2025-10-13T12:56:16","modified_gmt":"2025-10-13T11:56:16","slug":"innendoers-kjoekkenhagesystem-led-vekstlys-40w-2","status":"publish","type":"product","link":"https:\/\/plantelys.dk\/nb\/vare\/indendoers-koekkenhave-system-led-vaekstlys-40w\/","title":{"rendered":"Innend\u00f8rs kj\u00f8kkenhagesystem m\/jord m. LED vokselys 40Watt STOR"},"content":{"rendered":"<h2>Smart Garden \u2013 stor innend\u00f8rs gr\u00f8nnsakshage<\/h2>\n<p><em><strong>Merk: P\u00c5 LAGER CA. 1 AUG. 2022<\/strong><\/em><\/p>\n<p>Med den nye innovative innend\u00f8rs <a href=\"https:\/\/plantelys.dk\/nb\/produkt\/smart-hage-med-fullspektret-vekstlys-2\/\"><strong>Smart hage<\/strong><\/a> fra Plantelys er det slutt p\u00e5 \u00e5 kj\u00f8pe urter i supermarkedet, som vil visne i l\u00f8pet av kort tid hvis du ikke bruker dem og glemmer \u00e5 vanne dem. Smart Garden tar vare p\u00e5 seg selv og dyrker friske, smakfulle urter, frukt og gr\u00f8nnsaker for deg.<br \/>\nInnend\u00f8rshagen gir automatisk plantene og urtene dine akkurat den mengden vann, lys og n\u00e6ringsstoffer de trenger.<\/p>\n<p>P\u00e5 den m\u00e5ten har du alltid ferske urter mm. i din egen innend\u00f8rs kj\u00f8kkenurtehage HVER DAG!<\/p>\n<p>Dyrk opptil 16 planter om gangen i dette smarte, jordfrie vannsystemet for vannkultur.<\/p>\n<p><strong>Minihagen kommer med:<\/strong><\/p>\n<ul>\n<li>Ber\u00f8ringspanel for \u00e5 stille inn lyset<\/li>\n<li>Automatisk av\/p\u00e5-kontroll<\/li>\n<li>16 kapsler med vekstmedier for fr\u00f8<\/li>\n<li>Automatisk vannpumpe, sirkuler vannet hvert 15. min.<\/li>\n<li>Fullspektret LED-lys som etterligner dagslys<\/li>\n<li>Naturlig og milj\u00f8vennlig bambustre<\/li>\n<li>2 stk. vanntanker<\/li>\n<li>Str\u00f8mforsyning for 230VAC<\/li>\n<\/ul>\n<p>&nbsp;<\/p>\n<p><strong><em>MERK: Dette produktet inneholder ikke planter, plantefr\u00f8 og gj\u00f8dsel, de kj\u00f8pes separat.<\/em><\/strong><\/p>\n<p><strong>Les om gj\u00f8dsel til din innend\u00f8rs kj\u00f8kkenhage her:<\/strong><\/p>\n<div class=\"oceanwp-oembed-wrap clr\">\n<p><iframe class=\"wp-embedded-content lazy-loaded\" title=\"&quot;Big Plant Science - Dansk produsert gj\u00f8dsel&quot; \u2014 Dyrk lys og lamper for sunne planter\" src=\"https:\/\/plantelys.dk\/big-plant-science-goednings-vejledning\/embed\/#?secret=nuotE0RpRc\" width=\"600\" height=\"200\" frameborder=\"0\" marginwidth=\"0\" marginheight=\"0\" scrolling=\"no\" sandbox=\"allow-scripts\" data-lazy-type=\"iframe\" data-src=\"https:\/\/plantelys.dk\/big-plant-science-goednings-vejledning\/embed\/#?secret=nuotE0RpRc\" data-secret=\"nuotE0RpRc\" data-mce-fragment=\"1\"><\/iframe><\/p>\n<\/div>\n<h3><\/h3>\n<h3>Teknisk informasjon:<\/h3>\n<p>Du kan med fordel ta stiklinger fra mynte, <a href=\"https:\/\/plantelys.dk\/nb\/produkt\/mini-basilikum-plante-froe-2\/\">basilikum<\/a> etc. og dyrke i dette systemet.<\/p>\n<table>\n<tbody>\n<tr>\n<td>Type:<\/td>\n<td>LED-vekstlampe<\/td>\n<\/tr>\n<tr>\n<td>Skjema:<\/td>\n<td>Innend\u00f8rs gr\u00f8nnsakshage<\/td>\n<\/tr>\n<\/tbody>\n<\/table>\n<h3>Str\u00f8m og spenning<\/h3>\n<table>\n<tbody>\n<tr>\n<td>Sammenligningsverdi (W):<\/td>\n<td>150<\/td>\n<\/tr>\n<tr>\n<td>Lys farge:<\/td>\n<td><a href=\"https:\/\/plantelys.dk\/nb\/vokse-lys-for-planter-best-i-test\/\"><strong>Grow lights<\/strong><\/a><\/td>\n<\/tr>\n<tr>\n<td>Forventet levetid (timer):<\/td>\n<td>20.000<\/td>\n<\/tr>\n<tr>\n<td>Energiklasse:<\/td>\n<td>A+<\/td>\n<\/tr>\n<tr>\n<td>Sl\u00e5 syklus p\u00e5\/av:<\/td>\n<td>50.000<\/td>\n<\/tr>\n<\/tbody>\n<\/table>\n<h3>Annen info<\/h3>\n<table>\n<tbody>\n<tr>\n<td>Lengde:<\/td>\n<td>384 mm<\/td>\n<\/tr>\n<tr>\n<td>Bredde:<\/td>\n<td>370 mm<\/td>\n<\/tr>\n<tr>\n<td>H\u00f8yde:<\/td>\n<td>470 mm<\/td>\n<\/tr>\n<tr>\n<td>IP:<\/td>\n<td>65-20<\/td>\n<\/tr>\n<tr>\n<td>Stikkontakt (feste):<\/td>\n<td>1,5m kabel med plugg og driver<\/td>\n<\/tr>\n<tr>\n<td>LED:<\/td>\n<td>Fullspekter + r\u00f8d + bl\u00e5<\/td>\n<\/tr>\n<\/tbody>\n<\/table>","protected":false},"excerpt":{"rendered":"<p>Stor innend\u00f8rs kj\u00f8kkenhage MED KUN VANN - ingen jordbakterier. Denne store kj\u00f8kkenhagen gir deg muligheten til \u00e5 dyrke dine egne urter og planter slik at du alltid har dem for h\u00e5nden. Denne store innend\u00f8rs gr\u00f8nnsakshagen lar deg dyrke plantene dine uten \u00e5 m\u00e5tte gj\u00f8re noe annet enn \u00e5 huske \u00e5 fylle beholderen med vann. Det er enkelt og raskt \u00e5 sette opp denne innend\u00f8rs gr\u00f8nnsakshagen, og deretter kan du selv bestemme hvor mange timer av dagen du \u00f8nsker \u00e5 belyse plantene dine.<\/p>","protected":false},"featured_media":1616,"comment_status":"closed","ping_status":"closed","template":"","meta":{"_acf_changed":false},"product_brand":[],"product_cat":[105],"product_tag":[],"class_list":{"0":"post-1615","1":"product","2":"type-product","3":"status-publish","4":"has-post-thumbnail","6":"product_cat-indendoers-koekkenhave-til-hjemme-brug","8":"entry","9":"has-media","11":"first","12":"outofstock","13":"taxable","14":"shipping-taxable","15":"purchasable","16":"product-type-simple","17":"has-product-nav","18":"col","19":"span_1_of_4","20":"owp-content-center","21":"item-entry","22":"owp-thumbs-layout-vertical","23":"owp-btn-normal","24":"owp-tabs-layout-horizontal"},"acf":[],"_links":{"self":[{"href":"https:\/\/plantelys.dk\/nb\/wp-json\/wp\/v2\/product\/1615","targetHints":{"allow":["GET"]}}],"collection":[{"href":"https:\/\/plantelys.dk\/nb\/wp-json\/wp\/v2\/product"}],"about":[{"href":"https:\/\/plantelys.dk\/nb\/wp-json\/wp\/v2\/types\/product"}],"replies":[{"embeddable":true,"href":"https:\/\/plantelys.dk\/nb\/wp-json\/wp\/v2\/comments?post=1615"}],"version-history":[{"count":0,"href":"https:\/\/plantelys.dk\/nb\/wp-json\/wp\/v2\/product\/1615\/revisions"}],"wp:featuredmedia":[{"embeddable":true,"href":"https:\/\/plantelys.dk\/nb\/wp-json\/wp\/v2\/media\/1616"}],"wp:attachment":[{"href":"https:\/\/plantelys.dk\/nb\/wp-json\/wp\/v2\/media?parent=1615"}],"wp:term":[{"taxonomy":"product_brand","embeddable":true,"href":"https:\/\/plantelys.dk\/nb\/wp-json\/wp\/v2\/product_brand?post=1615"},{"taxonomy":"product_cat","embeddable":true,"href":"https:\/\/plantelys.dk\/nb\/wp-json\/wp\/v2\/product_cat?post=1615"},{"taxonomy":"product_tag","embeddable":true,"href":"https:\/\/plantelys.dk\/nb\/wp-json\/wp\/v2\/product_tag?post=1615"}],"curies":[{"name":"wp","href":"https:\/\/api.w.org\/{rel}","templated":true}]}}