{"id":11838,"date":"2022-12-09T07:11:41","date_gmt":"2022-12-09T07:11:41","guid":{"rendered":"https:\/\/plantelys.dk\/?post_type=product&#038;p=11838"},"modified":"2025-10-13T12:55:17","modified_gmt":"2025-10-13T11:55:17","slug":"kattemynte-catjoy-froe-catmint-d-hornum-2","status":"publish","type":"product","link":"https:\/\/plantelys.dk\/nb\/vare\/katteurt-catjoy-froe-kattemynte-d-hornum\/","title":{"rendered":"Kattemynte \u2013 katteglade, fr\u00f8 \u2013 Kattemynte (D) Hornum"},"content":{"rendered":"<h2>Kattemyntefr\u00f8<\/h2>\n<p>Katter urt ogs\u00e5 kalt <strong>Catjoy<\/strong> \/ Kattemynte er en fler\u00e5rig plante som er vinterhard i den danske vinteren. Kattemynte er en buskete, ganske sterkt duftende plante. Den vil tiltrekke seg mange nektars\u00f8kende insekter, spesielt humler og honningbier er glade i blomstene, men ogs\u00e5 mange dagsommerfugler og andre insekter bes\u00f8ker planten.<\/p>\n<p>Kattemynte foretrekker et solrikt og t\u00f8rt sted \u00e5 vokse.<\/p>\n<p>Kattemynte er ingen krevende plante, den trives godt i n\u00e6ringsfattig jord.<\/p>\n<p>&nbsp;<\/p>\n<p>Posen inneholder fr\u00f8 til ca. 150 planter<\/p>\n<div id=\"description\" class=\"tab-pane fade in active\">\n<ul>\n<li class=\"product-description\">Planteh\u00f8yde ca. 30 cm<\/li>\n<li class=\"product-description\">Spirer i mars \u2013 april<\/li>\n<li class=\"product-description\">Direkte s\u00e5ing i mai<\/li>\n<li class=\"product-description\">Blomstrer i juni \u2013 august<\/li>\n<\/ul>\n<\/div>\n<p>&nbsp;<\/p>\n<p>Les mer om anlegget <a href=\"https:\/\/da.wikipedia.org\/wiki\/Almindelig_katteurt\" target=\"_blank\" rel=\"noopener\"><strong>her<\/strong><\/a><\/p>","protected":false},"excerpt":{"rendered":"<p>Kattegress inneholder viktige mineraler, enzymer og vitaminer som er viktige for en katt<\/p>\n<div id=\"product-description-short-18554\" class=\"product-description\"><\/div>","protected":false},"featured_media":11841,"comment_status":"open","ping_status":"closed","template":"","meta":{"_acf_changed":false},"product_brand":[],"product_cat":[161,216],"product_tag":[],"class_list":{"0":"post-11838","1":"product","2":"type-product","3":"status-publish","4":"has-post-thumbnail","6":"product_cat-plante-froe","7":"product_cat-stort-udvalg-i-urtefroe-og-groentsagsfroe","9":"entry","10":"has-media","12":"first","13":"instock","14":"taxable","15":"shipping-taxable","16":"purchasable","17":"product-type-simple","18":"has-product-nav","19":"col","20":"span_1_of_4","21":"owp-content-center","22":"item-entry","23":"owp-thumbs-layout-vertical","24":"owp-btn-normal","25":"owp-tabs-layout-horizontal"},"acf":[],"_links":{"self":[{"href":"https:\/\/plantelys.dk\/nb\/wp-json\/wp\/v2\/product\/11838","targetHints":{"allow":["GET"]}}],"collection":[{"href":"https:\/\/plantelys.dk\/nb\/wp-json\/wp\/v2\/product"}],"about":[{"href":"https:\/\/plantelys.dk\/nb\/wp-json\/wp\/v2\/types\/product"}],"replies":[{"embeddable":true,"href":"https:\/\/plantelys.dk\/nb\/wp-json\/wp\/v2\/comments?post=11838"}],"version-history":[{"count":0,"href":"https:\/\/plantelys.dk\/nb\/wp-json\/wp\/v2\/product\/11838\/revisions"}],"wp:featuredmedia":[{"embeddable":true,"href":"https:\/\/plantelys.dk\/nb\/wp-json\/wp\/v2\/media\/11841"}],"wp:attachment":[{"href":"https:\/\/plantelys.dk\/nb\/wp-json\/wp\/v2\/media?parent=11838"}],"wp:term":[{"taxonomy":"product_brand","embeddable":true,"href":"https:\/\/plantelys.dk\/nb\/wp-json\/wp\/v2\/product_brand?post=11838"},{"taxonomy":"product_cat","embeddable":true,"href":"https:\/\/plantelys.dk\/nb\/wp-json\/wp\/v2\/product_cat?post=11838"},{"taxonomy":"product_tag","embeddable":true,"href":"https:\/\/plantelys.dk\/nb\/wp-json\/wp\/v2\/product_tag?post=11838"}],"curies":[{"name":"wp","href":"https:\/\/api.w.org\/{rel}","templated":true}]}}