{"id":11576,"date":"2022-11-20T15:42:39","date_gmt":"2022-11-20T15:42:39","guid":{"rendered":"https:\/\/plantelys.dk\/?post_type=product&#038;p=11576"},"modified":"2025-10-13T12:55:19","modified_gmt":"2025-10-13T11:55:19","slug":"mikro-groenn-startpakke-lett-brett-voksende-medium-oeko-froe-2","status":"publish","type":"product","link":"https:\/\/plantelys.dk\/nb\/vare\/mikrogroent-start-pakke-lys-bakke-vaekstmedie-oeko-froe\/","title":{"rendered":"Mikrogreen startsett, lys, brett, vekstmedium, \u00f8kologiske fr\u00f8"},"content":{"rendered":"<h2 class=\"\" data-start=\"82\" data-end=\"134\"><strong data-start=\"85\" data-end=\"134\">Mikrogr\u00f8nt startpakke \u2013 Perfekt til begyndere<\/strong><\/h2>\n<p class=\"\" data-start=\"136\" data-end=\"310\">Dr\u00f8mmer du om at dyrke dit eget friske mikrogr\u00f8nt derhjemme? Med denne<strong> <a href=\"https:\/\/plantelys.dk\/vare\/mikrogroent-start-pakke-lys-bakke-vaekstmedie-oeko-froe\/\">komplette startpakke<\/a><\/strong> f\u00e5r du alt, hvad du beh\u00f8ver for at komme godt i gang \u2013 nemt, hurtigt og \u00f8kologisk.<\/p>\n<h3 class=\"\" data-start=\"312\" data-end=\"338\"><strong data-start=\"316\" data-end=\"338\">Pakken indeholder:<\/strong><\/h3>\n<ul data-start=\"339\" data-end=\"570\">\n<li class=\"\" data-start=\"339\" data-end=\"377\">\n<p class=\"\" data-start=\"341\" data-end=\"377\"><strong><a href=\"https:\/\/plantelys.dk\/vare-kategori\/grolys\/\">LED v\u00e6kstlampe<\/a><\/strong> med indbygget timer<\/p>\n<\/li>\n<li class=\"\" data-start=\"378\" data-end=\"413\">\n<p class=\"\" data-start=\"380\" data-end=\"413\">9 liter <strong><a href=\"https:\/\/plantelys.dk\/?s=kokos&amp;post_type=product\">kokosbaseret v\u00e6kstmedie<\/a><\/strong><\/p>\n<\/li>\n<li class=\"\" data-start=\"414\" data-end=\"445\">\n<p class=\"\" data-start=\"416\" data-end=\"445\"><strong><a href=\"https:\/\/plantelys.dk\/vare-kategori\/froespirer\/spirebakke\/\">Mellemstor spirebakke<\/a><\/strong> (bl\u00e5)<\/p>\n<\/li>\n<li class=\"\" data-start=\"446\" data-end=\"570\">\n<p class=\"\" data-start=\"448\" data-end=\"467\"><strong data-start=\"448\" data-end=\"466\">\u00d8kologiske fr\u00f8<\/strong>:<\/p>\n<ul data-start=\"470\" data-end=\"570\">\n<li class=\"\" data-start=\"470\" data-end=\"492\">\n<p class=\"\" data-start=\"472\" data-end=\"492\">10 g <strong><a href=\"https:\/\/plantelys.dk\/?s=Broccoli+Raab&amp;post_type=product\">Broccoli Raab<\/a><\/strong><\/p>\n<\/li>\n<li class=\"\" data-start=\"495\" data-end=\"511\">\n<p class=\"\" data-start=\"497\" data-end=\"511\">10 g <strong><a href=\"https:\/\/plantelys.dk\/?s=R%C3%B8dbede&amp;post_type=product\">R\u00f8dbede<\/a><\/strong><\/p>\n<\/li>\n<li class=\"\" data-start=\"514\" data-end=\"534\">\n<p class=\"\" data-start=\"516\" data-end=\"534\">10 g <strong><a href=\"https:\/\/plantelys.dk\/?s=Gr%C3%B8n+radise&amp;post_type=product\">Gr\u00f8n radise<\/a><\/strong><\/p>\n<\/li>\n<li class=\"\" data-start=\"537\" data-end=\"551\">\n<p class=\"\" data-start=\"539\" data-end=\"551\">10 g<strong><a href=\"https:\/\/plantelys.dk\/?s=Karse&amp;post_type=product\"> Karse<\/a><\/strong><\/p>\n<\/li>\n<li class=\"\" data-start=\"554\" data-end=\"570\">\n<p class=\"\" data-start=\"556\" data-end=\"570\">50 g <strong><a href=\"https:\/\/plantelys.dk\/?s=%C3%86rtefr%C3%B8&amp;post_type=product\">\u00c6rtefr\u00f8<\/a><\/strong><\/p>\n<\/li>\n<\/ul>\n<\/li>\n<\/ul>\n<blockquote data-start=\"572\" data-end=\"640\">\n<p class=\"\" data-start=\"574\" data-end=\"640\"><em data-start=\"574\" data-end=\"640\">Bem\u00e6rk: 10 g fr\u00f8 r\u00e6kker typisk til ca. en halv bakke <strong><a href=\"https:\/\/plantelys.dk\/alt-om-mikrogroent-dyrkning-hoest-helbred-sundhed\/\">mikrogr\u00f8nt.<\/a><\/strong><\/em><\/p>\n<\/blockquote>\n<p class=\"\" data-start=\"642\" data-end=\"812\">Denne startpakke er ideel til nybegyndere og dem, der \u00f8nsker en nem introduktion til mikrogr\u00f8nt \u2013 uanset om det er p\u00e5 k\u00f8kkenbordet, i vindueskarmen eller under et <strong><a href=\"https:\/\/plantelys.dk\/?s=grolys&amp;post_type=product\">grolys.<\/a><\/strong><\/p>\n<p class=\"\" data-start=\"814\" data-end=\"898\"><strong data-start=\"814\" data-end=\"860\">Anbefalet afstand mellem lampe og planter:<\/strong><br data-start=\"860\" data-end=\"863\" \/>15\u201320 cm ved spirer og sm\u00e5 planter.<\/p>\n<p class=\"\" data-start=\"900\" data-end=\"1010\">\ud83c\udf31 <em data-start=\"903\" data-end=\"946\">Find flere \u00f8kologiske mikrogr\u00f8ntfr\u00f8 [her]<\/em> \u2013 og udvid din hjemmedyrkning med endnu flere sp\u00e6ndende sorter.<\/p>\n<p>&nbsp;<\/p>\n<div class=\"wp-playlist wp-video-playlist wp-playlist-light\">\n\t\t<video controls=\"controls\" preload=\"none\" width=\"1178\"\n\t\t height=\"884\"\t><\/video>\n\t<div class=\"wp-playlist-next\"><\/div>\n\t<div class=\"wp-playlist-prev\"><\/div>\n\t<noscript>\n\t<ol>\n\t\t<li><a href='https:\/\/plantelys.dk\/wp-content\/uploads\/2022\/11\/08094.mov'>Karse og Radise plantelys mikrogr\u00f8nt starter kit<\/a><\/li>\t<\/ol>\n\t<\/noscript>\n\t<script type=\"application\/json\" class=\"wp-playlist-script\">{\"type\":\"video\",\"tracklist\":true,\"tracknumbers\":true,\"images\":true,\"artists\":true,\"tracks\":[{\"src\":\"https:\/\/plantelys.dk\/wp-content\/uploads\/2022\/11\/08094.mov\",\"type\":\"video\/quicktime\",\"title\":\"Karse og Radise plantelys mikrogr\\u00f8nt starter kit\",\"caption\":\"\",\"description\":\"\",\"meta\":{\"length_formatted\":\"0:06\"},\"dimensions\":{\"original\":{\"width\":2880,\"height\":2160},\"resized\":{\"width\":1178,\"height\":884}},\"image\":{\"src\":\"https:\/\/plantelys.dk\/wp-includes\/images\/media\/video.png\",\"width\":48,\"height\":64},\"thumb\":{\"src\":\"https:\/\/plantelys.dk\/wp-includes\/images\/media\/video.png\",\"width\":48,\"height\":64}}]}<\/script>\n<\/div>\n\t\n","protected":false},"excerpt":{"rendered":"<p>Mikrogr\u00f8nn pakke for nybegynnere med alt, bare tilsett vann og f\u00e5 deilige sunne mikrogr\u00f8nt hele \u00e5ret<\/p>","protected":false},"featured_media":11578,"comment_status":"open","ping_status":"closed","template":"","meta":{"_acf_changed":false},"product_brand":[],"product_cat":[106,210],"product_tag":[],"class_list":{"0":"post-11576","1":"product","2":"type-product","3":"status-publish","4":"has-post-thumbnail","6":"product_cat-mikrogroent-gro-dit-eget-sunde-groent","7":"product_cat-mikrogroent-startpakker","9":"entry","10":"has-media","12":"first","13":"instock","14":"taxable","15":"shipping-taxable","16":"purchasable","17":"product-type-simple","18":"has-product-nav","19":"col","20":"span_1_of_4","21":"owp-content-center","22":"item-entry","23":"owp-thumbs-layout-vertical","24":"owp-btn-normal","25":"owp-tabs-layout-horizontal"},"acf":[],"_links":{"self":[{"href":"https:\/\/plantelys.dk\/nb\/wp-json\/wp\/v2\/product\/11576","targetHints":{"allow":["GET"]}}],"collection":[{"href":"https:\/\/plantelys.dk\/nb\/wp-json\/wp\/v2\/product"}],"about":[{"href":"https:\/\/plantelys.dk\/nb\/wp-json\/wp\/v2\/types\/product"}],"replies":[{"embeddable":true,"href":"https:\/\/plantelys.dk\/nb\/wp-json\/wp\/v2\/comments?post=11576"}],"version-history":[{"count":0,"href":"https:\/\/plantelys.dk\/nb\/wp-json\/wp\/v2\/product\/11576\/revisions"}],"wp:featuredmedia":[{"embeddable":true,"href":"https:\/\/plantelys.dk\/nb\/wp-json\/wp\/v2\/media\/11578"}],"wp:attachment":[{"href":"https:\/\/plantelys.dk\/nb\/wp-json\/wp\/v2\/media?parent=11576"}],"wp:term":[{"taxonomy":"product_brand","embeddable":true,"href":"https:\/\/plantelys.dk\/nb\/wp-json\/wp\/v2\/product_brand?post=11576"},{"taxonomy":"product_cat","embeddable":true,"href":"https:\/\/plantelys.dk\/nb\/wp-json\/wp\/v2\/product_cat?post=11576"},{"taxonomy":"product_tag","embeddable":true,"href":"https:\/\/plantelys.dk\/nb\/wp-json\/wp\/v2\/product_tag?post=11576"}],"curies":[{"name":"wp","href":"https:\/\/api.w.org\/{rel}","templated":true}]}}