{"id":11442,"date":"2022-11-02T08:41:17","date_gmt":"2022-11-02T08:41:17","guid":{"rendered":"https:\/\/plantelys.dk\/?post_type=product&#038;p=11442"},"modified":"2026-04-29T11:46:41","modified_gmt":"2026-04-29T10:46:41","slug":"oeko-soet-ertfroe-for-mikrogroenn-ranke-mg-2","status":"publish","type":"product","link":"https:\/\/plantelys.dk\/nb\/vare\/oeko-soede-aertefroe-til-mikrogroent-tendril-mg\/","title":{"rendered":"S\u00f8t ertfr\u00f8 for mikrogr\u00f8nt, tendril, 100% \u00f8kologisk"},"content":{"rendered":"<div id=\"product-description-short-5411\" class=\"product-description\">\n<h2>S\u00f8t ertefr\u00f8 \u2013 \u00d8kologiske plantefr\u00f8<\/h2>\n<p>Europeisk produsert 100% organisk <strong><a href=\"https:\/\/plantelys.dk\/nb\/produkt\/oeko-soet-ertfroe-for-mikrogroenn-ranke-mg-2\/\">S\u00f8te gr\u00f8nne erter<\/a><\/strong> for spiring som erteskudd.<\/p>\n<p>Erteskudd er de unge plantespirene fra erteplanter. De dyrkes ofte som mikrogr\u00f8nnsaker, noe som betyr at de h\u00f8stes n\u00e5r de er sv\u00e6rt unge, vanligvis bare \u00e9n til to uker gamle. Erteskudd er kjent for sin spr\u00f8 konsistens og s\u00f8te, n\u00f8tteaktige smak som minner om modne erter.<\/p>\n<h3>Smak og bruksmuligheter<\/h3>\n<p>\u00d8kologiske s\u00f8te erteskudd, dyrket som mikrogr\u00f8nt, tilbyr en frisk, s\u00f8t og lett n\u00f8tteaktig smak som er utrolig innbydende. Smaken er mildere enn fullvokste erter, noe som gj\u00f8r dem til et flott tillegg til mange retter. Disse mikrogr\u00f8nne er allsidige og kan brukes p\u00e5 mange m\u00e5ter. Deres delikate, s\u00f8te smak og spr\u00f8 tekstur gj\u00f8r dem til et flott tillegg til salater, der de tilf\u00f8rer en fin farge og et friskt pust. Erteskudd kan ogs\u00e5 brukes som en deilig topping p\u00e5 sm\u00f8rbr\u00f8d, i wraps eller til og med som pynt p\u00e5 varme retter. Deres dypgr\u00f8nne farge og den visuelle appellen de legger til enhver rett er bare en bonus for deres deilige smak.<\/p>\n<p>I tillegg kan erteskuddene blandes i smoothies eller juice for \u00e5 tilf\u00f8re en sunn og n\u00e6ringsrik komponent. Det er en flott m\u00e5te \u00e5 tilf\u00f8re ekstra n\u00e6ring til kostholdet ditt. I tillegg elsker barna disse s\u00f8te gr\u00f8nne skuddene som et sunt mellomm\u00e5ltid rett fra <strong><a href=\"https:\/\/plantelys.dk\/nb\/produkt\/spirebrett-i-rustfritt-staal-som-dyrker-mikrogroent\/\">spirebrettet<\/a><\/strong>.<\/p>\n<p>&nbsp;<\/p>\n<h3>Dyrk dine egne erteskudd<\/h3>\n<p>\u00c5 dyrke erteskudd er en enkel og rask prosess. F\u00f8lg disse trinnene for \u00e5 dyrke dine egne sunne erteskudd:<\/p>\n<ol>\n<li>Velg en passende beholder for \u00e5 dyrke erteskuddene dine i, for eksempel et lavt spirende brett med dreneringshull i bunnen og et brett.<\/li>\n<li>Fyll beholderen med <a href=\"https:\/\/plantelys.dk\/nb\/produkt\/plagron-cocos-brix-9l-cocos-fiber-2\/\"><strong>kokosmel<\/strong><\/a>.<\/li>\n<li>Bl\u00f8tlegg ertefr\u00f8ene i vann i ca 8-12 timer for \u00e5 myke dem og fremskynde spiringen.<\/li>\n<li>Spre de forh\u00e5ndsv\u00e5te ertefr\u00f8ene jevnt over jordoverflaten, og pass p\u00e5 at de ikke overlapper hverandre.<\/li>\n<li>Vann jorden forsiktig slik at den er fuktig, men ikke vannmettet.<\/li>\n<li>Plasser brettet p\u00e5 et sted med moderat lys og stabil temperatur (rundt 18-22 grader Celsius).<\/li>\n<li>Bruk om n\u00f8dvendig en <strong><a href=\"https:\/\/plantelys.dk\/nb\/produktkategori-2\/vekstlys\/\">vekstlys<\/a><\/strong> lampe for \u00e5 f\u00e5 finere bilder.<\/li>\n<li>Hold jorden konstant fuktig ved \u00e5 vanne lett, eller bruk et deksel.<\/li>\n<li>Etter omtrent 10-14 dager skal ertefr\u00f8ene dine ha spiret til sunne erteskudd.<\/li>\n<li>H\u00f8st erteskuddene dine ved \u00e5 kutte dem n\u00e6r jordoverflaten med en ren saks.<\/li>\n<li>Hvis du vil ha flere avlinger, kutter du dem rett over det f\u00f8rste skuddet.<\/li>\n<li>Ved dyrking som mikrogr\u00f8nn kan du h\u00f8ste flere ganger, da planten vokser ut igjen etter h\u00f8sting, husk \u00e5 tilsette v\u00e6ske <a href=\"https:\/\/plantelys.dk\/nb\/?s=BIG+A%2BB+g%C3%B8dning&amp;post_type=product\"><strong>STOR A+B gj\u00f8dsel<\/strong><\/a> for \u00e5 \u00f8ke utbyttet.<\/li>\n<\/ol>\n<\/div>\n<h3><\/h3>\n<div id=\"product-description-short-5411\" class=\"product-description\">\n<h3>Opprinnelse<\/h3>\n<p>Sukkererter, n\u00e6rmere bestemt sorten Pisum sativum 'Charmette', har en lang og fascinerende historie som strekker seg tilbake til Midt\u00f8sten og Asia. Opprinnelig ble disse plantene dyrket som skallerter, og de har v\u00e6rt et kulinarisk h\u00f8ydepunkt siden 1600-tallet. 'Charmette' er kjent for sin skj\u00f8nnhet og sin overflod av saftige erter, som er ideelle til ferskkonsum og konservering. Denne robuste planten trives i ulike klimaer og jordtyper, krever minimalt med stell og er derfor et utmerket valg for b\u00e5de nye og erfarne gartnere.<\/p>\n<p>&nbsp;<\/p>\n<\/div>\n<h3>Testet og sertifisert \u00f8kologisk ertefr\u00f8<\/h3>\n<p>Vi selger fr\u00f8 som er testet for f\u00f8lgende skadelige bakterier:<\/p>\n<ul>\n<li>Bacillus cereus<\/li>\n<li>Salmonella spp.<\/li>\n<li>Listeria monocytogenes<\/li>\n<li>Verotoksin-produserende E. coli<\/li>\n<\/ul>\n<h3>Sertifisert salg av \u00f8kologiske fr\u00f8<\/h3>\n<p>Vi er sertifisert av det danske landbruksverket til \u00e5 selge \u00f8kologiske fr\u00f8<\/p>\n<p>&nbsp;<\/p>\n<p>Svart: <strong>Tendril<\/strong><\/p>\n<p>Se v\u00e5r <a href=\"https:\/\/plantelys.dk\/nb\/produktkategori-2\/mikrogroennsaker-dyrke-dine-egne-sunne-groennsaker\/mikrogroenne-aaser\/\">mikrogr\u00f8nne \u00e5ser<\/a> her<\/p>\n<p>Les om dyrking av erteskudd <a href=\"https:\/\/plantelys.dk\/nb\/dyrk-dine-egne-erteskudd-i-kokenettet-enkelt-og-raskt\/\" target=\"_blank\" rel=\"noopener\">her<\/a><\/p>","protected":false},"excerpt":{"rendered":"<p><strong>Erteskudd<\/strong> er unge spirer fra erteplanter, h\u00f8stet som mikrogr\u00f8nnsaker etter 1-2 ukers vekst. De har en s\u00f8t, n\u00f8tteaktig smak og en spr\u00f8 tekstur som gj\u00f8r dem til et n\u00e6ringsrikt tilskudd i en rekke retter. Erteskudd fra gr\u00f8nne ertefr\u00f8 har en s\u00f8t, deilig ertesmak og egner seg godt til salater<\/p>","protected":false},"featured_media":11539,"comment_status":"closed","ping_status":"closed","template":"","meta":{"_acf_changed":false},"product_brand":[],"product_cat":[234,106,173,178,161],"product_tag":[],"class_list":{"0":"post-11442","1":"product","2":"type-product","3":"status-publish","4":"has-post-thumbnail","6":"product_cat-goedning-gromedie-froe","7":"product_cat-mikrogroent-gro-dit-eget-sunde-groent","8":"product_cat-oekologiske-froe","9":"product_cat-mikrogroent-froe-oekologiske","10":"product_cat-plante-froe","12":"entry","13":"has-media","15":"first","16":"instock","17":"taxable","18":"shipping-taxable","19":"purchasable","20":"product-type-variable","21":"has-default-attributes","22":"has-product-nav","23":"col","24":"span_1_of_4","25":"owp-content-center","26":"item-entry","27":"owp-thumbs-layout-vertical","28":"owp-btn-normal","29":"owp-tabs-layout-horizontal"},"acf":[],"_links":{"self":[{"href":"https:\/\/plantelys.dk\/nb\/wp-json\/wp\/v2\/product\/11442","targetHints":{"allow":["GET"]}}],"collection":[{"href":"https:\/\/plantelys.dk\/nb\/wp-json\/wp\/v2\/product"}],"about":[{"href":"https:\/\/plantelys.dk\/nb\/wp-json\/wp\/v2\/types\/product"}],"replies":[{"embeddable":true,"href":"https:\/\/plantelys.dk\/nb\/wp-json\/wp\/v2\/comments?post=11442"}],"version-history":[{"count":0,"href":"https:\/\/plantelys.dk\/nb\/wp-json\/wp\/v2\/product\/11442\/revisions"}],"wp:featuredmedia":[{"embeddable":true,"href":"https:\/\/plantelys.dk\/nb\/wp-json\/wp\/v2\/media\/11539"}],"wp:attachment":[{"href":"https:\/\/plantelys.dk\/nb\/wp-json\/wp\/v2\/media?parent=11442"}],"wp:term":[{"taxonomy":"product_brand","embeddable":true,"href":"https:\/\/plantelys.dk\/nb\/wp-json\/wp\/v2\/product_brand?post=11442"},{"taxonomy":"product_cat","embeddable":true,"href":"https:\/\/plantelys.dk\/nb\/wp-json\/wp\/v2\/product_cat?post=11442"},{"taxonomy":"product_tag","embeddable":true,"href":"https:\/\/plantelys.dk\/nb\/wp-json\/wp\/v2\/product_tag?post=11442"}],"curies":[{"name":"wp","href":"https:\/\/api.w.org\/{rel}","templated":true}]}}