{"id":11216,"date":"2022-09-28T08:48:04","date_gmt":"2022-09-28T08:48:04","guid":{"rendered":"https:\/\/plantelys.dk\/?post_type=product&#038;p=11216"},"modified":"2025-10-13T12:55:21","modified_gmt":"2025-10-13T11:55:21","slug":"rustfritt-nettlag-for-86mm-murglasskrukke-2","status":"publish","type":"product","link":"https:\/\/plantelys.dk\/nb\/vare\/rustfrit-net-laag-til-86mm-mason-glaskrukke\/","title":{"rendered":"Nettinglokk i rustfritt st\u00e5l for 86 mm Mason-krukker"},"content":{"rendered":"<h2 data-start=\"57\" data-end=\"112\"><strong data-start=\"57\" data-end=\"112\">Lokk i rustfritt st\u00e5l til 86 mm spirekrukke (Mason Jar)<\/strong><\/h2>\n<p class=\"\" data-start=\"114\" data-end=\"409\">Gjeld <strong><a href=\"https:\/\/plantelys.dk\/nb\/produkt\/rustfritt-nettlag-for-86mm-murglasskrukke-2\/\">lokk i rustfritt st\u00e5l,<\/a><\/strong> Passer til glasskrukker med en \u00e5pning p\u00e5 86 mm og er ideell for spiring direkte i krukken. Det fine nettet gj\u00f8r det enkelt \u00e5 skylle fr\u00f8ene og sikrer optimal luftsirkulasjon under spiring. Lokket er laget av rustfritt st\u00e5l av h\u00f8y kvalitet og er designet for langvarig bruk.<\/p>\n<p class=\"\" data-start=\"411\" data-end=\"601\">Etter hver bruk kan den enkelt rengj\u00f8res \u2013 enten i oppvaskmaskinen eller ved \u00e5 koke den for grundig desinfisering. Dette gj\u00f8r den b\u00e5de hygienisk og b\u00e6rekraftig som en del av din daglige spire-rutine.<\/p>\n<p class=\"\" data-start=\"603\" data-end=\"735\">Perfekt for deg som \u00f8nsker en enkel og effektiv m\u00e5te \u00e5 dyrke dine egne spirer hjemme, f.eks.<strong> <a href=\"https:\/\/plantelys.dk\/nb\/produktkategori-2\/mikrogroenne-froe-oekologiske\/\">alfalfa fr\u00f8, reddik, lucerne eller brokkoli.<\/a><\/strong><\/p>\n<p class=\"\" data-start=\"737\" data-end=\"788\">Les mer om <strong><a href=\"https:\/\/plantelys.dk\/nb\/vokse-spirer-hele-guiden-sunn-groenn-hele-aaret\/\">dyrking av mikrogr\u00f8nnsaker og spirer<\/a><\/strong> her.<\/p>\n<h3 data-start=\"790\" data-end=\"817\"><\/h3>\n<h3 data-start=\"790\" data-end=\"817\"><strong data-start=\"790\" data-end=\"817\">Teknisk informasjon:<\/strong><\/h3>\n<ul data-start=\"818\" data-end=\"937\">\n<li class=\"\" data-start=\"818\" data-end=\"861\">\n<p class=\"\" data-start=\"820\" data-end=\"861\">Passer til: 86 mm Mason Jar glasskrukker<\/p>\n<\/li>\n<li class=\"\" data-start=\"862\" data-end=\"890\">\n<p class=\"\" data-start=\"864\" data-end=\"890\">Materiale: Rustfritt st\u00e5l<\/p>\n<\/li>\n<li class=\"\" data-start=\"891\" data-end=\"937\">\n<p class=\"\" data-start=\"893\" data-end=\"937\">Rengj\u00f8ring: Oppvaskmaskin og kokesikker<\/p>\n<\/li>\n<\/ul>\n<p>&nbsp;<\/p>","protected":false},"excerpt":{"rendered":"<p>86mm metalllokk med netting for murkrukke. Kan brukes som spireglass for &quot;hydroponisk&quot; dyrking av plantespirer.<\/p>","protected":false},"featured_media":11214,"comment_status":"open","ping_status":"closed","template":"","meta":{"_acf_changed":false},"product_brand":[],"product_cat":[212,211],"product_tag":[],"class_list":{"0":"post-11216","1":"product","2":"type-product","3":"status-publish","4":"has-post-thumbnail","6":"product_cat-spirekit-begynnersaet-pakkeloesning-spirefroe","7":"product_cat-froespirer","9":"entry","10":"has-media","12":"first","13":"instock","14":"sale","15":"taxable","16":"shipping-taxable","17":"purchasable","18":"product-type-simple","19":"has-product-nav","20":"col","21":"span_1_of_4","22":"owp-content-center","23":"item-entry","24":"owp-thumbs-layout-vertical","25":"owp-btn-normal","26":"owp-tabs-layout-horizontal"},"acf":[],"_links":{"self":[{"href":"https:\/\/plantelys.dk\/nb\/wp-json\/wp\/v2\/product\/11216","targetHints":{"allow":["GET"]}}],"collection":[{"href":"https:\/\/plantelys.dk\/nb\/wp-json\/wp\/v2\/product"}],"about":[{"href":"https:\/\/plantelys.dk\/nb\/wp-json\/wp\/v2\/types\/product"}],"replies":[{"embeddable":true,"href":"https:\/\/plantelys.dk\/nb\/wp-json\/wp\/v2\/comments?post=11216"}],"version-history":[{"count":0,"href":"https:\/\/plantelys.dk\/nb\/wp-json\/wp\/v2\/product\/11216\/revisions"}],"wp:featuredmedia":[{"embeddable":true,"href":"https:\/\/plantelys.dk\/nb\/wp-json\/wp\/v2\/media\/11214"}],"wp:attachment":[{"href":"https:\/\/plantelys.dk\/nb\/wp-json\/wp\/v2\/media?parent=11216"}],"wp:term":[{"taxonomy":"product_brand","embeddable":true,"href":"https:\/\/plantelys.dk\/nb\/wp-json\/wp\/v2\/product_brand?post=11216"},{"taxonomy":"product_cat","embeddable":true,"href":"https:\/\/plantelys.dk\/nb\/wp-json\/wp\/v2\/product_cat?post=11216"},{"taxonomy":"product_tag","embeddable":true,"href":"https:\/\/plantelys.dk\/nb\/wp-json\/wp\/v2\/product_tag?post=11216"}],"curies":[{"name":"wp","href":"https:\/\/api.w.org\/{rel}","templated":true}]}}