{"id":10489,"date":"2022-08-14T11:37:11","date_gmt":"2022-08-14T11:37:11","guid":{"rendered":"https:\/\/plantelys.dk\/?post_type=product&#038;p=10489"},"modified":"2026-04-29T11:47:29","modified_gmt":"2026-04-29T10:47:29","slug":"oeko-ertebelger-for-mikrogroent-2","status":"publish","type":"product","link":"https:\/\/plantelys.dk\/nb\/vare\/oeko-aertefroe-til-mikrogroent\/","title":{"rendered":"Eco Peas for mikrogr\u00f8nt og erteskudd"},"content":{"rendered":"<div id=\"product-description-short-5411\" class=\"product-description\">\n<h2>Gr\u00f8nne ertefr\u00f8 - 100% \u00d8kologiske danske \u00e5kererter<\/h2>\n<p>Dansk produserte 100% \u00f8kologiske gr\u00f8nne \u00e5kererter for mikrogr\u00f8nt. Disse gr\u00f8nne ertene er ikke kjemisk eller varmebehandlet.<\/p>\n<h3>Produktbeskrivelse<\/h3>\n<p>V\u00e5r<strong><a href=\"https:\/\/plantelys.dk\/nb\/produkt\/oeko-ertebelger-for-mikrogroent-2\/\"> \u00f8kologiske gr\u00f8nne erter av sorten Ingrid (\u00e5kererter)<\/a><\/strong> er n\u00f8ye utvalgt fra b\u00e6rekraftige og ansvarlige kilder for \u00e5 sikre h\u00f8yeste kvalitet og renhet. Erter dyrkes uten bruk av kjemiske spr\u00f8ytemidler eller kunstgj\u00f8dsel, noe som gir deg en naturlig, sunn og milj\u00f8vennlig matopplevelse.<\/p>\n<h3>Smak og bruksmuligheter<\/h3>\n<p>\u00d8kologiske erter dyrket som mikrogr\u00f8nnsaker gir en innbydende frisk, s\u00f8t og lett n\u00f8tteaktig smak. Deres smaksprofil er mer dempet enn deres fullvoksne kolleger, noe som gj\u00f8r dem til en utmerket ingrediens i et bredt utvalg av retter. Ertemikrogr\u00f8nt er veldig allsidig og kan brukes p\u00e5 utallige m\u00e5ter. Med sin fine, s\u00f8te smak og spr\u00f8 tekstur er de et utmerket tillegg til salater, hvor de tilf\u00f8rer b\u00e5de farge og friskhet. Erteskudd kan ogs\u00e5 fungere som en smakfull topping p\u00e5 sm\u00f8rbr\u00f8d, i wraps, eller til og med som garnityr til varme retter. I tillegg til deres deilige smak, legger deres dypgr\u00f8nne farge til visuell appell til ethvert m\u00e5ltid. I tillegg er de n\u00e6ringsrike, fulle av vitaminer og mineraler, noe som gj\u00f8r dem til et sunt valg for \u00e5 \u00f8ke ern\u00e6ringen din.<\/p>\n<\/div>\n<h3>Hvordan dyrke gr\u00f8nne erter som \u00f8ko-mikrogr\u00f8nt<\/h3>\n<p>\u00c5 dyrke erteskudd er en enkel og rask prosess. F\u00f8lg disse trinnene for \u00e5 dyrke dine egne sunne erteskudd:<\/p>\n<div id=\"product-description-short-5411\" class=\"product-description\">\n<ol>\n<li>Velg en passende beholder for \u00e5 dyrke erteskuddene dine i, for eksempel en lav <strong><a href=\"https:\/\/plantelys.dk\/nb\/produktkategori-2\/spirer\/spirebakke\/\">spirebakke<\/a><\/strong> med dreneringshull i bunnen og et brett.<\/li>\n<li>Fyll beholderen med <a href=\"https:\/\/plantelys.dk\/nb\/produkt\/plagron-cocos-brix-9l-cocos-fiber-2\/\"><strong>kokosmel<\/strong><\/a>.<\/li>\n<li>Bl\u00f8tlegg ertefr\u00f8ene i vann i ca 8-12 timer for \u00e5 myke dem og fremskynde spiringen.<\/li>\n<li>Spre de forh\u00e5ndsv\u00e5te ertefr\u00f8ene jevnt over jordoverflaten, og pass p\u00e5 at de ikke overlapper hverandre.<\/li>\n<li>Dekk fr\u00f8ene med et tynt lag jord.<\/li>\n<li>Vann jorden forsiktig slik at den er fuktig, men ikke vannmettet.<\/li>\n<li>Plasser brettet p\u00e5 et sted med moderat lys og stabil temperatur (rundt 18-22 grader Celsius).<\/li>\n<li>Hold jorden konstant fuktig ved \u00e5 vanne lett, eller bruk et deksel.<\/li>\n<li>Etter omtrent 8-14 dager skal ertene dine ha spiret til sunne erteskudd.<\/li>\n<li>H\u00f8st erteskuddene dine ved \u00e5 kutte dem n\u00e6r jordoverflaten med en ren saks.<\/li>\n<li>Ved dyrking som mikrogr\u00f8nn kan du h\u00f8ste flere ganger, da planten vokser ut igjen etter h\u00f8sting, husk \u00e5 tilsette v\u00e6ske <a href=\"https:\/\/plantelys.dk\/nb\/stor-plantevitenskapelig-gjoedselguide\/\"><strong>STOR A+B flytende gj\u00f8dsel<\/strong><\/a> for \u00e5 \u00f8ke utbyttet.<\/li>\n<\/ol>\n<\/div>\n<p>Les mer om <a href=\"https:\/\/plantelys.dk\/nb\/dyrk-dine-egne-erteskudd-i-kokenettet-enkelt-og-raskt\/\"><strong>dyrking av erteskudd<\/strong><\/a><\/p>\n<div id=\"product-description-short-5411\" class=\"product-description\">\n<h3><\/h3>\n<h3>Opprinnelse<\/h3>\n<p>Den lange og fascinerende historien til gr\u00f8nne erter kan spores tilbake til Midt\u00f8sten og Asia. Disse plantene ble opprinnelig dyrket som skallerter, og har v\u00e6rt en kulinarisk delikatesse siden 1600-tallet. Kjent for sin skj\u00f8nnhet og rikdom av saftige erter, er gr\u00f8nne erter perfekte for b\u00e5de ferskt konsum og hermetikk. Denne hardf\u00f8re planten, som trives i et bredt spekter av klima og jordtyper, krever minimalt vedlikehold, noe som gj\u00f8r den til et ideelt valg for b\u00e5de nybegynnere og erfarne gartnere.<\/p>\n<\/div>\n<p>&nbsp;<\/p>\n<h3>Testet og sertifisert \u00f8kologisk fr\u00f8<\/h3>\n<p>Vi selger fr\u00f8 som er testet for f\u00f8lgende skadelige bakterier:<\/p>\n<ul>\n<li>Bacillus cereus<\/li>\n<li>Salmonella spp.<\/li>\n<li>Listeria monocytogenes<\/li>\n<li>Verotoksin-produserende E. coli<\/li>\n<\/ul>\n<h3>Sertifisert salg av \u00f8kologiske fr\u00f8<\/h3>\n<p>Vi er sertifisert av det danske landbruksverket til \u00e5 selge \u00f8kologiske fr\u00f8<\/p>","protected":false},"excerpt":{"rendered":"<p>\u00d8kologiske erteskudd, dyrket som mikrogr\u00f8nt, tilbyr en innbydende, s\u00f8t og litt n\u00f8tteaktig smak som er mer dempet enn fullvokste erter, noe som gj\u00f8r dem allsidige i mange retter. I tillegg til den deilige smaken, er de n\u00e6ringsrike og tilf\u00f8rer visuell appell til ethvert m\u00e5ltid med sin dypgr\u00f8nne farge.<\/p>\n<p>Hvis du vil lese mer om hvordan du dyrker dine mikrogr\u00f8nne erter, kan du lese videre <a href=\"https:\/\/plantelys.dk\/nb\/microgreen-hvordan-dyrke-aertefro\/\">her<\/a><\/p>","protected":false},"featured_media":7275,"comment_status":"closed","ping_status":"closed","template":"","meta":{"_acf_changed":false},"product_brand":[],"product_cat":[234,106,178,173,161],"product_tag":[],"class_list":{"0":"post-10489","1":"product","2":"type-product","3":"status-publish","4":"has-post-thumbnail","6":"product_cat-goedning-gromedie-froe","7":"product_cat-mikrogroent-gro-dit-eget-sunde-groent","8":"product_cat-mikrogroent-froe-oekologiske","9":"product_cat-oekologiske-froe","10":"product_cat-plante-froe","12":"entry","13":"has-media","15":"first","16":"instock","17":"taxable","18":"shipping-taxable","19":"purchasable","20":"product-type-variable","21":"has-default-attributes","22":"has-product-nav","23":"col","24":"span_1_of_4","25":"owp-content-center","26":"item-entry","27":"owp-thumbs-layout-vertical","28":"owp-btn-normal","29":"owp-tabs-layout-horizontal"},"acf":[],"_links":{"self":[{"href":"https:\/\/plantelys.dk\/nb\/wp-json\/wp\/v2\/product\/10489","targetHints":{"allow":["GET"]}}],"collection":[{"href":"https:\/\/plantelys.dk\/nb\/wp-json\/wp\/v2\/product"}],"about":[{"href":"https:\/\/plantelys.dk\/nb\/wp-json\/wp\/v2\/types\/product"}],"replies":[{"embeddable":true,"href":"https:\/\/plantelys.dk\/nb\/wp-json\/wp\/v2\/comments?post=10489"}],"version-history":[{"count":0,"href":"https:\/\/plantelys.dk\/nb\/wp-json\/wp\/v2\/product\/10489\/revisions"}],"wp:featuredmedia":[{"embeddable":true,"href":"https:\/\/plantelys.dk\/nb\/wp-json\/wp\/v2\/media\/7275"}],"wp:attachment":[{"href":"https:\/\/plantelys.dk\/nb\/wp-json\/wp\/v2\/media?parent=10489"}],"wp:term":[{"taxonomy":"product_brand","embeddable":true,"href":"https:\/\/plantelys.dk\/nb\/wp-json\/wp\/v2\/product_brand?post=10489"},{"taxonomy":"product_cat","embeddable":true,"href":"https:\/\/plantelys.dk\/nb\/wp-json\/wp\/v2\/product_cat?post=10489"},{"taxonomy":"product_tag","embeddable":true,"href":"https:\/\/plantelys.dk\/nb\/wp-json\/wp\/v2\/product_tag?post=10489"}],"curies":[{"name":"wp","href":"https:\/\/api.w.org\/{rel}","templated":true}]}}