{"id":10055,"date":"2022-08-05T12:09:53","date_gmt":"2022-08-05T12:09:53","guid":{"rendered":"https:\/\/plantelys.dk\/?post_type=product&#038;p=10055"},"modified":"2026-03-14T13:16:37","modified_gmt":"2026-03-14T12:16:37","slug":"froebrett-sett-for-dyrking-av-mikrogroent-groent-hvitt-337x245x5cm-2","status":"publish","type":"product","link":"https:\/\/plantelys.dk\/nb\/vare\/saabakker-saet-til-dyrke-mikrogroent-groen-hvid-337x245x5cm\/","title":{"rendered":"Spirebrettsett for dyrking av mikrogr\u00f8nt Gr\u00f8nt\/hvitt 33,7\u00d724,5x5cm"},"content":{"rendered":"<h2 class=\"product_title entry-title\">Microgreen Spirebrett-sett med bunnbrett<\/h2>\n<p><strong><a href=\"https:\/\/plantelys.dk\/nb\/produkt\/froebrett-sett-for-dyrking-av-mikrogroent-groent-hvitt-337x245x5cm-2\/\">Skuffesett<\/a><\/strong> for dyrking av mikrogr\u00f8nnsaker - her f\u00e5r du et sett best\u00e5ende av et brett + underbrett til undervannsdyrking <strong><a href=\"https:\/\/plantelys.dk\/nb\/alt-om-mikrogroenn-dyrking-hoste-helse-helse\/\">mikro gr\u00f8nn.<\/a><\/strong><\/p>\n<p>Spirebrettene brukes igjen og igjen og kan vaskes i oppvaskmaskin.<\/p>\n<p>Dreneringshullene i bunnbrettet og den b\u00e6rbare st\u00f8rrelsen gj\u00f8r disse skuffene perfekte for dyrking av mikrogr\u00f8nt, selv p\u00e5 ditt eget kj\u00f8kken eller i vinduskarmen.<\/p>\n<p>Mikrogr\u00f8nnsaker kan dyrkes i brettene b\u00e5de med og uten vekstmedier som <strong><a href=\"https:\/\/plantelys.dk\/nb\/?s=kokos&amp;post_type=product\">kokosn\u00f8ttjord<\/a><\/strong>Brettene er perfekte til dette, da de forhindrer at vannet blir st\u00e5ende rundt plantenes r\u00f8tter.<\/p>\n<p>Underbrettet gj\u00f8r det enkelt \u00e5 undervanne spirene, noe som forhindrer at r\u00f8ttene til fr\u00f8spirene r\u00e5tner.<\/p>\n<p>&nbsp;<\/p>\n<p><strong>Teknisk informasjon:<\/strong><br \/>\n\u2013 Type: PP-brett i gr\u00f8nt og hvitt<br \/>\n\u2013 Ytterbrettst\u00f8rrelse: 33,7 cm x 24,5 x 5 cm<br \/>\n\u2013 Innerbrettst\u00f8rrelse: 32,3 cm x 23,5 x 3,6 cm<\/p>","protected":false},"excerpt":{"rendered":"<p>En solid gr\u00f8nn mikrogr\u00f8nn voksebrett med hvitt dreneringsbrett og ytterbrett i ett sett. Egnet for dyrking av sunne plantespirer og mikrogr\u00f8nt med eller uten vekstmedium.<\/p>","protected":false},"featured_media":10056,"comment_status":"open","ping_status":"closed","template":"","meta":{"_acf_changed":false},"product_brand":[],"product_cat":[106,177,247,212,211],"product_tag":[],"class_list":{"0":"post-10055","1":"product","2":"type-product","3":"status-publish","4":"has-post-thumbnail","6":"product_cat-mikrogroent-gro-dit-eget-sunde-groent","7":"product_cat-mikrogroent-bakker","8":"product_cat-spirebakke","9":"product_cat-spirekit-begynnersaet-pakkeloesning-spirefroe","10":"product_cat-froespirer","12":"entry","13":"has-media","15":"first","16":"instock","17":"sale","18":"taxable","19":"shipping-taxable","20":"purchasable","21":"product-type-simple","22":"has-product-nav","23":"col","24":"span_1_of_4","25":"owp-content-center","26":"item-entry","27":"owp-thumbs-layout-vertical","28":"owp-btn-normal","29":"owp-tabs-layout-horizontal"},"acf":[],"_links":{"self":[{"href":"https:\/\/plantelys.dk\/nb\/wp-json\/wp\/v2\/product\/10055","targetHints":{"allow":["GET"]}}],"collection":[{"href":"https:\/\/plantelys.dk\/nb\/wp-json\/wp\/v2\/product"}],"about":[{"href":"https:\/\/plantelys.dk\/nb\/wp-json\/wp\/v2\/types\/product"}],"replies":[{"embeddable":true,"href":"https:\/\/plantelys.dk\/nb\/wp-json\/wp\/v2\/comments?post=10055"}],"version-history":[{"count":0,"href":"https:\/\/plantelys.dk\/nb\/wp-json\/wp\/v2\/product\/10055\/revisions"}],"wp:featuredmedia":[{"embeddable":true,"href":"https:\/\/plantelys.dk\/nb\/wp-json\/wp\/v2\/media\/10056"}],"wp:attachment":[{"href":"https:\/\/plantelys.dk\/nb\/wp-json\/wp\/v2\/media?parent=10055"}],"wp:term":[{"taxonomy":"product_brand","embeddable":true,"href":"https:\/\/plantelys.dk\/nb\/wp-json\/wp\/v2\/product_brand?post=10055"},{"taxonomy":"product_cat","embeddable":true,"href":"https:\/\/plantelys.dk\/nb\/wp-json\/wp\/v2\/product_cat?post=10055"},{"taxonomy":"product_tag","embeddable":true,"href":"https:\/\/plantelys.dk\/nb\/wp-json\/wp\/v2\/product_tag?post=10055"}],"curies":[{"name":"wp","href":"https:\/\/api.w.org\/{rel}","templated":true}]}}